{"id":408002,"date":"2024-05-23T14:37:00","date_gmt":"2024-05-23T14:37:06","guid":{"rendered":"https:\/\/www.erresse-shop.it\/?post_type=product&#038;p=408002"},"modified":"2025-11-15T08:47:52","modified_gmt":"2025-11-15T08:47:52","slug":"villeroy-boch-vieux-luxembourg-brindille-set-de-6-assiettes-a-dessert-22-cm-blanc","status":"publish","type":"product","link":"https:\/\/www.erresse-shop.it\/fr\/shop\/table-fr-2\/plats\/villeroy-boch-vieux-luxembourg-brindille-set-de-6-assiettes-a-dessert-22-cm-blanc\/","title":{"rendered":"VILLEROY &#038; BOCH Vieux Luxembourg Brindille Set de 6 assiettes \u00e0 dessert 22 cm Blanc"},"content":{"rendered":"<p><strong>Petite assiette pour les friandises et les petits d\u00e9jeuners<\/strong><br \/>\nVieux Luxembourg Brindille est une r\u00e9interpr\u00e9tation nouvelle et moderne de la collection Vieux Luxembourg. Les grands motifs en bleu et blanc sur une forme simple et sans fioritures rappellent les \u00e9l\u00e9ments de la d\u00e9coration classique et lui donnent un aspect jeune et moderne. Le design allie tradition et modernit\u00e9, apportant chaque jour une chaleur particuli\u00e8re \u00e0 votre int\u00e9rieur. L&#8217;assiette \u00e0 d\u00e9jeuner polyvalente est id\u00e9ale pour le petit-d\u00e9jeuner, le brunch ou un g\u00e2teau \u00e0 grignoter. Commencez votre journ\u00e9e avec style.<\/p>\n<p><strong>Mat\u00e9riau<\/strong> : Porcelaine de qualit\u00e9 sup\u00e9rieure<br \/>\n<strong>Diam\u00e8tre<\/strong> : environ 216 mm<br \/>\n<strong>Passe au lave-vaisselle<\/strong> : oui<br \/>\n<strong>Convient au micro-ondes<\/strong> : oui<\/p>\n","protected":false},"excerpt":{"rendered":"<p>Petite assiette pour les friandises et les petits d\u00e9jeuners Vieux Luxembourg Brindille est une r\u00e9interpr\u00e9tation nouvelle et moderne de la<\/p>\n","protected":false},"featured_media":496080,"template":"","meta":{"_acf_changed":false,"inline_featured_image":false},"product_cat":[12788,12782],"product_tag":[25026,13169,14285,25021,24397,21969,19357,21968],"acf":[],"yoast_head":"<!-- This site is optimized with the Yoast SEO Premium plugin v18.6 (Yoast SEO v19.13) - https:\/\/yoast.com\/wordpress\/plugins\/seo\/ -->\n<title>VILLEROY &amp; BOCH Vieux Luxembourg Brindille Set de 6 assiettes \u00e0 dessert 22 cm Blanc - Erresse Shop<\/title>\n<meta name=\"description\" content=\"Petite assiette pour les friandises et les petits d\u00e9jeuners Vieux Luxembourg Brindille est une r\u00e9interpr\u00e9tation nouvelle et moderne de la collection Vieux\" \/>\n<meta name=\"robots\" content=\"index, follow, max-snippet:-1, max-image-preview:large, max-video-preview:-1\" \/>\n<link rel=\"canonical\" href=\"https:\/\/www.erresse-shop.it\/fr\/shop\/table-fr-2\/plats\/villeroy-boch-vieux-luxembourg-brindille-set-de-6-assiettes-a-dessert-22-cm-blanc\/\" \/>\n<meta property=\"og:locale\" content=\"fr_FR\" \/>\n<meta property=\"og:type\" content=\"article\" \/>\n<meta property=\"og:title\" content=\"VILLEROY &amp; BOCH Vieux Luxembourg Brindille Set de 6 assiettes \u00e0 dessert 22 cm Blanc\" \/>\n<meta property=\"og:description\" content=\"Petite assiette pour les friandises et les petits d\u00e9jeuners Vieux Luxembourg Brindille est une r\u00e9interpr\u00e9tation nouvelle et moderne de la collection Vieux\" \/>\n<meta property=\"og:url\" content=\"https:\/\/www.erresse-shop.it\/fr\/shop\/table-fr-2\/plats\/villeroy-boch-vieux-luxembourg-brindille-set-de-6-assiettes-a-dessert-22-cm-blanc\/\" \/>\n<meta property=\"og:site_name\" content=\"Erresse Shop\" \/>\n<meta property=\"article:modified_time\" content=\"2025-11-15T08:47:52+00:00\" \/>\n<meta property=\"og:image\" content=\"https:\/\/www.erresse-shop.it\/wp-content\/uploads\/2024\/05\/VILLEROY-BOCH-Vieux-Luxembourg-Brindille-Set-6-Piatti-Dessert-22-cm-Bianco.png\" \/>\n\t<meta property=\"og:image:width\" content=\"800\" \/>\n\t<meta property=\"og:image:height\" content=\"800\" \/>\n\t<meta property=\"og:image:type\" content=\"image\/png\" \/>\n<meta name=\"twitter:card\" content=\"summary_large_image\" \/>\n<script type=\"application\/ld+json\" class=\"yoast-schema-graph\">{\"@context\":\"https:\/\/schema.org\",\"@graph\":[{\"@type\":\"WebPage\",\"@id\":\"https:\/\/www.erresse-shop.it\/fr\/shop\/table-fr-2\/plats\/villeroy-boch-vieux-luxembourg-brindille-set-de-6-assiettes-a-dessert-22-cm-blanc\/\",\"url\":\"https:\/\/www.erresse-shop.it\/fr\/shop\/table-fr-2\/plats\/villeroy-boch-vieux-luxembourg-brindille-set-de-6-assiettes-a-dessert-22-cm-blanc\/\",\"name\":\"VILLEROY & BOCH Vieux Luxembourg Brindille Set de 6 assiettes \u00e0 dessert 22 cm Blanc - Erresse Shop\",\"isPartOf\":{\"@id\":\"https:\/\/www.erresse-shop.it\/fr\/#website\"},\"datePublished\":\"2024-05-23T14:37:06+00:00\",\"dateModified\":\"2025-11-15T08:47:52+00:00\",\"description\":\"Petite assiette pour les friandises et les petits d\u00e9jeuners Vieux Luxembourg Brindille est une r\u00e9interpr\u00e9tation nouvelle et moderne de la collection Vieux\",\"breadcrumb\":{\"@id\":\"https:\/\/www.erresse-shop.it\/fr\/shop\/table-fr-2\/plats\/villeroy-boch-vieux-luxembourg-brindille-set-de-6-assiettes-a-dessert-22-cm-blanc\/#breadcrumb\"},\"inLanguage\":\"fr-FR\",\"potentialAction\":[{\"@type\":\"ReadAction\",\"target\":[\"https:\/\/www.erresse-shop.it\/fr\/shop\/table-fr-2\/plats\/villeroy-boch-vieux-luxembourg-brindille-set-de-6-assiettes-a-dessert-22-cm-blanc\/\"]}]},{\"@type\":\"BreadcrumbList\",\"@id\":\"https:\/\/www.erresse-shop.it\/fr\/shop\/table-fr-2\/plats\/villeroy-boch-vieux-luxembourg-brindille-set-de-6-assiettes-a-dessert-22-cm-blanc\/#breadcrumb\",\"itemListElement\":[{\"@type\":\"ListItem\",\"position\":1,\"name\":\"Home\",\"item\":\"https:\/\/www.erresse-shop.it\/fr\/\"},{\"@type\":\"ListItem\",\"position\":2,\"name\":\"Shop\",\"item\":\"https:\/\/www.erresse-shop.it\/fr\/shop\/\"},{\"@type\":\"ListItem\",\"position\":3,\"name\":\"VILLEROY &#038; BOCH Vieux Luxembourg Brindille Set de 6 assiettes \u00e0 dessert 22 cm Blanc\"}]},{\"@type\":\"WebSite\",\"@id\":\"https:\/\/www.erresse-shop.it\/fr\/#website\",\"url\":\"https:\/\/www.erresse-shop.it\/fr\/\",\"name\":\"Erresse Shop\",\"description\":\"Articoli di qualit\u00e0 per la casa\",\"potentialAction\":[{\"@type\":\"SearchAction\",\"target\":{\"@type\":\"EntryPoint\",\"urlTemplate\":\"https:\/\/www.erresse-shop.it\/fr\/?s={search_term_string}\"},\"query-input\":\"required name=search_term_string\"}],\"inLanguage\":\"fr-FR\"}]}<\/script>\n<!-- \/ Yoast SEO Premium plugin. -->","yoast_head_json":{"title":"VILLEROY & BOCH Vieux Luxembourg Brindille Set de 6 assiettes \u00e0 dessert 22 cm Blanc - Erresse Shop","description":"Petite assiette pour les friandises et les petits d\u00e9jeuners Vieux Luxembourg Brindille est une r\u00e9interpr\u00e9tation nouvelle et moderne de la collection Vieux","robots":{"index":"index","follow":"follow","max-snippet":"max-snippet:-1","max-image-preview":"max-image-preview:large","max-video-preview":"max-video-preview:-1"},"canonical":"https:\/\/www.erresse-shop.it\/fr\/shop\/table-fr-2\/plats\/villeroy-boch-vieux-luxembourg-brindille-set-de-6-assiettes-a-dessert-22-cm-blanc\/","og_locale":"fr_FR","og_type":"article","og_title":"VILLEROY & BOCH Vieux Luxembourg Brindille Set de 6 assiettes \u00e0 dessert 22 cm Blanc","og_description":"Petite assiette pour les friandises et les petits d\u00e9jeuners Vieux Luxembourg Brindille est une r\u00e9interpr\u00e9tation nouvelle et moderne de la collection Vieux","og_url":"https:\/\/www.erresse-shop.it\/fr\/shop\/table-fr-2\/plats\/villeroy-boch-vieux-luxembourg-brindille-set-de-6-assiettes-a-dessert-22-cm-blanc\/","og_site_name":"Erresse Shop","article_modified_time":"2025-11-15T08:47:52+00:00","og_image":[{"width":800,"height":800,"url":"https:\/\/www.erresse-shop.it\/wp-content\/uploads\/2024\/05\/VILLEROY-BOCH-Vieux-Luxembourg-Brindille-Set-6-Piatti-Dessert-22-cm-Bianco.png","type":"image\/png"}],"twitter_card":"summary_large_image","schema":{"@context":"https:\/\/schema.org","@graph":[{"@type":"WebPage","@id":"https:\/\/www.erresse-shop.it\/fr\/shop\/table-fr-2\/plats\/villeroy-boch-vieux-luxembourg-brindille-set-de-6-assiettes-a-dessert-22-cm-blanc\/","url":"https:\/\/www.erresse-shop.it\/fr\/shop\/table-fr-2\/plats\/villeroy-boch-vieux-luxembourg-brindille-set-de-6-assiettes-a-dessert-22-cm-blanc\/","name":"VILLEROY & BOCH Vieux Luxembourg Brindille Set de 6 assiettes \u00e0 dessert 22 cm Blanc - Erresse Shop","isPartOf":{"@id":"https:\/\/www.erresse-shop.it\/fr\/#website"},"datePublished":"2024-05-23T14:37:06+00:00","dateModified":"2025-11-15T08:47:52+00:00","description":"Petite assiette pour les friandises et les petits d\u00e9jeuners Vieux Luxembourg Brindille est une r\u00e9interpr\u00e9tation nouvelle et moderne de la collection Vieux","breadcrumb":{"@id":"https:\/\/www.erresse-shop.it\/fr\/shop\/table-fr-2\/plats\/villeroy-boch-vieux-luxembourg-brindille-set-de-6-assiettes-a-dessert-22-cm-blanc\/#breadcrumb"},"inLanguage":"fr-FR","potentialAction":[{"@type":"ReadAction","target":["https:\/\/www.erresse-shop.it\/fr\/shop\/table-fr-2\/plats\/villeroy-boch-vieux-luxembourg-brindille-set-de-6-assiettes-a-dessert-22-cm-blanc\/"]}]},{"@type":"BreadcrumbList","@id":"https:\/\/www.erresse-shop.it\/fr\/shop\/table-fr-2\/plats\/villeroy-boch-vieux-luxembourg-brindille-set-de-6-assiettes-a-dessert-22-cm-blanc\/#breadcrumb","itemListElement":[{"@type":"ListItem","position":1,"name":"Home","item":"https:\/\/www.erresse-shop.it\/fr\/"},{"@type":"ListItem","position":2,"name":"Shop","item":"https:\/\/www.erresse-shop.it\/fr\/shop\/"},{"@type":"ListItem","position":3,"name":"VILLEROY &#038; BOCH Vieux Luxembourg Brindille Set de 6 assiettes \u00e0 dessert 22 cm Blanc"}]},{"@type":"WebSite","@id":"https:\/\/www.erresse-shop.it\/fr\/#website","url":"https:\/\/www.erresse-shop.it\/fr\/","name":"Erresse Shop","description":"Articoli di qualit\u00e0 per la casa","potentialAction":[{"@type":"SearchAction","target":{"@type":"EntryPoint","urlTemplate":"https:\/\/www.erresse-shop.it\/fr\/?s={search_term_string}"},"query-input":"required name=search_term_string"}],"inLanguage":"fr-FR"}]}},"df_price":133.92,"df_sale_price":133.92,"df_regular_price":167.4,"df_image_link":"https:\/\/www.erresse-shop.it\/wp-content\/uploads\/2024\/05\/VILLEROY-BOCH-Vieux-Luxembourg-Brindille-Set-6-Piatti-Dessert-22-cm-Bianco-300x300.jpg","_links":{"self":[{"href":"https:\/\/www.erresse-shop.it\/fr\/wp-json\/wp\/v2\/product\/408002"}],"collection":[{"href":"https:\/\/www.erresse-shop.it\/fr\/wp-json\/wp\/v2\/product"}],"about":[{"href":"https:\/\/www.erresse-shop.it\/fr\/wp-json\/wp\/v2\/types\/product"}],"wp:featuredmedia":[{"embeddable":true,"href":"https:\/\/www.erresse-shop.it\/fr\/wp-json\/wp\/v2\/media\/496080"}],"wp:attachment":[{"href":"https:\/\/www.erresse-shop.it\/fr\/wp-json\/wp\/v2\/media?parent=408002"}],"wp:term":[{"taxonomy":"product_cat","embeddable":true,"href":"https:\/\/www.erresse-shop.it\/fr\/wp-json\/wp\/v2\/product_cat?post=408002"},{"taxonomy":"product_tag","embeddable":true,"href":"https:\/\/www.erresse-shop.it\/fr\/wp-json\/wp\/v2\/product_tag?post=408002"}],"curies":[{"name":"wp","href":"https:\/\/api.w.org\/{rel}","templated":true}]}}