{"id":407863,"date":"2024-05-23T13:19:31","date_gmt":"2024-05-23T13:19:36","guid":{"rendered":"https:\/\/www.erresse-shop.it\/?post_type=product&#038;p=407863"},"modified":"2024-10-15T09:40:51","modified_gmt":"2024-10-15T09:40:51","slug":"villeroy-boch-mariefleur-basic-set-de-6-assiettes-plates-23-cm","status":"publish","type":"product","link":"https:\/\/www.erresse-shop.it\/fr\/shop\/table-fr-2\/plats\/villeroy-boch-mariefleur-basic-set-de-6-assiettes-plates-23-cm\/","title":{"rendered":"VILLEROY &#038; BOCH Mariefleur Basic Set de 6 assiettes plates 23 cm"},"content":{"rendered":"<p><strong>Assiette \u00e0 d\u00e9cor floral pour entr\u00e9es et soupes<\/strong><br \/>\nLes tons frais et intenses de Mariefleur Basic cr\u00e9ent une \u00e9tendue color\u00e9e de fleurs sur votre table. Les formes \u00e9l\u00e9gantes et sinueuses de la porcelaine vous permettent de pr\u00e9parer et de servir vos plats avec une gr\u00e2ce encore in\u00e9gal\u00e9e. L&#8217;assiette creuse est parfaite pour les soupes de toutes sortes, des potages aux rago\u00fbts, et rend chaque repas sp\u00e9cial. Savourez vos plats avec style.<\/p>\n<p><strong>Mat\u00e9riau<\/strong> : porcelaine de qualit\u00e9 sup\u00e9rieure<br \/>\n<strong>Diam\u00e8tre<\/strong> : environ 231 mm<br \/>\n<strong>Volume<\/strong> : environ 210 ml<br \/>\n<strong>Passe au lave-vaisselle<\/strong> : oui<br \/>\n<strong>Convient au micro-ondes<\/strong> : oui<\/p>\n","protected":false},"excerpt":{"rendered":"<p>Assiette \u00e0 d\u00e9cor floral pour entr\u00e9es et soupes Les tons frais et intenses de Mariefleur Basic cr\u00e9ent une \u00e9tendue color\u00e9e<\/p>\n","protected":false},"featured_media":475537,"template":"","meta":{"_acf_changed":false,"inline_featured_image":false},"product_cat":[12788,12782],"product_tag":[25026,13169,14288,22041,25021,24397,19357,21968],"acf":[],"yoast_head":"<!-- This site is optimized with the Yoast SEO Premium plugin v18.6 (Yoast SEO v19.13) - https:\/\/yoast.com\/wordpress\/plugins\/seo\/ -->\n<title>VILLEROY &amp; BOCH Mariefleur Basic Set de 6 assiettes plates 23 cm - Erresse Shop<\/title>\n<meta name=\"description\" content=\"Assiette \u00e0 d\u00e9cor floral pour entr\u00e9es et soupes Les tons frais et intenses de Mariefleur Basic cr\u00e9ent une \u00e9tendue color\u00e9e de fleurs sur votre table. Les\" \/>\n<meta name=\"robots\" content=\"index, follow, max-snippet:-1, max-image-preview:large, max-video-preview:-1\" \/>\n<link rel=\"canonical\" href=\"https:\/\/www.erresse-shop.it\/fr\/shop\/table-fr-2\/plats\/villeroy-boch-mariefleur-basic-set-de-6-assiettes-plates-23-cm\/\" \/>\n<meta property=\"og:locale\" content=\"fr_FR\" \/>\n<meta property=\"og:type\" content=\"article\" \/>\n<meta property=\"og:title\" content=\"VILLEROY &amp; BOCH Mariefleur Basic Set de 6 assiettes plates 23 cm\" \/>\n<meta property=\"og:description\" content=\"Assiette \u00e0 d\u00e9cor floral pour entr\u00e9es et soupes Les tons frais et intenses de Mariefleur Basic cr\u00e9ent une \u00e9tendue color\u00e9e de fleurs sur votre table. Les\" \/>\n<meta property=\"og:url\" content=\"https:\/\/www.erresse-shop.it\/fr\/shop\/table-fr-2\/plats\/villeroy-boch-mariefleur-basic-set-de-6-assiettes-plates-23-cm\/\" \/>\n<meta property=\"og:site_name\" content=\"Erresse Shop\" \/>\n<meta property=\"article:modified_time\" content=\"2024-10-15T09:40:51+00:00\" \/>\n<meta property=\"og:image\" content=\"https:\/\/www.erresse-shop.it\/wp-content\/uploads\/2024\/05\/VILLEROY-BOCH-Mariefleur-Basic-Set-6-Piatti-Fondi-23-cm.png\" \/>\n\t<meta property=\"og:image:width\" content=\"800\" \/>\n\t<meta property=\"og:image:height\" content=\"800\" \/>\n\t<meta property=\"og:image:type\" content=\"image\/png\" \/>\n<meta name=\"twitter:card\" content=\"summary_large_image\" \/>\n<script type=\"application\/ld+json\" class=\"yoast-schema-graph\">{\"@context\":\"https:\/\/schema.org\",\"@graph\":[{\"@type\":\"WebPage\",\"@id\":\"https:\/\/www.erresse-shop.it\/fr\/shop\/table-fr-2\/plats\/villeroy-boch-mariefleur-basic-set-de-6-assiettes-plates-23-cm\/\",\"url\":\"https:\/\/www.erresse-shop.it\/fr\/shop\/table-fr-2\/plats\/villeroy-boch-mariefleur-basic-set-de-6-assiettes-plates-23-cm\/\",\"name\":\"VILLEROY & BOCH Mariefleur Basic Set de 6 assiettes plates 23 cm - Erresse Shop\",\"isPartOf\":{\"@id\":\"https:\/\/www.erresse-shop.it\/fr\/#website\"},\"datePublished\":\"2024-05-23T13:19:36+00:00\",\"dateModified\":\"2024-10-15T09:40:51+00:00\",\"description\":\"Assiette \u00e0 d\u00e9cor floral pour entr\u00e9es et soupes Les tons frais et intenses de Mariefleur Basic cr\u00e9ent une \u00e9tendue color\u00e9e de fleurs sur votre table. Les\",\"breadcrumb\":{\"@id\":\"https:\/\/www.erresse-shop.it\/fr\/shop\/table-fr-2\/plats\/villeroy-boch-mariefleur-basic-set-de-6-assiettes-plates-23-cm\/#breadcrumb\"},\"inLanguage\":\"fr-FR\",\"potentialAction\":[{\"@type\":\"ReadAction\",\"target\":[\"https:\/\/www.erresse-shop.it\/fr\/shop\/table-fr-2\/plats\/villeroy-boch-mariefleur-basic-set-de-6-assiettes-plates-23-cm\/\"]}]},{\"@type\":\"BreadcrumbList\",\"@id\":\"https:\/\/www.erresse-shop.it\/fr\/shop\/table-fr-2\/plats\/villeroy-boch-mariefleur-basic-set-de-6-assiettes-plates-23-cm\/#breadcrumb\",\"itemListElement\":[{\"@type\":\"ListItem\",\"position\":1,\"name\":\"Home\",\"item\":\"https:\/\/www.erresse-shop.it\/fr\/\"},{\"@type\":\"ListItem\",\"position\":2,\"name\":\"Shop\",\"item\":\"https:\/\/www.erresse-shop.it\/fr\/shop\/\"},{\"@type\":\"ListItem\",\"position\":3,\"name\":\"VILLEROY &#038; BOCH Mariefleur Basic Set de 6 assiettes plates 23 cm\"}]},{\"@type\":\"WebSite\",\"@id\":\"https:\/\/www.erresse-shop.it\/fr\/#website\",\"url\":\"https:\/\/www.erresse-shop.it\/fr\/\",\"name\":\"Erresse Shop\",\"description\":\"Articoli di qualit\u00e0 per la casa\",\"potentialAction\":[{\"@type\":\"SearchAction\",\"target\":{\"@type\":\"EntryPoint\",\"urlTemplate\":\"https:\/\/www.erresse-shop.it\/fr\/?s={search_term_string}\"},\"query-input\":\"required name=search_term_string\"}],\"inLanguage\":\"fr-FR\"}]}<\/script>\n<!-- \/ Yoast SEO Premium plugin. -->","yoast_head_json":{"title":"VILLEROY & BOCH Mariefleur Basic Set de 6 assiettes plates 23 cm - Erresse Shop","description":"Assiette \u00e0 d\u00e9cor floral pour entr\u00e9es et soupes Les tons frais et intenses de Mariefleur Basic cr\u00e9ent une \u00e9tendue color\u00e9e de fleurs sur votre table. Les","robots":{"index":"index","follow":"follow","max-snippet":"max-snippet:-1","max-image-preview":"max-image-preview:large","max-video-preview":"max-video-preview:-1"},"canonical":"https:\/\/www.erresse-shop.it\/fr\/shop\/table-fr-2\/plats\/villeroy-boch-mariefleur-basic-set-de-6-assiettes-plates-23-cm\/","og_locale":"fr_FR","og_type":"article","og_title":"VILLEROY & BOCH Mariefleur Basic Set de 6 assiettes plates 23 cm","og_description":"Assiette \u00e0 d\u00e9cor floral pour entr\u00e9es et soupes Les tons frais et intenses de Mariefleur Basic cr\u00e9ent une \u00e9tendue color\u00e9e de fleurs sur votre table. Les","og_url":"https:\/\/www.erresse-shop.it\/fr\/shop\/table-fr-2\/plats\/villeroy-boch-mariefleur-basic-set-de-6-assiettes-plates-23-cm\/","og_site_name":"Erresse Shop","article_modified_time":"2024-10-15T09:40:51+00:00","og_image":[{"width":800,"height":800,"url":"https:\/\/www.erresse-shop.it\/wp-content\/uploads\/2024\/05\/VILLEROY-BOCH-Mariefleur-Basic-Set-6-Piatti-Fondi-23-cm.png","type":"image\/png"}],"twitter_card":"summary_large_image","schema":{"@context":"https:\/\/schema.org","@graph":[{"@type":"WebPage","@id":"https:\/\/www.erresse-shop.it\/fr\/shop\/table-fr-2\/plats\/villeroy-boch-mariefleur-basic-set-de-6-assiettes-plates-23-cm\/","url":"https:\/\/www.erresse-shop.it\/fr\/shop\/table-fr-2\/plats\/villeroy-boch-mariefleur-basic-set-de-6-assiettes-plates-23-cm\/","name":"VILLEROY & BOCH Mariefleur Basic Set de 6 assiettes plates 23 cm - Erresse Shop","isPartOf":{"@id":"https:\/\/www.erresse-shop.it\/fr\/#website"},"datePublished":"2024-05-23T13:19:36+00:00","dateModified":"2024-10-15T09:40:51+00:00","description":"Assiette \u00e0 d\u00e9cor floral pour entr\u00e9es et soupes Les tons frais et intenses de Mariefleur Basic cr\u00e9ent une \u00e9tendue color\u00e9e de fleurs sur votre table. Les","breadcrumb":{"@id":"https:\/\/www.erresse-shop.it\/fr\/shop\/table-fr-2\/plats\/villeroy-boch-mariefleur-basic-set-de-6-assiettes-plates-23-cm\/#breadcrumb"},"inLanguage":"fr-FR","potentialAction":[{"@type":"ReadAction","target":["https:\/\/www.erresse-shop.it\/fr\/shop\/table-fr-2\/plats\/villeroy-boch-mariefleur-basic-set-de-6-assiettes-plates-23-cm\/"]}]},{"@type":"BreadcrumbList","@id":"https:\/\/www.erresse-shop.it\/fr\/shop\/table-fr-2\/plats\/villeroy-boch-mariefleur-basic-set-de-6-assiettes-plates-23-cm\/#breadcrumb","itemListElement":[{"@type":"ListItem","position":1,"name":"Home","item":"https:\/\/www.erresse-shop.it\/fr\/"},{"@type":"ListItem","position":2,"name":"Shop","item":"https:\/\/www.erresse-shop.it\/fr\/shop\/"},{"@type":"ListItem","position":3,"name":"VILLEROY &#038; BOCH Mariefleur Basic Set de 6 assiettes plates 23 cm"}]},{"@type":"WebSite","@id":"https:\/\/www.erresse-shop.it\/fr\/#website","url":"https:\/\/www.erresse-shop.it\/fr\/","name":"Erresse Shop","description":"Articoli di qualit\u00e0 per la casa","potentialAction":[{"@type":"SearchAction","target":{"@type":"EntryPoint","urlTemplate":"https:\/\/www.erresse-shop.it\/fr\/?s={search_term_string}"},"query-input":"required name=search_term_string"}],"inLanguage":"fr-FR"}]}},"df_price":129,"df_sale_price":129,"df_regular_price":161.4,"df_image_link":"https:\/\/www.erresse-shop.it\/wp-content\/uploads\/2024\/05\/VILLEROY-BOCH-Mariefleur-Basic-Set-6-Piatti-Fondi-23-cm-1-300x300.jpg","_links":{"self":[{"href":"https:\/\/www.erresse-shop.it\/fr\/wp-json\/wp\/v2\/product\/407863"}],"collection":[{"href":"https:\/\/www.erresse-shop.it\/fr\/wp-json\/wp\/v2\/product"}],"about":[{"href":"https:\/\/www.erresse-shop.it\/fr\/wp-json\/wp\/v2\/types\/product"}],"wp:featuredmedia":[{"embeddable":true,"href":"https:\/\/www.erresse-shop.it\/fr\/wp-json\/wp\/v2\/media\/475537"}],"wp:attachment":[{"href":"https:\/\/www.erresse-shop.it\/fr\/wp-json\/wp\/v2\/media?parent=407863"}],"wp:term":[{"taxonomy":"product_cat","embeddable":true,"href":"https:\/\/www.erresse-shop.it\/fr\/wp-json\/wp\/v2\/product_cat?post=407863"},{"taxonomy":"product_tag","embeddable":true,"href":"https:\/\/www.erresse-shop.it\/fr\/wp-json\/wp\/v2\/product_tag?post=407863"}],"curies":[{"name":"wp","href":"https:\/\/api.w.org\/{rel}","templated":true}]}}