{"id":407761,"date":"2024-05-23T12:04:42","date_gmt":"2024-05-23T12:04:47","guid":{"rendered":"https:\/\/www.erresse-shop.it\/?post_type=product&#038;p=407761"},"modified":"2024-10-15T09:46:08","modified_gmt":"2024-10-15T09:46:08","slug":"villeroy-boch-mariefleur-basic-set-de-6-soucoupes-a-espresso","status":"publish","type":"product","link":"https:\/\/www.erresse-shop.it\/fr\/shop\/table-fr-2\/tasses\/villeroy-boch-mariefleur-basic-set-de-6-soucoupes-a-espresso\/","title":{"rendered":"VILLEROY &#038; BOCH Mariefleur Basic Set de 6 soucoupes \u00e0 espresso"},"content":{"rendered":"<p><strong>Petite assiette avec d\u00e9coration florale, pour servir des friandises en accompagnement d&#8217;un caf\u00e9 expresso<\/strong><br \/>\nLes tons frais et intenses de Mariefleur Basic cr\u00e9ent une \u00e9tendue color\u00e9e de fleurs sur votre table. Les formes \u00e9l\u00e9gantes et sinueuses de la porcelaine vous permettent de pr\u00e9parer et de servir vos plats avec une gr\u00e2ce encore in\u00e9gal\u00e9e aujourd&#8217;hui. Pr\u00e9sentez sur cette soucoupe de petites gourmandises pour accompagner votre caf\u00e9 expresso apr\u00e8s le d\u00e9jeuner. Compl\u00e9tez votre service \u00e0 expresso.<\/p>\n<p><strong>Mat\u00e9riau<\/strong> : Porcelaine de qualit\u00e9 sup\u00e9rieure<br \/>\n<strong>Diam\u00e8tre<\/strong> : environ 120 mm<br \/>\n<strong>Passe au lave-vaisselle<\/strong> : oui<br \/>\n<strong>Convient au micro-ondes<\/strong> : oui<\/p>\n","protected":false},"excerpt":{"rendered":"<p>Petite assiette avec d\u00e9coration florale, pour servir des friandises en accompagnement d&#8217;un caf\u00e9 expresso Les tons frais et intenses de<\/p>\n","protected":false},"featured_media":474827,"template":"","meta":{"_acf_changed":false,"inline_featured_image":false},"product_cat":[12782,12791],"product_tag":[25026,23563,25021,24397,21945],"acf":[],"yoast_head":"<!-- This site is optimized with the Yoast SEO Premium plugin v18.6 (Yoast SEO v19.13) - https:\/\/yoast.com\/wordpress\/plugins\/seo\/ -->\n<title>VILLEROY &amp; BOCH Mariefleur Basic Set de 6 soucoupes \u00e0 espresso - Erresse Shop<\/title>\n<meta name=\"description\" content=\"Petite assiette avec d\u00e9coration florale, pour servir des friandises en accompagnement d&#039;un caf\u00e9 expresso Les tons frais et intenses de Mariefleur Basic\" \/>\n<meta name=\"robots\" content=\"index, follow, max-snippet:-1, max-image-preview:large, max-video-preview:-1\" \/>\n<link rel=\"canonical\" href=\"https:\/\/www.erresse-shop.it\/fr\/shop\/table-fr-2\/tasses\/villeroy-boch-mariefleur-basic-set-de-6-soucoupes-a-espresso\/\" \/>\n<meta property=\"og:locale\" content=\"fr_FR\" \/>\n<meta property=\"og:type\" content=\"article\" \/>\n<meta property=\"og:title\" content=\"VILLEROY &amp; BOCH Mariefleur Basic Set de 6 soucoupes \u00e0 espresso\" \/>\n<meta property=\"og:description\" content=\"Petite assiette avec d\u00e9coration florale, pour servir des friandises en accompagnement d&#039;un caf\u00e9 expresso Les tons frais et intenses de Mariefleur Basic\" \/>\n<meta property=\"og:url\" content=\"https:\/\/www.erresse-shop.it\/fr\/shop\/table-fr-2\/tasses\/villeroy-boch-mariefleur-basic-set-de-6-soucoupes-a-espresso\/\" \/>\n<meta property=\"og:site_name\" content=\"Erresse Shop\" \/>\n<meta property=\"article:modified_time\" content=\"2024-10-15T09:46:08+00:00\" \/>\n<meta property=\"og:image\" content=\"https:\/\/www.erresse-shop.it\/wp-content\/uploads\/2024\/05\/Nuovo-praVILLEROY-BOCH-Mariefleur-Basic-Set-6-Piattini-Espressoogetto.jpg\" \/>\n\t<meta property=\"og:image:width\" content=\"1200\" \/>\n\t<meta property=\"og:image:height\" content=\"1200\" \/>\n\t<meta property=\"og:image:type\" content=\"image\/jpeg\" \/>\n<meta name=\"twitter:card\" content=\"summary_large_image\" \/>\n<script type=\"application\/ld+json\" class=\"yoast-schema-graph\">{\"@context\":\"https:\/\/schema.org\",\"@graph\":[{\"@type\":\"WebPage\",\"@id\":\"https:\/\/www.erresse-shop.it\/fr\/shop\/table-fr-2\/tasses\/villeroy-boch-mariefleur-basic-set-de-6-soucoupes-a-espresso\/\",\"url\":\"https:\/\/www.erresse-shop.it\/fr\/shop\/table-fr-2\/tasses\/villeroy-boch-mariefleur-basic-set-de-6-soucoupes-a-espresso\/\",\"name\":\"VILLEROY & BOCH Mariefleur Basic Set de 6 soucoupes \u00e0 espresso - Erresse Shop\",\"isPartOf\":{\"@id\":\"https:\/\/www.erresse-shop.it\/fr\/#website\"},\"datePublished\":\"2024-05-23T12:04:47+00:00\",\"dateModified\":\"2024-10-15T09:46:08+00:00\",\"description\":\"Petite assiette avec d\u00e9coration florale, pour servir des friandises en accompagnement d'un caf\u00e9 expresso Les tons frais et intenses de Mariefleur Basic\",\"breadcrumb\":{\"@id\":\"https:\/\/www.erresse-shop.it\/fr\/shop\/table-fr-2\/tasses\/villeroy-boch-mariefleur-basic-set-de-6-soucoupes-a-espresso\/#breadcrumb\"},\"inLanguage\":\"fr-FR\",\"potentialAction\":[{\"@type\":\"ReadAction\",\"target\":[\"https:\/\/www.erresse-shop.it\/fr\/shop\/table-fr-2\/tasses\/villeroy-boch-mariefleur-basic-set-de-6-soucoupes-a-espresso\/\"]}]},{\"@type\":\"BreadcrumbList\",\"@id\":\"https:\/\/www.erresse-shop.it\/fr\/shop\/table-fr-2\/tasses\/villeroy-boch-mariefleur-basic-set-de-6-soucoupes-a-espresso\/#breadcrumb\",\"itemListElement\":[{\"@type\":\"ListItem\",\"position\":1,\"name\":\"Home\",\"item\":\"https:\/\/www.erresse-shop.it\/fr\/\"},{\"@type\":\"ListItem\",\"position\":2,\"name\":\"Shop\",\"item\":\"https:\/\/www.erresse-shop.it\/fr\/shop\/\"},{\"@type\":\"ListItem\",\"position\":3,\"name\":\"VILLEROY &#038; BOCH Mariefleur Basic Set de 6 soucoupes \u00e0 espresso\"}]},{\"@type\":\"WebSite\",\"@id\":\"https:\/\/www.erresse-shop.it\/fr\/#website\",\"url\":\"https:\/\/www.erresse-shop.it\/fr\/\",\"name\":\"Erresse Shop\",\"description\":\"Articoli di qualit\u00e0 per la casa\",\"potentialAction\":[{\"@type\":\"SearchAction\",\"target\":{\"@type\":\"EntryPoint\",\"urlTemplate\":\"https:\/\/www.erresse-shop.it\/fr\/?s={search_term_string}\"},\"query-input\":\"required name=search_term_string\"}],\"inLanguage\":\"fr-FR\"}]}<\/script>\n<!-- \/ Yoast SEO Premium plugin. -->","yoast_head_json":{"title":"VILLEROY & BOCH Mariefleur Basic Set de 6 soucoupes \u00e0 espresso - Erresse Shop","description":"Petite assiette avec d\u00e9coration florale, pour servir des friandises en accompagnement d'un caf\u00e9 expresso Les tons frais et intenses de Mariefleur Basic","robots":{"index":"index","follow":"follow","max-snippet":"max-snippet:-1","max-image-preview":"max-image-preview:large","max-video-preview":"max-video-preview:-1"},"canonical":"https:\/\/www.erresse-shop.it\/fr\/shop\/table-fr-2\/tasses\/villeroy-boch-mariefleur-basic-set-de-6-soucoupes-a-espresso\/","og_locale":"fr_FR","og_type":"article","og_title":"VILLEROY & BOCH Mariefleur Basic Set de 6 soucoupes \u00e0 espresso","og_description":"Petite assiette avec d\u00e9coration florale, pour servir des friandises en accompagnement d'un caf\u00e9 expresso Les tons frais et intenses de Mariefleur Basic","og_url":"https:\/\/www.erresse-shop.it\/fr\/shop\/table-fr-2\/tasses\/villeroy-boch-mariefleur-basic-set-de-6-soucoupes-a-espresso\/","og_site_name":"Erresse Shop","article_modified_time":"2024-10-15T09:46:08+00:00","og_image":[{"width":1200,"height":1200,"url":"https:\/\/www.erresse-shop.it\/wp-content\/uploads\/2024\/05\/Nuovo-praVILLEROY-BOCH-Mariefleur-Basic-Set-6-Piattini-Espressoogetto.jpg","type":"image\/jpeg"}],"twitter_card":"summary_large_image","schema":{"@context":"https:\/\/schema.org","@graph":[{"@type":"WebPage","@id":"https:\/\/www.erresse-shop.it\/fr\/shop\/table-fr-2\/tasses\/villeroy-boch-mariefleur-basic-set-de-6-soucoupes-a-espresso\/","url":"https:\/\/www.erresse-shop.it\/fr\/shop\/table-fr-2\/tasses\/villeroy-boch-mariefleur-basic-set-de-6-soucoupes-a-espresso\/","name":"VILLEROY & BOCH Mariefleur Basic Set de 6 soucoupes \u00e0 espresso - Erresse Shop","isPartOf":{"@id":"https:\/\/www.erresse-shop.it\/fr\/#website"},"datePublished":"2024-05-23T12:04:47+00:00","dateModified":"2024-10-15T09:46:08+00:00","description":"Petite assiette avec d\u00e9coration florale, pour servir des friandises en accompagnement d'un caf\u00e9 expresso Les tons frais et intenses de Mariefleur Basic","breadcrumb":{"@id":"https:\/\/www.erresse-shop.it\/fr\/shop\/table-fr-2\/tasses\/villeroy-boch-mariefleur-basic-set-de-6-soucoupes-a-espresso\/#breadcrumb"},"inLanguage":"fr-FR","potentialAction":[{"@type":"ReadAction","target":["https:\/\/www.erresse-shop.it\/fr\/shop\/table-fr-2\/tasses\/villeroy-boch-mariefleur-basic-set-de-6-soucoupes-a-espresso\/"]}]},{"@type":"BreadcrumbList","@id":"https:\/\/www.erresse-shop.it\/fr\/shop\/table-fr-2\/tasses\/villeroy-boch-mariefleur-basic-set-de-6-soucoupes-a-espresso\/#breadcrumb","itemListElement":[{"@type":"ListItem","position":1,"name":"Home","item":"https:\/\/www.erresse-shop.it\/fr\/"},{"@type":"ListItem","position":2,"name":"Shop","item":"https:\/\/www.erresse-shop.it\/fr\/shop\/"},{"@type":"ListItem","position":3,"name":"VILLEROY &#038; BOCH Mariefleur Basic Set de 6 soucoupes \u00e0 espresso"}]},{"@type":"WebSite","@id":"https:\/\/www.erresse-shop.it\/fr\/#website","url":"https:\/\/www.erresse-shop.it\/fr\/","name":"Erresse Shop","description":"Articoli di qualit\u00e0 per la casa","potentialAction":[{"@type":"SearchAction","target":{"@type":"EntryPoint","urlTemplate":"https:\/\/www.erresse-shop.it\/fr\/?s={search_term_string}"},"query-input":"required name=search_term_string"}],"inLanguage":"fr-FR"}]}},"df_price":59.95,"df_sale_price":59.95,"df_regular_price":84,"df_image_link":"https:\/\/www.erresse-shop.it\/wp-content\/uploads\/2024\/05\/VILLEROY-BOCH-Mariefleur-Basic-Set-6-Piattini-Espresso-1-300x300.jpg","_links":{"self":[{"href":"https:\/\/www.erresse-shop.it\/fr\/wp-json\/wp\/v2\/product\/407761"}],"collection":[{"href":"https:\/\/www.erresse-shop.it\/fr\/wp-json\/wp\/v2\/product"}],"about":[{"href":"https:\/\/www.erresse-shop.it\/fr\/wp-json\/wp\/v2\/types\/product"}],"wp:featuredmedia":[{"embeddable":true,"href":"https:\/\/www.erresse-shop.it\/fr\/wp-json\/wp\/v2\/media\/474827"}],"wp:attachment":[{"href":"https:\/\/www.erresse-shop.it\/fr\/wp-json\/wp\/v2\/media?parent=407761"}],"wp:term":[{"taxonomy":"product_cat","embeddable":true,"href":"https:\/\/www.erresse-shop.it\/fr\/wp-json\/wp\/v2\/product_cat?post=407761"},{"taxonomy":"product_tag","embeddable":true,"href":"https:\/\/www.erresse-shop.it\/fr\/wp-json\/wp\/v2\/product_tag?post=407761"}],"curies":[{"name":"wp","href":"https:\/\/api.w.org\/{rel}","templated":true}]}}