{"id":407689,"date":"2024-05-23T10:03:52","date_gmt":"2024-05-23T10:03:57","guid":{"rendered":"https:\/\/www.erresse-shop.it\/?post_type=product&#038;p=407689"},"modified":"2024-10-15T09:31:22","modified_gmt":"2024-10-15T09:31:22","slug":"villeroy-boch-ella-partiellement-doree-service-24-pieces","status":"publish","type":"product","link":"https:\/\/www.erresse-shop.it\/fr\/shop\/table-fr-2\/couverts\/villeroy-boch-ella-partiellement-doree-service-24-pieces\/","title":{"rendered":"VILLEROY &#038; BOCH Ella partiellement dor\u00e9e Service 24 pi\u00e8ces"},"content":{"rendered":"<p><strong>\u00c9l\u00e9gant et avec une forme particuli\u00e8rement belle<\/strong><br \/>\nLa collection Ella de Villeroy &amp; Boch, avec sa forme l\u00e9g\u00e8rement incurv\u00e9e et ses applications raffin\u00e9es \u00e0 la feuille d&#8217;or, affiche une allure discr\u00e8te et f\u00e9minine. Les couverts de haute qualit\u00e9 pour six personnes ont un design classique. La partie inf\u00e9rieure du manche est d\u00e9cor\u00e9e \u00e0 l&#8217;or fin. Ces jolis couverts sont en acier inoxydable de haute qualit\u00e9 et sont tr\u00e8s faciles \u00e0 nettoyer. Rangez vos couverts intemporels dans la bo\u00eete pratique lorsqu&#8217;ils ne sont pas utilis\u00e9s. L&#8217;ensemble se compose de :<\/p>\n<ul>\n<li>6x cuill\u00e8res \u00e0 soupe<\/li>\n<li>6x Fourchettes de table<\/li>\n<li>6x Couteau de table<\/li>\n<li>6x cuill\u00e8res \u00e0 caf\u00e9<\/li>\n<\/ul>\n<p><strong>Mat\u00e9riau<\/strong>\u00a0: Acier inoxydable<br \/>\n<strong>Couleur<\/strong>\u00a0: Argent\/Platine<br \/>\n<strong>Lavable<\/strong> <strong>Au lave-vaisselle<\/strong> : Oui<br \/>\n<strong>Convient<\/strong> <strong>Pour<\/strong> <strong>Micro-ondes<\/strong>\u00a0: Non<\/p>\n","protected":false},"excerpt":{"rendered":"<p>\u00c9l\u00e9gant et avec une forme particuli\u00e8rement belle La collection Ella de Villeroy &amp; Boch, avec sa forme l\u00e9g\u00e8rement incurv\u00e9e et<\/p>\n","protected":false},"featured_media":496147,"template":"","meta":{"_acf_changed":false,"inline_featured_image":false},"product_cat":[12790,12782],"product_tag":[25026,25021,24397],"acf":[],"yoast_head":"<!-- This site is optimized with the Yoast SEO Premium plugin v18.6 (Yoast SEO v19.13) - https:\/\/yoast.com\/wordpress\/plugins\/seo\/ -->\n<title>VILLEROY &amp; BOCH Ella partiellement dor\u00e9e Service 24 pi\u00e8ces - Erresse Shop<\/title>\n<meta name=\"description\" content=\"\u00c9l\u00e9gant et avec une forme particuli\u00e8rement belle La collection Ella de Villeroy &amp; Boch, avec sa forme l\u00e9g\u00e8rement incurv\u00e9e et ses applications\" \/>\n<meta name=\"robots\" content=\"index, follow, max-snippet:-1, max-image-preview:large, max-video-preview:-1\" \/>\n<link rel=\"canonical\" href=\"https:\/\/www.erresse-shop.it\/fr\/shop\/table-fr-2\/couverts\/villeroy-boch-ella-partiellement-doree-service-24-pieces\/\" \/>\n<meta property=\"og:locale\" content=\"fr_FR\" \/>\n<meta property=\"og:type\" content=\"article\" \/>\n<meta property=\"og:title\" content=\"VILLEROY &amp; BOCH Ella partiellement dor\u00e9e Service 24 pi\u00e8ces\" \/>\n<meta property=\"og:description\" content=\"\u00c9l\u00e9gant et avec une forme particuli\u00e8rement belle La collection Ella de Villeroy &amp; Boch, avec sa forme l\u00e9g\u00e8rement incurv\u00e9e et ses applications\" \/>\n<meta property=\"og:url\" content=\"https:\/\/www.erresse-shop.it\/fr\/shop\/table-fr-2\/couverts\/villeroy-boch-ella-partiellement-doree-service-24-pieces\/\" \/>\n<meta property=\"og:site_name\" content=\"Erresse Shop\" \/>\n<meta property=\"article:modified_time\" content=\"2024-10-15T09:31:22+00:00\" \/>\n<meta property=\"og:image\" content=\"https:\/\/www.erresse-shop.it\/wp-content\/uploads\/2024\/05\/VILLEROY-BOCH-Ella-Parzialmente-Dorato-Servizio-24-pezzi.png\" \/>\n\t<meta property=\"og:image:width\" content=\"800\" \/>\n\t<meta property=\"og:image:height\" content=\"800\" \/>\n\t<meta property=\"og:image:type\" content=\"image\/png\" \/>\n<meta name=\"twitter:card\" content=\"summary_large_image\" \/>\n<script type=\"application\/ld+json\" class=\"yoast-schema-graph\">{\"@context\":\"https:\/\/schema.org\",\"@graph\":[{\"@type\":\"WebPage\",\"@id\":\"https:\/\/www.erresse-shop.it\/fr\/shop\/table-fr-2\/couverts\/villeroy-boch-ella-partiellement-doree-service-24-pieces\/\",\"url\":\"https:\/\/www.erresse-shop.it\/fr\/shop\/table-fr-2\/couverts\/villeroy-boch-ella-partiellement-doree-service-24-pieces\/\",\"name\":\"VILLEROY & BOCH Ella partiellement dor\u00e9e Service 24 pi\u00e8ces - Erresse Shop\",\"isPartOf\":{\"@id\":\"https:\/\/www.erresse-shop.it\/fr\/#website\"},\"datePublished\":\"2024-05-23T10:03:57+00:00\",\"dateModified\":\"2024-10-15T09:31:22+00:00\",\"description\":\"\u00c9l\u00e9gant et avec une forme particuli\u00e8rement belle La collection Ella de Villeroy &amp; Boch, avec sa forme l\u00e9g\u00e8rement incurv\u00e9e et ses applications\",\"breadcrumb\":{\"@id\":\"https:\/\/www.erresse-shop.it\/fr\/shop\/table-fr-2\/couverts\/villeroy-boch-ella-partiellement-doree-service-24-pieces\/#breadcrumb\"},\"inLanguage\":\"fr-FR\",\"potentialAction\":[{\"@type\":\"ReadAction\",\"target\":[\"https:\/\/www.erresse-shop.it\/fr\/shop\/table-fr-2\/couverts\/villeroy-boch-ella-partiellement-doree-service-24-pieces\/\"]}]},{\"@type\":\"BreadcrumbList\",\"@id\":\"https:\/\/www.erresse-shop.it\/fr\/shop\/table-fr-2\/couverts\/villeroy-boch-ella-partiellement-doree-service-24-pieces\/#breadcrumb\",\"itemListElement\":[{\"@type\":\"ListItem\",\"position\":1,\"name\":\"Home\",\"item\":\"https:\/\/www.erresse-shop.it\/fr\/\"},{\"@type\":\"ListItem\",\"position\":2,\"name\":\"Shop\",\"item\":\"https:\/\/www.erresse-shop.it\/fr\/shop\/\"},{\"@type\":\"ListItem\",\"position\":3,\"name\":\"VILLEROY &#038; BOCH Ella partiellement dor\u00e9e Service 24 pi\u00e8ces\"}]},{\"@type\":\"WebSite\",\"@id\":\"https:\/\/www.erresse-shop.it\/fr\/#website\",\"url\":\"https:\/\/www.erresse-shop.it\/fr\/\",\"name\":\"Erresse Shop\",\"description\":\"Articoli di qualit\u00e0 per la casa\",\"potentialAction\":[{\"@type\":\"SearchAction\",\"target\":{\"@type\":\"EntryPoint\",\"urlTemplate\":\"https:\/\/www.erresse-shop.it\/fr\/?s={search_term_string}\"},\"query-input\":\"required name=search_term_string\"}],\"inLanguage\":\"fr-FR\"}]}<\/script>\n<!-- \/ Yoast SEO Premium plugin. -->","yoast_head_json":{"title":"VILLEROY & BOCH Ella partiellement dor\u00e9e Service 24 pi\u00e8ces - Erresse Shop","description":"\u00c9l\u00e9gant et avec une forme particuli\u00e8rement belle La collection Ella de Villeroy &amp; Boch, avec sa forme l\u00e9g\u00e8rement incurv\u00e9e et ses applications","robots":{"index":"index","follow":"follow","max-snippet":"max-snippet:-1","max-image-preview":"max-image-preview:large","max-video-preview":"max-video-preview:-1"},"canonical":"https:\/\/www.erresse-shop.it\/fr\/shop\/table-fr-2\/couverts\/villeroy-boch-ella-partiellement-doree-service-24-pieces\/","og_locale":"fr_FR","og_type":"article","og_title":"VILLEROY & BOCH Ella partiellement dor\u00e9e Service 24 pi\u00e8ces","og_description":"\u00c9l\u00e9gant et avec une forme particuli\u00e8rement belle La collection Ella de Villeroy &amp; Boch, avec sa forme l\u00e9g\u00e8rement incurv\u00e9e et ses applications","og_url":"https:\/\/www.erresse-shop.it\/fr\/shop\/table-fr-2\/couverts\/villeroy-boch-ella-partiellement-doree-service-24-pieces\/","og_site_name":"Erresse Shop","article_modified_time":"2024-10-15T09:31:22+00:00","og_image":[{"width":800,"height":800,"url":"https:\/\/www.erresse-shop.it\/wp-content\/uploads\/2024\/05\/VILLEROY-BOCH-Ella-Parzialmente-Dorato-Servizio-24-pezzi.png","type":"image\/png"}],"twitter_card":"summary_large_image","schema":{"@context":"https:\/\/schema.org","@graph":[{"@type":"WebPage","@id":"https:\/\/www.erresse-shop.it\/fr\/shop\/table-fr-2\/couverts\/villeroy-boch-ella-partiellement-doree-service-24-pieces\/","url":"https:\/\/www.erresse-shop.it\/fr\/shop\/table-fr-2\/couverts\/villeroy-boch-ella-partiellement-doree-service-24-pieces\/","name":"VILLEROY & BOCH Ella partiellement dor\u00e9e Service 24 pi\u00e8ces - Erresse Shop","isPartOf":{"@id":"https:\/\/www.erresse-shop.it\/fr\/#website"},"datePublished":"2024-05-23T10:03:57+00:00","dateModified":"2024-10-15T09:31:22+00:00","description":"\u00c9l\u00e9gant et avec une forme particuli\u00e8rement belle La collection Ella de Villeroy &amp; Boch, avec sa forme l\u00e9g\u00e8rement incurv\u00e9e et ses applications","breadcrumb":{"@id":"https:\/\/www.erresse-shop.it\/fr\/shop\/table-fr-2\/couverts\/villeroy-boch-ella-partiellement-doree-service-24-pieces\/#breadcrumb"},"inLanguage":"fr-FR","potentialAction":[{"@type":"ReadAction","target":["https:\/\/www.erresse-shop.it\/fr\/shop\/table-fr-2\/couverts\/villeroy-boch-ella-partiellement-doree-service-24-pieces\/"]}]},{"@type":"BreadcrumbList","@id":"https:\/\/www.erresse-shop.it\/fr\/shop\/table-fr-2\/couverts\/villeroy-boch-ella-partiellement-doree-service-24-pieces\/#breadcrumb","itemListElement":[{"@type":"ListItem","position":1,"name":"Home","item":"https:\/\/www.erresse-shop.it\/fr\/"},{"@type":"ListItem","position":2,"name":"Shop","item":"https:\/\/www.erresse-shop.it\/fr\/shop\/"},{"@type":"ListItem","position":3,"name":"VILLEROY &#038; BOCH Ella partiellement dor\u00e9e Service 24 pi\u00e8ces"}]},{"@type":"WebSite","@id":"https:\/\/www.erresse-shop.it\/fr\/#website","url":"https:\/\/www.erresse-shop.it\/fr\/","name":"Erresse Shop","description":"Articoli di qualit\u00e0 per la casa","potentialAction":[{"@type":"SearchAction","target":{"@type":"EntryPoint","urlTemplate":"https:\/\/www.erresse-shop.it\/fr\/?s={search_term_string}"},"query-input":"required name=search_term_string"}],"inLanguage":"fr-FR"}]}},"df_price":174.5,"df_sale_price":174.5,"df_regular_price":349,"df_image_link":"https:\/\/www.erresse-shop.it\/wp-content\/uploads\/2024\/05\/VILLEROY-BOCH-Ella-Parzialmente-Dorato-Servizio-24-pezzi-300x300.jpg","_links":{"self":[{"href":"https:\/\/www.erresse-shop.it\/fr\/wp-json\/wp\/v2\/product\/407689"}],"collection":[{"href":"https:\/\/www.erresse-shop.it\/fr\/wp-json\/wp\/v2\/product"}],"about":[{"href":"https:\/\/www.erresse-shop.it\/fr\/wp-json\/wp\/v2\/types\/product"}],"wp:featuredmedia":[{"embeddable":true,"href":"https:\/\/www.erresse-shop.it\/fr\/wp-json\/wp\/v2\/media\/496147"}],"wp:attachment":[{"href":"https:\/\/www.erresse-shop.it\/fr\/wp-json\/wp\/v2\/media?parent=407689"}],"wp:term":[{"taxonomy":"product_cat","embeddable":true,"href":"https:\/\/www.erresse-shop.it\/fr\/wp-json\/wp\/v2\/product_cat?post=407689"},{"taxonomy":"product_tag","embeddable":true,"href":"https:\/\/www.erresse-shop.it\/fr\/wp-json\/wp\/v2\/product_tag?post=407689"}],"curies":[{"name":"wp","href":"https:\/\/api.w.org\/{rel}","templated":true}]}}