{"id":407487,"date":"2024-05-23T07:26:09","date_gmt":"2024-05-23T07:26:14","guid":{"rendered":"https:\/\/www.erresse-shop.it\/?post_type=product&#038;p=407487"},"modified":"2024-11-07T08:25:00","modified_gmt":"2024-11-07T08:25:00","slug":"villeroy-boch-avarua-set-de-6-soucoupes-a-cafe-blanc","status":"publish","type":"product","link":"https:\/\/www.erresse-shop.it\/fr\/shop\/table-fr-2\/tasses\/villeroy-boch-avarua-set-de-6-soucoupes-a-cafe-blanc\/","title":{"rendered":"VILLEROY &#038; BOCH Avarua Set de 6 soucoupes \u00e0 caf\u00e9 blanc"},"content":{"rendered":"<p><strong>Une allure c\u00e9leste aux accents dor\u00e9s<\/strong><br \/>\nInspir\u00e9 par la beaut\u00e9 d&#8217;Avarua, le design de la collection Avarua interpr\u00e8te le voyage du navigateur et explorateur James Cook et raconte l&#8217;histoire de sa d\u00e9couverte de mani\u00e8re artistique. Les lignes dor\u00e9es compl\u00e8tent l&#8217;aspect paradisiaque et \u00e9voquent un fantastique effet tridimensionnel qui donne vie \u00e0 la collection. La soucoupe pour tasse \u00e0 espresso de la collection Avarua, avec ses motifs botaniques et ses couleurs douces, est parfaitement assortie \u00e0 la tasse \u00e0 espresso Avarua qui vous fera savourer votre boisson chaude pr\u00e9f\u00e9r\u00e9e et r\u00eaver d&#8217;un endroit paradisiaque comme les \u00eeles Cook. Laissez-vous transporter dans un monde d&#8217;oiseaux de paradis et de plantes exotiques.<\/p>\n<p><strong>Mat\u00e9riau<\/strong> : Porcelaine Bone Premium<br \/>\n<strong>Volume<\/strong> : environ 142 mm<br \/>\n<strong>Passe au lave-vaisselle<\/strong> : oui<br \/>\n<strong>Convient au micro-ondes<\/strong> : Non<\/p>\n","protected":false},"excerpt":{"rendered":"<p>Une allure c\u00e9leste aux accents dor\u00e9s Inspir\u00e9 par la beaut\u00e9 d&#8217;Avarua, le design de la collection Avarua interpr\u00e8te le voyage<\/p>\n","protected":false},"featured_media":474960,"template":"","meta":{"_acf_changed":false,"inline_featured_image":false},"product_cat":[12782,12791],"product_tag":[25026,23563,25021,24397,21945],"acf":[],"yoast_head":"<!-- This site is optimized with the Yoast SEO Premium plugin v18.6 (Yoast SEO v19.13) - https:\/\/yoast.com\/wordpress\/plugins\/seo\/ -->\n<title>VILLEROY &amp; BOCH Avarua Set de 6 soucoupes \u00e0 caf\u00e9 blanc - Erresse Shop<\/title>\n<meta name=\"description\" content=\"Une allure c\u00e9leste aux accents dor\u00e9s Inspir\u00e9 par la beaut\u00e9 d&#039;Avarua, le design de la collection Avarua interpr\u00e8te le voyage du navigateur et explorateur\" \/>\n<meta name=\"robots\" content=\"index, follow, max-snippet:-1, max-image-preview:large, max-video-preview:-1\" \/>\n<link rel=\"canonical\" href=\"https:\/\/www.erresse-shop.it\/fr\/shop\/table-fr-2\/tasses\/villeroy-boch-avarua-set-de-6-soucoupes-a-cafe-blanc\/\" \/>\n<meta property=\"og:locale\" content=\"fr_FR\" \/>\n<meta property=\"og:type\" content=\"article\" \/>\n<meta property=\"og:title\" content=\"VILLEROY &amp; BOCH Avarua Set de 6 soucoupes \u00e0 caf\u00e9 blanc\" \/>\n<meta property=\"og:description\" content=\"Une allure c\u00e9leste aux accents dor\u00e9s Inspir\u00e9 par la beaut\u00e9 d&#039;Avarua, le design de la collection Avarua interpr\u00e8te le voyage du navigateur et explorateur\" \/>\n<meta property=\"og:url\" content=\"https:\/\/www.erresse-shop.it\/fr\/shop\/table-fr-2\/tasses\/villeroy-boch-avarua-set-de-6-soucoupes-a-cafe-blanc\/\" \/>\n<meta property=\"og:site_name\" content=\"Erresse Shop\" \/>\n<meta property=\"article:modified_time\" content=\"2024-11-07T08:25:00+00:00\" \/>\n<meta property=\"og:image\" content=\"https:\/\/www.erresse-shop.it\/wp-content\/uploads\/2024\/05\/VILLEROY-BOCH-Avarua-Set-6-Piattini-Espresso.png\" \/>\n\t<meta property=\"og:image:width\" content=\"800\" \/>\n\t<meta property=\"og:image:height\" content=\"800\" \/>\n\t<meta property=\"og:image:type\" content=\"image\/png\" \/>\n<meta name=\"twitter:card\" content=\"summary_large_image\" \/>\n<script type=\"application\/ld+json\" class=\"yoast-schema-graph\">{\"@context\":\"https:\/\/schema.org\",\"@graph\":[{\"@type\":\"WebPage\",\"@id\":\"https:\/\/www.erresse-shop.it\/fr\/shop\/table-fr-2\/tasses\/villeroy-boch-avarua-set-de-6-soucoupes-a-cafe-blanc\/\",\"url\":\"https:\/\/www.erresse-shop.it\/fr\/shop\/table-fr-2\/tasses\/villeroy-boch-avarua-set-de-6-soucoupes-a-cafe-blanc\/\",\"name\":\"VILLEROY & BOCH Avarua Set de 6 soucoupes \u00e0 caf\u00e9 blanc - Erresse Shop\",\"isPartOf\":{\"@id\":\"https:\/\/www.erresse-shop.it\/fr\/#website\"},\"datePublished\":\"2024-05-23T07:26:14+00:00\",\"dateModified\":\"2024-11-07T08:25:00+00:00\",\"description\":\"Une allure c\u00e9leste aux accents dor\u00e9s Inspir\u00e9 par la beaut\u00e9 d'Avarua, le design de la collection Avarua interpr\u00e8te le voyage du navigateur et explorateur\",\"breadcrumb\":{\"@id\":\"https:\/\/www.erresse-shop.it\/fr\/shop\/table-fr-2\/tasses\/villeroy-boch-avarua-set-de-6-soucoupes-a-cafe-blanc\/#breadcrumb\"},\"inLanguage\":\"fr-FR\",\"potentialAction\":[{\"@type\":\"ReadAction\",\"target\":[\"https:\/\/www.erresse-shop.it\/fr\/shop\/table-fr-2\/tasses\/villeroy-boch-avarua-set-de-6-soucoupes-a-cafe-blanc\/\"]}]},{\"@type\":\"BreadcrumbList\",\"@id\":\"https:\/\/www.erresse-shop.it\/fr\/shop\/table-fr-2\/tasses\/villeroy-boch-avarua-set-de-6-soucoupes-a-cafe-blanc\/#breadcrumb\",\"itemListElement\":[{\"@type\":\"ListItem\",\"position\":1,\"name\":\"Home\",\"item\":\"https:\/\/www.erresse-shop.it\/fr\/\"},{\"@type\":\"ListItem\",\"position\":2,\"name\":\"Shop\",\"item\":\"https:\/\/www.erresse-shop.it\/fr\/shop\/\"},{\"@type\":\"ListItem\",\"position\":3,\"name\":\"VILLEROY &#038; BOCH Avarua Set de 6 soucoupes \u00e0 caf\u00e9 blanc\"}]},{\"@type\":\"WebSite\",\"@id\":\"https:\/\/www.erresse-shop.it\/fr\/#website\",\"url\":\"https:\/\/www.erresse-shop.it\/fr\/\",\"name\":\"Erresse Shop\",\"description\":\"Articoli di qualit\u00e0 per la casa\",\"potentialAction\":[{\"@type\":\"SearchAction\",\"target\":{\"@type\":\"EntryPoint\",\"urlTemplate\":\"https:\/\/www.erresse-shop.it\/fr\/?s={search_term_string}\"},\"query-input\":\"required name=search_term_string\"}],\"inLanguage\":\"fr-FR\"}]}<\/script>\n<!-- \/ Yoast SEO Premium plugin. -->","yoast_head_json":{"title":"VILLEROY & BOCH Avarua Set de 6 soucoupes \u00e0 caf\u00e9 blanc - Erresse Shop","description":"Une allure c\u00e9leste aux accents dor\u00e9s Inspir\u00e9 par la beaut\u00e9 d'Avarua, le design de la collection Avarua interpr\u00e8te le voyage du navigateur et explorateur","robots":{"index":"index","follow":"follow","max-snippet":"max-snippet:-1","max-image-preview":"max-image-preview:large","max-video-preview":"max-video-preview:-1"},"canonical":"https:\/\/www.erresse-shop.it\/fr\/shop\/table-fr-2\/tasses\/villeroy-boch-avarua-set-de-6-soucoupes-a-cafe-blanc\/","og_locale":"fr_FR","og_type":"article","og_title":"VILLEROY & BOCH Avarua Set de 6 soucoupes \u00e0 caf\u00e9 blanc","og_description":"Une allure c\u00e9leste aux accents dor\u00e9s Inspir\u00e9 par la beaut\u00e9 d'Avarua, le design de la collection Avarua interpr\u00e8te le voyage du navigateur et explorateur","og_url":"https:\/\/www.erresse-shop.it\/fr\/shop\/table-fr-2\/tasses\/villeroy-boch-avarua-set-de-6-soucoupes-a-cafe-blanc\/","og_site_name":"Erresse Shop","article_modified_time":"2024-11-07T08:25:00+00:00","og_image":[{"width":800,"height":800,"url":"https:\/\/www.erresse-shop.it\/wp-content\/uploads\/2024\/05\/VILLEROY-BOCH-Avarua-Set-6-Piattini-Espresso.png","type":"image\/png"}],"twitter_card":"summary_large_image","schema":{"@context":"https:\/\/schema.org","@graph":[{"@type":"WebPage","@id":"https:\/\/www.erresse-shop.it\/fr\/shop\/table-fr-2\/tasses\/villeroy-boch-avarua-set-de-6-soucoupes-a-cafe-blanc\/","url":"https:\/\/www.erresse-shop.it\/fr\/shop\/table-fr-2\/tasses\/villeroy-boch-avarua-set-de-6-soucoupes-a-cafe-blanc\/","name":"VILLEROY & BOCH Avarua Set de 6 soucoupes \u00e0 caf\u00e9 blanc - Erresse Shop","isPartOf":{"@id":"https:\/\/www.erresse-shop.it\/fr\/#website"},"datePublished":"2024-05-23T07:26:14+00:00","dateModified":"2024-11-07T08:25:00+00:00","description":"Une allure c\u00e9leste aux accents dor\u00e9s Inspir\u00e9 par la beaut\u00e9 d'Avarua, le design de la collection Avarua interpr\u00e8te le voyage du navigateur et explorateur","breadcrumb":{"@id":"https:\/\/www.erresse-shop.it\/fr\/shop\/table-fr-2\/tasses\/villeroy-boch-avarua-set-de-6-soucoupes-a-cafe-blanc\/#breadcrumb"},"inLanguage":"fr-FR","potentialAction":[{"@type":"ReadAction","target":["https:\/\/www.erresse-shop.it\/fr\/shop\/table-fr-2\/tasses\/villeroy-boch-avarua-set-de-6-soucoupes-a-cafe-blanc\/"]}]},{"@type":"BreadcrumbList","@id":"https:\/\/www.erresse-shop.it\/fr\/shop\/table-fr-2\/tasses\/villeroy-boch-avarua-set-de-6-soucoupes-a-cafe-blanc\/#breadcrumb","itemListElement":[{"@type":"ListItem","position":1,"name":"Home","item":"https:\/\/www.erresse-shop.it\/fr\/"},{"@type":"ListItem","position":2,"name":"Shop","item":"https:\/\/www.erresse-shop.it\/fr\/shop\/"},{"@type":"ListItem","position":3,"name":"VILLEROY &#038; BOCH Avarua Set de 6 soucoupes \u00e0 caf\u00e9 blanc"}]},{"@type":"WebSite","@id":"https:\/\/www.erresse-shop.it\/fr\/#website","url":"https:\/\/www.erresse-shop.it\/fr\/","name":"Erresse Shop","description":"Articoli di qualit\u00e0 per la casa","potentialAction":[{"@type":"SearchAction","target":{"@type":"EntryPoint","urlTemplate":"https:\/\/www.erresse-shop.it\/fr\/?s={search_term_string}"},"query-input":"required name=search_term_string"}],"inLanguage":"fr-FR"}]}},"df_price":69,"df_sale_price":69,"df_regular_price":138,"df_image_link":"https:\/\/www.erresse-shop.it\/wp-content\/uploads\/2024\/05\/VILLEROY-BOCH-Avarua-Set-6-Piattini-Espresso-Bianco-1-300x300.jpg","_links":{"self":[{"href":"https:\/\/www.erresse-shop.it\/fr\/wp-json\/wp\/v2\/product\/407487"}],"collection":[{"href":"https:\/\/www.erresse-shop.it\/fr\/wp-json\/wp\/v2\/product"}],"about":[{"href":"https:\/\/www.erresse-shop.it\/fr\/wp-json\/wp\/v2\/types\/product"}],"wp:featuredmedia":[{"embeddable":true,"href":"https:\/\/www.erresse-shop.it\/fr\/wp-json\/wp\/v2\/media\/474960"}],"wp:attachment":[{"href":"https:\/\/www.erresse-shop.it\/fr\/wp-json\/wp\/v2\/media?parent=407487"}],"wp:term":[{"taxonomy":"product_cat","embeddable":true,"href":"https:\/\/www.erresse-shop.it\/fr\/wp-json\/wp\/v2\/product_cat?post=407487"},{"taxonomy":"product_tag","embeddable":true,"href":"https:\/\/www.erresse-shop.it\/fr\/wp-json\/wp\/v2\/product_tag?post=407487"}],"curies":[{"name":"wp","href":"https:\/\/api.w.org\/{rel}","templated":true}]}}