{"id":407196,"date":"2024-05-21T12:30:44","date_gmt":"2024-05-21T12:30:48","guid":{"rendered":"https:\/\/www.erresse-shop.it\/?post_type=product&#038;p=407196"},"modified":"2025-06-12T05:18:51","modified_gmt":"2025-06-12T05:18:51","slug":"cookut-cocotte-20-cm-pearl","status":"publish","type":"product","link":"https:\/\/www.erresse-shop.it\/fr\/shop\/poeles-pots\/marmites-et-cocottes-poeles-pots\/cookut-cocotte-20-cm-pearl\/","title":{"rendered":"COOKUT Cocotte 20 cm Pearl"},"content":{"rendered":"<p><strong>L&#8217;emballage comprend le bouton et deux maniques de couleur assortie (les accessoires illustr\u00e9s sont donn\u00e9s \u00e0 titre d&#8217;exemple, ils peuvent varier en fonction de la disponibilit\u00e9).<\/strong><\/p>\n<p><strong>Technologie pour une cuisson parfaite<\/strong><br \/>\nGr\u00e2ce \u00e0 ses mat\u00e9riaux et \u00e0 son design exclusif, l&#8217;Incredible Cocotte offre une temp\u00e9rature homog\u00e8ne, id\u00e9ale pour la cuisson lente des rago\u00fbts. Il est \u00e9galement possible de faire revenir ou dorer les viandes.<\/p>\n<p><strong>Antiadh\u00e9sif, sans mati\u00e8re grasse<\/strong><br \/>\nLe rev\u00eatement antiadh\u00e9sif permet de cuisiner avec tr\u00e8s peu ou pas de mati\u00e8re grasse.<\/p>\n<p><strong>Pas besoin de mouiller la viande<\/strong><br \/>\nLes protub\u00e9rances sous le couvercle permettent une humidification automatique et continue de l&#8217;int\u00e9rieur, \u00e9vitant ainsi la formation de condensation sous le couvercle. Cela permet d&#8217;obtenir des viandes tendres et des plats aux saveurs exceptionnelles.<\/p>\n<p><strong>Facile \u00e0 laver, ne tache pas<\/strong><br \/>\nBien que la cocotte passe au lave-vaisselle, son rev\u00eatement permet de la laver avec une simple \u00e9ponge, sans frotter.<br \/>\nSon rev\u00eatement vitrifi\u00e9 ne se tache pas, quelle que soit la sauce !<\/p>\n<p><strong>Compatible avec tous les types de cuisini\u00e8res<\/strong><\/p>\n<p><strong>Dimensions :<\/strong><br \/>\nVolume : 3 litres<br \/>\nDiam\u00e8tre : 20 cm<br \/>\nHauteur : 18 cm<br \/>\nPoids : 1,4 kg<\/p>\n","protected":false},"excerpt":{"rendered":"<p>L&#8217;emballage comprend le bouton et deux maniques de couleur assortie (les accessoires illustr\u00e9s sont donn\u00e9s \u00e0 titre d&#8217;exemple, ils peuvent<\/p>\n","protected":false},"featured_media":503401,"template":"","meta":{"_acf_changed":false,"inline_featured_image":false},"product_cat":[12458,14792],"product_tag":[25036,25021,12466,24603],"acf":[],"yoast_head":"<!-- This site is optimized with the Yoast SEO Premium plugin v18.6 (Yoast SEO v19.13) - https:\/\/yoast.com\/wordpress\/plugins\/seo\/ -->\n<title>COOKUT Cocotte 20 cm Pearl<\/title>\n<meta name=\"description\" content=\"D\u00e9couvrez COOKUT Cocotte 20 cm Pearl sur ErresseShop. Qualit\u00e9, prix r\u00e9duits et achat s\u00e9curis\u00e9 \u2013 commandez d\u00e8s maintenant en ligne !\" \/>\n<meta name=\"robots\" content=\"index, follow, max-snippet:-1, max-image-preview:large, max-video-preview:-1\" \/>\n<link rel=\"canonical\" href=\"https:\/\/www.erresse-shop.it\/fr\/shop\/poeles-pots\/marmites-et-cocottes-poeles-pots\/cookut-cocotte-20-cm-pearl\/\" \/>\n<meta property=\"og:locale\" content=\"fr_FR\" \/>\n<meta property=\"og:type\" content=\"article\" \/>\n<meta property=\"og:title\" content=\"COOKUT Cocotte 20 cm Pearl\" \/>\n<meta property=\"og:description\" content=\"D\u00e9couvrez COOKUT Cocotte 20 cm Pearl sur ErresseShop. Qualit\u00e9, prix r\u00e9duits et achat s\u00e9curis\u00e9 \u2013 commandez d\u00e8s maintenant en ligne !\" \/>\n<meta property=\"og:url\" content=\"https:\/\/www.erresse-shop.it\/fr\/shop\/poeles-pots\/marmites-et-cocottes-poeles-pots\/cookut-cocotte-20-cm-pearl\/\" \/>\n<meta property=\"og:site_name\" content=\"Erresse Shop\" \/>\n<meta property=\"article:modified_time\" content=\"2025-06-12T05:18:51+00:00\" \/>\n<meta property=\"og:image\" content=\"https:\/\/www.erresse-shop.it\/wp-content\/uploads\/2024\/05\/COOKUT-Cocotte-20-cm-Perla.png\" \/>\n\t<meta property=\"og:image:width\" content=\"800\" \/>\n\t<meta property=\"og:image:height\" content=\"800\" \/>\n\t<meta property=\"og:image:type\" content=\"image\/png\" \/>\n<meta name=\"twitter:card\" content=\"summary_large_image\" \/>\n<script type=\"application\/ld+json\" class=\"yoast-schema-graph\">{\"@context\":\"https:\/\/schema.org\",\"@graph\":[{\"@type\":\"WebPage\",\"@id\":\"https:\/\/www.erresse-shop.it\/fr\/shop\/poeles-pots\/marmites-et-cocottes-poeles-pots\/cookut-cocotte-20-cm-pearl\/\",\"url\":\"https:\/\/www.erresse-shop.it\/fr\/shop\/poeles-pots\/marmites-et-cocottes-poeles-pots\/cookut-cocotte-20-cm-pearl\/\",\"name\":\"COOKUT Cocotte 20 cm Pearl\",\"isPartOf\":{\"@id\":\"https:\/\/www.erresse-shop.it\/fr\/#website\"},\"datePublished\":\"2024-05-21T12:30:48+00:00\",\"dateModified\":\"2025-06-12T05:18:51+00:00\",\"description\":\"D\u00e9couvrez COOKUT Cocotte 20 cm Pearl sur ErresseShop. Qualit\u00e9, prix r\u00e9duits et achat s\u00e9curis\u00e9 \u2013 commandez d\u00e8s maintenant en ligne !\",\"breadcrumb\":{\"@id\":\"https:\/\/www.erresse-shop.it\/fr\/shop\/poeles-pots\/marmites-et-cocottes-poeles-pots\/cookut-cocotte-20-cm-pearl\/#breadcrumb\"},\"inLanguage\":\"fr-FR\",\"potentialAction\":[{\"@type\":\"ReadAction\",\"target\":[\"https:\/\/www.erresse-shop.it\/fr\/shop\/poeles-pots\/marmites-et-cocottes-poeles-pots\/cookut-cocotte-20-cm-pearl\/\"]}]},{\"@type\":\"BreadcrumbList\",\"@id\":\"https:\/\/www.erresse-shop.it\/fr\/shop\/poeles-pots\/marmites-et-cocottes-poeles-pots\/cookut-cocotte-20-cm-pearl\/#breadcrumb\",\"itemListElement\":[{\"@type\":\"ListItem\",\"position\":1,\"name\":\"Home\",\"item\":\"https:\/\/www.erresse-shop.it\/fr\/\"},{\"@type\":\"ListItem\",\"position\":2,\"name\":\"Shop\",\"item\":\"https:\/\/www.erresse-shop.it\/fr\/shop\/\"},{\"@type\":\"ListItem\",\"position\":3,\"name\":\"COOKUT Cocotte 20 cm Pearl\"}]},{\"@type\":\"WebSite\",\"@id\":\"https:\/\/www.erresse-shop.it\/fr\/#website\",\"url\":\"https:\/\/www.erresse-shop.it\/fr\/\",\"name\":\"Erresse Shop\",\"description\":\"Articoli di qualit\u00e0 per la casa\",\"potentialAction\":[{\"@type\":\"SearchAction\",\"target\":{\"@type\":\"EntryPoint\",\"urlTemplate\":\"https:\/\/www.erresse-shop.it\/fr\/?s={search_term_string}\"},\"query-input\":\"required name=search_term_string\"}],\"inLanguage\":\"fr-FR\"}]}<\/script>\n<!-- \/ Yoast SEO Premium plugin. -->","yoast_head_json":{"title":"COOKUT Cocotte 20 cm Pearl","description":"D\u00e9couvrez COOKUT Cocotte 20 cm Pearl sur ErresseShop. Qualit\u00e9, prix r\u00e9duits et achat s\u00e9curis\u00e9 \u2013 commandez d\u00e8s maintenant en ligne !","robots":{"index":"index","follow":"follow","max-snippet":"max-snippet:-1","max-image-preview":"max-image-preview:large","max-video-preview":"max-video-preview:-1"},"canonical":"https:\/\/www.erresse-shop.it\/fr\/shop\/poeles-pots\/marmites-et-cocottes-poeles-pots\/cookut-cocotte-20-cm-pearl\/","og_locale":"fr_FR","og_type":"article","og_title":"COOKUT Cocotte 20 cm Pearl","og_description":"D\u00e9couvrez COOKUT Cocotte 20 cm Pearl sur ErresseShop. Qualit\u00e9, prix r\u00e9duits et achat s\u00e9curis\u00e9 \u2013 commandez d\u00e8s maintenant en ligne !","og_url":"https:\/\/www.erresse-shop.it\/fr\/shop\/poeles-pots\/marmites-et-cocottes-poeles-pots\/cookut-cocotte-20-cm-pearl\/","og_site_name":"Erresse Shop","article_modified_time":"2025-06-12T05:18:51+00:00","og_image":[{"width":800,"height":800,"url":"https:\/\/www.erresse-shop.it\/wp-content\/uploads\/2024\/05\/COOKUT-Cocotte-20-cm-Perla.png","type":"image\/png"}],"twitter_card":"summary_large_image","schema":{"@context":"https:\/\/schema.org","@graph":[{"@type":"WebPage","@id":"https:\/\/www.erresse-shop.it\/fr\/shop\/poeles-pots\/marmites-et-cocottes-poeles-pots\/cookut-cocotte-20-cm-pearl\/","url":"https:\/\/www.erresse-shop.it\/fr\/shop\/poeles-pots\/marmites-et-cocottes-poeles-pots\/cookut-cocotte-20-cm-pearl\/","name":"COOKUT Cocotte 20 cm Pearl","isPartOf":{"@id":"https:\/\/www.erresse-shop.it\/fr\/#website"},"datePublished":"2024-05-21T12:30:48+00:00","dateModified":"2025-06-12T05:18:51+00:00","description":"D\u00e9couvrez COOKUT Cocotte 20 cm Pearl sur ErresseShop. Qualit\u00e9, prix r\u00e9duits et achat s\u00e9curis\u00e9 \u2013 commandez d\u00e8s maintenant en ligne !","breadcrumb":{"@id":"https:\/\/www.erresse-shop.it\/fr\/shop\/poeles-pots\/marmites-et-cocottes-poeles-pots\/cookut-cocotte-20-cm-pearl\/#breadcrumb"},"inLanguage":"fr-FR","potentialAction":[{"@type":"ReadAction","target":["https:\/\/www.erresse-shop.it\/fr\/shop\/poeles-pots\/marmites-et-cocottes-poeles-pots\/cookut-cocotte-20-cm-pearl\/"]}]},{"@type":"BreadcrumbList","@id":"https:\/\/www.erresse-shop.it\/fr\/shop\/poeles-pots\/marmites-et-cocottes-poeles-pots\/cookut-cocotte-20-cm-pearl\/#breadcrumb","itemListElement":[{"@type":"ListItem","position":1,"name":"Home","item":"https:\/\/www.erresse-shop.it\/fr\/"},{"@type":"ListItem","position":2,"name":"Shop","item":"https:\/\/www.erresse-shop.it\/fr\/shop\/"},{"@type":"ListItem","position":3,"name":"COOKUT Cocotte 20 cm Pearl"}]},{"@type":"WebSite","@id":"https:\/\/www.erresse-shop.it\/fr\/#website","url":"https:\/\/www.erresse-shop.it\/fr\/","name":"Erresse Shop","description":"Articoli di qualit\u00e0 per la casa","potentialAction":[{"@type":"SearchAction","target":{"@type":"EntryPoint","urlTemplate":"https:\/\/www.erresse-shop.it\/fr\/?s={search_term_string}"},"query-input":"required name=search_term_string"}],"inLanguage":"fr-FR"}]}},"df_price":60.44500000000001,"df_sale_price":60.44500000000001,"df_regular_price":109.9,"df_image_link":"https:\/\/www.erresse-shop.it\/wp-content\/uploads\/2024\/05\/COOKUT-Cocotte-20-cm-Perla-300x300.jpg","_links":{"self":[{"href":"https:\/\/www.erresse-shop.it\/fr\/wp-json\/wp\/v2\/product\/407196"}],"collection":[{"href":"https:\/\/www.erresse-shop.it\/fr\/wp-json\/wp\/v2\/product"}],"about":[{"href":"https:\/\/www.erresse-shop.it\/fr\/wp-json\/wp\/v2\/types\/product"}],"wp:featuredmedia":[{"embeddable":true,"href":"https:\/\/www.erresse-shop.it\/fr\/wp-json\/wp\/v2\/media\/503401"}],"wp:attachment":[{"href":"https:\/\/www.erresse-shop.it\/fr\/wp-json\/wp\/v2\/media?parent=407196"}],"wp:term":[{"taxonomy":"product_cat","embeddable":true,"href":"https:\/\/www.erresse-shop.it\/fr\/wp-json\/wp\/v2\/product_cat?post=407196"},{"taxonomy":"product_tag","embeddable":true,"href":"https:\/\/www.erresse-shop.it\/fr\/wp-json\/wp\/v2\/product_tag?post=407196"}],"curies":[{"name":"wp","href":"https:\/\/api.w.org\/{rel}","templated":true}]}}