{"id":406926,"date":"2012-02-11T18:35:36","date_gmt":"2012-02-11T18:35:36","guid":{"rendered":"https:\/\/www.erresse-shop.it\/shop\/non class\u00e9\/staub-cocotte-ronde-en-fonte-24-cm-bleu\/"},"modified":"2012-02-11T18:35:36","modified_gmt":"2012-02-11T18:35:36","slug":"staub-cocotte-ronde-en-fonte-24-cm-bleu","status":"publish","type":"product","link":"https:\/\/www.erresse-shop.it\/fr\/shop\/poeles-pots\/marmites-et-cocottes-poeles-pots\/staub-cocotte-ronde-en-fonte-24-cm-bleu\/","title":{"rendered":"STAUB Cocotte ronde en fonte 24 cm Bleu"},"content":{"rendered":"<p>Les ustensiles de cuisine en fonte Staub sont la marque incontournable de nombreux chefs professionnels, dont Paul Bocuse. Ils conviennent \u00e0 tous les feux, y compris l&#8217;induction, et peuvent \u00eatre amen\u00e9s directement \u00e0 table d\u00e8s leur retrait du feu. De cette fa\u00e7on, les plats restent chauds longtemps et peuvent \u00eatre servis avec style. Gr\u00e2ce \u00e0 la structure innovante de la partie inf\u00e9rieure du couvercle, de la condensation se forme pendant la cuisson qui s&#8217;\u00e9goutte ensuite uniform\u00e9ment avec les ar\u00f4mes sur le plat. Ce sont des casseroles con\u00e7ues pour les chefs professionnels et non professionnels, mais aussi pour les d\u00e9butants curieux qui souhaitent d\u00e9couvrir les m\u00e9rites d&#8217;une cuisine saine et savoureuse.<\/p>\n<p>La fonte est un mat\u00e9riau sup\u00e9rieur qui retient la chaleur plus que tout autre mat\u00e9riau, la diffuse progressivement et la distribue de mani\u00e8re parfaitement homog\u00e8ne, permettant une cuisson parfaite. Staub offre tous les avantages d&#8217;une cuisine moderne.<br \/>\nFabrication fran\u00e7aise : Artisanat fran\u00e7ais traditionnel et authentique avec un savoir-faire innovant en mati\u00e8re de couleurs.<br \/>\nInnovation : Gr\u00e2ce \u00e0 la fermeture parfaite du couvercle sur la cocotte, il y a moins de perte d&#8217;humidit\u00e9 lors de la cuisson.<br \/>\nIl a \u00e9t\u00e9 v\u00e9rifi\u00e9 qu&#8217;il reste 10 % d&#8217;humidit\u00e9 en plus \u00e0 l&#8217;int\u00e9rieur d&#8217;une cocotte Staub apr\u00e8s 55 minutes de cuisson, par rapport aux produits concurrents.<br \/>\nDe plus, le syst\u00e8me de pulv\u00e9risation constitu\u00e9 de nombreux h\u00e9misph\u00e8res r\u00e9partis sur la surface interne plane du couvercle, d\u00e9termine un effet &#8220;gouttes d&#8217;eau&#8221; qui tombent en continu sur les aliments contenus dans la cocotte. Le cycle de pulv\u00e9risation permet de conserver toutes les saveurs et valeurs nutritionnelles des ingr\u00e9dients.<br \/>\nMat\u00e9riau : Int\u00e9rieur en \u00e9mail noir mat pour braiser et r\u00f4tir sans coller. D&#8217;autres avantages importants sont la facilit\u00e9 de nettoyage et l&#8217;inalt\u00e9rabilit\u00e9 dans le temps, gr\u00e2ce \u00e0 la haute r\u00e9sistance aux rayures et aux temp\u00e9ratures \u00e9lev\u00e9es.<\/p>\n<p>Solution id\u00e9ale pour toutes les sources de chaleur : Parfait pour toutes les sources de chaleur. Chaque cocotte est recouverte d&#8217;un \u00e9mail de qualit\u00e9 sup\u00e9rieure qui permet une plus grande r\u00e9sistance aux chocs thermiques et aux rayures.<\/p>\n","protected":false},"excerpt":{"rendered":"<p>Les ustensiles de cuisine en fonte Staub sont la marque incontournable de nombreux chefs professionnels, dont Paul Bocuse. Ils conviennent<\/p>\n","protected":false},"featured_media":406927,"template":"","meta":{"_acf_changed":false,"inline_featured_image":false},"product_cat":[12458,14792],"product_tag":[24365],"acf":[],"yoast_head":"<!-- This site is optimized with the Yoast SEO Premium plugin v18.6 (Yoast SEO v19.13) - https:\/\/yoast.com\/wordpress\/plugins\/seo\/ -->\n<title>STAUB Cocotte ronde en fonte 24 cm Bleu - Erresse Shop<\/title>\n<meta name=\"description\" content=\"Les ustensiles de cuisine en fonte Staub sont la marque incontournable de nombreux chefs professionnels, dont Paul Bocuse. Ils conviennent \u00e0 tous les\" \/>\n<meta name=\"robots\" content=\"index, follow, max-snippet:-1, max-image-preview:large, max-video-preview:-1\" \/>\n<link rel=\"canonical\" href=\"https:\/\/www.erresse-shop.it\/fr\/shop\/poeles-pots\/marmites-et-cocottes-poeles-pots\/staub-cocotte-ronde-en-fonte-24-cm-bleu\/\" \/>\n<meta property=\"og:locale\" content=\"fr_FR\" \/>\n<meta property=\"og:type\" content=\"article\" \/>\n<meta property=\"og:title\" content=\"STAUB Cocotte ronde en fonte 24 cm Bleu\" \/>\n<meta property=\"og:description\" content=\"Les ustensiles de cuisine en fonte Staub sont la marque incontournable de nombreux chefs professionnels, dont Paul Bocuse. Ils conviennent \u00e0 tous les\" \/>\n<meta property=\"og:url\" content=\"https:\/\/www.erresse-shop.it\/fr\/shop\/poeles-pots\/marmites-et-cocottes-poeles-pots\/staub-cocotte-ronde-en-fonte-24-cm-bleu\/\" \/>\n<meta property=\"og:site_name\" content=\"Erresse Shop\" \/>\n<meta property=\"og:image\" content=\"https:\/\/www.erresse-shop.it\/wp-content\/uploads\/2015\/01\/products-staub-newblu-tonda24.jpg\" \/>\n\t<meta property=\"og:image:width\" content=\"550\" \/>\n\t<meta property=\"og:image:height\" content=\"417\" \/>\n\t<meta property=\"og:image:type\" content=\"image\/jpeg\" \/>\n<meta name=\"twitter:card\" content=\"summary_large_image\" \/>\n<script type=\"application\/ld+json\" class=\"yoast-schema-graph\">{\"@context\":\"https:\/\/schema.org\",\"@graph\":[{\"@type\":\"WebPage\",\"@id\":\"https:\/\/www.erresse-shop.it\/fr\/shop\/poeles-pots\/marmites-et-cocottes-poeles-pots\/staub-cocotte-ronde-en-fonte-24-cm-bleu\/\",\"url\":\"https:\/\/www.erresse-shop.it\/fr\/shop\/poeles-pots\/marmites-et-cocottes-poeles-pots\/staub-cocotte-ronde-en-fonte-24-cm-bleu\/\",\"name\":\"STAUB Cocotte ronde en fonte 24 cm Bleu - Erresse Shop\",\"isPartOf\":{\"@id\":\"https:\/\/www.erresse-shop.it\/fr\/#website\"},\"datePublished\":\"2012-02-11T18:35:36+00:00\",\"dateModified\":\"2012-02-11T18:35:36+00:00\",\"description\":\"Les ustensiles de cuisine en fonte Staub sont la marque incontournable de nombreux chefs professionnels, dont Paul Bocuse. Ils conviennent \u00e0 tous les\",\"breadcrumb\":{\"@id\":\"https:\/\/www.erresse-shop.it\/fr\/shop\/poeles-pots\/marmites-et-cocottes-poeles-pots\/staub-cocotte-ronde-en-fonte-24-cm-bleu\/#breadcrumb\"},\"inLanguage\":\"fr-FR\",\"potentialAction\":[{\"@type\":\"ReadAction\",\"target\":[\"https:\/\/www.erresse-shop.it\/fr\/shop\/poeles-pots\/marmites-et-cocottes-poeles-pots\/staub-cocotte-ronde-en-fonte-24-cm-bleu\/\"]}]},{\"@type\":\"BreadcrumbList\",\"@id\":\"https:\/\/www.erresse-shop.it\/fr\/shop\/poeles-pots\/marmites-et-cocottes-poeles-pots\/staub-cocotte-ronde-en-fonte-24-cm-bleu\/#breadcrumb\",\"itemListElement\":[{\"@type\":\"ListItem\",\"position\":1,\"name\":\"Home\",\"item\":\"https:\/\/www.erresse-shop.it\/fr\/\"},{\"@type\":\"ListItem\",\"position\":2,\"name\":\"Shop\",\"item\":\"https:\/\/www.erresse-shop.it\/fr\/shop\/\"},{\"@type\":\"ListItem\",\"position\":3,\"name\":\"STAUB Cocotte ronde en fonte 24 cm Bleu\"}]},{\"@type\":\"WebSite\",\"@id\":\"https:\/\/www.erresse-shop.it\/fr\/#website\",\"url\":\"https:\/\/www.erresse-shop.it\/fr\/\",\"name\":\"Erresse Shop\",\"description\":\"Articoli di qualit\u00e0 per la casa\",\"potentialAction\":[{\"@type\":\"SearchAction\",\"target\":{\"@type\":\"EntryPoint\",\"urlTemplate\":\"https:\/\/www.erresse-shop.it\/fr\/?s={search_term_string}\"},\"query-input\":\"required name=search_term_string\"}],\"inLanguage\":\"fr-FR\"}]}<\/script>\n<!-- \/ Yoast SEO Premium plugin. -->","yoast_head_json":{"title":"STAUB Cocotte ronde en fonte 24 cm Bleu - Erresse Shop","description":"Les ustensiles de cuisine en fonte Staub sont la marque incontournable de nombreux chefs professionnels, dont Paul Bocuse. Ils conviennent \u00e0 tous les","robots":{"index":"index","follow":"follow","max-snippet":"max-snippet:-1","max-image-preview":"max-image-preview:large","max-video-preview":"max-video-preview:-1"},"canonical":"https:\/\/www.erresse-shop.it\/fr\/shop\/poeles-pots\/marmites-et-cocottes-poeles-pots\/staub-cocotte-ronde-en-fonte-24-cm-bleu\/","og_locale":"fr_FR","og_type":"article","og_title":"STAUB Cocotte ronde en fonte 24 cm Bleu","og_description":"Les ustensiles de cuisine en fonte Staub sont la marque incontournable de nombreux chefs professionnels, dont Paul Bocuse. Ils conviennent \u00e0 tous les","og_url":"https:\/\/www.erresse-shop.it\/fr\/shop\/poeles-pots\/marmites-et-cocottes-poeles-pots\/staub-cocotte-ronde-en-fonte-24-cm-bleu\/","og_site_name":"Erresse Shop","og_image":[{"width":550,"height":417,"url":"https:\/\/www.erresse-shop.it\/wp-content\/uploads\/2015\/01\/products-staub-newblu-tonda24.jpg","type":"image\/jpeg"}],"twitter_card":"summary_large_image","schema":{"@context":"https:\/\/schema.org","@graph":[{"@type":"WebPage","@id":"https:\/\/www.erresse-shop.it\/fr\/shop\/poeles-pots\/marmites-et-cocottes-poeles-pots\/staub-cocotte-ronde-en-fonte-24-cm-bleu\/","url":"https:\/\/www.erresse-shop.it\/fr\/shop\/poeles-pots\/marmites-et-cocottes-poeles-pots\/staub-cocotte-ronde-en-fonte-24-cm-bleu\/","name":"STAUB Cocotte ronde en fonte 24 cm Bleu - Erresse Shop","isPartOf":{"@id":"https:\/\/www.erresse-shop.it\/fr\/#website"},"datePublished":"2012-02-11T18:35:36+00:00","dateModified":"2012-02-11T18:35:36+00:00","description":"Les ustensiles de cuisine en fonte Staub sont la marque incontournable de nombreux chefs professionnels, dont Paul Bocuse. Ils conviennent \u00e0 tous les","breadcrumb":{"@id":"https:\/\/www.erresse-shop.it\/fr\/shop\/poeles-pots\/marmites-et-cocottes-poeles-pots\/staub-cocotte-ronde-en-fonte-24-cm-bleu\/#breadcrumb"},"inLanguage":"fr-FR","potentialAction":[{"@type":"ReadAction","target":["https:\/\/www.erresse-shop.it\/fr\/shop\/poeles-pots\/marmites-et-cocottes-poeles-pots\/staub-cocotte-ronde-en-fonte-24-cm-bleu\/"]}]},{"@type":"BreadcrumbList","@id":"https:\/\/www.erresse-shop.it\/fr\/shop\/poeles-pots\/marmites-et-cocottes-poeles-pots\/staub-cocotte-ronde-en-fonte-24-cm-bleu\/#breadcrumb","itemListElement":[{"@type":"ListItem","position":1,"name":"Home","item":"https:\/\/www.erresse-shop.it\/fr\/"},{"@type":"ListItem","position":2,"name":"Shop","item":"https:\/\/www.erresse-shop.it\/fr\/shop\/"},{"@type":"ListItem","position":3,"name":"STAUB Cocotte ronde en fonte 24 cm Bleu"}]},{"@type":"WebSite","@id":"https:\/\/www.erresse-shop.it\/fr\/#website","url":"https:\/\/www.erresse-shop.it\/fr\/","name":"Erresse Shop","description":"Articoli di qualit\u00e0 per la casa","potentialAction":[{"@type":"SearchAction","target":{"@type":"EntryPoint","urlTemplate":"https:\/\/www.erresse-shop.it\/fr\/?s={search_term_string}"},"query-input":"required name=search_term_string"}],"inLanguage":"fr-FR"}]}},"df_price":139.5,"df_sale_price":139.5,"df_regular_price":279,"df_image_link":"https:\/\/www.erresse-shop.it\/wp-content\/uploads\/2015\/01\/products-staub-newblu-tonda24-300x227.jpg","_links":{"self":[{"href":"https:\/\/www.erresse-shop.it\/fr\/wp-json\/wp\/v2\/product\/406926"}],"collection":[{"href":"https:\/\/www.erresse-shop.it\/fr\/wp-json\/wp\/v2\/product"}],"about":[{"href":"https:\/\/www.erresse-shop.it\/fr\/wp-json\/wp\/v2\/types\/product"}],"wp:featuredmedia":[{"embeddable":true,"href":"https:\/\/www.erresse-shop.it\/fr\/wp-json\/wp\/v2\/media\/406927"}],"wp:attachment":[{"href":"https:\/\/www.erresse-shop.it\/fr\/wp-json\/wp\/v2\/media?parent=406926"}],"wp:term":[{"taxonomy":"product_cat","embeddable":true,"href":"https:\/\/www.erresse-shop.it\/fr\/wp-json\/wp\/v2\/product_cat?post=406926"},{"taxonomy":"product_tag","embeddable":true,"href":"https:\/\/www.erresse-shop.it\/fr\/wp-json\/wp\/v2\/product_tag?post=406926"}],"curies":[{"name":"wp","href":"https:\/\/api.w.org\/{rel}","templated":true}]}}