{"id":406434,"date":"2024-05-14T13:23:52","date_gmt":"2024-05-14T13:23:58","guid":{"rendered":"https:\/\/www.erresse-shop.it\/?post_type=product&#038;p=406434"},"modified":"2024-07-23T07:42:51","modified_gmt":"2024-07-23T07:42:51","slug":"instant-pot-multicooker-duo-plus-whisper-quiet-57-l-noir","status":"publish","type":"product","link":"https:\/\/www.erresse-shop.it\/fr\/shop\/petits-electromenagers\/robots-de-cuisine\/instant-pot-multicooker-duo-plus-whisper-quiet-57-l-noir\/","title":{"rendered":"INSTANT POT Multicooker Duo Plus Whisper Quiet 5,7 L Noir"},"content":{"rendered":"<p>L&#8217;Instant Pot Duo Plus Whisper Quiet, c&#8217;est 9 appareils en 1 : cuisson sous pression, mijoteuse, riz, vapeur, saut\u00e9, yaourt, sous vide, g\u00e2teaux et maintien au chaud avec une cuisson guid\u00e9e gr\u00e2ce \u00e0 25 fonctions intelligentes personnalisables avec des instructions pas \u00e0 pas pour simplifier les recettes.<\/p>\n<p>L&#8217;Instant Pot\u00ae Duo\u2122 Plus est con\u00e7u pour rendre la cuisine simple, facile et pratique sans aucun souci, gr\u00e2ce \u00e0 un d\u00e9gagement silencieux de la vapeur, un avertissement pratique lorsqu&#8217;il est s\u00fbr d&#8217;ouvrir le couvercle et un interrupteur de d\u00e9gagement de la vapeur \u00e0 distance qui vous permet de garder les mains en s\u00e9curit\u00e9.<\/p>\n<p><strong>Le Duo Plus Whisper Quiet, c&#8217;est 9 appareils en 1 :<\/strong><br \/>\ncuisson sous pression, cuisson lente, riz, vapeur, saut\u00e9, yaourt, sous vide, desserts et maintien au chaud avec des options de cuisson guid\u00e9es.<\/p>\n<p><strong>9 programmes standard Smart one-touch :<\/strong><br \/>\n&#8211; riz\/c\u00e9r\u00e9ales<br \/>\n&#8211; cuisson sous pression<br \/>\n&#8211; sauter\/griller<br \/>\n&#8211; cuisson lente<br \/>\n&#8211; cuisson \u00e0 la vapeur<br \/>\n&#8211; yaourt<br \/>\n&#8211; sous vide<br \/>\n&#8211; tartes<br \/>\n&#8211; maintien au chaud<\/p>\n<p><strong>CARACT\u00c9RISTIQUES TECHNIQUES<\/strong><\/p>\n<ul>\n<li>Capacit\u00e9 : 5,7 litres<\/li>\n<li>Puissance : 1000W<\/li>\n<li>Alimentation : 220V<\/li>\n<li>Mat\u00e9riau Couvercle et pot int\u00e9rieur en acier inoxydable, pot ext\u00e9rieur en acier inoxydable bross\u00e9<\/li>\n<\/ul>\n<p>Non disponible \u00e0 la vente en dehors de l&#8217;Europe<\/p>\n","protected":false},"excerpt":{"rendered":"<p>L&#8217;Instant Pot Duo Plus Whisper Quiet, c&#8217;est 9 appareils en 1 : cuisson sous pression, mijoteuse, riz, vapeur, saut\u00e9, yaourt,<\/p>\n","protected":false},"featured_media":463404,"template":"","meta":{"_acf_changed":false,"inline_featured_image":false},"product_cat":[12449,12768],"product_tag":[17931,15610,17939,13178,12468,13004],"acf":[],"yoast_head":"<!-- This site is optimized with the Yoast SEO Premium plugin v18.6 (Yoast SEO v19.13) - https:\/\/yoast.com\/wordpress\/plugins\/seo\/ -->\n<title>INSTANT POT Multicooker Duo Plus Whisper Quiet 5,7 L Noir - Erresse Shop<\/title>\n<meta name=\"description\" content=\"L&#039;Instant Pot Duo Plus Whisper Quiet, c&#039;est 9 appareils en 1 : cuisson sous pression, mijoteuse, riz, vapeur, saut\u00e9, yaourt, sous vide, g\u00e2teaux et\" \/>\n<meta name=\"robots\" content=\"index, follow, max-snippet:-1, max-image-preview:large, max-video-preview:-1\" \/>\n<link rel=\"canonical\" href=\"https:\/\/www.erresse-shop.it\/fr\/shop\/petits-electromenagers\/robots-de-cuisine\/instant-pot-multicooker-duo-plus-whisper-quiet-57-l-noir\/\" \/>\n<meta property=\"og:locale\" content=\"fr_FR\" \/>\n<meta property=\"og:type\" content=\"article\" \/>\n<meta property=\"og:title\" content=\"INSTANT POT Multicooker Duo Plus Whisper Quiet 5,7 L Noir\" \/>\n<meta property=\"og:description\" content=\"L&#039;Instant Pot Duo Plus Whisper Quiet, c&#039;est 9 appareils en 1 : cuisson sous pression, mijoteuse, riz, vapeur, saut\u00e9, yaourt, sous vide, g\u00e2teaux et\" \/>\n<meta property=\"og:url\" content=\"https:\/\/www.erresse-shop.it\/fr\/shop\/petits-electromenagers\/robots-de-cuisine\/instant-pot-multicooker-duo-plus-whisper-quiet-57-l-noir\/\" \/>\n<meta property=\"og:site_name\" content=\"Erresse Shop\" \/>\n<meta property=\"article:modified_time\" content=\"2024-07-23T07:42:51+00:00\" \/>\n<meta property=\"og:image\" content=\"https:\/\/www.erresse-shop.it\/wp-content\/uploads\/2024\/05\/INSTANT-POT-Multicooker-Duo-Plus-Whisper-Quiet-57-L.png\" \/>\n\t<meta property=\"og:image:width\" content=\"800\" \/>\n\t<meta property=\"og:image:height\" content=\"800\" \/>\n\t<meta property=\"og:image:type\" content=\"image\/png\" \/>\n<meta name=\"twitter:card\" content=\"summary_large_image\" \/>\n<script type=\"application\/ld+json\" class=\"yoast-schema-graph\">{\"@context\":\"https:\/\/schema.org\",\"@graph\":[{\"@type\":\"WebPage\",\"@id\":\"https:\/\/www.erresse-shop.it\/fr\/shop\/petits-electromenagers\/robots-de-cuisine\/instant-pot-multicooker-duo-plus-whisper-quiet-57-l-noir\/\",\"url\":\"https:\/\/www.erresse-shop.it\/fr\/shop\/petits-electromenagers\/robots-de-cuisine\/instant-pot-multicooker-duo-plus-whisper-quiet-57-l-noir\/\",\"name\":\"INSTANT POT Multicooker Duo Plus Whisper Quiet 5,7 L Noir - Erresse Shop\",\"isPartOf\":{\"@id\":\"https:\/\/www.erresse-shop.it\/fr\/#website\"},\"datePublished\":\"2024-05-14T13:23:58+00:00\",\"dateModified\":\"2024-07-23T07:42:51+00:00\",\"description\":\"L'Instant Pot Duo Plus Whisper Quiet, c'est 9 appareils en 1 : cuisson sous pression, mijoteuse, riz, vapeur, saut\u00e9, yaourt, sous vide, g\u00e2teaux et\",\"breadcrumb\":{\"@id\":\"https:\/\/www.erresse-shop.it\/fr\/shop\/petits-electromenagers\/robots-de-cuisine\/instant-pot-multicooker-duo-plus-whisper-quiet-57-l-noir\/#breadcrumb\"},\"inLanguage\":\"fr-FR\",\"potentialAction\":[{\"@type\":\"ReadAction\",\"target\":[\"https:\/\/www.erresse-shop.it\/fr\/shop\/petits-electromenagers\/robots-de-cuisine\/instant-pot-multicooker-duo-plus-whisper-quiet-57-l-noir\/\"]}]},{\"@type\":\"BreadcrumbList\",\"@id\":\"https:\/\/www.erresse-shop.it\/fr\/shop\/petits-electromenagers\/robots-de-cuisine\/instant-pot-multicooker-duo-plus-whisper-quiet-57-l-noir\/#breadcrumb\",\"itemListElement\":[{\"@type\":\"ListItem\",\"position\":1,\"name\":\"Home\",\"item\":\"https:\/\/www.erresse-shop.it\/fr\/\"},{\"@type\":\"ListItem\",\"position\":2,\"name\":\"Shop\",\"item\":\"https:\/\/www.erresse-shop.it\/fr\/shop\/\"},{\"@type\":\"ListItem\",\"position\":3,\"name\":\"INSTANT POT Multicooker Duo Plus Whisper Quiet 5,7 L Noir\"}]},{\"@type\":\"WebSite\",\"@id\":\"https:\/\/www.erresse-shop.it\/fr\/#website\",\"url\":\"https:\/\/www.erresse-shop.it\/fr\/\",\"name\":\"Erresse Shop\",\"description\":\"Articoli di qualit\u00e0 per la casa\",\"potentialAction\":[{\"@type\":\"SearchAction\",\"target\":{\"@type\":\"EntryPoint\",\"urlTemplate\":\"https:\/\/www.erresse-shop.it\/fr\/?s={search_term_string}\"},\"query-input\":\"required name=search_term_string\"}],\"inLanguage\":\"fr-FR\"}]}<\/script>\n<!-- \/ Yoast SEO Premium plugin. -->","yoast_head_json":{"title":"INSTANT POT Multicooker Duo Plus Whisper Quiet 5,7 L Noir - Erresse Shop","description":"L'Instant Pot Duo Plus Whisper Quiet, c'est 9 appareils en 1 : cuisson sous pression, mijoteuse, riz, vapeur, saut\u00e9, yaourt, sous vide, g\u00e2teaux et","robots":{"index":"index","follow":"follow","max-snippet":"max-snippet:-1","max-image-preview":"max-image-preview:large","max-video-preview":"max-video-preview:-1"},"canonical":"https:\/\/www.erresse-shop.it\/fr\/shop\/petits-electromenagers\/robots-de-cuisine\/instant-pot-multicooker-duo-plus-whisper-quiet-57-l-noir\/","og_locale":"fr_FR","og_type":"article","og_title":"INSTANT POT Multicooker Duo Plus Whisper Quiet 5,7 L Noir","og_description":"L'Instant Pot Duo Plus Whisper Quiet, c'est 9 appareils en 1 : cuisson sous pression, mijoteuse, riz, vapeur, saut\u00e9, yaourt, sous vide, g\u00e2teaux et","og_url":"https:\/\/www.erresse-shop.it\/fr\/shop\/petits-electromenagers\/robots-de-cuisine\/instant-pot-multicooker-duo-plus-whisper-quiet-57-l-noir\/","og_site_name":"Erresse Shop","article_modified_time":"2024-07-23T07:42:51+00:00","og_image":[{"width":800,"height":800,"url":"https:\/\/www.erresse-shop.it\/wp-content\/uploads\/2024\/05\/INSTANT-POT-Multicooker-Duo-Plus-Whisper-Quiet-57-L.png","type":"image\/png"}],"twitter_card":"summary_large_image","schema":{"@context":"https:\/\/schema.org","@graph":[{"@type":"WebPage","@id":"https:\/\/www.erresse-shop.it\/fr\/shop\/petits-electromenagers\/robots-de-cuisine\/instant-pot-multicooker-duo-plus-whisper-quiet-57-l-noir\/","url":"https:\/\/www.erresse-shop.it\/fr\/shop\/petits-electromenagers\/robots-de-cuisine\/instant-pot-multicooker-duo-plus-whisper-quiet-57-l-noir\/","name":"INSTANT POT Multicooker Duo Plus Whisper Quiet 5,7 L Noir - Erresse Shop","isPartOf":{"@id":"https:\/\/www.erresse-shop.it\/fr\/#website"},"datePublished":"2024-05-14T13:23:58+00:00","dateModified":"2024-07-23T07:42:51+00:00","description":"L'Instant Pot Duo Plus Whisper Quiet, c'est 9 appareils en 1 : cuisson sous pression, mijoteuse, riz, vapeur, saut\u00e9, yaourt, sous vide, g\u00e2teaux et","breadcrumb":{"@id":"https:\/\/www.erresse-shop.it\/fr\/shop\/petits-electromenagers\/robots-de-cuisine\/instant-pot-multicooker-duo-plus-whisper-quiet-57-l-noir\/#breadcrumb"},"inLanguage":"fr-FR","potentialAction":[{"@type":"ReadAction","target":["https:\/\/www.erresse-shop.it\/fr\/shop\/petits-electromenagers\/robots-de-cuisine\/instant-pot-multicooker-duo-plus-whisper-quiet-57-l-noir\/"]}]},{"@type":"BreadcrumbList","@id":"https:\/\/www.erresse-shop.it\/fr\/shop\/petits-electromenagers\/robots-de-cuisine\/instant-pot-multicooker-duo-plus-whisper-quiet-57-l-noir\/#breadcrumb","itemListElement":[{"@type":"ListItem","position":1,"name":"Home","item":"https:\/\/www.erresse-shop.it\/fr\/"},{"@type":"ListItem","position":2,"name":"Shop","item":"https:\/\/www.erresse-shop.it\/fr\/shop\/"},{"@type":"ListItem","position":3,"name":"INSTANT POT Multicooker Duo Plus Whisper Quiet 5,7 L Noir"}]},{"@type":"WebSite","@id":"https:\/\/www.erresse-shop.it\/fr\/#website","url":"https:\/\/www.erresse-shop.it\/fr\/","name":"Erresse Shop","description":"Articoli di qualit\u00e0 per la casa","potentialAction":[{"@type":"SearchAction","target":{"@type":"EntryPoint","urlTemplate":"https:\/\/www.erresse-shop.it\/fr\/?s={search_term_string}"},"query-input":"required name=search_term_string"}],"inLanguage":"fr-FR"}]}},"df_price":112.4925,"df_sale_price":112.4925,"df_regular_price":149.99,"df_image_link":"https:\/\/www.erresse-shop.it\/wp-content\/uploads\/2024\/05\/INSTANT-POT-Multicooker-Duo-Plus-Whisper-Quiet-57-L-Nero-300x300.jpg","_links":{"self":[{"href":"https:\/\/www.erresse-shop.it\/fr\/wp-json\/wp\/v2\/product\/406434"}],"collection":[{"href":"https:\/\/www.erresse-shop.it\/fr\/wp-json\/wp\/v2\/product"}],"about":[{"href":"https:\/\/www.erresse-shop.it\/fr\/wp-json\/wp\/v2\/types\/product"}],"wp:featuredmedia":[{"embeddable":true,"href":"https:\/\/www.erresse-shop.it\/fr\/wp-json\/wp\/v2\/media\/463404"}],"wp:attachment":[{"href":"https:\/\/www.erresse-shop.it\/fr\/wp-json\/wp\/v2\/media?parent=406434"}],"wp:term":[{"taxonomy":"product_cat","embeddable":true,"href":"https:\/\/www.erresse-shop.it\/fr\/wp-json\/wp\/v2\/product_cat?post=406434"},{"taxonomy":"product_tag","embeddable":true,"href":"https:\/\/www.erresse-shop.it\/fr\/wp-json\/wp\/v2\/product_tag?post=406434"}],"curies":[{"name":"wp","href":"https:\/\/api.w.org\/{rel}","templated":true}]}}