{"id":406409,"date":"2024-05-14T13:06:38","date_gmt":"2024-05-14T13:06:43","guid":{"rendered":"https:\/\/www.erresse-shop.it\/?post_type=product&#038;p=406409"},"modified":"2025-03-18T19:27:14","modified_gmt":"2025-03-18T19:27:14","slug":"instant-pot-pro-57-l","status":"publish","type":"product","link":"https:\/\/www.erresse-shop.it\/fr\/shop\/petits-electromenagers\/robots-de-cuisine\/instant-pot-pro-57-l\/","title":{"rendered":"INSTANT POT Pro 5,7 L Noir"},"content":{"rendered":"<p><strong>Passez moins de temps dans la cuisine<\/strong><br \/>\nPr\u00e9chauffage 20 % plus rapide et temps de cuisson jusqu&#8217;\u00e0 70 % plus rapide dans l&#8217;ensemble.<\/p>\n<p><strong>28 programmes de cuisson personnalisables<\/strong><br \/>\nIl est facile de commencer par des recettes famili\u00e8res, comme le poulet, les p\u00e2tes, la soupe, etc.<\/p>\n<p><strong>Panneau de commande intuitif pour un contr\u00f4le facile<\/strong><br \/>\nProgrammez 5 plats pr\u00e9f\u00e9r\u00e9s pour le d\u00eener en appuyant sur un bouton.<\/p>\n<p>L&#8217;autocuiseur pro fait \u00e0 peu pr\u00e8s tout :<\/p>\n<ul>\n<li>Autocuiseur ;<\/li>\n<li>Mijoteuse ;<\/li>\n<li>Le vide ;<\/li>\n<li>Po\u00eale \u00e0 frire ;<\/li>\n<li>St\u00e9rilisateur ;<\/li>\n<li>Machine \u00e0 yaourt ;<\/li>\n<li>R\u00e9chauffeur de nourriture ;<\/li>\n<li>Confection de g\u00e2teaux ;<\/li>\n<li>Vapeur<\/li>\n<\/ul>\n<p>La cuisson de vos plats pr\u00e9f\u00e9r\u00e9s n&#8217;a jamais \u00e9t\u00e9 aussi rapide et facile ; les 5 programmes personnalisables peuvent \u00eatre enregistr\u00e9s et s\u00e9lectionn\u00e9s \u00e0 l&#8217;aide des boutons appropri\u00e9s. Le pot int\u00e9rieur avec fond renforc\u00e9 et poign\u00e9es en silicone peut \u00eatre transf\u00e9r\u00e9 sur les cuisini\u00e8res, y compris les cuisini\u00e8res \u00e0 induction. Le couvercle \u00e9tanche perfectionn\u00e9, quant \u00e0 lui, permet \u00e0 la chaleur de se r\u00e9pandre uniform\u00e9ment, att\u00e9nue le bruit et l&#8217;intensit\u00e9 du d\u00e9gagement de la vapeur et emp\u00eache les \u00e9claboussures de liquide sur les plans de travail. En bref, le Pro Pot ne manque vraiment de rien ! Et vous ? \u00cates-vous pr\u00eat \u00e0 devenir le chef le plus rapide qui soit ?<\/p>\n<p>Capacit\u00e9 : 5,7 litres<br \/>\n<strong>Mat\u00e9riau :<\/strong> acier<\/p>\n<p><span style=\"text-decoration: underline;\"><strong>Ne peut \u00eatre vendu en dehors de l&#8217;Europe<\/strong><\/span><\/p>\n","protected":false},"excerpt":{"rendered":"<p>Passez moins de temps dans la cuisine Pr\u00e9chauffage 20 % plus rapide et temps de cuisson jusqu&#8217;\u00e0 70 % plus<\/p>\n","protected":false},"featured_media":460480,"template":"","meta":{"_acf_changed":false,"inline_featured_image":false},"product_cat":[12449,12768],"product_tag":[23660,24415,24454,17939,13426,12468,23260,21821],"acf":[],"yoast_head":"<!-- This site is optimized with the Yoast SEO Premium plugin v18.6 (Yoast SEO v19.13) - https:\/\/yoast.com\/wordpress\/plugins\/seo\/ -->\n<title>INSTANT POT Pro 5,7 L Noir - Erresse Shop<\/title>\n<meta name=\"description\" content=\"Passez moins de temps dans la cuisine Pr\u00e9chauffage 20 % plus rapide et temps de cuisson jusqu&#039;\u00e0 70 % plus rapide dans l&#039;ensemble. 28 programmes de cuisson\" \/>\n<meta name=\"robots\" content=\"index, follow, max-snippet:-1, max-image-preview:large, max-video-preview:-1\" \/>\n<link rel=\"canonical\" href=\"https:\/\/www.erresse-shop.it\/fr\/shop\/petits-electromenagers\/robots-de-cuisine\/instant-pot-pro-57-l\/\" \/>\n<meta property=\"og:locale\" content=\"fr_FR\" \/>\n<meta property=\"og:type\" content=\"article\" \/>\n<meta property=\"og:title\" content=\"INSTANT POT Pro 5,7 L Noir\" \/>\n<meta property=\"og:description\" content=\"Passez moins de temps dans la cuisine Pr\u00e9chauffage 20 % plus rapide et temps de cuisson jusqu&#039;\u00e0 70 % plus rapide dans l&#039;ensemble. 28 programmes de cuisson\" \/>\n<meta property=\"og:url\" content=\"https:\/\/www.erresse-shop.it\/fr\/shop\/petits-electromenagers\/robots-de-cuisine\/instant-pot-pro-57-l\/\" \/>\n<meta property=\"og:site_name\" content=\"Erresse Shop\" \/>\n<meta property=\"article:modified_time\" content=\"2025-03-18T19:27:14+00:00\" \/>\n<meta property=\"og:image\" content=\"https:\/\/www.erresse-shop.it\/wp-content\/uploads\/2024\/05\/INSTANT-POT-Pro-57L.png\" \/>\n\t<meta property=\"og:image:width\" content=\"800\" \/>\n\t<meta property=\"og:image:height\" content=\"800\" \/>\n\t<meta property=\"og:image:type\" content=\"image\/png\" \/>\n<meta name=\"twitter:card\" content=\"summary_large_image\" \/>\n<script type=\"application\/ld+json\" class=\"yoast-schema-graph\">{\"@context\":\"https:\/\/schema.org\",\"@graph\":[{\"@type\":\"WebPage\",\"@id\":\"https:\/\/www.erresse-shop.it\/fr\/shop\/petits-electromenagers\/robots-de-cuisine\/instant-pot-pro-57-l\/\",\"url\":\"https:\/\/www.erresse-shop.it\/fr\/shop\/petits-electromenagers\/robots-de-cuisine\/instant-pot-pro-57-l\/\",\"name\":\"INSTANT POT Pro 5,7 L Noir - Erresse Shop\",\"isPartOf\":{\"@id\":\"https:\/\/www.erresse-shop.it\/fr\/#website\"},\"datePublished\":\"2024-05-14T13:06:43+00:00\",\"dateModified\":\"2025-03-18T19:27:14+00:00\",\"description\":\"Passez moins de temps dans la cuisine Pr\u00e9chauffage 20 % plus rapide et temps de cuisson jusqu'\u00e0 70 % plus rapide dans l'ensemble. 28 programmes de cuisson\",\"breadcrumb\":{\"@id\":\"https:\/\/www.erresse-shop.it\/fr\/shop\/petits-electromenagers\/robots-de-cuisine\/instant-pot-pro-57-l\/#breadcrumb\"},\"inLanguage\":\"fr-FR\",\"potentialAction\":[{\"@type\":\"ReadAction\",\"target\":[\"https:\/\/www.erresse-shop.it\/fr\/shop\/petits-electromenagers\/robots-de-cuisine\/instant-pot-pro-57-l\/\"]}]},{\"@type\":\"BreadcrumbList\",\"@id\":\"https:\/\/www.erresse-shop.it\/fr\/shop\/petits-electromenagers\/robots-de-cuisine\/instant-pot-pro-57-l\/#breadcrumb\",\"itemListElement\":[{\"@type\":\"ListItem\",\"position\":1,\"name\":\"Home\",\"item\":\"https:\/\/www.erresse-shop.it\/fr\/\"},{\"@type\":\"ListItem\",\"position\":2,\"name\":\"Shop\",\"item\":\"https:\/\/www.erresse-shop.it\/fr\/shop\/\"},{\"@type\":\"ListItem\",\"position\":3,\"name\":\"INSTANT POT Pro 5,7 L Noir\"}]},{\"@type\":\"WebSite\",\"@id\":\"https:\/\/www.erresse-shop.it\/fr\/#website\",\"url\":\"https:\/\/www.erresse-shop.it\/fr\/\",\"name\":\"Erresse Shop\",\"description\":\"Articoli di qualit\u00e0 per la casa\",\"potentialAction\":[{\"@type\":\"SearchAction\",\"target\":{\"@type\":\"EntryPoint\",\"urlTemplate\":\"https:\/\/www.erresse-shop.it\/fr\/?s={search_term_string}\"},\"query-input\":\"required name=search_term_string\"}],\"inLanguage\":\"fr-FR\"}]}<\/script>\n<!-- \/ Yoast SEO Premium plugin. -->","yoast_head_json":{"title":"INSTANT POT Pro 5,7 L Noir - Erresse Shop","description":"Passez moins de temps dans la cuisine Pr\u00e9chauffage 20 % plus rapide et temps de cuisson jusqu'\u00e0 70 % plus rapide dans l'ensemble. 28 programmes de cuisson","robots":{"index":"index","follow":"follow","max-snippet":"max-snippet:-1","max-image-preview":"max-image-preview:large","max-video-preview":"max-video-preview:-1"},"canonical":"https:\/\/www.erresse-shop.it\/fr\/shop\/petits-electromenagers\/robots-de-cuisine\/instant-pot-pro-57-l\/","og_locale":"fr_FR","og_type":"article","og_title":"INSTANT POT Pro 5,7 L Noir","og_description":"Passez moins de temps dans la cuisine Pr\u00e9chauffage 20 % plus rapide et temps de cuisson jusqu'\u00e0 70 % plus rapide dans l'ensemble. 28 programmes de cuisson","og_url":"https:\/\/www.erresse-shop.it\/fr\/shop\/petits-electromenagers\/robots-de-cuisine\/instant-pot-pro-57-l\/","og_site_name":"Erresse Shop","article_modified_time":"2025-03-18T19:27:14+00:00","og_image":[{"width":800,"height":800,"url":"https:\/\/www.erresse-shop.it\/wp-content\/uploads\/2024\/05\/INSTANT-POT-Pro-57L.png","type":"image\/png"}],"twitter_card":"summary_large_image","schema":{"@context":"https:\/\/schema.org","@graph":[{"@type":"WebPage","@id":"https:\/\/www.erresse-shop.it\/fr\/shop\/petits-electromenagers\/robots-de-cuisine\/instant-pot-pro-57-l\/","url":"https:\/\/www.erresse-shop.it\/fr\/shop\/petits-electromenagers\/robots-de-cuisine\/instant-pot-pro-57-l\/","name":"INSTANT POT Pro 5,7 L Noir - Erresse Shop","isPartOf":{"@id":"https:\/\/www.erresse-shop.it\/fr\/#website"},"datePublished":"2024-05-14T13:06:43+00:00","dateModified":"2025-03-18T19:27:14+00:00","description":"Passez moins de temps dans la cuisine Pr\u00e9chauffage 20 % plus rapide et temps de cuisson jusqu'\u00e0 70 % plus rapide dans l'ensemble. 28 programmes de cuisson","breadcrumb":{"@id":"https:\/\/www.erresse-shop.it\/fr\/shop\/petits-electromenagers\/robots-de-cuisine\/instant-pot-pro-57-l\/#breadcrumb"},"inLanguage":"fr-FR","potentialAction":[{"@type":"ReadAction","target":["https:\/\/www.erresse-shop.it\/fr\/shop\/petits-electromenagers\/robots-de-cuisine\/instant-pot-pro-57-l\/"]}]},{"@type":"BreadcrumbList","@id":"https:\/\/www.erresse-shop.it\/fr\/shop\/petits-electromenagers\/robots-de-cuisine\/instant-pot-pro-57-l\/#breadcrumb","itemListElement":[{"@type":"ListItem","position":1,"name":"Home","item":"https:\/\/www.erresse-shop.it\/fr\/"},{"@type":"ListItem","position":2,"name":"Shop","item":"https:\/\/www.erresse-shop.it\/fr\/shop\/"},{"@type":"ListItem","position":3,"name":"INSTANT POT Pro 5,7 L Noir"}]},{"@type":"WebSite","@id":"https:\/\/www.erresse-shop.it\/fr\/#website","url":"https:\/\/www.erresse-shop.it\/fr\/","name":"Erresse Shop","description":"Articoli di qualit\u00e0 per la casa","potentialAction":[{"@type":"SearchAction","target":{"@type":"EntryPoint","urlTemplate":"https:\/\/www.erresse-shop.it\/fr\/?s={search_term_string}"},"query-input":"required name=search_term_string"}],"inLanguage":"fr-FR"}]}},"df_price":189,"df_sale_price":189,"df_regular_price":199.99,"df_image_link":"https:\/\/www.erresse-shop.it\/wp-content\/uploads\/2024\/05\/INSTANT-POT-Pro-57-L-Nero-300x300.jpg","_links":{"self":[{"href":"https:\/\/www.erresse-shop.it\/fr\/wp-json\/wp\/v2\/product\/406409"}],"collection":[{"href":"https:\/\/www.erresse-shop.it\/fr\/wp-json\/wp\/v2\/product"}],"about":[{"href":"https:\/\/www.erresse-shop.it\/fr\/wp-json\/wp\/v2\/types\/product"}],"wp:featuredmedia":[{"embeddable":true,"href":"https:\/\/www.erresse-shop.it\/fr\/wp-json\/wp\/v2\/media\/460480"}],"wp:attachment":[{"href":"https:\/\/www.erresse-shop.it\/fr\/wp-json\/wp\/v2\/media?parent=406409"}],"wp:term":[{"taxonomy":"product_cat","embeddable":true,"href":"https:\/\/www.erresse-shop.it\/fr\/wp-json\/wp\/v2\/product_cat?post=406409"},{"taxonomy":"product_tag","embeddable":true,"href":"https:\/\/www.erresse-shop.it\/fr\/wp-json\/wp\/v2\/product_tag?post=406409"}],"curies":[{"name":"wp","href":"https:\/\/api.w.org\/{rel}","templated":true}]}}