{"id":406370,"date":"2024-05-14T12:18:39","date_gmt":"2024-05-14T12:18:44","guid":{"rendered":"https:\/\/www.erresse-shop.it\/?post_type=product&#038;p=406370"},"modified":"2024-10-29T08:05:24","modified_gmt":"2024-10-29T08:05:24","slug":"weber-barbecue-lumin-compact-nero","status":"publish","type":"product","link":"https:\/\/www.erresse-shop.it\/fr\/shop\/petits-electromenagers\/grilles-et-barbecues\/weber-barbecue-lumin-compact-nero\/","title":{"rendered":"WEBER Barbecue Lumin Compact Nero"},"content":{"rendered":"<p>Avec sa chaleur \u00e9lev\u00e9e et sa grande polyvalence, le barbecue \u00e9lectrique Lumin* de Weber donne une nouvelle dimension \u00e0 la cuisine de plein air en ville. Ce barbecue \u00e9lectrique polyvalent atteint des temp\u00e9ratures sup\u00e9rieures \u00e0 315 \u00b0C et permet aux amateurs de barbecue d&#8217;obtenir un brunissement de haute qualit\u00e9, tandis que l&#8217;ajout du fumage rehausse encore la saveur dont les invit\u00e9s raffolent. Le barbecue \u00e9lectrique Lumin Compact permet de maintenir les aliments au chaud afin que chacun puisse se servir (et revenir). Moderne et pratique, le nouveau barbecue \u00e9lectrique Lumin Compact de Weber est con\u00e7u pour s&#8217;adapter \u00e0 vos go\u00fbts et \u00e0 votre espace ext\u00e9rieur. *LUMIN est une marque d\u00e9pos\u00e9e de Weber-Stephen Products LLC et fait l&#8217;objet d&#8217;un examen aux \u00c9tats-Unis et dans d&#8217;autres pays.<\/p>\n<p>&#8211; Atteint des temp\u00e9ratures tr\u00e8s \u00e9lev\u00e9es de plus de 315 \u00b0C<br \/>\n&#8211; Fait dorer, fumer, cuire \u00e0 la vapeur ou bouillir avec diff\u00e9rents r\u00e9glages de cuisson<br \/>\n&#8211; Maintient les repas au chaud pour que les convives puissent se servir eux-m\u00eames<br \/>\n&#8211; Grille les aliments congel\u00e9s en les d\u00e9congelant pendant que le barbecue pr\u00e9chauffe.<br \/>\n&#8211; Facile \u00e0 ranger gr\u00e2ce \u00e0 son design compact et peu encombrant<\/p>\n<p><strong>CARACT\u00c9RISTIQUES TECHNIQUES<\/strong><\/p>\n<ul>\n<li>Dimensions &#8211; couvercle ouvert : 57,2 cm de haut x 58,6 cm de large x 46,2 cm de profondeur<\/li>\n<li>Dimensions &#8211; couvercle ferm\u00e9 : 33cm H x 61cm L x 54cm P<\/li>\n<li>Surface de cuisson totale : 34,14 x 34,14 cm<\/li>\n<li>Type de combustible : \u00e9lectrique<\/li>\n<li>Poids : 12 kg<\/li>\n<\/ul>\n","protected":false},"excerpt":{"rendered":"<p>Avec sa chaleur \u00e9lev\u00e9e et sa grande polyvalence, le barbecue \u00e9lectrique Lumin* de Weber donne une nouvelle dimension \u00e0 la<\/p>\n","protected":false},"featured_media":491758,"template":"","meta":{"_acf_changed":false,"inline_featured_image":false},"product_cat":[13383,12449],"product_tag":[25181,13384,22531,25021,12858,13269,24603,22514],"acf":[],"yoast_head":"<!-- This site is optimized with the Yoast SEO Premium plugin v18.6 (Yoast SEO v19.13) - https:\/\/yoast.com\/wordpress\/plugins\/seo\/ -->\n<title>WEBER Barbecue Lumin Compact Nero - Erresse Shop<\/title>\n<meta name=\"description\" content=\"Avec sa chaleur \u00e9lev\u00e9e et sa grande polyvalence, le barbecue \u00e9lectrique Lumin* de Weber donne une nouvelle dimension \u00e0 la cuisine de plein air en ville.\" \/>\n<meta name=\"robots\" content=\"index, follow, max-snippet:-1, max-image-preview:large, max-video-preview:-1\" \/>\n<link rel=\"canonical\" href=\"https:\/\/www.erresse-shop.it\/fr\/shop\/petits-electromenagers\/grilles-et-barbecues\/weber-barbecue-lumin-compact-nero\/\" \/>\n<meta property=\"og:locale\" content=\"fr_FR\" \/>\n<meta property=\"og:type\" content=\"article\" \/>\n<meta property=\"og:title\" content=\"WEBER Barbecue Lumin Compact Nero\" \/>\n<meta property=\"og:description\" content=\"Avec sa chaleur \u00e9lev\u00e9e et sa grande polyvalence, le barbecue \u00e9lectrique Lumin* de Weber donne une nouvelle dimension \u00e0 la cuisine de plein air en ville.\" \/>\n<meta property=\"og:url\" content=\"https:\/\/www.erresse-shop.it\/fr\/shop\/petits-electromenagers\/grilles-et-barbecues\/weber-barbecue-lumin-compact-nero\/\" \/>\n<meta property=\"og:site_name\" content=\"Erresse Shop\" \/>\n<meta property=\"article:modified_time\" content=\"2024-10-29T08:05:24+00:00\" \/>\n<meta property=\"og:image\" content=\"https:\/\/www.erresse-shop.it\/wp-content\/uploads\/2024\/05\/WEBER-Barbecue-Lumin-Compact-Nero.png\" \/>\n\t<meta property=\"og:image:width\" content=\"800\" \/>\n\t<meta property=\"og:image:height\" content=\"800\" \/>\n\t<meta property=\"og:image:type\" content=\"image\/png\" \/>\n<meta name=\"twitter:card\" content=\"summary_large_image\" \/>\n<script type=\"application\/ld+json\" class=\"yoast-schema-graph\">{\"@context\":\"https:\/\/schema.org\",\"@graph\":[{\"@type\":\"WebPage\",\"@id\":\"https:\/\/www.erresse-shop.it\/fr\/shop\/petits-electromenagers\/grilles-et-barbecues\/weber-barbecue-lumin-compact-nero\/\",\"url\":\"https:\/\/www.erresse-shop.it\/fr\/shop\/petits-electromenagers\/grilles-et-barbecues\/weber-barbecue-lumin-compact-nero\/\",\"name\":\"WEBER Barbecue Lumin Compact Nero - Erresse Shop\",\"isPartOf\":{\"@id\":\"https:\/\/www.erresse-shop.it\/fr\/#website\"},\"datePublished\":\"2024-05-14T12:18:44+00:00\",\"dateModified\":\"2024-10-29T08:05:24+00:00\",\"description\":\"Avec sa chaleur \u00e9lev\u00e9e et sa grande polyvalence, le barbecue \u00e9lectrique Lumin* de Weber donne une nouvelle dimension \u00e0 la cuisine de plein air en ville.\",\"breadcrumb\":{\"@id\":\"https:\/\/www.erresse-shop.it\/fr\/shop\/petits-electromenagers\/grilles-et-barbecues\/weber-barbecue-lumin-compact-nero\/#breadcrumb\"},\"inLanguage\":\"fr-FR\",\"potentialAction\":[{\"@type\":\"ReadAction\",\"target\":[\"https:\/\/www.erresse-shop.it\/fr\/shop\/petits-electromenagers\/grilles-et-barbecues\/weber-barbecue-lumin-compact-nero\/\"]}]},{\"@type\":\"BreadcrumbList\",\"@id\":\"https:\/\/www.erresse-shop.it\/fr\/shop\/petits-electromenagers\/grilles-et-barbecues\/weber-barbecue-lumin-compact-nero\/#breadcrumb\",\"itemListElement\":[{\"@type\":\"ListItem\",\"position\":1,\"name\":\"Home\",\"item\":\"https:\/\/www.erresse-shop.it\/fr\/\"},{\"@type\":\"ListItem\",\"position\":2,\"name\":\"Shop\",\"item\":\"https:\/\/www.erresse-shop.it\/fr\/shop\/\"},{\"@type\":\"ListItem\",\"position\":3,\"name\":\"WEBER Barbecue Lumin Compact Nero\"}]},{\"@type\":\"WebSite\",\"@id\":\"https:\/\/www.erresse-shop.it\/fr\/#website\",\"url\":\"https:\/\/www.erresse-shop.it\/fr\/\",\"name\":\"Erresse Shop\",\"description\":\"Articoli di qualit\u00e0 per la casa\",\"potentialAction\":[{\"@type\":\"SearchAction\",\"target\":{\"@type\":\"EntryPoint\",\"urlTemplate\":\"https:\/\/www.erresse-shop.it\/fr\/?s={search_term_string}\"},\"query-input\":\"required name=search_term_string\"}],\"inLanguage\":\"fr-FR\"}]}<\/script>\n<!-- \/ Yoast SEO Premium plugin. -->","yoast_head_json":{"title":"WEBER Barbecue Lumin Compact Nero - Erresse Shop","description":"Avec sa chaleur \u00e9lev\u00e9e et sa grande polyvalence, le barbecue \u00e9lectrique Lumin* de Weber donne une nouvelle dimension \u00e0 la cuisine de plein air en ville.","robots":{"index":"index","follow":"follow","max-snippet":"max-snippet:-1","max-image-preview":"max-image-preview:large","max-video-preview":"max-video-preview:-1"},"canonical":"https:\/\/www.erresse-shop.it\/fr\/shop\/petits-electromenagers\/grilles-et-barbecues\/weber-barbecue-lumin-compact-nero\/","og_locale":"fr_FR","og_type":"article","og_title":"WEBER Barbecue Lumin Compact Nero","og_description":"Avec sa chaleur \u00e9lev\u00e9e et sa grande polyvalence, le barbecue \u00e9lectrique Lumin* de Weber donne une nouvelle dimension \u00e0 la cuisine de plein air en ville.","og_url":"https:\/\/www.erresse-shop.it\/fr\/shop\/petits-electromenagers\/grilles-et-barbecues\/weber-barbecue-lumin-compact-nero\/","og_site_name":"Erresse Shop","article_modified_time":"2024-10-29T08:05:24+00:00","og_image":[{"width":800,"height":800,"url":"https:\/\/www.erresse-shop.it\/wp-content\/uploads\/2024\/05\/WEBER-Barbecue-Lumin-Compact-Nero.png","type":"image\/png"}],"twitter_card":"summary_large_image","schema":{"@context":"https:\/\/schema.org","@graph":[{"@type":"WebPage","@id":"https:\/\/www.erresse-shop.it\/fr\/shop\/petits-electromenagers\/grilles-et-barbecues\/weber-barbecue-lumin-compact-nero\/","url":"https:\/\/www.erresse-shop.it\/fr\/shop\/petits-electromenagers\/grilles-et-barbecues\/weber-barbecue-lumin-compact-nero\/","name":"WEBER Barbecue Lumin Compact Nero - Erresse Shop","isPartOf":{"@id":"https:\/\/www.erresse-shop.it\/fr\/#website"},"datePublished":"2024-05-14T12:18:44+00:00","dateModified":"2024-10-29T08:05:24+00:00","description":"Avec sa chaleur \u00e9lev\u00e9e et sa grande polyvalence, le barbecue \u00e9lectrique Lumin* de Weber donne une nouvelle dimension \u00e0 la cuisine de plein air en ville.","breadcrumb":{"@id":"https:\/\/www.erresse-shop.it\/fr\/shop\/petits-electromenagers\/grilles-et-barbecues\/weber-barbecue-lumin-compact-nero\/#breadcrumb"},"inLanguage":"fr-FR","potentialAction":[{"@type":"ReadAction","target":["https:\/\/www.erresse-shop.it\/fr\/shop\/petits-electromenagers\/grilles-et-barbecues\/weber-barbecue-lumin-compact-nero\/"]}]},{"@type":"BreadcrumbList","@id":"https:\/\/www.erresse-shop.it\/fr\/shop\/petits-electromenagers\/grilles-et-barbecues\/weber-barbecue-lumin-compact-nero\/#breadcrumb","itemListElement":[{"@type":"ListItem","position":1,"name":"Home","item":"https:\/\/www.erresse-shop.it\/fr\/"},{"@type":"ListItem","position":2,"name":"Shop","item":"https:\/\/www.erresse-shop.it\/fr\/shop\/"},{"@type":"ListItem","position":3,"name":"WEBER Barbecue Lumin Compact Nero"}]},{"@type":"WebSite","@id":"https:\/\/www.erresse-shop.it\/fr\/#website","url":"https:\/\/www.erresse-shop.it\/fr\/","name":"Erresse Shop","description":"Articoli di qualit\u00e0 per la casa","potentialAction":[{"@type":"SearchAction","target":{"@type":"EntryPoint","urlTemplate":"https:\/\/www.erresse-shop.it\/fr\/?s={search_term_string}"},"query-input":"required name=search_term_string"}],"inLanguage":"fr-FR"}]}},"df_price":379.95,"df_sale_price":379.95,"df_regular_price":429,"df_image_link":"https:\/\/www.erresse-shop.it\/wp-content\/uploads\/2024\/05\/WEBER-Barbecue-Lumin-Compact-Nero-300x300.jpg","_links":{"self":[{"href":"https:\/\/www.erresse-shop.it\/fr\/wp-json\/wp\/v2\/product\/406370"}],"collection":[{"href":"https:\/\/www.erresse-shop.it\/fr\/wp-json\/wp\/v2\/product"}],"about":[{"href":"https:\/\/www.erresse-shop.it\/fr\/wp-json\/wp\/v2\/types\/product"}],"wp:featuredmedia":[{"embeddable":true,"href":"https:\/\/www.erresse-shop.it\/fr\/wp-json\/wp\/v2\/media\/491758"}],"wp:attachment":[{"href":"https:\/\/www.erresse-shop.it\/fr\/wp-json\/wp\/v2\/media?parent=406370"}],"wp:term":[{"taxonomy":"product_cat","embeddable":true,"href":"https:\/\/www.erresse-shop.it\/fr\/wp-json\/wp\/v2\/product_cat?post=406370"},{"taxonomy":"product_tag","embeddable":true,"href":"https:\/\/www.erresse-shop.it\/fr\/wp-json\/wp\/v2\/product_tag?post=406370"}],"curies":[{"name":"wp","href":"https:\/\/api.w.org\/{rel}","templated":true}]}}