{"id":406357,"date":"2024-05-14T10:57:24","date_gmt":"2024-05-14T10:57:29","guid":{"rendered":"https:\/\/www.erresse-shop.it\/?post_type=product&#038;p=406357"},"modified":"2025-11-28T15:37:21","modified_gmt":"2025-11-28T15:37:21","slug":"victorinox-couteau-a-pain-swiss-classic-21-cm","status":"publish","type":"product","link":"https:\/\/www.erresse-shop.it\/fr\/shop\/cuisine\/couteaux\/victorinox-couteau-a-pain-swiss-classic-21-cm\/","title":{"rendered":"VICTORINOX Couteau \u00e0 pain Swiss Classic 21 cm"},"content":{"rendered":"<p><strong>Couteau de cuisine Swiss Classic avec manche noir<\/strong><\/p>\n<p>La collection de couteaux Swiss Classic de Victorinox est con\u00e7ue pour faire face \u00e0 tout ce que vous pouvez faire dans la cuisine, de la plus petite \u00e0 la plus exigeante des t\u00e2ches. Il s&#8217;agit de couteaux l\u00e9gers avec des manches color\u00e9s, lavables au lave-vaisselle, 100 % Swiss Made. Dans une collection o\u00f9 la fonctionnalit\u00e9 c\u00f4toie la gaiet\u00e9, les blocs de couteaux utiles et les diff\u00e9rents coffrets cadeaux ne pouvaient pas manquer \u00e0 l&#8217;appel.<br \/>\nRien ne manque dans cette collection. La fonctionnalit\u00e9 rencontre la couleur pour un usage quotidien dans la gaiet\u00e9.<\/p>\n<p>&#8211; Manche noir en mati\u00e8re synth\u00e9tique (TPE)<br \/>\n&#8211; Longueur de la lame : 21 cm<br \/>\n&#8211; Fabriqu\u00e9 en Suisse<\/p>\n<p>Longueur de la lame : 21 cm<br \/>\nGarantie \u00e0 vie contre les d\u00e9fauts de fabrication<br \/>\nDimensions 34,1 x 1,8 x 3,3 cm<br \/>\nPoids 90 g<\/p>\n","protected":false},"excerpt":{"rendered":"<p>Couteau de cuisine Swiss Classic avec manche noir La collection de couteaux Swiss Classic de Victorinox est con\u00e7ue pour faire<\/p>\n","protected":false},"featured_media":467062,"template":"","meta":{"_acf_changed":false,"inline_featured_image":false},"product_cat":[12742,14452,12748],"product_tag":[25036,25021,24603],"acf":[],"yoast_head":"<!-- This site is optimized with the Yoast SEO Premium plugin v18.6 (Yoast SEO v19.13) - https:\/\/yoast.com\/wordpress\/plugins\/seo\/ -->\n<title>VICTORINOX Couteau \u00e0 pain Swiss Classic 21 cm - Erresse Shop<\/title>\n<meta name=\"description\" content=\"Couteau de cuisine Swiss Classic avec manche noir La collection de couteaux Swiss Classic de Victorinox est con\u00e7ue pour faire face \u00e0 tout ce que vous\" \/>\n<meta name=\"robots\" content=\"index, follow, max-snippet:-1, max-image-preview:large, max-video-preview:-1\" \/>\n<link rel=\"canonical\" href=\"https:\/\/www.erresse-shop.it\/fr\/shop\/cuisine\/couteaux\/victorinox-couteau-a-pain-swiss-classic-21-cm\/\" \/>\n<meta property=\"og:locale\" content=\"fr_FR\" \/>\n<meta property=\"og:type\" content=\"article\" \/>\n<meta property=\"og:title\" content=\"VICTORINOX Couteau \u00e0 pain Swiss Classic 21 cm\" \/>\n<meta property=\"og:description\" content=\"Couteau de cuisine Swiss Classic avec manche noir La collection de couteaux Swiss Classic de Victorinox est con\u00e7ue pour faire face \u00e0 tout ce que vous\" \/>\n<meta property=\"og:url\" content=\"https:\/\/www.erresse-shop.it\/fr\/shop\/cuisine\/couteaux\/victorinox-couteau-a-pain-swiss-classic-21-cm\/\" \/>\n<meta property=\"og:site_name\" content=\"Erresse Shop\" \/>\n<meta property=\"article:modified_time\" content=\"2025-11-28T15:37:21+00:00\" \/>\n<meta property=\"og:image\" content=\"https:\/\/www.erresse-shop.it\/wp-content\/uploads\/2024\/05\/VICTORINOX-Coltello-Da-Pane-Swiss-Classic-21-cm.png\" \/>\n\t<meta property=\"og:image:width\" content=\"800\" \/>\n\t<meta property=\"og:image:height\" content=\"800\" \/>\n\t<meta property=\"og:image:type\" content=\"image\/png\" \/>\n<meta name=\"twitter:card\" content=\"summary_large_image\" \/>\n<script type=\"application\/ld+json\" class=\"yoast-schema-graph\">{\"@context\":\"https:\/\/schema.org\",\"@graph\":[{\"@type\":\"WebPage\",\"@id\":\"https:\/\/www.erresse-shop.it\/fr\/shop\/cuisine\/couteaux\/victorinox-couteau-a-pain-swiss-classic-21-cm\/\",\"url\":\"https:\/\/www.erresse-shop.it\/fr\/shop\/cuisine\/couteaux\/victorinox-couteau-a-pain-swiss-classic-21-cm\/\",\"name\":\"VICTORINOX Couteau \u00e0 pain Swiss Classic 21 cm - Erresse Shop\",\"isPartOf\":{\"@id\":\"https:\/\/www.erresse-shop.it\/fr\/#website\"},\"datePublished\":\"2024-05-14T10:57:29+00:00\",\"dateModified\":\"2025-11-28T15:37:21+00:00\",\"description\":\"Couteau de cuisine Swiss Classic avec manche noir La collection de couteaux Swiss Classic de Victorinox est con\u00e7ue pour faire face \u00e0 tout ce que vous\",\"breadcrumb\":{\"@id\":\"https:\/\/www.erresse-shop.it\/fr\/shop\/cuisine\/couteaux\/victorinox-couteau-a-pain-swiss-classic-21-cm\/#breadcrumb\"},\"inLanguage\":\"fr-FR\",\"potentialAction\":[{\"@type\":\"ReadAction\",\"target\":[\"https:\/\/www.erresse-shop.it\/fr\/shop\/cuisine\/couteaux\/victorinox-couteau-a-pain-swiss-classic-21-cm\/\"]}]},{\"@type\":\"BreadcrumbList\",\"@id\":\"https:\/\/www.erresse-shop.it\/fr\/shop\/cuisine\/couteaux\/victorinox-couteau-a-pain-swiss-classic-21-cm\/#breadcrumb\",\"itemListElement\":[{\"@type\":\"ListItem\",\"position\":1,\"name\":\"Home\",\"item\":\"https:\/\/www.erresse-shop.it\/fr\/\"},{\"@type\":\"ListItem\",\"position\":2,\"name\":\"Shop\",\"item\":\"https:\/\/www.erresse-shop.it\/fr\/shop\/\"},{\"@type\":\"ListItem\",\"position\":3,\"name\":\"VICTORINOX Couteau \u00e0 pain Swiss Classic 21 cm\"}]},{\"@type\":\"WebSite\",\"@id\":\"https:\/\/www.erresse-shop.it\/fr\/#website\",\"url\":\"https:\/\/www.erresse-shop.it\/fr\/\",\"name\":\"Erresse Shop\",\"description\":\"Articoli di qualit\u00e0 per la casa\",\"potentialAction\":[{\"@type\":\"SearchAction\",\"target\":{\"@type\":\"EntryPoint\",\"urlTemplate\":\"https:\/\/www.erresse-shop.it\/fr\/?s={search_term_string}\"},\"query-input\":\"required name=search_term_string\"}],\"inLanguage\":\"fr-FR\"}]}<\/script>\n<!-- \/ Yoast SEO Premium plugin. -->","yoast_head_json":{"title":"VICTORINOX Couteau \u00e0 pain Swiss Classic 21 cm - Erresse Shop","description":"Couteau de cuisine Swiss Classic avec manche noir La collection de couteaux Swiss Classic de Victorinox est con\u00e7ue pour faire face \u00e0 tout ce que vous","robots":{"index":"index","follow":"follow","max-snippet":"max-snippet:-1","max-image-preview":"max-image-preview:large","max-video-preview":"max-video-preview:-1"},"canonical":"https:\/\/www.erresse-shop.it\/fr\/shop\/cuisine\/couteaux\/victorinox-couteau-a-pain-swiss-classic-21-cm\/","og_locale":"fr_FR","og_type":"article","og_title":"VICTORINOX Couteau \u00e0 pain Swiss Classic 21 cm","og_description":"Couteau de cuisine Swiss Classic avec manche noir La collection de couteaux Swiss Classic de Victorinox est con\u00e7ue pour faire face \u00e0 tout ce que vous","og_url":"https:\/\/www.erresse-shop.it\/fr\/shop\/cuisine\/couteaux\/victorinox-couteau-a-pain-swiss-classic-21-cm\/","og_site_name":"Erresse Shop","article_modified_time":"2025-11-28T15:37:21+00:00","og_image":[{"width":800,"height":800,"url":"https:\/\/www.erresse-shop.it\/wp-content\/uploads\/2024\/05\/VICTORINOX-Coltello-Da-Pane-Swiss-Classic-21-cm.png","type":"image\/png"}],"twitter_card":"summary_large_image","schema":{"@context":"https:\/\/schema.org","@graph":[{"@type":"WebPage","@id":"https:\/\/www.erresse-shop.it\/fr\/shop\/cuisine\/couteaux\/victorinox-couteau-a-pain-swiss-classic-21-cm\/","url":"https:\/\/www.erresse-shop.it\/fr\/shop\/cuisine\/couteaux\/victorinox-couteau-a-pain-swiss-classic-21-cm\/","name":"VICTORINOX Couteau \u00e0 pain Swiss Classic 21 cm - Erresse Shop","isPartOf":{"@id":"https:\/\/www.erresse-shop.it\/fr\/#website"},"datePublished":"2024-05-14T10:57:29+00:00","dateModified":"2025-11-28T15:37:21+00:00","description":"Couteau de cuisine Swiss Classic avec manche noir La collection de couteaux Swiss Classic de Victorinox est con\u00e7ue pour faire face \u00e0 tout ce que vous","breadcrumb":{"@id":"https:\/\/www.erresse-shop.it\/fr\/shop\/cuisine\/couteaux\/victorinox-couteau-a-pain-swiss-classic-21-cm\/#breadcrumb"},"inLanguage":"fr-FR","potentialAction":[{"@type":"ReadAction","target":["https:\/\/www.erresse-shop.it\/fr\/shop\/cuisine\/couteaux\/victorinox-couteau-a-pain-swiss-classic-21-cm\/"]}]},{"@type":"BreadcrumbList","@id":"https:\/\/www.erresse-shop.it\/fr\/shop\/cuisine\/couteaux\/victorinox-couteau-a-pain-swiss-classic-21-cm\/#breadcrumb","itemListElement":[{"@type":"ListItem","position":1,"name":"Home","item":"https:\/\/www.erresse-shop.it\/fr\/"},{"@type":"ListItem","position":2,"name":"Shop","item":"https:\/\/www.erresse-shop.it\/fr\/shop\/"},{"@type":"ListItem","position":3,"name":"VICTORINOX Couteau \u00e0 pain Swiss Classic 21 cm"}]},{"@type":"WebSite","@id":"https:\/\/www.erresse-shop.it\/fr\/#website","url":"https:\/\/www.erresse-shop.it\/fr\/","name":"Erresse Shop","description":"Articoli di qualit\u00e0 per la casa","potentialAction":[{"@type":"SearchAction","target":{"@type":"EntryPoint","urlTemplate":"https:\/\/www.erresse-shop.it\/fr\/?s={search_term_string}"},"query-input":"required name=search_term_string"}],"inLanguage":"fr-FR"}]}},"df_price":17.95,"df_sale_price":17.95,"df_regular_price":35.9,"df_image_link":"https:\/\/www.erresse-shop.it\/wp-content\/uploads\/2024\/05\/VICTORINOX-Coltello-Da-Pane-Swiss-Classic-21-cm-300x300.jpg","_links":{"self":[{"href":"https:\/\/www.erresse-shop.it\/fr\/wp-json\/wp\/v2\/product\/406357"}],"collection":[{"href":"https:\/\/www.erresse-shop.it\/fr\/wp-json\/wp\/v2\/product"}],"about":[{"href":"https:\/\/www.erresse-shop.it\/fr\/wp-json\/wp\/v2\/types\/product"}],"wp:featuredmedia":[{"embeddable":true,"href":"https:\/\/www.erresse-shop.it\/fr\/wp-json\/wp\/v2\/media\/467062"}],"wp:attachment":[{"href":"https:\/\/www.erresse-shop.it\/fr\/wp-json\/wp\/v2\/media?parent=406357"}],"wp:term":[{"taxonomy":"product_cat","embeddable":true,"href":"https:\/\/www.erresse-shop.it\/fr\/wp-json\/wp\/v2\/product_cat?post=406357"},{"taxonomy":"product_tag","embeddable":true,"href":"https:\/\/www.erresse-shop.it\/fr\/wp-json\/wp\/v2\/product_tag?post=406357"}],"curies":[{"name":"wp","href":"https:\/\/api.w.org\/{rel}","templated":true}]}}