{"id":406296,"date":"2024-05-13T14:34:30","date_gmt":"2024-05-13T14:34:35","guid":{"rendered":"https:\/\/www.erresse-shop.it\/?post_type=product&#038;p=406296"},"modified":"2025-01-14T17:30:22","modified_gmt":"2025-01-14T17:30:22","slug":"bordallo-pinheiro-piece-murale-feuille-derable-rouge-gudrun-copia","status":"publish","type":"product","link":"https:\/\/www.erresse-shop.it\/fr\/shop\/ameublement-maison\/objets-de-decoration\/bordallo-pinheiro-piece-murale-feuille-derable-rouge-gudrun-copia\/","title":{"rendered":"BORDALLO PINHEIRO GUDRUN Pi\u00e8ce murale Feuille d&#8217;\u00e9rable Jaune"},"content":{"rendered":"<p>La collection Gudrun by Claudia Schiffer a \u00e9t\u00e9 inspir\u00e9e par l&#8217;automne, avec ses feuilles qui tombent et ses glands, et occupe une place particuli\u00e8re dans son c\u0153ur. Dans son enfance, Claudia aimait observer la transformation des couleurs et sauter dans les piles de feuilles m\u00e9ticuleusement ramass\u00e9es par sa m\u00e8re dans leur jardin. En les s\u00e9chant ensuite, ces feuilles cr\u00e9aient de magnifiques \u0153uvres d&#8217;art.<\/p>\n<p>&#8220;Les c\u00e9ramiques que j&#8217;ai fabriqu\u00e9es sont con\u00e7ues pour mes tables en bois du milieu du si\u00e8cle et contribuent \u00e0 impr\u00e9gner ma maison des tons chauds de l&#8217;automne. Elles trouvent \u00e9galement leur place dans mes week-ends \u00e0 la campagne, o\u00f9 elles apportent des couleurs douces pr\u00e8s d&#8217;un feu cr\u00e9pitant. Je me r\u00e9jouis de la fa\u00e7on dont ces c\u00e9ramiques apportent une touche subtile \u00e0 l&#8217;espace de vie, en s&#8217;associant magnifiquement aux hortensias verts, un classique de l&#8217;automne&#8221;. d\u00e9clare Claudia Schiffer \u00e0 propos de cette collection magnifique et originale.<\/p>\n<p><strong>Dimensions<\/strong> : 21 cm x 17,5 cm x 4,8 cm<br \/>\n<strong>Mat\u00e9riau<\/strong> : terre cuite<\/p>\n","protected":false},"excerpt":{"rendered":"<p>La collection Gudrun by Claudia Schiffer a \u00e9t\u00e9 inspir\u00e9e par l&#8217;automne, avec ses feuilles qui tombent et ses glands, et<\/p>\n","protected":false},"featured_media":461775,"template":"","meta":{"_acf_changed":false,"inline_featured_image":false},"product_cat":[12738,14441],"product_tag":[25036,23910,25021,22590],"acf":[],"yoast_head":"<!-- This site is optimized with the Yoast SEO Premium plugin v18.6 (Yoast SEO v19.13) - https:\/\/yoast.com\/wordpress\/plugins\/seo\/ -->\n<title>BORDALLO PINHEIRO GUDRUN Pi\u00e8ce murale Feuille d&#039;\u00e9rable Jaune<\/title>\n<meta name=\"description\" content=\"D\u00e9couvrez BORDALLO PINHEIRO GUDRUN Pi\u00e8ce murale Feuille d&#039;\u00e9rable Jaune sur ErresseShop. Qualit\u00e9, prix r\u00e9duits et achat s\u00e9curis\u00e9 \u2013 commandez d\u00e8s maintenant en ligne !\" \/>\n<meta name=\"robots\" content=\"index, follow, max-snippet:-1, max-image-preview:large, max-video-preview:-1\" \/>\n<link rel=\"canonical\" href=\"https:\/\/www.erresse-shop.it\/fr\/shop\/ameublement-maison\/objets-de-decoration\/bordallo-pinheiro-piece-murale-feuille-derable-rouge-gudrun-copia\/\" \/>\n<meta property=\"og:locale\" content=\"fr_FR\" \/>\n<meta property=\"og:type\" content=\"article\" \/>\n<meta property=\"og:title\" content=\"BORDALLO PINHEIRO GUDRUN Pi\u00e8ce murale Feuille d&#039;\u00e9rable Jaune\" \/>\n<meta property=\"og:description\" content=\"D\u00e9couvrez BORDALLO PINHEIRO GUDRUN Pi\u00e8ce murale Feuille d&#039;\u00e9rable Jaune sur ErresseShop. Qualit\u00e9, prix r\u00e9duits et achat s\u00e9curis\u00e9 \u2013 commandez d\u00e8s maintenant en ligne !\" \/>\n<meta property=\"og:url\" content=\"https:\/\/www.erresse-shop.it\/fr\/shop\/ameublement-maison\/objets-de-decoration\/bordallo-pinheiro-piece-murale-feuille-derable-rouge-gudrun-copia\/\" \/>\n<meta property=\"og:site_name\" content=\"Erresse Shop\" \/>\n<meta property=\"article:modified_time\" content=\"2025-01-14T17:30:22+00:00\" \/>\n<meta property=\"og:image\" content=\"https:\/\/www.erresse-shop.it\/wp-content\/uploads\/2024\/05\/BORDALLO-PINHEIRO-Pezzo-Da-Parete-Foglia-Foglia-Dacero-Giallo-GUDRUN.png\" \/>\n\t<meta property=\"og:image:width\" content=\"800\" \/>\n\t<meta property=\"og:image:height\" content=\"800\" \/>\n\t<meta property=\"og:image:type\" content=\"image\/png\" \/>\n<meta name=\"twitter:card\" content=\"summary_large_image\" \/>\n<script type=\"application\/ld+json\" class=\"yoast-schema-graph\">{\"@context\":\"https:\/\/schema.org\",\"@graph\":[{\"@type\":\"WebPage\",\"@id\":\"https:\/\/www.erresse-shop.it\/fr\/shop\/ameublement-maison\/objets-de-decoration\/bordallo-pinheiro-piece-murale-feuille-derable-rouge-gudrun-copia\/\",\"url\":\"https:\/\/www.erresse-shop.it\/fr\/shop\/ameublement-maison\/objets-de-decoration\/bordallo-pinheiro-piece-murale-feuille-derable-rouge-gudrun-copia\/\",\"name\":\"BORDALLO PINHEIRO GUDRUN Pi\u00e8ce murale Feuille d'\u00e9rable Jaune\",\"isPartOf\":{\"@id\":\"https:\/\/www.erresse-shop.it\/fr\/#website\"},\"datePublished\":\"2024-05-13T14:34:35+00:00\",\"dateModified\":\"2025-01-14T17:30:22+00:00\",\"description\":\"D\u00e9couvrez BORDALLO PINHEIRO GUDRUN Pi\u00e8ce murale Feuille d'\u00e9rable Jaune sur ErresseShop. Qualit\u00e9, prix r\u00e9duits et achat s\u00e9curis\u00e9 \u2013 commandez d\u00e8s maintenant en ligne !\",\"breadcrumb\":{\"@id\":\"https:\/\/www.erresse-shop.it\/fr\/shop\/ameublement-maison\/objets-de-decoration\/bordallo-pinheiro-piece-murale-feuille-derable-rouge-gudrun-copia\/#breadcrumb\"},\"inLanguage\":\"fr-FR\",\"potentialAction\":[{\"@type\":\"ReadAction\",\"target\":[\"https:\/\/www.erresse-shop.it\/fr\/shop\/ameublement-maison\/objets-de-decoration\/bordallo-pinheiro-piece-murale-feuille-derable-rouge-gudrun-copia\/\"]}]},{\"@type\":\"BreadcrumbList\",\"@id\":\"https:\/\/www.erresse-shop.it\/fr\/shop\/ameublement-maison\/objets-de-decoration\/bordallo-pinheiro-piece-murale-feuille-derable-rouge-gudrun-copia\/#breadcrumb\",\"itemListElement\":[{\"@type\":\"ListItem\",\"position\":1,\"name\":\"Home\",\"item\":\"https:\/\/www.erresse-shop.it\/fr\/\"},{\"@type\":\"ListItem\",\"position\":2,\"name\":\"Shop\",\"item\":\"https:\/\/www.erresse-shop.it\/fr\/shop\/\"},{\"@type\":\"ListItem\",\"position\":3,\"name\":\"BORDALLO PINHEIRO GUDRUN Pi\u00e8ce murale Feuille d&#8217;\u00e9rable Jaune\"}]},{\"@type\":\"WebSite\",\"@id\":\"https:\/\/www.erresse-shop.it\/fr\/#website\",\"url\":\"https:\/\/www.erresse-shop.it\/fr\/\",\"name\":\"Erresse Shop\",\"description\":\"Articoli di qualit\u00e0 per la casa\",\"potentialAction\":[{\"@type\":\"SearchAction\",\"target\":{\"@type\":\"EntryPoint\",\"urlTemplate\":\"https:\/\/www.erresse-shop.it\/fr\/?s={search_term_string}\"},\"query-input\":\"required name=search_term_string\"}],\"inLanguage\":\"fr-FR\"}]}<\/script>\n<!-- \/ Yoast SEO Premium plugin. -->","yoast_head_json":{"title":"BORDALLO PINHEIRO GUDRUN Pi\u00e8ce murale Feuille d'\u00e9rable Jaune","description":"D\u00e9couvrez BORDALLO PINHEIRO GUDRUN Pi\u00e8ce murale Feuille d'\u00e9rable Jaune sur ErresseShop. Qualit\u00e9, prix r\u00e9duits et achat s\u00e9curis\u00e9 \u2013 commandez d\u00e8s maintenant en ligne !","robots":{"index":"index","follow":"follow","max-snippet":"max-snippet:-1","max-image-preview":"max-image-preview:large","max-video-preview":"max-video-preview:-1"},"canonical":"https:\/\/www.erresse-shop.it\/fr\/shop\/ameublement-maison\/objets-de-decoration\/bordallo-pinheiro-piece-murale-feuille-derable-rouge-gudrun-copia\/","og_locale":"fr_FR","og_type":"article","og_title":"BORDALLO PINHEIRO GUDRUN Pi\u00e8ce murale Feuille d'\u00e9rable Jaune","og_description":"D\u00e9couvrez BORDALLO PINHEIRO GUDRUN Pi\u00e8ce murale Feuille d'\u00e9rable Jaune sur ErresseShop. Qualit\u00e9, prix r\u00e9duits et achat s\u00e9curis\u00e9 \u2013 commandez d\u00e8s maintenant en ligne !","og_url":"https:\/\/www.erresse-shop.it\/fr\/shop\/ameublement-maison\/objets-de-decoration\/bordallo-pinheiro-piece-murale-feuille-derable-rouge-gudrun-copia\/","og_site_name":"Erresse Shop","article_modified_time":"2025-01-14T17:30:22+00:00","og_image":[{"width":800,"height":800,"url":"https:\/\/www.erresse-shop.it\/wp-content\/uploads\/2024\/05\/BORDALLO-PINHEIRO-Pezzo-Da-Parete-Foglia-Foglia-Dacero-Giallo-GUDRUN.png","type":"image\/png"}],"twitter_card":"summary_large_image","schema":{"@context":"https:\/\/schema.org","@graph":[{"@type":"WebPage","@id":"https:\/\/www.erresse-shop.it\/fr\/shop\/ameublement-maison\/objets-de-decoration\/bordallo-pinheiro-piece-murale-feuille-derable-rouge-gudrun-copia\/","url":"https:\/\/www.erresse-shop.it\/fr\/shop\/ameublement-maison\/objets-de-decoration\/bordallo-pinheiro-piece-murale-feuille-derable-rouge-gudrun-copia\/","name":"BORDALLO PINHEIRO GUDRUN Pi\u00e8ce murale Feuille d'\u00e9rable Jaune","isPartOf":{"@id":"https:\/\/www.erresse-shop.it\/fr\/#website"},"datePublished":"2024-05-13T14:34:35+00:00","dateModified":"2025-01-14T17:30:22+00:00","description":"D\u00e9couvrez BORDALLO PINHEIRO GUDRUN Pi\u00e8ce murale Feuille d'\u00e9rable Jaune sur ErresseShop. Qualit\u00e9, prix r\u00e9duits et achat s\u00e9curis\u00e9 \u2013 commandez d\u00e8s maintenant en ligne !","breadcrumb":{"@id":"https:\/\/www.erresse-shop.it\/fr\/shop\/ameublement-maison\/objets-de-decoration\/bordallo-pinheiro-piece-murale-feuille-derable-rouge-gudrun-copia\/#breadcrumb"},"inLanguage":"fr-FR","potentialAction":[{"@type":"ReadAction","target":["https:\/\/www.erresse-shop.it\/fr\/shop\/ameublement-maison\/objets-de-decoration\/bordallo-pinheiro-piece-murale-feuille-derable-rouge-gudrun-copia\/"]}]},{"@type":"BreadcrumbList","@id":"https:\/\/www.erresse-shop.it\/fr\/shop\/ameublement-maison\/objets-de-decoration\/bordallo-pinheiro-piece-murale-feuille-derable-rouge-gudrun-copia\/#breadcrumb","itemListElement":[{"@type":"ListItem","position":1,"name":"Home","item":"https:\/\/www.erresse-shop.it\/fr\/"},{"@type":"ListItem","position":2,"name":"Shop","item":"https:\/\/www.erresse-shop.it\/fr\/shop\/"},{"@type":"ListItem","position":3,"name":"BORDALLO PINHEIRO GUDRUN Pi\u00e8ce murale Feuille d&#8217;\u00e9rable Jaune"}]},{"@type":"WebSite","@id":"https:\/\/www.erresse-shop.it\/fr\/#website","url":"https:\/\/www.erresse-shop.it\/fr\/","name":"Erresse Shop","description":"Articoli di qualit\u00e0 per la casa","potentialAction":[{"@type":"SearchAction","target":{"@type":"EntryPoint","urlTemplate":"https:\/\/www.erresse-shop.it\/fr\/?s={search_term_string}"},"query-input":"required name=search_term_string"}],"inLanguage":"fr-FR"}]}},"df_price":35.95,"df_sale_price":35.95,"df_regular_price":46,"df_image_link":"https:\/\/www.erresse-shop.it\/wp-content\/uploads\/2024\/05\/BORDALLO-PINHEIRO-GUDRUN-Pezzo-Da-Parete-Foglia-Acero-Giallo-300x300.jpg","_links":{"self":[{"href":"https:\/\/www.erresse-shop.it\/fr\/wp-json\/wp\/v2\/product\/406296"}],"collection":[{"href":"https:\/\/www.erresse-shop.it\/fr\/wp-json\/wp\/v2\/product"}],"about":[{"href":"https:\/\/www.erresse-shop.it\/fr\/wp-json\/wp\/v2\/types\/product"}],"wp:featuredmedia":[{"embeddable":true,"href":"https:\/\/www.erresse-shop.it\/fr\/wp-json\/wp\/v2\/media\/461775"}],"wp:attachment":[{"href":"https:\/\/www.erresse-shop.it\/fr\/wp-json\/wp\/v2\/media?parent=406296"}],"wp:term":[{"taxonomy":"product_cat","embeddable":true,"href":"https:\/\/www.erresse-shop.it\/fr\/wp-json\/wp\/v2\/product_cat?post=406296"},{"taxonomy":"product_tag","embeddable":true,"href":"https:\/\/www.erresse-shop.it\/fr\/wp-json\/wp\/v2\/product_tag?post=406296"}],"curies":[{"name":"wp","href":"https:\/\/api.w.org\/{rel}","templated":true}]}}