{"id":406258,"date":"2024-05-13T13:50:02","date_gmt":"2024-05-13T13:50:08","guid":{"rendered":"https:\/\/www.erresse-shop.it\/?post_type=product&#038;p=406258"},"modified":"2025-01-14T17:30:27","modified_gmt":"2025-01-14T17:30:27","slug":"bordallo-pinheiro-set-de-2-bols-pitaya-copia","status":"publish","type":"product","link":"https:\/\/www.erresse-shop.it\/fr\/shop\/table-fr-2\/recipients-et-bols\/bordallo-pinheiro-set-de-2-bols-pitaya-copia\/","title":{"rendered":"BORDALLO PINHEIRO GUDRUN Set de 2 Bols \u00e0 C\u00e9r\u00e9ales"},"content":{"rendered":"<p>La collection Gudrun de Claudia Schiffer s&#8217;inspire de l&#8217;automne, de la chute des feuilles et des glands et occupe une place particuli\u00e8re dans son c\u0153ur. En grandissant, Claudia adorait regarder les couleurs se transformer et sauter dans les tas de feuilles que sa m\u00e8re ramassait m\u00e9ticuleusement dans leur jardin. Puis en les s\u00e9chant, ces feuilles ont cr\u00e9\u00e9 de magnifiques \u0153uvres d\u2019art.<\/p>\n<p>\u00abLes c\u00e9ramiques que j&#8217;ai fabriqu\u00e9es sont con\u00e7ues pour mes tables en bois du milieu du si\u00e8cle et contribuent \u00e0 insuffler \u00e0 ma maison des tons chauds d&#8217;automne. Ils trouvent \u00e9galement leur place dans mes retraites de week-end \u00e0 la campagne, o\u00f9 ils apportent des couleurs accueillantes \u00e0 c\u00f4t\u00e9 d&#8217;un feu cr\u00e9pitant. Je me r\u00e9jouis de la fa\u00e7on dont ces c\u00e9ramiques introduisent une touche subtile dans l&#8217;espace de vie, en s&#8217;associant \u00e0 merveille aux hortensias verts, un classique de l&#8217;automne.&#8221;, d\u00e9clare Claudia Schiffer \u00e0 propos de cette belle et originale collection.<\/p>\n<p><strong>Dimensions<\/strong> : 17,2 cm x 15,3 cm x 7,5 cm<br \/>\n<strong>Mat\u00e9riau<\/strong> : terre cuite<\/p>\n","protected":false},"excerpt":{"rendered":"<p>La collection Gudrun de Claudia Schiffer s&#8217;inspire de l&#8217;automne, de la chute des feuilles et des glands et occupe une<\/p>\n","protected":false},"featured_media":466968,"template":"","meta":{"_acf_changed":false,"inline_featured_image":false},"product_cat":[14244,12782],"product_tag":[25036,23910,15414,25021,24603],"acf":[],"yoast_head":"<!-- This site is optimized with the Yoast SEO Premium plugin v18.6 (Yoast SEO v19.13) - https:\/\/yoast.com\/wordpress\/plugins\/seo\/ -->\n<title>BORDALLO PINHEIRO GUDRUN Set de 2 Bols \u00e0 C\u00e9r\u00e9ales<\/title>\n<meta name=\"description\" content=\"D\u00e9couvrez BORDALLO PINHEIRO GUDRUN Set de 2 Bols \u00e0 C\u00e9r\u00e9ales sur ErresseShop. Qualit\u00e9, prix r\u00e9duits et achat s\u00e9curis\u00e9 \u2013 commandez d\u00e8s maintenant en ligne !\" \/>\n<meta name=\"robots\" content=\"index, follow, max-snippet:-1, max-image-preview:large, max-video-preview:-1\" \/>\n<link rel=\"canonical\" href=\"https:\/\/www.erresse-shop.it\/fr\/shop\/table-fr-2\/recipients-et-bols\/bordallo-pinheiro-set-de-2-bols-pitaya-copia\/\" \/>\n<meta property=\"og:locale\" content=\"fr_FR\" \/>\n<meta property=\"og:type\" content=\"article\" \/>\n<meta property=\"og:title\" content=\"BORDALLO PINHEIRO GUDRUN Set de 2 Bols \u00e0 C\u00e9r\u00e9ales\" \/>\n<meta property=\"og:description\" content=\"D\u00e9couvrez BORDALLO PINHEIRO GUDRUN Set de 2 Bols \u00e0 C\u00e9r\u00e9ales sur ErresseShop. Qualit\u00e9, prix r\u00e9duits et achat s\u00e9curis\u00e9 \u2013 commandez d\u00e8s maintenant en ligne !\" \/>\n<meta property=\"og:url\" content=\"https:\/\/www.erresse-shop.it\/fr\/shop\/table-fr-2\/recipients-et-bols\/bordallo-pinheiro-set-de-2-bols-pitaya-copia\/\" \/>\n<meta property=\"og:site_name\" content=\"Erresse Shop\" \/>\n<meta property=\"article:modified_time\" content=\"2025-01-14T17:30:27+00:00\" \/>\n<meta property=\"og:image\" content=\"https:\/\/www.erresse-shop.it\/wp-content\/uploads\/2024\/05\/BORDALLO-PINHEIRO-Set-2-Ciotole-Creali-GUDRUN.png\" \/>\n\t<meta property=\"og:image:width\" content=\"800\" \/>\n\t<meta property=\"og:image:height\" content=\"800\" \/>\n\t<meta property=\"og:image:type\" content=\"image\/png\" \/>\n<meta name=\"twitter:card\" content=\"summary_large_image\" \/>\n<script type=\"application\/ld+json\" class=\"yoast-schema-graph\">{\"@context\":\"https:\/\/schema.org\",\"@graph\":[{\"@type\":\"WebPage\",\"@id\":\"https:\/\/www.erresse-shop.it\/fr\/shop\/table-fr-2\/recipients-et-bols\/bordallo-pinheiro-set-de-2-bols-pitaya-copia\/\",\"url\":\"https:\/\/www.erresse-shop.it\/fr\/shop\/table-fr-2\/recipients-et-bols\/bordallo-pinheiro-set-de-2-bols-pitaya-copia\/\",\"name\":\"BORDALLO PINHEIRO GUDRUN Set de 2 Bols \u00e0 C\u00e9r\u00e9ales\",\"isPartOf\":{\"@id\":\"https:\/\/www.erresse-shop.it\/fr\/#website\"},\"datePublished\":\"2024-05-13T13:50:08+00:00\",\"dateModified\":\"2025-01-14T17:30:27+00:00\",\"description\":\"D\u00e9couvrez BORDALLO PINHEIRO GUDRUN Set de 2 Bols \u00e0 C\u00e9r\u00e9ales sur ErresseShop. Qualit\u00e9, prix r\u00e9duits et achat s\u00e9curis\u00e9 \u2013 commandez d\u00e8s maintenant en ligne !\",\"breadcrumb\":{\"@id\":\"https:\/\/www.erresse-shop.it\/fr\/shop\/table-fr-2\/recipients-et-bols\/bordallo-pinheiro-set-de-2-bols-pitaya-copia\/#breadcrumb\"},\"inLanguage\":\"fr-FR\",\"potentialAction\":[{\"@type\":\"ReadAction\",\"target\":[\"https:\/\/www.erresse-shop.it\/fr\/shop\/table-fr-2\/recipients-et-bols\/bordallo-pinheiro-set-de-2-bols-pitaya-copia\/\"]}]},{\"@type\":\"BreadcrumbList\",\"@id\":\"https:\/\/www.erresse-shop.it\/fr\/shop\/table-fr-2\/recipients-et-bols\/bordallo-pinheiro-set-de-2-bols-pitaya-copia\/#breadcrumb\",\"itemListElement\":[{\"@type\":\"ListItem\",\"position\":1,\"name\":\"Home\",\"item\":\"https:\/\/www.erresse-shop.it\/fr\/\"},{\"@type\":\"ListItem\",\"position\":2,\"name\":\"Shop\",\"item\":\"https:\/\/www.erresse-shop.it\/fr\/shop\/\"},{\"@type\":\"ListItem\",\"position\":3,\"name\":\"BORDALLO PINHEIRO GUDRUN Set de 2 Bols \u00e0 C\u00e9r\u00e9ales\"}]},{\"@type\":\"WebSite\",\"@id\":\"https:\/\/www.erresse-shop.it\/fr\/#website\",\"url\":\"https:\/\/www.erresse-shop.it\/fr\/\",\"name\":\"Erresse Shop\",\"description\":\"Articoli di qualit\u00e0 per la casa\",\"potentialAction\":[{\"@type\":\"SearchAction\",\"target\":{\"@type\":\"EntryPoint\",\"urlTemplate\":\"https:\/\/www.erresse-shop.it\/fr\/?s={search_term_string}\"},\"query-input\":\"required name=search_term_string\"}],\"inLanguage\":\"fr-FR\"}]}<\/script>\n<!-- \/ Yoast SEO Premium plugin. -->","yoast_head_json":{"title":"BORDALLO PINHEIRO GUDRUN Set de 2 Bols \u00e0 C\u00e9r\u00e9ales","description":"D\u00e9couvrez BORDALLO PINHEIRO GUDRUN Set de 2 Bols \u00e0 C\u00e9r\u00e9ales sur ErresseShop. Qualit\u00e9, prix r\u00e9duits et achat s\u00e9curis\u00e9 \u2013 commandez d\u00e8s maintenant en ligne !","robots":{"index":"index","follow":"follow","max-snippet":"max-snippet:-1","max-image-preview":"max-image-preview:large","max-video-preview":"max-video-preview:-1"},"canonical":"https:\/\/www.erresse-shop.it\/fr\/shop\/table-fr-2\/recipients-et-bols\/bordallo-pinheiro-set-de-2-bols-pitaya-copia\/","og_locale":"fr_FR","og_type":"article","og_title":"BORDALLO PINHEIRO GUDRUN Set de 2 Bols \u00e0 C\u00e9r\u00e9ales","og_description":"D\u00e9couvrez BORDALLO PINHEIRO GUDRUN Set de 2 Bols \u00e0 C\u00e9r\u00e9ales sur ErresseShop. Qualit\u00e9, prix r\u00e9duits et achat s\u00e9curis\u00e9 \u2013 commandez d\u00e8s maintenant en ligne !","og_url":"https:\/\/www.erresse-shop.it\/fr\/shop\/table-fr-2\/recipients-et-bols\/bordallo-pinheiro-set-de-2-bols-pitaya-copia\/","og_site_name":"Erresse Shop","article_modified_time":"2025-01-14T17:30:27+00:00","og_image":[{"width":800,"height":800,"url":"https:\/\/www.erresse-shop.it\/wp-content\/uploads\/2024\/05\/BORDALLO-PINHEIRO-Set-2-Ciotole-Creali-GUDRUN.png","type":"image\/png"}],"twitter_card":"summary_large_image","schema":{"@context":"https:\/\/schema.org","@graph":[{"@type":"WebPage","@id":"https:\/\/www.erresse-shop.it\/fr\/shop\/table-fr-2\/recipients-et-bols\/bordallo-pinheiro-set-de-2-bols-pitaya-copia\/","url":"https:\/\/www.erresse-shop.it\/fr\/shop\/table-fr-2\/recipients-et-bols\/bordallo-pinheiro-set-de-2-bols-pitaya-copia\/","name":"BORDALLO PINHEIRO GUDRUN Set de 2 Bols \u00e0 C\u00e9r\u00e9ales","isPartOf":{"@id":"https:\/\/www.erresse-shop.it\/fr\/#website"},"datePublished":"2024-05-13T13:50:08+00:00","dateModified":"2025-01-14T17:30:27+00:00","description":"D\u00e9couvrez BORDALLO PINHEIRO GUDRUN Set de 2 Bols \u00e0 C\u00e9r\u00e9ales sur ErresseShop. Qualit\u00e9, prix r\u00e9duits et achat s\u00e9curis\u00e9 \u2013 commandez d\u00e8s maintenant en ligne !","breadcrumb":{"@id":"https:\/\/www.erresse-shop.it\/fr\/shop\/table-fr-2\/recipients-et-bols\/bordallo-pinheiro-set-de-2-bols-pitaya-copia\/#breadcrumb"},"inLanguage":"fr-FR","potentialAction":[{"@type":"ReadAction","target":["https:\/\/www.erresse-shop.it\/fr\/shop\/table-fr-2\/recipients-et-bols\/bordallo-pinheiro-set-de-2-bols-pitaya-copia\/"]}]},{"@type":"BreadcrumbList","@id":"https:\/\/www.erresse-shop.it\/fr\/shop\/table-fr-2\/recipients-et-bols\/bordallo-pinheiro-set-de-2-bols-pitaya-copia\/#breadcrumb","itemListElement":[{"@type":"ListItem","position":1,"name":"Home","item":"https:\/\/www.erresse-shop.it\/fr\/"},{"@type":"ListItem","position":2,"name":"Shop","item":"https:\/\/www.erresse-shop.it\/fr\/shop\/"},{"@type":"ListItem","position":3,"name":"BORDALLO PINHEIRO GUDRUN Set de 2 Bols \u00e0 C\u00e9r\u00e9ales"}]},{"@type":"WebSite","@id":"https:\/\/www.erresse-shop.it\/fr\/#website","url":"https:\/\/www.erresse-shop.it\/fr\/","name":"Erresse Shop","description":"Articoli di qualit\u00e0 per la casa","potentialAction":[{"@type":"SearchAction","target":{"@type":"EntryPoint","urlTemplate":"https:\/\/www.erresse-shop.it\/fr\/?s={search_term_string}"},"query-input":"required name=search_term_string"}],"inLanguage":"fr-FR"}]}},"df_price":49.95,"df_sale_price":49.95,"df_regular_price":68,"df_image_link":"https:\/\/www.erresse-shop.it\/wp-content\/uploads\/2024\/05\/BORDALLO-PINHEIRO-GUDRUN-Set-2-Ciotole-Cereali-300x300.jpg","_links":{"self":[{"href":"https:\/\/www.erresse-shop.it\/fr\/wp-json\/wp\/v2\/product\/406258"}],"collection":[{"href":"https:\/\/www.erresse-shop.it\/fr\/wp-json\/wp\/v2\/product"}],"about":[{"href":"https:\/\/www.erresse-shop.it\/fr\/wp-json\/wp\/v2\/types\/product"}],"wp:featuredmedia":[{"embeddable":true,"href":"https:\/\/www.erresse-shop.it\/fr\/wp-json\/wp\/v2\/media\/466968"}],"wp:attachment":[{"href":"https:\/\/www.erresse-shop.it\/fr\/wp-json\/wp\/v2\/media?parent=406258"}],"wp:term":[{"taxonomy":"product_cat","embeddable":true,"href":"https:\/\/www.erresse-shop.it\/fr\/wp-json\/wp\/v2\/product_cat?post=406258"},{"taxonomy":"product_tag","embeddable":true,"href":"https:\/\/www.erresse-shop.it\/fr\/wp-json\/wp\/v2\/product_tag?post=406258"}],"curies":[{"name":"wp","href":"https:\/\/api.w.org\/{rel}","templated":true}]}}