{"id":406089,"date":"2024-05-13T09:36:47","date_gmt":"2024-05-13T09:36:52","guid":{"rendered":"https:\/\/www.erresse-shop.it\/?post_type=product&#038;p=406089"},"modified":"2025-01-14T14:14:27","modified_gmt":"2025-01-14T14:14:27","slug":"barbecue-a-charbon-weber-original-kettle-e-5750-57-cm","status":"publish","type":"product","link":"https:\/\/www.erresse-shop.it\/fr\/shop\/petits-electromenagers\/grilles-et-barbecues\/barbecue-a-charbon-weber-original-kettle-e-5750-57-cm\/","title":{"rendered":"Barbecue \u00e0 charbon WEBER Original Kettle E-5750 57 cm"},"content":{"rendered":"<p>Le rituel de la cuisson au charbon de bois s&#8217;associe aux fonctionnalit\u00e9s innovantes, pratiques et \u00e9l\u00e9gantes du barbecue au charbon Master-Touch. Le gril de cuisson Gourmet BBQ System vous permet de pr\u00e9parer le petit-d\u00e9jeuner, de cuisiner une sauce et de cuire une pizza parfaitement grill\u00e9e dans votre jardin. Gr\u00e2ce au syst\u00e8me de ventilation am\u00e9lior\u00e9 du brasier, vous pouvez d\u00e9sormais griller et fumer avec un seul barbecue ; Des fonctionnalit\u00e9s telles que le support de couvercle escamotable et le syst\u00e8me de nettoyage One-Touch rendent les grillades encore plus pratiques.<\/p>\n<p>La grille en acier chrom\u00e9 est capable de supporter des r\u00f4tis plus lourds sans se d\u00e9former avec un diam\u00e8tre de 57 cm, ce qui permet donc de pr\u00e9parer des repas m\u00eame pour des groupes plus nombreux.<\/p>\n<p><strong>SP\u00c9CIFICATIONS TECHNIQUES<\/strong><\/p>\n<ul>\n<li>Dimensions &#8211; couvercle ouvert : 118 cm H x 65 cm L x 76 cm P<\/li>\n<li>Dimensions &#8211; couvercle ferm\u00e9 : 107 cm H x 65 cm L x 72 cm P<\/li>\n<li>Diam\u00e8tre : 57 cm<\/li>\n<li>Surface de cuisson totale : 2342 cm\u00b2<\/li>\n<li>Type de combustible : charbon<\/li>\n<\/ul>\n","protected":false},"excerpt":{"rendered":"<p>Le rituel de la cuisson au charbon de bois s&#8217;associe aux fonctionnalit\u00e9s innovantes, pratiques et \u00e9l\u00e9gantes du barbecue au charbon<\/p>\n","protected":false},"featured_media":507831,"template":"","meta":{"_acf_changed":false,"inline_featured_image":false},"product_cat":[13383,12449],"product_tag":[25181,13384,22513,25021,12858,13269,24603,22514],"acf":[],"yoast_head":"<!-- This site is optimized with the Yoast SEO Premium plugin v18.6 (Yoast SEO v19.13) - https:\/\/yoast.com\/wordpress\/plugins\/seo\/ -->\n<title>Barbecue \u00e0 charbon WEBER Original Kettle E-5750 57 cm<\/title>\n<meta name=\"description\" content=\"D\u00e9couvrez Barbecue \u00e0 charbon WEBER Original Kettle E-5750 57 cm sur ErresseShop. Qualit\u00e9, prix r\u00e9duits et achat s\u00e9curis\u00e9 \u2013 commandez d\u00e8s maintenant en ligne !\" \/>\n<meta name=\"robots\" content=\"index, follow, max-snippet:-1, max-image-preview:large, max-video-preview:-1\" \/>\n<link rel=\"canonical\" href=\"https:\/\/www.erresse-shop.it\/fr\/shop\/petits-electromenagers\/grilles-et-barbecues\/barbecue-a-charbon-weber-original-kettle-e-5750-57-cm\/\" \/>\n<meta property=\"og:locale\" content=\"fr_FR\" \/>\n<meta property=\"og:type\" content=\"article\" \/>\n<meta property=\"og:title\" content=\"Barbecue \u00e0 charbon WEBER Original Kettle E-5750 57 cm\" \/>\n<meta property=\"og:description\" content=\"D\u00e9couvrez Barbecue \u00e0 charbon WEBER Original Kettle E-5750 57 cm sur ErresseShop. Qualit\u00e9, prix r\u00e9duits et achat s\u00e9curis\u00e9 \u2013 commandez d\u00e8s maintenant en ligne !\" \/>\n<meta property=\"og:url\" content=\"https:\/\/www.erresse-shop.it\/fr\/shop\/petits-electromenagers\/grilles-et-barbecues\/barbecue-a-charbon-weber-original-kettle-e-5750-57-cm\/\" \/>\n<meta property=\"og:site_name\" content=\"Erresse Shop\" \/>\n<meta property=\"article:modified_time\" content=\"2025-01-14T14:14:27+00:00\" \/>\n<meta property=\"og:image\" content=\"https:\/\/www.erresse-shop.it\/wp-content\/uploads\/2024\/05\/WEBER-Barbecue-a-carbone-Original-Kettle-E-5750-57-cm.png\" \/>\n\t<meta property=\"og:image:width\" content=\"800\" \/>\n\t<meta property=\"og:image:height\" content=\"800\" \/>\n\t<meta property=\"og:image:type\" content=\"image\/png\" \/>\n<meta name=\"twitter:card\" content=\"summary_large_image\" \/>\n<script type=\"application\/ld+json\" class=\"yoast-schema-graph\">{\"@context\":\"https:\/\/schema.org\",\"@graph\":[{\"@type\":\"WebPage\",\"@id\":\"https:\/\/www.erresse-shop.it\/fr\/shop\/petits-electromenagers\/grilles-et-barbecues\/barbecue-a-charbon-weber-original-kettle-e-5750-57-cm\/\",\"url\":\"https:\/\/www.erresse-shop.it\/fr\/shop\/petits-electromenagers\/grilles-et-barbecues\/barbecue-a-charbon-weber-original-kettle-e-5750-57-cm\/\",\"name\":\"Barbecue \u00e0 charbon WEBER Original Kettle E-5750 57 cm\",\"isPartOf\":{\"@id\":\"https:\/\/www.erresse-shop.it\/fr\/#website\"},\"datePublished\":\"2024-05-13T09:36:52+00:00\",\"dateModified\":\"2025-01-14T14:14:27+00:00\",\"description\":\"D\u00e9couvrez Barbecue \u00e0 charbon WEBER Original Kettle E-5750 57 cm sur ErresseShop. Qualit\u00e9, prix r\u00e9duits et achat s\u00e9curis\u00e9 \u2013 commandez d\u00e8s maintenant en ligne !\",\"breadcrumb\":{\"@id\":\"https:\/\/www.erresse-shop.it\/fr\/shop\/petits-electromenagers\/grilles-et-barbecues\/barbecue-a-charbon-weber-original-kettle-e-5750-57-cm\/#breadcrumb\"},\"inLanguage\":\"fr-FR\",\"potentialAction\":[{\"@type\":\"ReadAction\",\"target\":[\"https:\/\/www.erresse-shop.it\/fr\/shop\/petits-electromenagers\/grilles-et-barbecues\/barbecue-a-charbon-weber-original-kettle-e-5750-57-cm\/\"]}]},{\"@type\":\"BreadcrumbList\",\"@id\":\"https:\/\/www.erresse-shop.it\/fr\/shop\/petits-electromenagers\/grilles-et-barbecues\/barbecue-a-charbon-weber-original-kettle-e-5750-57-cm\/#breadcrumb\",\"itemListElement\":[{\"@type\":\"ListItem\",\"position\":1,\"name\":\"Home\",\"item\":\"https:\/\/www.erresse-shop.it\/fr\/\"},{\"@type\":\"ListItem\",\"position\":2,\"name\":\"Shop\",\"item\":\"https:\/\/www.erresse-shop.it\/fr\/shop\/\"},{\"@type\":\"ListItem\",\"position\":3,\"name\":\"Barbecue \u00e0 charbon WEBER Original Kettle E-5750 57 cm\"}]},{\"@type\":\"WebSite\",\"@id\":\"https:\/\/www.erresse-shop.it\/fr\/#website\",\"url\":\"https:\/\/www.erresse-shop.it\/fr\/\",\"name\":\"Erresse Shop\",\"description\":\"Articoli di qualit\u00e0 per la casa\",\"potentialAction\":[{\"@type\":\"SearchAction\",\"target\":{\"@type\":\"EntryPoint\",\"urlTemplate\":\"https:\/\/www.erresse-shop.it\/fr\/?s={search_term_string}\"},\"query-input\":\"required name=search_term_string\"}],\"inLanguage\":\"fr-FR\"}]}<\/script>\n<!-- \/ Yoast SEO Premium plugin. -->","yoast_head_json":{"title":"Barbecue \u00e0 charbon WEBER Original Kettle E-5750 57 cm","description":"D\u00e9couvrez Barbecue \u00e0 charbon WEBER Original Kettle E-5750 57 cm sur ErresseShop. Qualit\u00e9, prix r\u00e9duits et achat s\u00e9curis\u00e9 \u2013 commandez d\u00e8s maintenant en ligne !","robots":{"index":"index","follow":"follow","max-snippet":"max-snippet:-1","max-image-preview":"max-image-preview:large","max-video-preview":"max-video-preview:-1"},"canonical":"https:\/\/www.erresse-shop.it\/fr\/shop\/petits-electromenagers\/grilles-et-barbecues\/barbecue-a-charbon-weber-original-kettle-e-5750-57-cm\/","og_locale":"fr_FR","og_type":"article","og_title":"Barbecue \u00e0 charbon WEBER Original Kettle E-5750 57 cm","og_description":"D\u00e9couvrez Barbecue \u00e0 charbon WEBER Original Kettle E-5750 57 cm sur ErresseShop. Qualit\u00e9, prix r\u00e9duits et achat s\u00e9curis\u00e9 \u2013 commandez d\u00e8s maintenant en ligne !","og_url":"https:\/\/www.erresse-shop.it\/fr\/shop\/petits-electromenagers\/grilles-et-barbecues\/barbecue-a-charbon-weber-original-kettle-e-5750-57-cm\/","og_site_name":"Erresse Shop","article_modified_time":"2025-01-14T14:14:27+00:00","og_image":[{"width":800,"height":800,"url":"https:\/\/www.erresse-shop.it\/wp-content\/uploads\/2024\/05\/WEBER-Barbecue-a-carbone-Original-Kettle-E-5750-57-cm.png","type":"image\/png"}],"twitter_card":"summary_large_image","schema":{"@context":"https:\/\/schema.org","@graph":[{"@type":"WebPage","@id":"https:\/\/www.erresse-shop.it\/fr\/shop\/petits-electromenagers\/grilles-et-barbecues\/barbecue-a-charbon-weber-original-kettle-e-5750-57-cm\/","url":"https:\/\/www.erresse-shop.it\/fr\/shop\/petits-electromenagers\/grilles-et-barbecues\/barbecue-a-charbon-weber-original-kettle-e-5750-57-cm\/","name":"Barbecue \u00e0 charbon WEBER Original Kettle E-5750 57 cm","isPartOf":{"@id":"https:\/\/www.erresse-shop.it\/fr\/#website"},"datePublished":"2024-05-13T09:36:52+00:00","dateModified":"2025-01-14T14:14:27+00:00","description":"D\u00e9couvrez Barbecue \u00e0 charbon WEBER Original Kettle E-5750 57 cm sur ErresseShop. Qualit\u00e9, prix r\u00e9duits et achat s\u00e9curis\u00e9 \u2013 commandez d\u00e8s maintenant en ligne !","breadcrumb":{"@id":"https:\/\/www.erresse-shop.it\/fr\/shop\/petits-electromenagers\/grilles-et-barbecues\/barbecue-a-charbon-weber-original-kettle-e-5750-57-cm\/#breadcrumb"},"inLanguage":"fr-FR","potentialAction":[{"@type":"ReadAction","target":["https:\/\/www.erresse-shop.it\/fr\/shop\/petits-electromenagers\/grilles-et-barbecues\/barbecue-a-charbon-weber-original-kettle-e-5750-57-cm\/"]}]},{"@type":"BreadcrumbList","@id":"https:\/\/www.erresse-shop.it\/fr\/shop\/petits-electromenagers\/grilles-et-barbecues\/barbecue-a-charbon-weber-original-kettle-e-5750-57-cm\/#breadcrumb","itemListElement":[{"@type":"ListItem","position":1,"name":"Home","item":"https:\/\/www.erresse-shop.it\/fr\/"},{"@type":"ListItem","position":2,"name":"Shop","item":"https:\/\/www.erresse-shop.it\/fr\/shop\/"},{"@type":"ListItem","position":3,"name":"Barbecue \u00e0 charbon WEBER Original Kettle E-5750 57 cm"}]},{"@type":"WebSite","@id":"https:\/\/www.erresse-shop.it\/fr\/#website","url":"https:\/\/www.erresse-shop.it\/fr\/","name":"Erresse Shop","description":"Articoli di qualit\u00e0 per la casa","potentialAction":[{"@type":"SearchAction","target":{"@type":"EntryPoint","urlTemplate":"https:\/\/www.erresse-shop.it\/fr\/?s={search_term_string}"},"query-input":"required name=search_term_string"}],"inLanguage":"fr-FR"}]}},"df_price":349.95,"df_sale_price":349.95,"df_regular_price":369.99,"df_image_link":"https:\/\/www.erresse-shop.it\/wp-content\/uploads\/2024\/05\/WEBER-Barbecue-a-carbone-Original-Kettle-E-5750-57-cm-300x300.jpg","_links":{"self":[{"href":"https:\/\/www.erresse-shop.it\/fr\/wp-json\/wp\/v2\/product\/406089"}],"collection":[{"href":"https:\/\/www.erresse-shop.it\/fr\/wp-json\/wp\/v2\/product"}],"about":[{"href":"https:\/\/www.erresse-shop.it\/fr\/wp-json\/wp\/v2\/types\/product"}],"wp:featuredmedia":[{"embeddable":true,"href":"https:\/\/www.erresse-shop.it\/fr\/wp-json\/wp\/v2\/media\/507831"}],"wp:attachment":[{"href":"https:\/\/www.erresse-shop.it\/fr\/wp-json\/wp\/v2\/media?parent=406089"}],"wp:term":[{"taxonomy":"product_cat","embeddable":true,"href":"https:\/\/www.erresse-shop.it\/fr\/wp-json\/wp\/v2\/product_cat?post=406089"},{"taxonomy":"product_tag","embeddable":true,"href":"https:\/\/www.erresse-shop.it\/fr\/wp-json\/wp\/v2\/product_tag?post=406089"}],"curies":[{"name":"wp","href":"https:\/\/api.w.org\/{rel}","templated":true}]}}