{"id":406032,"date":"2024-05-13T08:48:59","date_gmt":"2024-05-13T08:49:06","guid":{"rendered":"https:\/\/www.erresse-shop.it\/?post_type=product&#038;p=406032"},"modified":"2024-11-12T14:15:12","modified_gmt":"2024-11-12T14:15:12","slug":"assiette-weber-premium-43-cm","status":"publish","type":"product","link":"https:\/\/www.erresse-shop.it\/fr\/shop\/petits-electromenagers\/grilles-et-barbecues\/assiette-weber-premium-43-cm\/","title":{"rendered":"WEBER Assiette Premium 43 cm"},"content":{"rendered":"<p>D\u00e9couvrez la cuisine sur la plaque chauffante \u00e0 l&#8217;ext\u00e9rieur de la maison avec la plaque chauffante Weber\u00ae SLATE GP Premium de 43 cm qui atteint une temp\u00e9rature de plus de 260\u00b0C et chauffe uniform\u00e9ment toute la surface pour cuire les aliments uniform\u00e9ment n&#8217;importe o\u00f9 sur la plaque chauffante. La surface de cuisson au fini \u00e9maill\u00e9 antiadh\u00e9sif est imm\u00e9diatement pr\u00eate \u00e0 cuisiner, vous pouvez donc pr\u00e9parer de d\u00e9licieux hamburgers, faire sauter des plats savoureux, cuire des fruits de mer et des l\u00e9gumes \u00e0 la perfection et bien plus encore. Gr\u00e2ce aux pieds r\u00e9glables qui permettent de niveler l&#8217;assiette sur des surfaces in\u00e9gales et \u00e0 la possibilit\u00e9 d&#8217;ajouter un support extensible, l&#8217;assiette Premium Weber\u00ae SLATE est parfaite pour les pique-niques, dans le jardin ou sur n&#8217;importe quelle surface.<\/p>\n<p>\u2022 Chaleur uniforme sur toute la surface de cuisson pour une cuisson uniforme sur toute la plaque<br \/>\n\u2022 La plaque atteint une temp\u00e9rature de plus de 260\u00b0C pour une cuisson \u00e0 haute temp\u00e9rature et des bords croustillants<br \/>\n\u2022 Surface de cuisson avec finition \u00e9maill\u00e9e antiadh\u00e9sive pour une cuisson sans probl\u00e8me<br \/>\n\u2022 \u00c9limination de la graisse par l&#8217;avant pour un nettoyage rapide et facile<br \/>\n\u2022 Quatre pieds r\u00e9glables pour niveler la plaque sur des surfaces in\u00e9gales<\/p>\n<p><strong>SP\u00c9CIFICATIONS TECHNIQUES<\/strong><\/p>\n<p>PUISSANCE DES BR\u00dbLEURS : (KW)3,7<\/p>\n<p>Dimensions &#8211; couvercle ouvert (centim\u00e8tres) 72,50 cm H x 71,50 cm L x 60,50 cm P<\/p>\n<p>Dimensions &#8211; couvercle ferm\u00e9 (centim\u00e8tres)25,00 cm H x 71,50 cm L x 57,50 cm P<\/p>\n<p>Surface de cuisson (centim\u00e8tres) 41,88&#215;41,88<\/p>\n<p>Poids (kg)19,5<\/p>\n<p>Br\u00fbleurs en acier inoxydable1<br \/>\nType de carburant : GPL GAZ (cartouche jetable vendue s\u00e9par\u00e9ment)<\/p>\n","protected":false},"excerpt":{"rendered":"<p>D\u00e9couvrez la cuisine sur la plaque chauffante \u00e0 l&#8217;ext\u00e9rieur de la maison avec la plaque chauffante Weber\u00ae SLATE GP Premium<\/p>\n","protected":false},"featured_media":507874,"template":"","meta":{"_acf_changed":false,"inline_featured_image":false},"product_cat":[13383,12449],"product_tag":[25181,13384,25021,23631,12858,13269,24603,22514],"acf":[],"yoast_head":"<!-- This site is optimized with the Yoast SEO Premium plugin v18.6 (Yoast SEO v19.13) - https:\/\/yoast.com\/wordpress\/plugins\/seo\/ -->\n<title>WEBER Assiette Premium 43 cm - Erresse Shop<\/title>\n<meta name=\"description\" content=\"D\u00e9couvrez la cuisine sur la plaque chauffante \u00e0 l&#039;ext\u00e9rieur de la maison avec la plaque chauffante Weber\u00ae SLATE GP Premium de 43 cm qui atteint une\" \/>\n<meta name=\"robots\" content=\"index, follow, max-snippet:-1, max-image-preview:large, max-video-preview:-1\" \/>\n<link rel=\"canonical\" href=\"https:\/\/www.erresse-shop.it\/fr\/shop\/petits-electromenagers\/grilles-et-barbecues\/assiette-weber-premium-43-cm\/\" \/>\n<meta property=\"og:locale\" content=\"fr_FR\" \/>\n<meta property=\"og:type\" content=\"article\" \/>\n<meta property=\"og:title\" content=\"WEBER Assiette Premium 43 cm\" \/>\n<meta property=\"og:description\" content=\"D\u00e9couvrez la cuisine sur la plaque chauffante \u00e0 l&#039;ext\u00e9rieur de la maison avec la plaque chauffante Weber\u00ae SLATE GP Premium de 43 cm qui atteint une\" \/>\n<meta property=\"og:url\" content=\"https:\/\/www.erresse-shop.it\/fr\/shop\/petits-electromenagers\/grilles-et-barbecues\/assiette-weber-premium-43-cm\/\" \/>\n<meta property=\"og:site_name\" content=\"Erresse Shop\" \/>\n<meta property=\"article:modified_time\" content=\"2024-11-12T14:15:12+00:00\" \/>\n<meta property=\"og:image\" content=\"https:\/\/www.erresse-shop.it\/wp-content\/uploads\/2024\/05\/WEBER-Piastra-Premium-43cm.png\" \/>\n\t<meta property=\"og:image:width\" content=\"800\" \/>\n\t<meta property=\"og:image:height\" content=\"800\" \/>\n\t<meta property=\"og:image:type\" content=\"image\/png\" \/>\n<meta name=\"twitter:card\" content=\"summary_large_image\" \/>\n<script type=\"application\/ld+json\" class=\"yoast-schema-graph\">{\"@context\":\"https:\/\/schema.org\",\"@graph\":[{\"@type\":\"WebPage\",\"@id\":\"https:\/\/www.erresse-shop.it\/fr\/shop\/petits-electromenagers\/grilles-et-barbecues\/assiette-weber-premium-43-cm\/\",\"url\":\"https:\/\/www.erresse-shop.it\/fr\/shop\/petits-electromenagers\/grilles-et-barbecues\/assiette-weber-premium-43-cm\/\",\"name\":\"WEBER Assiette Premium 43 cm - Erresse Shop\",\"isPartOf\":{\"@id\":\"https:\/\/www.erresse-shop.it\/fr\/#website\"},\"datePublished\":\"2024-05-13T08:49:06+00:00\",\"dateModified\":\"2024-11-12T14:15:12+00:00\",\"description\":\"D\u00e9couvrez la cuisine sur la plaque chauffante \u00e0 l'ext\u00e9rieur de la maison avec la plaque chauffante Weber\u00ae SLATE GP Premium de 43 cm qui atteint une\",\"breadcrumb\":{\"@id\":\"https:\/\/www.erresse-shop.it\/fr\/shop\/petits-electromenagers\/grilles-et-barbecues\/assiette-weber-premium-43-cm\/#breadcrumb\"},\"inLanguage\":\"fr-FR\",\"potentialAction\":[{\"@type\":\"ReadAction\",\"target\":[\"https:\/\/www.erresse-shop.it\/fr\/shop\/petits-electromenagers\/grilles-et-barbecues\/assiette-weber-premium-43-cm\/\"]}]},{\"@type\":\"BreadcrumbList\",\"@id\":\"https:\/\/www.erresse-shop.it\/fr\/shop\/petits-electromenagers\/grilles-et-barbecues\/assiette-weber-premium-43-cm\/#breadcrumb\",\"itemListElement\":[{\"@type\":\"ListItem\",\"position\":1,\"name\":\"Home\",\"item\":\"https:\/\/www.erresse-shop.it\/fr\/\"},{\"@type\":\"ListItem\",\"position\":2,\"name\":\"Shop\",\"item\":\"https:\/\/www.erresse-shop.it\/fr\/shop\/\"},{\"@type\":\"ListItem\",\"position\":3,\"name\":\"WEBER Assiette Premium 43 cm\"}]},{\"@type\":\"WebSite\",\"@id\":\"https:\/\/www.erresse-shop.it\/fr\/#website\",\"url\":\"https:\/\/www.erresse-shop.it\/fr\/\",\"name\":\"Erresse Shop\",\"description\":\"Articoli di qualit\u00e0 per la casa\",\"potentialAction\":[{\"@type\":\"SearchAction\",\"target\":{\"@type\":\"EntryPoint\",\"urlTemplate\":\"https:\/\/www.erresse-shop.it\/fr\/?s={search_term_string}\"},\"query-input\":\"required name=search_term_string\"}],\"inLanguage\":\"fr-FR\"}]}<\/script>\n<!-- \/ Yoast SEO Premium plugin. -->","yoast_head_json":{"title":"WEBER Assiette Premium 43 cm - Erresse Shop","description":"D\u00e9couvrez la cuisine sur la plaque chauffante \u00e0 l'ext\u00e9rieur de la maison avec la plaque chauffante Weber\u00ae SLATE GP Premium de 43 cm qui atteint une","robots":{"index":"index","follow":"follow","max-snippet":"max-snippet:-1","max-image-preview":"max-image-preview:large","max-video-preview":"max-video-preview:-1"},"canonical":"https:\/\/www.erresse-shop.it\/fr\/shop\/petits-electromenagers\/grilles-et-barbecues\/assiette-weber-premium-43-cm\/","og_locale":"fr_FR","og_type":"article","og_title":"WEBER Assiette Premium 43 cm","og_description":"D\u00e9couvrez la cuisine sur la plaque chauffante \u00e0 l'ext\u00e9rieur de la maison avec la plaque chauffante Weber\u00ae SLATE GP Premium de 43 cm qui atteint une","og_url":"https:\/\/www.erresse-shop.it\/fr\/shop\/petits-electromenagers\/grilles-et-barbecues\/assiette-weber-premium-43-cm\/","og_site_name":"Erresse Shop","article_modified_time":"2024-11-12T14:15:12+00:00","og_image":[{"width":800,"height":800,"url":"https:\/\/www.erresse-shop.it\/wp-content\/uploads\/2024\/05\/WEBER-Piastra-Premium-43cm.png","type":"image\/png"}],"twitter_card":"summary_large_image","schema":{"@context":"https:\/\/schema.org","@graph":[{"@type":"WebPage","@id":"https:\/\/www.erresse-shop.it\/fr\/shop\/petits-electromenagers\/grilles-et-barbecues\/assiette-weber-premium-43-cm\/","url":"https:\/\/www.erresse-shop.it\/fr\/shop\/petits-electromenagers\/grilles-et-barbecues\/assiette-weber-premium-43-cm\/","name":"WEBER Assiette Premium 43 cm - Erresse Shop","isPartOf":{"@id":"https:\/\/www.erresse-shop.it\/fr\/#website"},"datePublished":"2024-05-13T08:49:06+00:00","dateModified":"2024-11-12T14:15:12+00:00","description":"D\u00e9couvrez la cuisine sur la plaque chauffante \u00e0 l'ext\u00e9rieur de la maison avec la plaque chauffante Weber\u00ae SLATE GP Premium de 43 cm qui atteint une","breadcrumb":{"@id":"https:\/\/www.erresse-shop.it\/fr\/shop\/petits-electromenagers\/grilles-et-barbecues\/assiette-weber-premium-43-cm\/#breadcrumb"},"inLanguage":"fr-FR","potentialAction":[{"@type":"ReadAction","target":["https:\/\/www.erresse-shop.it\/fr\/shop\/petits-electromenagers\/grilles-et-barbecues\/assiette-weber-premium-43-cm\/"]}]},{"@type":"BreadcrumbList","@id":"https:\/\/www.erresse-shop.it\/fr\/shop\/petits-electromenagers\/grilles-et-barbecues\/assiette-weber-premium-43-cm\/#breadcrumb","itemListElement":[{"@type":"ListItem","position":1,"name":"Home","item":"https:\/\/www.erresse-shop.it\/fr\/"},{"@type":"ListItem","position":2,"name":"Shop","item":"https:\/\/www.erresse-shop.it\/fr\/shop\/"},{"@type":"ListItem","position":3,"name":"WEBER Assiette Premium 43 cm"}]},{"@type":"WebSite","@id":"https:\/\/www.erresse-shop.it\/fr\/#website","url":"https:\/\/www.erresse-shop.it\/fr\/","name":"Erresse Shop","description":"Articoli di qualit\u00e0 per la casa","potentialAction":[{"@type":"SearchAction","target":{"@type":"EntryPoint","urlTemplate":"https:\/\/www.erresse-shop.it\/fr\/?s={search_term_string}"},"query-input":"required name=search_term_string"}],"inLanguage":"fr-FR"}]}},"df_price":359.99100000000004,"df_sale_price":359.99100000000004,"df_regular_price":399.99,"df_image_link":"https:\/\/www.erresse-shop.it\/wp-content\/uploads\/2024\/05\/WEBER-Piastra-Premium-43-cm-300x300.jpg","_links":{"self":[{"href":"https:\/\/www.erresse-shop.it\/fr\/wp-json\/wp\/v2\/product\/406032"}],"collection":[{"href":"https:\/\/www.erresse-shop.it\/fr\/wp-json\/wp\/v2\/product"}],"about":[{"href":"https:\/\/www.erresse-shop.it\/fr\/wp-json\/wp\/v2\/types\/product"}],"wp:featuredmedia":[{"embeddable":true,"href":"https:\/\/www.erresse-shop.it\/fr\/wp-json\/wp\/v2\/media\/507874"}],"wp:attachment":[{"href":"https:\/\/www.erresse-shop.it\/fr\/wp-json\/wp\/v2\/media?parent=406032"}],"wp:term":[{"taxonomy":"product_cat","embeddable":true,"href":"https:\/\/www.erresse-shop.it\/fr\/wp-json\/wp\/v2\/product_cat?post=406032"},{"taxonomy":"product_tag","embeddable":true,"href":"https:\/\/www.erresse-shop.it\/fr\/wp-json\/wp\/v2\/product_tag?post=406032"}],"curies":[{"name":"wp","href":"https:\/\/api.w.org\/{rel}","templated":true}]}}