{"id":405972,"date":"2024-05-13T08:05:20","date_gmt":"2024-05-13T08:05:25","guid":{"rendered":"https:\/\/www.erresse-shop.it\/?post_type=product&#038;p=405972"},"modified":"2025-01-14T14:14:28","modified_gmt":"2025-01-14T14:14:28","slug":"barbecue-a-gaz-portatif-weber-traveller","status":"publish","type":"product","link":"https:\/\/www.erresse-shop.it\/fr\/shop\/petits-electromenagers\/grilles-et-barbecues\/barbecue-a-gaz-portatif-weber-traveller\/","title":{"rendered":"Barbecue \u00e0 gaz portatif WEBER Traveller"},"content":{"rendered":"<p>Le barbecue \u00e0 gaz Weber Traveler* est id\u00e9al pour ceux qui aiment cuisiner en d\u00e9placement, loin de chez eux. Parfait pour le camping et les pique-niques, son design robuste et compact assure une exp\u00e9rience toujours agr\u00e9able, de l&#8217;installation au rangement. Profitez de plats barbecue de qualit\u00e9 \u00e0 emporter, quelle que soit votre destination. *WEBER TRAVELER est une marque d\u00e9pos\u00e9e de Weber-Stephen Products LLC.<\/p>\n<p>\u2022 Se replie de mani\u00e8re compacte pour un rangement facile dans le coffre de votre voiture ou dans votre garage<br \/>\n\u2022 Il dispose d&#8217;un grand espace de cuisson pour la pr\u00e9paration simultan\u00e9e de tous les aliments d&#8217;un repas complet<br \/>\n\u2022 Il a \u00e9t\u00e9 sp\u00e9cialement con\u00e7u pour optimiser l&#8217;utilisation du gaz<br \/>\n\u2022 Large plage de temp\u00e9ratures pour les cr\u00eapes, les steaks po\u00eal\u00e9s et plus encore<br \/>\n\u2022 Facile \u00e0 transporter, il peut donc vous suivre partout o\u00f9 vous allez<br \/>\n\u2022 Le gril est fix\u00e9 au chariot pour que vous puissiez commencer \u00e0 cuisiner imm\u00e9diatement<\/p>\n<p><strong>SP\u00c9CIFICATIONS TECHNIQUES<\/strong><\/p>\n<p>PUISSANCE DES BR\u00dbLEURS : (KW)3,8<\/p>\n<p>Dimensions &#8211; couvercle ferm\u00e9 (centim\u00e8tres)94,5 cm H x 110,8 cm L x 58,4 cm P<\/p>\n<p>Surface de cuisson (centim\u00e8tres) 45,43 x 45,43<\/p>\n<p>Poids (kg)21.12<\/p>\n<p>Br\u00fbleurs en acier inoxydable1<br \/>\nType de carburant : GPL GAZ (bouteille rechargeable vendue s\u00e9par\u00e9ment)<\/p>\n","protected":false},"excerpt":{"rendered":"<p>Le barbecue \u00e0 gaz Weber Traveler* est id\u00e9al pour ceux qui aiment cuisiner en d\u00e9placement, loin de chez eux. Parfait<\/p>\n","protected":false},"featured_media":477177,"template":"","meta":{"_acf_changed":false,"inline_featured_image":false},"product_cat":[13383,12449],"product_tag":[25181,13384,25021,23631,12858,13269,24603,22514],"acf":[],"yoast_head":"<!-- This site is optimized with the Yoast SEO Premium plugin v18.6 (Yoast SEO v19.13) - https:\/\/yoast.com\/wordpress\/plugins\/seo\/ -->\n<title>Barbecue \u00e0 gaz portatif WEBER Traveller<\/title>\n<meta name=\"description\" content=\"D\u00e9couvrez Barbecue \u00e0 gaz portatif WEBER Traveller sur ErresseShop. Qualit\u00e9, prix r\u00e9duits et achat s\u00e9curis\u00e9 \u2013 commandez d\u00e8s maintenant en ligne !\" \/>\n<meta name=\"robots\" content=\"index, follow, max-snippet:-1, max-image-preview:large, max-video-preview:-1\" \/>\n<link rel=\"canonical\" href=\"https:\/\/www.erresse-shop.it\/fr\/shop\/petits-electromenagers\/grilles-et-barbecues\/barbecue-a-gaz-portatif-weber-traveller\/\" \/>\n<meta property=\"og:locale\" content=\"fr_FR\" \/>\n<meta property=\"og:type\" content=\"article\" \/>\n<meta property=\"og:title\" content=\"Barbecue \u00e0 gaz portatif WEBER Traveller\" \/>\n<meta property=\"og:description\" content=\"D\u00e9couvrez Barbecue \u00e0 gaz portatif WEBER Traveller sur ErresseShop. Qualit\u00e9, prix r\u00e9duits et achat s\u00e9curis\u00e9 \u2013 commandez d\u00e8s maintenant en ligne !\" \/>\n<meta property=\"og:url\" content=\"https:\/\/www.erresse-shop.it\/fr\/shop\/petits-electromenagers\/grilles-et-barbecues\/barbecue-a-gaz-portatif-weber-traveller\/\" \/>\n<meta property=\"og:site_name\" content=\"Erresse Shop\" \/>\n<meta property=\"article:modified_time\" content=\"2025-01-14T14:14:28+00:00\" \/>\n<meta property=\"og:image\" content=\"https:\/\/www.erresse-shop.it\/wp-content\/uploads\/2024\/05\/WEBER-Traveler-Barbecue-a-Gas-Portatile.png\" \/>\n\t<meta property=\"og:image:width\" content=\"800\" \/>\n\t<meta property=\"og:image:height\" content=\"800\" \/>\n\t<meta property=\"og:image:type\" content=\"image\/png\" \/>\n<meta name=\"twitter:card\" content=\"summary_large_image\" \/>\n<script type=\"application\/ld+json\" class=\"yoast-schema-graph\">{\"@context\":\"https:\/\/schema.org\",\"@graph\":[{\"@type\":\"WebPage\",\"@id\":\"https:\/\/www.erresse-shop.it\/fr\/shop\/petits-electromenagers\/grilles-et-barbecues\/barbecue-a-gaz-portatif-weber-traveller\/\",\"url\":\"https:\/\/www.erresse-shop.it\/fr\/shop\/petits-electromenagers\/grilles-et-barbecues\/barbecue-a-gaz-portatif-weber-traveller\/\",\"name\":\"Barbecue \u00e0 gaz portatif WEBER Traveller\",\"isPartOf\":{\"@id\":\"https:\/\/www.erresse-shop.it\/fr\/#website\"},\"datePublished\":\"2024-05-13T08:05:25+00:00\",\"dateModified\":\"2025-01-14T14:14:28+00:00\",\"description\":\"D\u00e9couvrez Barbecue \u00e0 gaz portatif WEBER Traveller sur ErresseShop. Qualit\u00e9, prix r\u00e9duits et achat s\u00e9curis\u00e9 \u2013 commandez d\u00e8s maintenant en ligne !\",\"breadcrumb\":{\"@id\":\"https:\/\/www.erresse-shop.it\/fr\/shop\/petits-electromenagers\/grilles-et-barbecues\/barbecue-a-gaz-portatif-weber-traveller\/#breadcrumb\"},\"inLanguage\":\"fr-FR\",\"potentialAction\":[{\"@type\":\"ReadAction\",\"target\":[\"https:\/\/www.erresse-shop.it\/fr\/shop\/petits-electromenagers\/grilles-et-barbecues\/barbecue-a-gaz-portatif-weber-traveller\/\"]}]},{\"@type\":\"BreadcrumbList\",\"@id\":\"https:\/\/www.erresse-shop.it\/fr\/shop\/petits-electromenagers\/grilles-et-barbecues\/barbecue-a-gaz-portatif-weber-traveller\/#breadcrumb\",\"itemListElement\":[{\"@type\":\"ListItem\",\"position\":1,\"name\":\"Home\",\"item\":\"https:\/\/www.erresse-shop.it\/fr\/\"},{\"@type\":\"ListItem\",\"position\":2,\"name\":\"Shop\",\"item\":\"https:\/\/www.erresse-shop.it\/fr\/shop\/\"},{\"@type\":\"ListItem\",\"position\":3,\"name\":\"Barbecue \u00e0 gaz portatif WEBER Traveller\"}]},{\"@type\":\"WebSite\",\"@id\":\"https:\/\/www.erresse-shop.it\/fr\/#website\",\"url\":\"https:\/\/www.erresse-shop.it\/fr\/\",\"name\":\"Erresse Shop\",\"description\":\"Articoli di qualit\u00e0 per la casa\",\"potentialAction\":[{\"@type\":\"SearchAction\",\"target\":{\"@type\":\"EntryPoint\",\"urlTemplate\":\"https:\/\/www.erresse-shop.it\/fr\/?s={search_term_string}\"},\"query-input\":\"required name=search_term_string\"}],\"inLanguage\":\"fr-FR\"}]}<\/script>\n<!-- \/ Yoast SEO Premium plugin. -->","yoast_head_json":{"title":"Barbecue \u00e0 gaz portatif WEBER Traveller","description":"D\u00e9couvrez Barbecue \u00e0 gaz portatif WEBER Traveller sur ErresseShop. Qualit\u00e9, prix r\u00e9duits et achat s\u00e9curis\u00e9 \u2013 commandez d\u00e8s maintenant en ligne !","robots":{"index":"index","follow":"follow","max-snippet":"max-snippet:-1","max-image-preview":"max-image-preview:large","max-video-preview":"max-video-preview:-1"},"canonical":"https:\/\/www.erresse-shop.it\/fr\/shop\/petits-electromenagers\/grilles-et-barbecues\/barbecue-a-gaz-portatif-weber-traveller\/","og_locale":"fr_FR","og_type":"article","og_title":"Barbecue \u00e0 gaz portatif WEBER Traveller","og_description":"D\u00e9couvrez Barbecue \u00e0 gaz portatif WEBER Traveller sur ErresseShop. Qualit\u00e9, prix r\u00e9duits et achat s\u00e9curis\u00e9 \u2013 commandez d\u00e8s maintenant en ligne !","og_url":"https:\/\/www.erresse-shop.it\/fr\/shop\/petits-electromenagers\/grilles-et-barbecues\/barbecue-a-gaz-portatif-weber-traveller\/","og_site_name":"Erresse Shop","article_modified_time":"2025-01-14T14:14:28+00:00","og_image":[{"width":800,"height":800,"url":"https:\/\/www.erresse-shop.it\/wp-content\/uploads\/2024\/05\/WEBER-Traveler-Barbecue-a-Gas-Portatile.png","type":"image\/png"}],"twitter_card":"summary_large_image","schema":{"@context":"https:\/\/schema.org","@graph":[{"@type":"WebPage","@id":"https:\/\/www.erresse-shop.it\/fr\/shop\/petits-electromenagers\/grilles-et-barbecues\/barbecue-a-gaz-portatif-weber-traveller\/","url":"https:\/\/www.erresse-shop.it\/fr\/shop\/petits-electromenagers\/grilles-et-barbecues\/barbecue-a-gaz-portatif-weber-traveller\/","name":"Barbecue \u00e0 gaz portatif WEBER Traveller","isPartOf":{"@id":"https:\/\/www.erresse-shop.it\/fr\/#website"},"datePublished":"2024-05-13T08:05:25+00:00","dateModified":"2025-01-14T14:14:28+00:00","description":"D\u00e9couvrez Barbecue \u00e0 gaz portatif WEBER Traveller sur ErresseShop. Qualit\u00e9, prix r\u00e9duits et achat s\u00e9curis\u00e9 \u2013 commandez d\u00e8s maintenant en ligne !","breadcrumb":{"@id":"https:\/\/www.erresse-shop.it\/fr\/shop\/petits-electromenagers\/grilles-et-barbecues\/barbecue-a-gaz-portatif-weber-traveller\/#breadcrumb"},"inLanguage":"fr-FR","potentialAction":[{"@type":"ReadAction","target":["https:\/\/www.erresse-shop.it\/fr\/shop\/petits-electromenagers\/grilles-et-barbecues\/barbecue-a-gaz-portatif-weber-traveller\/"]}]},{"@type":"BreadcrumbList","@id":"https:\/\/www.erresse-shop.it\/fr\/shop\/petits-electromenagers\/grilles-et-barbecues\/barbecue-a-gaz-portatif-weber-traveller\/#breadcrumb","itemListElement":[{"@type":"ListItem","position":1,"name":"Home","item":"https:\/\/www.erresse-shop.it\/fr\/"},{"@type":"ListItem","position":2,"name":"Shop","item":"https:\/\/www.erresse-shop.it\/fr\/shop\/"},{"@type":"ListItem","position":3,"name":"Barbecue \u00e0 gaz portatif WEBER Traveller"}]},{"@type":"WebSite","@id":"https:\/\/www.erresse-shop.it\/fr\/#website","url":"https:\/\/www.erresse-shop.it\/fr\/","name":"Erresse Shop","description":"Articoli di qualit\u00e0 per la casa","potentialAction":[{"@type":"SearchAction","target":{"@type":"EntryPoint","urlTemplate":"https:\/\/www.erresse-shop.it\/fr\/?s={search_term_string}"},"query-input":"required name=search_term_string"}],"inLanguage":"fr-FR"}]}},"df_price":476.99100000000004,"df_sale_price":476.99100000000004,"df_regular_price":529.99,"df_image_link":"https:\/\/www.erresse-shop.it\/wp-content\/uploads\/2024\/05\/WEBER-Traveler-Barbecue-a-Gas-Portatile-300x300.jpg","_links":{"self":[{"href":"https:\/\/www.erresse-shop.it\/fr\/wp-json\/wp\/v2\/product\/405972"}],"collection":[{"href":"https:\/\/www.erresse-shop.it\/fr\/wp-json\/wp\/v2\/product"}],"about":[{"href":"https:\/\/www.erresse-shop.it\/fr\/wp-json\/wp\/v2\/types\/product"}],"wp:featuredmedia":[{"embeddable":true,"href":"https:\/\/www.erresse-shop.it\/fr\/wp-json\/wp\/v2\/media\/477177"}],"wp:attachment":[{"href":"https:\/\/www.erresse-shop.it\/fr\/wp-json\/wp\/v2\/media?parent=405972"}],"wp:term":[{"taxonomy":"product_cat","embeddable":true,"href":"https:\/\/www.erresse-shop.it\/fr\/wp-json\/wp\/v2\/product_cat?post=405972"},{"taxonomy":"product_tag","embeddable":true,"href":"https:\/\/www.erresse-shop.it\/fr\/wp-json\/wp\/v2\/product_tag?post=405972"}],"curies":[{"name":"wp","href":"https:\/\/api.w.org\/{rel}","templated":true}]}}