{"id":405922,"date":"2024-05-13T07:31:27","date_gmt":"2024-05-13T07:31:33","guid":{"rendered":"https:\/\/www.erresse-shop.it\/?post_type=product&#038;p=405922"},"modified":"2024-10-29T08:20:16","modified_gmt":"2024-10-29T08:20:16","slug":"support-universel-ninja-woodifire","status":"publish","type":"product","link":"https:\/\/www.erresse-shop.it\/fr\/shop\/petits-electromenagers\/fours\/support-universel-ninja-woodifire\/","title":{"rendered":"Support universel NINJA Woodifire"},"content":{"rendered":"<p>\u00c9levez votre station de cuisson ext\u00e9rieure vers de nouveaux sommets avec ce support et cette table durables et r\u00e9glables pour votre four ext\u00e9rieur Ninja Woodfire ou votre barbecue \u00e9lectrique.<\/p>\n<p>Hauteur r\u00e9glable<br \/>\nComprend une table d&#8217;appoint pour un espace suppl\u00e9mentaire de pr\u00e9paration des aliments<br \/>\nMaintient votre grill ou votre four en place<br \/>\nN\u00e9cessite un assemblage.<br \/>\nComprend : 1 support r\u00e9glable Ninja Woodfire, 1 table d&#8217;appoint, 4 pieds de support, 14 vis hexagonales, 1 cl\u00e9 hexagonale.<\/p>\n<p><strong>Dimensions<\/strong> : 66 cm x 86 cm x 107 cm<\/p>\n","protected":false},"excerpt":{"rendered":"<p>\u00c9levez votre station de cuisson ext\u00e9rieure vers de nouveaux sommets avec ce support et cette table durables et r\u00e9glables pour<\/p>\n","protected":false},"featured_media":497664,"template":"","meta":{"_acf_changed":false,"inline_featured_image":false},"product_cat":[15660,12449],"product_tag":[13384,24603],"acf":[],"yoast_head":"<!-- This site is optimized with the Yoast SEO Premium plugin v18.6 (Yoast SEO v19.13) - https:\/\/yoast.com\/wordpress\/plugins\/seo\/ -->\n<title>Support universel NINJA Woodifire - Erresse Shop<\/title>\n<meta name=\"description\" content=\"\u00c9levez votre station de cuisson ext\u00e9rieure vers de nouveaux sommets avec ce support et cette table durables et r\u00e9glables pour votre four ext\u00e9rieur Ninja\" \/>\n<meta name=\"robots\" content=\"index, follow, max-snippet:-1, max-image-preview:large, max-video-preview:-1\" \/>\n<link rel=\"canonical\" href=\"https:\/\/www.erresse-shop.it\/fr\/shop\/petits-electromenagers\/fours\/support-universel-ninja-woodifire\/\" \/>\n<meta property=\"og:locale\" content=\"fr_FR\" \/>\n<meta property=\"og:type\" content=\"article\" \/>\n<meta property=\"og:title\" content=\"Support universel NINJA Woodifire\" \/>\n<meta property=\"og:description\" content=\"\u00c9levez votre station de cuisson ext\u00e9rieure vers de nouveaux sommets avec ce support et cette table durables et r\u00e9glables pour votre four ext\u00e9rieur Ninja\" \/>\n<meta property=\"og:url\" content=\"https:\/\/www.erresse-shop.it\/fr\/shop\/petits-electromenagers\/fours\/support-universel-ninja-woodifire\/\" \/>\n<meta property=\"og:site_name\" content=\"Erresse Shop\" \/>\n<meta property=\"article:modified_time\" content=\"2024-10-29T08:20:16+00:00\" \/>\n<meta property=\"og:image\" content=\"https:\/\/www.erresse-shop.it\/wp-content\/uploads\/2024\/05\/NINJA-Woodifire-Stand-Universale.png\" \/>\n\t<meta property=\"og:image:width\" content=\"800\" \/>\n\t<meta property=\"og:image:height\" content=\"800\" \/>\n\t<meta property=\"og:image:type\" content=\"image\/png\" \/>\n<meta name=\"twitter:card\" content=\"summary_large_image\" \/>\n<script type=\"application\/ld+json\" class=\"yoast-schema-graph\">{\"@context\":\"https:\/\/schema.org\",\"@graph\":[{\"@type\":\"WebPage\",\"@id\":\"https:\/\/www.erresse-shop.it\/fr\/shop\/petits-electromenagers\/fours\/support-universel-ninja-woodifire\/\",\"url\":\"https:\/\/www.erresse-shop.it\/fr\/shop\/petits-electromenagers\/fours\/support-universel-ninja-woodifire\/\",\"name\":\"Support universel NINJA Woodifire - Erresse Shop\",\"isPartOf\":{\"@id\":\"https:\/\/www.erresse-shop.it\/fr\/#website\"},\"datePublished\":\"2024-05-13T07:31:33+00:00\",\"dateModified\":\"2024-10-29T08:20:16+00:00\",\"description\":\"\u00c9levez votre station de cuisson ext\u00e9rieure vers de nouveaux sommets avec ce support et cette table durables et r\u00e9glables pour votre four ext\u00e9rieur Ninja\",\"breadcrumb\":{\"@id\":\"https:\/\/www.erresse-shop.it\/fr\/shop\/petits-electromenagers\/fours\/support-universel-ninja-woodifire\/#breadcrumb\"},\"inLanguage\":\"fr-FR\",\"potentialAction\":[{\"@type\":\"ReadAction\",\"target\":[\"https:\/\/www.erresse-shop.it\/fr\/shop\/petits-electromenagers\/fours\/support-universel-ninja-woodifire\/\"]}]},{\"@type\":\"BreadcrumbList\",\"@id\":\"https:\/\/www.erresse-shop.it\/fr\/shop\/petits-electromenagers\/fours\/support-universel-ninja-woodifire\/#breadcrumb\",\"itemListElement\":[{\"@type\":\"ListItem\",\"position\":1,\"name\":\"Home\",\"item\":\"https:\/\/www.erresse-shop.it\/fr\/\"},{\"@type\":\"ListItem\",\"position\":2,\"name\":\"Shop\",\"item\":\"https:\/\/www.erresse-shop.it\/fr\/shop\/\"},{\"@type\":\"ListItem\",\"position\":3,\"name\":\"Support universel NINJA Woodifire\"}]},{\"@type\":\"WebSite\",\"@id\":\"https:\/\/www.erresse-shop.it\/fr\/#website\",\"url\":\"https:\/\/www.erresse-shop.it\/fr\/\",\"name\":\"Erresse Shop\",\"description\":\"Articoli di qualit\u00e0 per la casa\",\"potentialAction\":[{\"@type\":\"SearchAction\",\"target\":{\"@type\":\"EntryPoint\",\"urlTemplate\":\"https:\/\/www.erresse-shop.it\/fr\/?s={search_term_string}\"},\"query-input\":\"required name=search_term_string\"}],\"inLanguage\":\"fr-FR\"}]}<\/script>\n<!-- \/ Yoast SEO Premium plugin. -->","yoast_head_json":{"title":"Support universel NINJA Woodifire - Erresse Shop","description":"\u00c9levez votre station de cuisson ext\u00e9rieure vers de nouveaux sommets avec ce support et cette table durables et r\u00e9glables pour votre four ext\u00e9rieur Ninja","robots":{"index":"index","follow":"follow","max-snippet":"max-snippet:-1","max-image-preview":"max-image-preview:large","max-video-preview":"max-video-preview:-1"},"canonical":"https:\/\/www.erresse-shop.it\/fr\/shop\/petits-electromenagers\/fours\/support-universel-ninja-woodifire\/","og_locale":"fr_FR","og_type":"article","og_title":"Support universel NINJA Woodifire","og_description":"\u00c9levez votre station de cuisson ext\u00e9rieure vers de nouveaux sommets avec ce support et cette table durables et r\u00e9glables pour votre four ext\u00e9rieur Ninja","og_url":"https:\/\/www.erresse-shop.it\/fr\/shop\/petits-electromenagers\/fours\/support-universel-ninja-woodifire\/","og_site_name":"Erresse Shop","article_modified_time":"2024-10-29T08:20:16+00:00","og_image":[{"width":800,"height":800,"url":"https:\/\/www.erresse-shop.it\/wp-content\/uploads\/2024\/05\/NINJA-Woodifire-Stand-Universale.png","type":"image\/png"}],"twitter_card":"summary_large_image","schema":{"@context":"https:\/\/schema.org","@graph":[{"@type":"WebPage","@id":"https:\/\/www.erresse-shop.it\/fr\/shop\/petits-electromenagers\/fours\/support-universel-ninja-woodifire\/","url":"https:\/\/www.erresse-shop.it\/fr\/shop\/petits-electromenagers\/fours\/support-universel-ninja-woodifire\/","name":"Support universel NINJA Woodifire - Erresse Shop","isPartOf":{"@id":"https:\/\/www.erresse-shop.it\/fr\/#website"},"datePublished":"2024-05-13T07:31:33+00:00","dateModified":"2024-10-29T08:20:16+00:00","description":"\u00c9levez votre station de cuisson ext\u00e9rieure vers de nouveaux sommets avec ce support et cette table durables et r\u00e9glables pour votre four ext\u00e9rieur Ninja","breadcrumb":{"@id":"https:\/\/www.erresse-shop.it\/fr\/shop\/petits-electromenagers\/fours\/support-universel-ninja-woodifire\/#breadcrumb"},"inLanguage":"fr-FR","potentialAction":[{"@type":"ReadAction","target":["https:\/\/www.erresse-shop.it\/fr\/shop\/petits-electromenagers\/fours\/support-universel-ninja-woodifire\/"]}]},{"@type":"BreadcrumbList","@id":"https:\/\/www.erresse-shop.it\/fr\/shop\/petits-electromenagers\/fours\/support-universel-ninja-woodifire\/#breadcrumb","itemListElement":[{"@type":"ListItem","position":1,"name":"Home","item":"https:\/\/www.erresse-shop.it\/fr\/"},{"@type":"ListItem","position":2,"name":"Shop","item":"https:\/\/www.erresse-shop.it\/fr\/shop\/"},{"@type":"ListItem","position":3,"name":"Support universel NINJA Woodifire"}]},{"@type":"WebSite","@id":"https:\/\/www.erresse-shop.it\/fr\/#website","url":"https:\/\/www.erresse-shop.it\/fr\/","name":"Erresse Shop","description":"Articoli di qualit\u00e0 per la casa","potentialAction":[{"@type":"SearchAction","target":{"@type":"EntryPoint","urlTemplate":"https:\/\/www.erresse-shop.it\/fr\/?s={search_term_string}"},"query-input":"required name=search_term_string"}],"inLanguage":"fr-FR"}]}},"df_price":149.99,"df_sale_price":149.99,"df_regular_price":149.99,"df_image_link":"https:\/\/www.erresse-shop.it\/wp-content\/uploads\/2024\/05\/NINJA-Woodifire-Stand-Universale-300x300.jpg","_links":{"self":[{"href":"https:\/\/www.erresse-shop.it\/fr\/wp-json\/wp\/v2\/product\/405922"}],"collection":[{"href":"https:\/\/www.erresse-shop.it\/fr\/wp-json\/wp\/v2\/product"}],"about":[{"href":"https:\/\/www.erresse-shop.it\/fr\/wp-json\/wp\/v2\/types\/product"}],"wp:featuredmedia":[{"embeddable":true,"href":"https:\/\/www.erresse-shop.it\/fr\/wp-json\/wp\/v2\/media\/497664"}],"wp:attachment":[{"href":"https:\/\/www.erresse-shop.it\/fr\/wp-json\/wp\/v2\/media?parent=405922"}],"wp:term":[{"taxonomy":"product_cat","embeddable":true,"href":"https:\/\/www.erresse-shop.it\/fr\/wp-json\/wp\/v2\/product_cat?post=405922"},{"taxonomy":"product_tag","embeddable":true,"href":"https:\/\/www.erresse-shop.it\/fr\/wp-json\/wp\/v2\/product_tag?post=405922"}],"curies":[{"name":"wp","href":"https:\/\/api.w.org\/{rel}","templated":true}]}}