{"id":405878,"date":"2024-05-13T06:14:52","date_gmt":"2024-05-13T06:14:56","guid":{"rendered":"https:\/\/www.erresse-shop.it\/?post_type=product&#038;p=405878"},"modified":"2024-05-13T06:30:19","modified_gmt":"2024-05-13T06:30:19","slug":"portmeirion-botanic-garden-panier-18-pieces","status":"publish","type":"product","link":"https:\/\/www.erresse-shop.it\/fr\/shop\/table-fr-2\/paniers-pique-nique\/portmeirion-botanic-garden-panier-18-pieces\/","title":{"rendered":"PORTMEIRION Botanic Garden Panier 18 pi\u00e8ces"},"content":{"rendered":"<p>Jardin botanique, panier en osier contenant un service de table de 18 pi\u00e8ces &#8211; Portmeirion.<\/p>\n<p>Un magnifique service de table parfait pour ceux qui aiment recevoir. Apportez les fleurs d&#8217;un jardin anglais \u00e0 votre table avec ce service de 18 pi\u00e8ces Botanic Garden, compos\u00e9 de six assiettes chacune.<\/p>\n<p>Chaque pi\u00e8ce de l&#8217;ensemble est joliment d\u00e9cor\u00e9e de motifs floraux \u00e9clatants, dont le ch\u00e8vrefeuille, le cam\u00e9lia double et le crocus perle de neige, dans de d\u00e9licieuses nuances de rose, de jaune et de violet.<\/p>\n<p>Dressez votre table avec ce magnifique set et faites entrer l&#8217;ext\u00e9rieur tout au long de l&#8217;ann\u00e9e.<br \/>\nUne merveilleuse addition \u00e0 votre collection de jardins botaniques.<\/p>\n<p><strong>Mat\u00e9riau<\/strong> : terre cuite<\/p>\n<p><strong>Contient<\/strong> :<br \/>\n6 assiettes creuses<br \/>\n6 assiettes plates<br \/>\n6 assiettes \u00e0 fruits<\/p>\n","protected":false},"excerpt":{"rendered":"<p>Jardin botanique, panier en osier contenant un service de table de 18 pi\u00e8ces &#8211; Portmeirion. Un magnifique service de table<\/p>\n","protected":false},"featured_media":459910,"template":"","meta":{"_acf_changed":false,"inline_featured_image":false},"product_cat":[15510,12782],"product_tag":[19356,13169,14288,23910,25021,13485,24603,21821],"acf":[],"yoast_head":"<!-- This site is optimized with the Yoast SEO Premium plugin v18.6 (Yoast SEO v19.13) - https:\/\/yoast.com\/wordpress\/plugins\/seo\/ -->\n<title>PORTMEIRION Botanic Garden Panier 18 pi\u00e8ces - Erresse Shop<\/title>\n<meta name=\"description\" content=\"Jardin botanique, panier en osier contenant un service de table de 18 pi\u00e8ces - Portmeirion. Un magnifique service de table parfait pour ceux qui aiment\" \/>\n<meta name=\"robots\" content=\"index, follow, max-snippet:-1, max-image-preview:large, max-video-preview:-1\" \/>\n<link rel=\"canonical\" href=\"https:\/\/www.erresse-shop.it\/fr\/shop\/table-fr-2\/paniers-pique-nique\/portmeirion-botanic-garden-panier-18-pieces\/\" \/>\n<meta property=\"og:locale\" content=\"fr_FR\" \/>\n<meta property=\"og:type\" content=\"article\" \/>\n<meta property=\"og:title\" content=\"PORTMEIRION Botanic Garden Panier 18 pi\u00e8ces\" \/>\n<meta property=\"og:description\" content=\"Jardin botanique, panier en osier contenant un service de table de 18 pi\u00e8ces - Portmeirion. Un magnifique service de table parfait pour ceux qui aiment\" \/>\n<meta property=\"og:url\" content=\"https:\/\/www.erresse-shop.it\/fr\/shop\/table-fr-2\/paniers-pique-nique\/portmeirion-botanic-garden-panier-18-pieces\/\" \/>\n<meta property=\"og:site_name\" content=\"Erresse Shop\" \/>\n<meta property=\"article:modified_time\" content=\"2024-05-13T06:30:19+00:00\" \/>\n<meta property=\"og:image\" content=\"https:\/\/www.erresse-shop.it\/wp-content\/uploads\/2024\/05\/BG81698M.jpg\" \/>\n\t<meta property=\"og:image:width\" content=\"1400\" \/>\n\t<meta property=\"og:image:height\" content=\"1400\" \/>\n\t<meta property=\"og:image:type\" content=\"image\/jpeg\" \/>\n<meta name=\"twitter:card\" content=\"summary_large_image\" \/>\n<script type=\"application\/ld+json\" class=\"yoast-schema-graph\">{\"@context\":\"https:\/\/schema.org\",\"@graph\":[{\"@type\":\"WebPage\",\"@id\":\"https:\/\/www.erresse-shop.it\/fr\/shop\/table-fr-2\/paniers-pique-nique\/portmeirion-botanic-garden-panier-18-pieces\/\",\"url\":\"https:\/\/www.erresse-shop.it\/fr\/shop\/table-fr-2\/paniers-pique-nique\/portmeirion-botanic-garden-panier-18-pieces\/\",\"name\":\"PORTMEIRION Botanic Garden Panier 18 pi\u00e8ces - Erresse Shop\",\"isPartOf\":{\"@id\":\"https:\/\/www.erresse-shop.it\/fr\/#website\"},\"datePublished\":\"2024-05-13T06:14:56+00:00\",\"dateModified\":\"2024-05-13T06:30:19+00:00\",\"description\":\"Jardin botanique, panier en osier contenant un service de table de 18 pi\u00e8ces - Portmeirion. Un magnifique service de table parfait pour ceux qui aiment\",\"breadcrumb\":{\"@id\":\"https:\/\/www.erresse-shop.it\/fr\/shop\/table-fr-2\/paniers-pique-nique\/portmeirion-botanic-garden-panier-18-pieces\/#breadcrumb\"},\"inLanguage\":\"fr-FR\",\"potentialAction\":[{\"@type\":\"ReadAction\",\"target\":[\"https:\/\/www.erresse-shop.it\/fr\/shop\/table-fr-2\/paniers-pique-nique\/portmeirion-botanic-garden-panier-18-pieces\/\"]}]},{\"@type\":\"BreadcrumbList\",\"@id\":\"https:\/\/www.erresse-shop.it\/fr\/shop\/table-fr-2\/paniers-pique-nique\/portmeirion-botanic-garden-panier-18-pieces\/#breadcrumb\",\"itemListElement\":[{\"@type\":\"ListItem\",\"position\":1,\"name\":\"Home\",\"item\":\"https:\/\/www.erresse-shop.it\/fr\/\"},{\"@type\":\"ListItem\",\"position\":2,\"name\":\"Shop\",\"item\":\"https:\/\/www.erresse-shop.it\/fr\/shop\/\"},{\"@type\":\"ListItem\",\"position\":3,\"name\":\"PORTMEIRION Botanic Garden Panier 18 pi\u00e8ces\"}]},{\"@type\":\"WebSite\",\"@id\":\"https:\/\/www.erresse-shop.it\/fr\/#website\",\"url\":\"https:\/\/www.erresse-shop.it\/fr\/\",\"name\":\"Erresse Shop\",\"description\":\"Articoli di qualit\u00e0 per la casa\",\"potentialAction\":[{\"@type\":\"SearchAction\",\"target\":{\"@type\":\"EntryPoint\",\"urlTemplate\":\"https:\/\/www.erresse-shop.it\/fr\/?s={search_term_string}\"},\"query-input\":\"required name=search_term_string\"}],\"inLanguage\":\"fr-FR\"}]}<\/script>\n<!-- \/ Yoast SEO Premium plugin. -->","yoast_head_json":{"title":"PORTMEIRION Botanic Garden Panier 18 pi\u00e8ces - Erresse Shop","description":"Jardin botanique, panier en osier contenant un service de table de 18 pi\u00e8ces - Portmeirion. Un magnifique service de table parfait pour ceux qui aiment","robots":{"index":"index","follow":"follow","max-snippet":"max-snippet:-1","max-image-preview":"max-image-preview:large","max-video-preview":"max-video-preview:-1"},"canonical":"https:\/\/www.erresse-shop.it\/fr\/shop\/table-fr-2\/paniers-pique-nique\/portmeirion-botanic-garden-panier-18-pieces\/","og_locale":"fr_FR","og_type":"article","og_title":"PORTMEIRION Botanic Garden Panier 18 pi\u00e8ces","og_description":"Jardin botanique, panier en osier contenant un service de table de 18 pi\u00e8ces - Portmeirion. Un magnifique service de table parfait pour ceux qui aiment","og_url":"https:\/\/www.erresse-shop.it\/fr\/shop\/table-fr-2\/paniers-pique-nique\/portmeirion-botanic-garden-panier-18-pieces\/","og_site_name":"Erresse Shop","article_modified_time":"2024-05-13T06:30:19+00:00","og_image":[{"width":1400,"height":1400,"url":"https:\/\/www.erresse-shop.it\/wp-content\/uploads\/2024\/05\/BG81698M.jpg","type":"image\/jpeg"}],"twitter_card":"summary_large_image","schema":{"@context":"https:\/\/schema.org","@graph":[{"@type":"WebPage","@id":"https:\/\/www.erresse-shop.it\/fr\/shop\/table-fr-2\/paniers-pique-nique\/portmeirion-botanic-garden-panier-18-pieces\/","url":"https:\/\/www.erresse-shop.it\/fr\/shop\/table-fr-2\/paniers-pique-nique\/portmeirion-botanic-garden-panier-18-pieces\/","name":"PORTMEIRION Botanic Garden Panier 18 pi\u00e8ces - Erresse Shop","isPartOf":{"@id":"https:\/\/www.erresse-shop.it\/fr\/#website"},"datePublished":"2024-05-13T06:14:56+00:00","dateModified":"2024-05-13T06:30:19+00:00","description":"Jardin botanique, panier en osier contenant un service de table de 18 pi\u00e8ces - Portmeirion. Un magnifique service de table parfait pour ceux qui aiment","breadcrumb":{"@id":"https:\/\/www.erresse-shop.it\/fr\/shop\/table-fr-2\/paniers-pique-nique\/portmeirion-botanic-garden-panier-18-pieces\/#breadcrumb"},"inLanguage":"fr-FR","potentialAction":[{"@type":"ReadAction","target":["https:\/\/www.erresse-shop.it\/fr\/shop\/table-fr-2\/paniers-pique-nique\/portmeirion-botanic-garden-panier-18-pieces\/"]}]},{"@type":"BreadcrumbList","@id":"https:\/\/www.erresse-shop.it\/fr\/shop\/table-fr-2\/paniers-pique-nique\/portmeirion-botanic-garden-panier-18-pieces\/#breadcrumb","itemListElement":[{"@type":"ListItem","position":1,"name":"Home","item":"https:\/\/www.erresse-shop.it\/fr\/"},{"@type":"ListItem","position":2,"name":"Shop","item":"https:\/\/www.erresse-shop.it\/fr\/shop\/"},{"@type":"ListItem","position":3,"name":"PORTMEIRION Botanic Garden Panier 18 pi\u00e8ces"}]},{"@type":"WebSite","@id":"https:\/\/www.erresse-shop.it\/fr\/#website","url":"https:\/\/www.erresse-shop.it\/fr\/","name":"Erresse Shop","description":"Articoli di qualit\u00e0 per la casa","potentialAction":[{"@type":"SearchAction","target":{"@type":"EntryPoint","urlTemplate":"https:\/\/www.erresse-shop.it\/fr\/?s={search_term_string}"},"query-input":"required name=search_term_string"}],"inLanguage":"fr-FR"}]}},"df_price":454.35,"df_sale_price":454.35,"df_regular_price":699,"df_image_link":"https:\/\/www.erresse-shop.it\/wp-content\/uploads\/2024\/05\/PORTMEIRION-Botanic-Garden-Cestino-18-Pezzi-300x300.jpg","_links":{"self":[{"href":"https:\/\/www.erresse-shop.it\/fr\/wp-json\/wp\/v2\/product\/405878"}],"collection":[{"href":"https:\/\/www.erresse-shop.it\/fr\/wp-json\/wp\/v2\/product"}],"about":[{"href":"https:\/\/www.erresse-shop.it\/fr\/wp-json\/wp\/v2\/types\/product"}],"wp:featuredmedia":[{"embeddable":true,"href":"https:\/\/www.erresse-shop.it\/fr\/wp-json\/wp\/v2\/media\/459910"}],"wp:attachment":[{"href":"https:\/\/www.erresse-shop.it\/fr\/wp-json\/wp\/v2\/media?parent=405878"}],"wp:term":[{"taxonomy":"product_cat","embeddable":true,"href":"https:\/\/www.erresse-shop.it\/fr\/wp-json\/wp\/v2\/product_cat?post=405878"},{"taxonomy":"product_tag","embeddable":true,"href":"https:\/\/www.erresse-shop.it\/fr\/wp-json\/wp\/v2\/product_tag?post=405878"}],"curies":[{"name":"wp","href":"https:\/\/api.w.org\/{rel}","templated":true}]}}