{"id":405633,"date":"2024-05-09T06:41:37","date_gmt":"2024-05-09T06:41:41","guid":{"rendered":"https:\/\/www.erresse-shop.it\/?post_type=product&#038;p=405633"},"modified":"2025-12-12T14:37:22","modified_gmt":"2025-12-12T14:37:22","slug":"portmeirion-botanic-garden-service-18-pieces","status":"publish","type":"product","link":"https:\/\/www.erresse-shop.it\/fr\/shop\/table-fr-2\/plats\/portmeirion-botanic-garden-service-18-pieces\/","title":{"rendered":"PORTMEIRION Botanic Garden Service 18 pi\u00e8ces"},"content":{"rendered":"<p>Botanic Garden, service de table 18 pi\u00e8ces &#8211; Portmeirion.<\/p>\n<p>Un magnifique service de table parfait pour ceux qui aiment recevoir. Apportez les fleurs d&#8217;un jardin anglais \u00e0 votre table avec ce service Botanic Garden de 18 pi\u00e8ces, comprenant six assiettes, assiettes d&#8217;accompagnement et bols \u00e0 p\u00e2tes. Chaque pi\u00e8ce de l&#8217;ensemble est joliment d\u00e9cor\u00e9e de motifs floraux \u00e9clatants, dont le ch\u00e8vrefeuille, le cam\u00e9lia double et le crocus perle de neige, dans de d\u00e9licieuses nuances de rose, de jaune et de violet.<\/p>\n<p>Dressez votre table avec ce magnifique set et faites entrer l&#8217;ext\u00e9rieur tout au long de l&#8217;ann\u00e9e.<br \/>\nUne merveilleuse addition \u00e0 votre collection de jardins botaniques.<\/p>\n<p><strong>Mat\u00e9riau<\/strong> : terre cuite<br \/>\n<strong>Plat<\/strong> : 754 g Assiette : 431 g Bol : 518 g<br \/>\n<strong>Dimensions :<\/strong><br \/>\n<strong>Plat<\/strong> : h3,4 cm x l26,7 cm x p26,7 cm<br \/>\n<strong>Assiette<\/strong> : h3 cm x l21,5 cm x p21,5 cm<br \/>\n<strong>Bol<\/strong> : h5 cm x l22 cm x p22 cm<\/p>\n","protected":false},"excerpt":{"rendered":"<p>Botanic Garden, service de table 18 pi\u00e8ces &#8211; Portmeirion. Un magnifique service de table parfait pour ceux qui aiment recevoir.<\/p>\n","protected":false},"featured_media":405637,"template":"","meta":{"_acf_changed":false,"inline_featured_image":false},"product_cat":[12788,12782],"product_tag":[13169,14288,23910,24603,21821],"acf":[],"yoast_head":"<!-- This site is optimized with the Yoast SEO Premium plugin v18.6 (Yoast SEO v19.13) - https:\/\/yoast.com\/wordpress\/plugins\/seo\/ -->\n<title>PORTMEIRION Botanic Garden Service 18 pi\u00e8ces - Erresse Shop<\/title>\n<meta name=\"description\" content=\"Botanic Garden, service de table 18 pi\u00e8ces - Portmeirion. Un magnifique service de table parfait pour ceux qui aiment recevoir. Apportez les fleurs d&#039;un\" \/>\n<meta name=\"robots\" content=\"index, follow, max-snippet:-1, max-image-preview:large, max-video-preview:-1\" \/>\n<link rel=\"canonical\" href=\"https:\/\/www.erresse-shop.it\/fr\/shop\/table-fr-2\/plats\/portmeirion-botanic-garden-service-18-pieces\/\" \/>\n<meta property=\"og:locale\" content=\"fr_FR\" \/>\n<meta property=\"og:type\" content=\"article\" \/>\n<meta property=\"og:title\" content=\"PORTMEIRION Botanic Garden Service 18 pi\u00e8ces\" \/>\n<meta property=\"og:description\" content=\"Botanic Garden, service de table 18 pi\u00e8ces - Portmeirion. Un magnifique service de table parfait pour ceux qui aiment recevoir. Apportez les fleurs d&#039;un\" \/>\n<meta property=\"og:url\" content=\"https:\/\/www.erresse-shop.it\/fr\/shop\/table-fr-2\/plats\/portmeirion-botanic-garden-service-18-pieces\/\" \/>\n<meta property=\"og:site_name\" content=\"Erresse Shop\" \/>\n<meta property=\"article:modified_time\" content=\"2025-12-12T14:37:22+00:00\" \/>\n<meta property=\"og:image\" content=\"https:\/\/www.erresse-shop.it\/wp-content\/uploads\/2024\/05\/botanic-garden-servizio-18-piatti.jpg\" \/>\n\t<meta property=\"og:image:width\" content=\"800\" \/>\n\t<meta property=\"og:image:height\" content=\"800\" \/>\n\t<meta property=\"og:image:type\" content=\"image\/jpeg\" \/>\n<meta name=\"twitter:card\" content=\"summary_large_image\" \/>\n<script type=\"application\/ld+json\" class=\"yoast-schema-graph\">{\"@context\":\"https:\/\/schema.org\",\"@graph\":[{\"@type\":\"WebPage\",\"@id\":\"https:\/\/www.erresse-shop.it\/fr\/shop\/table-fr-2\/plats\/portmeirion-botanic-garden-service-18-pieces\/\",\"url\":\"https:\/\/www.erresse-shop.it\/fr\/shop\/table-fr-2\/plats\/portmeirion-botanic-garden-service-18-pieces\/\",\"name\":\"PORTMEIRION Botanic Garden Service 18 pi\u00e8ces - Erresse Shop\",\"isPartOf\":{\"@id\":\"https:\/\/www.erresse-shop.it\/fr\/#website\"},\"datePublished\":\"2024-05-09T06:41:41+00:00\",\"dateModified\":\"2025-12-12T14:37:22+00:00\",\"description\":\"Botanic Garden, service de table 18 pi\u00e8ces - Portmeirion. Un magnifique service de table parfait pour ceux qui aiment recevoir. Apportez les fleurs d'un\",\"breadcrumb\":{\"@id\":\"https:\/\/www.erresse-shop.it\/fr\/shop\/table-fr-2\/plats\/portmeirion-botanic-garden-service-18-pieces\/#breadcrumb\"},\"inLanguage\":\"fr-FR\",\"potentialAction\":[{\"@type\":\"ReadAction\",\"target\":[\"https:\/\/www.erresse-shop.it\/fr\/shop\/table-fr-2\/plats\/portmeirion-botanic-garden-service-18-pieces\/\"]}]},{\"@type\":\"BreadcrumbList\",\"@id\":\"https:\/\/www.erresse-shop.it\/fr\/shop\/table-fr-2\/plats\/portmeirion-botanic-garden-service-18-pieces\/#breadcrumb\",\"itemListElement\":[{\"@type\":\"ListItem\",\"position\":1,\"name\":\"Home\",\"item\":\"https:\/\/www.erresse-shop.it\/fr\/\"},{\"@type\":\"ListItem\",\"position\":2,\"name\":\"Shop\",\"item\":\"https:\/\/www.erresse-shop.it\/fr\/shop\/\"},{\"@type\":\"ListItem\",\"position\":3,\"name\":\"PORTMEIRION Botanic Garden Service 18 pi\u00e8ces\"}]},{\"@type\":\"WebSite\",\"@id\":\"https:\/\/www.erresse-shop.it\/fr\/#website\",\"url\":\"https:\/\/www.erresse-shop.it\/fr\/\",\"name\":\"Erresse Shop\",\"description\":\"Articoli di qualit\u00e0 per la casa\",\"potentialAction\":[{\"@type\":\"SearchAction\",\"target\":{\"@type\":\"EntryPoint\",\"urlTemplate\":\"https:\/\/www.erresse-shop.it\/fr\/?s={search_term_string}\"},\"query-input\":\"required name=search_term_string\"}],\"inLanguage\":\"fr-FR\"}]}<\/script>\n<!-- \/ Yoast SEO Premium plugin. -->","yoast_head_json":{"title":"PORTMEIRION Botanic Garden Service 18 pi\u00e8ces - Erresse Shop","description":"Botanic Garden, service de table 18 pi\u00e8ces - Portmeirion. Un magnifique service de table parfait pour ceux qui aiment recevoir. Apportez les fleurs d'un","robots":{"index":"index","follow":"follow","max-snippet":"max-snippet:-1","max-image-preview":"max-image-preview:large","max-video-preview":"max-video-preview:-1"},"canonical":"https:\/\/www.erresse-shop.it\/fr\/shop\/table-fr-2\/plats\/portmeirion-botanic-garden-service-18-pieces\/","og_locale":"fr_FR","og_type":"article","og_title":"PORTMEIRION Botanic Garden Service 18 pi\u00e8ces","og_description":"Botanic Garden, service de table 18 pi\u00e8ces - Portmeirion. Un magnifique service de table parfait pour ceux qui aiment recevoir. Apportez les fleurs d'un","og_url":"https:\/\/www.erresse-shop.it\/fr\/shop\/table-fr-2\/plats\/portmeirion-botanic-garden-service-18-pieces\/","og_site_name":"Erresse Shop","article_modified_time":"2025-12-12T14:37:22+00:00","og_image":[{"width":800,"height":800,"url":"https:\/\/www.erresse-shop.it\/wp-content\/uploads\/2024\/05\/botanic-garden-servizio-18-piatti.jpg","type":"image\/jpeg"}],"twitter_card":"summary_large_image","schema":{"@context":"https:\/\/schema.org","@graph":[{"@type":"WebPage","@id":"https:\/\/www.erresse-shop.it\/fr\/shop\/table-fr-2\/plats\/portmeirion-botanic-garden-service-18-pieces\/","url":"https:\/\/www.erresse-shop.it\/fr\/shop\/table-fr-2\/plats\/portmeirion-botanic-garden-service-18-pieces\/","name":"PORTMEIRION Botanic Garden Service 18 pi\u00e8ces - Erresse Shop","isPartOf":{"@id":"https:\/\/www.erresse-shop.it\/fr\/#website"},"datePublished":"2024-05-09T06:41:41+00:00","dateModified":"2025-12-12T14:37:22+00:00","description":"Botanic Garden, service de table 18 pi\u00e8ces - Portmeirion. Un magnifique service de table parfait pour ceux qui aiment recevoir. Apportez les fleurs d'un","breadcrumb":{"@id":"https:\/\/www.erresse-shop.it\/fr\/shop\/table-fr-2\/plats\/portmeirion-botanic-garden-service-18-pieces\/#breadcrumb"},"inLanguage":"fr-FR","potentialAction":[{"@type":"ReadAction","target":["https:\/\/www.erresse-shop.it\/fr\/shop\/table-fr-2\/plats\/portmeirion-botanic-garden-service-18-pieces\/"]}]},{"@type":"BreadcrumbList","@id":"https:\/\/www.erresse-shop.it\/fr\/shop\/table-fr-2\/plats\/portmeirion-botanic-garden-service-18-pieces\/#breadcrumb","itemListElement":[{"@type":"ListItem","position":1,"name":"Home","item":"https:\/\/www.erresse-shop.it\/fr\/"},{"@type":"ListItem","position":2,"name":"Shop","item":"https:\/\/www.erresse-shop.it\/fr\/shop\/"},{"@type":"ListItem","position":3,"name":"PORTMEIRION Botanic Garden Service 18 pi\u00e8ces"}]},{"@type":"WebSite","@id":"https:\/\/www.erresse-shop.it\/fr\/#website","url":"https:\/\/www.erresse-shop.it\/fr\/","name":"Erresse Shop","description":"Articoli di qualit\u00e0 per la casa","potentialAction":[{"@type":"SearchAction","target":{"@type":"EntryPoint","urlTemplate":"https:\/\/www.erresse-shop.it\/fr\/?s={search_term_string}"},"query-input":"required name=search_term_string"}],"inLanguage":"fr-FR"}]}},"df_price":269.95,"df_sale_price":269.95,"df_regular_price":576,"df_image_link":"https:\/\/www.erresse-shop.it\/wp-content\/uploads\/2024\/05\/botanic-garden-servizio-18-piatti-300x300.jpg","_links":{"self":[{"href":"https:\/\/www.erresse-shop.it\/fr\/wp-json\/wp\/v2\/product\/405633"}],"collection":[{"href":"https:\/\/www.erresse-shop.it\/fr\/wp-json\/wp\/v2\/product"}],"about":[{"href":"https:\/\/www.erresse-shop.it\/fr\/wp-json\/wp\/v2\/types\/product"}],"wp:featuredmedia":[{"embeddable":true,"href":"https:\/\/www.erresse-shop.it\/fr\/wp-json\/wp\/v2\/media\/405637"}],"wp:attachment":[{"href":"https:\/\/www.erresse-shop.it\/fr\/wp-json\/wp\/v2\/media?parent=405633"}],"wp:term":[{"taxonomy":"product_cat","embeddable":true,"href":"https:\/\/www.erresse-shop.it\/fr\/wp-json\/wp\/v2\/product_cat?post=405633"},{"taxonomy":"product_tag","embeddable":true,"href":"https:\/\/www.erresse-shop.it\/fr\/wp-json\/wp\/v2\/product_tag?post=405633"}],"curies":[{"name":"wp","href":"https:\/\/api.w.org\/{rel}","templated":true}]}}