{"id":405579,"date":"2024-05-08T14:17:27","date_gmt":"2024-05-08T14:17:32","guid":{"rendered":"https:\/\/www.erresse-shop.it\/?post_type=product&#038;p=405579"},"modified":"2024-05-09T08:18:57","modified_gmt":"2024-05-09T08:18:57","slug":"tenderflame-tulip-14-reactif-porcelaine-ambre-copia","status":"publish","type":"product","link":"https:\/\/www.erresse-shop.it\/fr\/shop\/ameublement-maison\/objets-de-decoration\/tenderflame-tulip-14-reactif-porcelaine-ambre-copia\/","title":{"rendered":"TENDERFLAME Tenderfuel Bio 1 Litre"},"content":{"rendered":"<p>L&#8217;un des principaux avantages de Tenderfuel est sa s\u00e9curit\u00e9. Il est con\u00e7u pour ne pas s\u2019enflammer tout seul, r\u00e9duisant ainsi le risque d\u2019incendie accidentel. Cette caract\u00e9ristique le rend particuli\u00e8rement adapt\u00e9 aux environnements int\u00e9rieurs o\u00f9 la s\u00e9curit\u00e9 est une pr\u00e9occupation majeure. Tenderfuel est non toxique, ce qui est b\u00e9n\u00e9fique \u00e0 la fois pour la sant\u00e9 humaine et pour l&#8217;environnement. En \u00e9tant respectueux de l&#8217;environnement, Tenderfuel s&#8217;aligne sur la demande croissante des consommateurs pour des produits durables. C&#8217;est un choix responsable pour ceux qui sont attentifs \u00e0 l&#8217;environnement. Combin\u00e9 avec notre m\u00e8che brevet\u00e9e en acier inoxydable, il br\u00fble \u00e0 des temp\u00e9ratures sup\u00e9rieures \u00e0 100 degr\u00e9s, cr\u00e9ant une combustion compl\u00e8te. Cela n&#8217;entra\u00eene aucune \u00e9mission de suie, de fum\u00e9e ou d&#8217;odeur, ce qui fait de Tenderflame la flamme environnementale la plus propre au monde.<\/p>\n<p>\u2022 <strong>Capacit\u00e9<\/strong> : 1 litre<br \/>\n\u2022 <strong>Dimensions<\/strong> : 8 cm x 8 cm x 25 cm<\/p>\n","protected":false},"excerpt":{"rendered":"<p>L&#8217;un des principaux avantages de Tenderfuel est sa s\u00e9curit\u00e9. Il est con\u00e7u pour ne pas s\u2019enflammer tout seul, r\u00e9duisant ainsi<\/p>\n","protected":false},"featured_media":520664,"template":"","meta":{"_acf_changed":false,"inline_featured_image":false},"product_cat":[12738,14441],"product_tag":[23910],"acf":[],"yoast_head":"<!-- This site is optimized with the Yoast SEO Premium plugin v18.6 (Yoast SEO v19.13) - https:\/\/yoast.com\/wordpress\/plugins\/seo\/ -->\n<title>TENDERFLAME Tenderfuel Bio 1 Litre - Erresse Shop<\/title>\n<meta name=\"description\" content=\"L&#039;un des principaux avantages de Tenderfuel est sa s\u00e9curit\u00e9. Il est con\u00e7u pour ne pas s\u2019enflammer tout seul, r\u00e9duisant ainsi le risque d\u2019incendie\" \/>\n<meta name=\"robots\" content=\"index, follow, max-snippet:-1, max-image-preview:large, max-video-preview:-1\" \/>\n<link rel=\"canonical\" href=\"https:\/\/www.erresse-shop.it\/fr\/shop\/ameublement-maison\/objets-de-decoration\/tenderflame-tulip-14-reactif-porcelaine-ambre-copia\/\" \/>\n<meta property=\"og:locale\" content=\"fr_FR\" \/>\n<meta property=\"og:type\" content=\"article\" \/>\n<meta property=\"og:title\" content=\"TENDERFLAME Tenderfuel Bio 1 Litre\" \/>\n<meta property=\"og:description\" content=\"L&#039;un des principaux avantages de Tenderfuel est sa s\u00e9curit\u00e9. Il est con\u00e7u pour ne pas s\u2019enflammer tout seul, r\u00e9duisant ainsi le risque d\u2019incendie\" \/>\n<meta property=\"og:url\" content=\"https:\/\/www.erresse-shop.it\/fr\/shop\/ameublement-maison\/objets-de-decoration\/tenderflame-tulip-14-reactif-porcelaine-ambre-copia\/\" \/>\n<meta property=\"og:site_name\" content=\"Erresse Shop\" \/>\n<meta property=\"article:modified_time\" content=\"2024-05-09T08:18:57+00:00\" \/>\n<meta property=\"og:image\" content=\"https:\/\/www.erresse-shop.it\/wp-content\/uploads\/2024\/05\/Tenderflame-Tenderfuel-Biologico-1-Litro.png\" \/>\n\t<meta property=\"og:image:width\" content=\"800\" \/>\n\t<meta property=\"og:image:height\" content=\"800\" \/>\n\t<meta property=\"og:image:type\" content=\"image\/png\" \/>\n<meta name=\"twitter:card\" content=\"summary_large_image\" \/>\n<script type=\"application\/ld+json\" class=\"yoast-schema-graph\">{\"@context\":\"https:\/\/schema.org\",\"@graph\":[{\"@type\":\"WebPage\",\"@id\":\"https:\/\/www.erresse-shop.it\/fr\/shop\/ameublement-maison\/objets-de-decoration\/tenderflame-tulip-14-reactif-porcelaine-ambre-copia\/\",\"url\":\"https:\/\/www.erresse-shop.it\/fr\/shop\/ameublement-maison\/objets-de-decoration\/tenderflame-tulip-14-reactif-porcelaine-ambre-copia\/\",\"name\":\"TENDERFLAME Tenderfuel Bio 1 Litre - Erresse Shop\",\"isPartOf\":{\"@id\":\"https:\/\/www.erresse-shop.it\/fr\/#website\"},\"datePublished\":\"2024-05-08T14:17:32+00:00\",\"dateModified\":\"2024-05-09T08:18:57+00:00\",\"description\":\"L'un des principaux avantages de Tenderfuel est sa s\u00e9curit\u00e9. Il est con\u00e7u pour ne pas s\u2019enflammer tout seul, r\u00e9duisant ainsi le risque d\u2019incendie\",\"breadcrumb\":{\"@id\":\"https:\/\/www.erresse-shop.it\/fr\/shop\/ameublement-maison\/objets-de-decoration\/tenderflame-tulip-14-reactif-porcelaine-ambre-copia\/#breadcrumb\"},\"inLanguage\":\"fr-FR\",\"potentialAction\":[{\"@type\":\"ReadAction\",\"target\":[\"https:\/\/www.erresse-shop.it\/fr\/shop\/ameublement-maison\/objets-de-decoration\/tenderflame-tulip-14-reactif-porcelaine-ambre-copia\/\"]}]},{\"@type\":\"BreadcrumbList\",\"@id\":\"https:\/\/www.erresse-shop.it\/fr\/shop\/ameublement-maison\/objets-de-decoration\/tenderflame-tulip-14-reactif-porcelaine-ambre-copia\/#breadcrumb\",\"itemListElement\":[{\"@type\":\"ListItem\",\"position\":1,\"name\":\"Home\",\"item\":\"https:\/\/www.erresse-shop.it\/fr\/\"},{\"@type\":\"ListItem\",\"position\":2,\"name\":\"Shop\",\"item\":\"https:\/\/www.erresse-shop.it\/fr\/shop\/\"},{\"@type\":\"ListItem\",\"position\":3,\"name\":\"TENDERFLAME Tenderfuel Bio 1 Litre\"}]},{\"@type\":\"WebSite\",\"@id\":\"https:\/\/www.erresse-shop.it\/fr\/#website\",\"url\":\"https:\/\/www.erresse-shop.it\/fr\/\",\"name\":\"Erresse Shop\",\"description\":\"Articoli di qualit\u00e0 per la casa\",\"potentialAction\":[{\"@type\":\"SearchAction\",\"target\":{\"@type\":\"EntryPoint\",\"urlTemplate\":\"https:\/\/www.erresse-shop.it\/fr\/?s={search_term_string}\"},\"query-input\":\"required name=search_term_string\"}],\"inLanguage\":\"fr-FR\"}]}<\/script>\n<!-- \/ Yoast SEO Premium plugin. -->","yoast_head_json":{"title":"TENDERFLAME Tenderfuel Bio 1 Litre - Erresse Shop","description":"L'un des principaux avantages de Tenderfuel est sa s\u00e9curit\u00e9. Il est con\u00e7u pour ne pas s\u2019enflammer tout seul, r\u00e9duisant ainsi le risque d\u2019incendie","robots":{"index":"index","follow":"follow","max-snippet":"max-snippet:-1","max-image-preview":"max-image-preview:large","max-video-preview":"max-video-preview:-1"},"canonical":"https:\/\/www.erresse-shop.it\/fr\/shop\/ameublement-maison\/objets-de-decoration\/tenderflame-tulip-14-reactif-porcelaine-ambre-copia\/","og_locale":"fr_FR","og_type":"article","og_title":"TENDERFLAME Tenderfuel Bio 1 Litre","og_description":"L'un des principaux avantages de Tenderfuel est sa s\u00e9curit\u00e9. Il est con\u00e7u pour ne pas s\u2019enflammer tout seul, r\u00e9duisant ainsi le risque d\u2019incendie","og_url":"https:\/\/www.erresse-shop.it\/fr\/shop\/ameublement-maison\/objets-de-decoration\/tenderflame-tulip-14-reactif-porcelaine-ambre-copia\/","og_site_name":"Erresse Shop","article_modified_time":"2024-05-09T08:18:57+00:00","og_image":[{"width":800,"height":800,"url":"https:\/\/www.erresse-shop.it\/wp-content\/uploads\/2024\/05\/Tenderflame-Tenderfuel-Biologico-1-Litro.png","type":"image\/png"}],"twitter_card":"summary_large_image","schema":{"@context":"https:\/\/schema.org","@graph":[{"@type":"WebPage","@id":"https:\/\/www.erresse-shop.it\/fr\/shop\/ameublement-maison\/objets-de-decoration\/tenderflame-tulip-14-reactif-porcelaine-ambre-copia\/","url":"https:\/\/www.erresse-shop.it\/fr\/shop\/ameublement-maison\/objets-de-decoration\/tenderflame-tulip-14-reactif-porcelaine-ambre-copia\/","name":"TENDERFLAME Tenderfuel Bio 1 Litre - Erresse Shop","isPartOf":{"@id":"https:\/\/www.erresse-shop.it\/fr\/#website"},"datePublished":"2024-05-08T14:17:32+00:00","dateModified":"2024-05-09T08:18:57+00:00","description":"L'un des principaux avantages de Tenderfuel est sa s\u00e9curit\u00e9. Il est con\u00e7u pour ne pas s\u2019enflammer tout seul, r\u00e9duisant ainsi le risque d\u2019incendie","breadcrumb":{"@id":"https:\/\/www.erresse-shop.it\/fr\/shop\/ameublement-maison\/objets-de-decoration\/tenderflame-tulip-14-reactif-porcelaine-ambre-copia\/#breadcrumb"},"inLanguage":"fr-FR","potentialAction":[{"@type":"ReadAction","target":["https:\/\/www.erresse-shop.it\/fr\/shop\/ameublement-maison\/objets-de-decoration\/tenderflame-tulip-14-reactif-porcelaine-ambre-copia\/"]}]},{"@type":"BreadcrumbList","@id":"https:\/\/www.erresse-shop.it\/fr\/shop\/ameublement-maison\/objets-de-decoration\/tenderflame-tulip-14-reactif-porcelaine-ambre-copia\/#breadcrumb","itemListElement":[{"@type":"ListItem","position":1,"name":"Home","item":"https:\/\/www.erresse-shop.it\/fr\/"},{"@type":"ListItem","position":2,"name":"Shop","item":"https:\/\/www.erresse-shop.it\/fr\/shop\/"},{"@type":"ListItem","position":3,"name":"TENDERFLAME Tenderfuel Bio 1 Litre"}]},{"@type":"WebSite","@id":"https:\/\/www.erresse-shop.it\/fr\/#website","url":"https:\/\/www.erresse-shop.it\/fr\/","name":"Erresse Shop","description":"Articoli di qualit\u00e0 per la casa","potentialAction":[{"@type":"SearchAction","target":{"@type":"EntryPoint","urlTemplate":"https:\/\/www.erresse-shop.it\/fr\/?s={search_term_string}"},"query-input":"required name=search_term_string"}],"inLanguage":"fr-FR"}]}},"df_price":12.99,"df_sale_price":12.99,"df_regular_price":12.99,"df_image_link":"https:\/\/www.erresse-shop.it\/wp-content\/uploads\/2024\/05\/TENDERFLAME-Tenderfuel-Biologico-1-Litro-300x300.jpg","_links":{"self":[{"href":"https:\/\/www.erresse-shop.it\/fr\/wp-json\/wp\/v2\/product\/405579"}],"collection":[{"href":"https:\/\/www.erresse-shop.it\/fr\/wp-json\/wp\/v2\/product"}],"about":[{"href":"https:\/\/www.erresse-shop.it\/fr\/wp-json\/wp\/v2\/types\/product"}],"wp:featuredmedia":[{"embeddable":true,"href":"https:\/\/www.erresse-shop.it\/fr\/wp-json\/wp\/v2\/media\/520664"}],"wp:attachment":[{"href":"https:\/\/www.erresse-shop.it\/fr\/wp-json\/wp\/v2\/media?parent=405579"}],"wp:term":[{"taxonomy":"product_cat","embeddable":true,"href":"https:\/\/www.erresse-shop.it\/fr\/wp-json\/wp\/v2\/product_cat?post=405579"},{"taxonomy":"product_tag","embeddable":true,"href":"https:\/\/www.erresse-shop.it\/fr\/wp-json\/wp\/v2\/product_tag?post=405579"}],"curies":[{"name":"wp","href":"https:\/\/api.w.org\/{rel}","templated":true}]}}