{"id":405263,"date":"2024-05-08T07:40:07","date_gmt":"2024-05-08T07:40:13","guid":{"rendered":"https:\/\/www.erresse-shop.it\/?post_type=product&#038;p=405263"},"modified":"2024-05-09T07:45:16","modified_gmt":"2024-05-09T07:45:16","slug":"demeyere-wok-26-cm-copia","status":"publish","type":"product","link":"https:\/\/www.erresse-shop.it\/fr\/shop\/ameublement-maison\/objets-de-decoration\/demeyere-wok-26-cm-copia\/","title":{"rendered":"TENDERFLAME Tulip 14 Porcelaine r\u00e9active verte"},"content":{"rendered":"<p>Bougies de table rechargeables avec liquide sp\u00e9cial TenderFuel. Elles sont id\u00e9ales pour cr\u00e9er une atmosph\u00e8re accueillante dans la maison et dans tout autre environnement, gr\u00e2ce \u00e0 leur flamme vive qui br\u00fble de mani\u00e8re plus s\u00fbre et plus responsable que toute autre flamme similaire.<\/p>\n<p>\u2022 M\u00e8che de 5 cm<br \/>\n\u2022 <strong>Capacit\u00e9<\/strong> : 0,25 litre<br \/>\n\u2022 <strong>Puissance<\/strong> : 500 watts<br \/>\n\u2022 <strong>Dur\u00e9e<\/strong> : 4 \u00e0 5 heures<br \/>\n\u2022 <strong>Dimensions<\/strong> : 14,1 cm x 14,1 cm x 12,5 cm<br \/>\n\u2022 <strong>Mat\u00e9riau<\/strong> : Porcelaine \u00e9maill\u00e9e r\u00e9active<\/p>\n","protected":false},"excerpt":{"rendered":"<p>Bougies de table rechargeables avec liquide sp\u00e9cial TenderFuel. Elles sont id\u00e9ales pour cr\u00e9er une atmosph\u00e8re accueillante dans la maison et<\/p>\n","protected":false},"featured_media":461809,"template":"","meta":{"_acf_changed":false,"inline_featured_image":false},"product_cat":[12738,14441],"product_tag":[23910],"acf":[],"yoast_head":"<!-- This site is optimized with the Yoast SEO Premium plugin v18.6 (Yoast SEO v19.13) - https:\/\/yoast.com\/wordpress\/plugins\/seo\/ -->\n<title>TENDERFLAME Tulip 14 Porcelaine r\u00e9active verte - Erresse Shop<\/title>\n<meta name=\"description\" content=\"Bougies de table rechargeables avec liquide sp\u00e9cial TenderFuel. Elles sont id\u00e9ales pour cr\u00e9er une atmosph\u00e8re accueillante dans la maison et dans tout\" \/>\n<meta name=\"robots\" content=\"index, follow, max-snippet:-1, max-image-preview:large, max-video-preview:-1\" \/>\n<link rel=\"canonical\" href=\"https:\/\/www.erresse-shop.it\/fr\/shop\/ameublement-maison\/objets-de-decoration\/demeyere-wok-26-cm-copia\/\" \/>\n<meta property=\"og:locale\" content=\"fr_FR\" \/>\n<meta property=\"og:type\" content=\"article\" \/>\n<meta property=\"og:title\" content=\"TENDERFLAME Tulip 14 Porcelaine r\u00e9active verte\" \/>\n<meta property=\"og:description\" content=\"Bougies de table rechargeables avec liquide sp\u00e9cial TenderFuel. Elles sont id\u00e9ales pour cr\u00e9er une atmosph\u00e8re accueillante dans la maison et dans tout\" \/>\n<meta property=\"og:url\" content=\"https:\/\/www.erresse-shop.it\/fr\/shop\/ameublement-maison\/objets-de-decoration\/demeyere-wok-26-cm-copia\/\" \/>\n<meta property=\"og:site_name\" content=\"Erresse Shop\" \/>\n<meta property=\"article:modified_time\" content=\"2024-05-09T07:45:16+00:00\" \/>\n<meta property=\"og:image\" content=\"https:\/\/www.erresse-shop.it\/wp-content\/uploads\/2024\/05\/TENDERFLAME-Tulip-14-Porcellana-Reattiva-Verde.jpg\" \/>\n\t<meta property=\"og:image:width\" content=\"1200\" \/>\n\t<meta property=\"og:image:height\" content=\"1200\" \/>\n\t<meta property=\"og:image:type\" content=\"image\/jpeg\" \/>\n<meta name=\"twitter:card\" content=\"summary_large_image\" \/>\n<script type=\"application\/ld+json\" class=\"yoast-schema-graph\">{\"@context\":\"https:\/\/schema.org\",\"@graph\":[{\"@type\":\"WebPage\",\"@id\":\"https:\/\/www.erresse-shop.it\/fr\/shop\/ameublement-maison\/objets-de-decoration\/demeyere-wok-26-cm-copia\/\",\"url\":\"https:\/\/www.erresse-shop.it\/fr\/shop\/ameublement-maison\/objets-de-decoration\/demeyere-wok-26-cm-copia\/\",\"name\":\"TENDERFLAME Tulip 14 Porcelaine r\u00e9active verte - Erresse Shop\",\"isPartOf\":{\"@id\":\"https:\/\/www.erresse-shop.it\/fr\/#website\"},\"datePublished\":\"2024-05-08T07:40:13+00:00\",\"dateModified\":\"2024-05-09T07:45:16+00:00\",\"description\":\"Bougies de table rechargeables avec liquide sp\u00e9cial TenderFuel. Elles sont id\u00e9ales pour cr\u00e9er une atmosph\u00e8re accueillante dans la maison et dans tout\",\"breadcrumb\":{\"@id\":\"https:\/\/www.erresse-shop.it\/fr\/shop\/ameublement-maison\/objets-de-decoration\/demeyere-wok-26-cm-copia\/#breadcrumb\"},\"inLanguage\":\"fr-FR\",\"potentialAction\":[{\"@type\":\"ReadAction\",\"target\":[\"https:\/\/www.erresse-shop.it\/fr\/shop\/ameublement-maison\/objets-de-decoration\/demeyere-wok-26-cm-copia\/\"]}]},{\"@type\":\"BreadcrumbList\",\"@id\":\"https:\/\/www.erresse-shop.it\/fr\/shop\/ameublement-maison\/objets-de-decoration\/demeyere-wok-26-cm-copia\/#breadcrumb\",\"itemListElement\":[{\"@type\":\"ListItem\",\"position\":1,\"name\":\"Home\",\"item\":\"https:\/\/www.erresse-shop.it\/fr\/\"},{\"@type\":\"ListItem\",\"position\":2,\"name\":\"Shop\",\"item\":\"https:\/\/www.erresse-shop.it\/fr\/shop\/\"},{\"@type\":\"ListItem\",\"position\":3,\"name\":\"TENDERFLAME Tulip 14 Porcelaine r\u00e9active verte\"}]},{\"@type\":\"WebSite\",\"@id\":\"https:\/\/www.erresse-shop.it\/fr\/#website\",\"url\":\"https:\/\/www.erresse-shop.it\/fr\/\",\"name\":\"Erresse Shop\",\"description\":\"Articoli di qualit\u00e0 per la casa\",\"potentialAction\":[{\"@type\":\"SearchAction\",\"target\":{\"@type\":\"EntryPoint\",\"urlTemplate\":\"https:\/\/www.erresse-shop.it\/fr\/?s={search_term_string}\"},\"query-input\":\"required name=search_term_string\"}],\"inLanguage\":\"fr-FR\"}]}<\/script>\n<!-- \/ Yoast SEO Premium plugin. -->","yoast_head_json":{"title":"TENDERFLAME Tulip 14 Porcelaine r\u00e9active verte - Erresse Shop","description":"Bougies de table rechargeables avec liquide sp\u00e9cial TenderFuel. Elles sont id\u00e9ales pour cr\u00e9er une atmosph\u00e8re accueillante dans la maison et dans tout","robots":{"index":"index","follow":"follow","max-snippet":"max-snippet:-1","max-image-preview":"max-image-preview:large","max-video-preview":"max-video-preview:-1"},"canonical":"https:\/\/www.erresse-shop.it\/fr\/shop\/ameublement-maison\/objets-de-decoration\/demeyere-wok-26-cm-copia\/","og_locale":"fr_FR","og_type":"article","og_title":"TENDERFLAME Tulip 14 Porcelaine r\u00e9active verte","og_description":"Bougies de table rechargeables avec liquide sp\u00e9cial TenderFuel. Elles sont id\u00e9ales pour cr\u00e9er une atmosph\u00e8re accueillante dans la maison et dans tout","og_url":"https:\/\/www.erresse-shop.it\/fr\/shop\/ameublement-maison\/objets-de-decoration\/demeyere-wok-26-cm-copia\/","og_site_name":"Erresse Shop","article_modified_time":"2024-05-09T07:45:16+00:00","og_image":[{"width":1200,"height":1200,"url":"https:\/\/www.erresse-shop.it\/wp-content\/uploads\/2024\/05\/TENDERFLAME-Tulip-14-Porcellana-Reattiva-Verde.jpg","type":"image\/jpeg"}],"twitter_card":"summary_large_image","schema":{"@context":"https:\/\/schema.org","@graph":[{"@type":"WebPage","@id":"https:\/\/www.erresse-shop.it\/fr\/shop\/ameublement-maison\/objets-de-decoration\/demeyere-wok-26-cm-copia\/","url":"https:\/\/www.erresse-shop.it\/fr\/shop\/ameublement-maison\/objets-de-decoration\/demeyere-wok-26-cm-copia\/","name":"TENDERFLAME Tulip 14 Porcelaine r\u00e9active verte - Erresse Shop","isPartOf":{"@id":"https:\/\/www.erresse-shop.it\/fr\/#website"},"datePublished":"2024-05-08T07:40:13+00:00","dateModified":"2024-05-09T07:45:16+00:00","description":"Bougies de table rechargeables avec liquide sp\u00e9cial TenderFuel. Elles sont id\u00e9ales pour cr\u00e9er une atmosph\u00e8re accueillante dans la maison et dans tout","breadcrumb":{"@id":"https:\/\/www.erresse-shop.it\/fr\/shop\/ameublement-maison\/objets-de-decoration\/demeyere-wok-26-cm-copia\/#breadcrumb"},"inLanguage":"fr-FR","potentialAction":[{"@type":"ReadAction","target":["https:\/\/www.erresse-shop.it\/fr\/shop\/ameublement-maison\/objets-de-decoration\/demeyere-wok-26-cm-copia\/"]}]},{"@type":"BreadcrumbList","@id":"https:\/\/www.erresse-shop.it\/fr\/shop\/ameublement-maison\/objets-de-decoration\/demeyere-wok-26-cm-copia\/#breadcrumb","itemListElement":[{"@type":"ListItem","position":1,"name":"Home","item":"https:\/\/www.erresse-shop.it\/fr\/"},{"@type":"ListItem","position":2,"name":"Shop","item":"https:\/\/www.erresse-shop.it\/fr\/shop\/"},{"@type":"ListItem","position":3,"name":"TENDERFLAME Tulip 14 Porcelaine r\u00e9active verte"}]},{"@type":"WebSite","@id":"https:\/\/www.erresse-shop.it\/fr\/#website","url":"https:\/\/www.erresse-shop.it\/fr\/","name":"Erresse Shop","description":"Articoli di qualit\u00e0 per la casa","potentialAction":[{"@type":"SearchAction","target":{"@type":"EntryPoint","urlTemplate":"https:\/\/www.erresse-shop.it\/fr\/?s={search_term_string}"},"query-input":"required name=search_term_string"}],"inLanguage":"fr-FR"}]}},"df_price":89.9,"df_sale_price":89.9,"df_regular_price":89.9,"df_image_link":"https:\/\/www.erresse-shop.it\/wp-content\/uploads\/2024\/05\/TENDERFLAME-Tulip-14-Porcellana-Reattiva-Verde-300x300.jpg","_links":{"self":[{"href":"https:\/\/www.erresse-shop.it\/fr\/wp-json\/wp\/v2\/product\/405263"}],"collection":[{"href":"https:\/\/www.erresse-shop.it\/fr\/wp-json\/wp\/v2\/product"}],"about":[{"href":"https:\/\/www.erresse-shop.it\/fr\/wp-json\/wp\/v2\/types\/product"}],"wp:featuredmedia":[{"embeddable":true,"href":"https:\/\/www.erresse-shop.it\/fr\/wp-json\/wp\/v2\/media\/461809"}],"wp:attachment":[{"href":"https:\/\/www.erresse-shop.it\/fr\/wp-json\/wp\/v2\/media?parent=405263"}],"wp:term":[{"taxonomy":"product_cat","embeddable":true,"href":"https:\/\/www.erresse-shop.it\/fr\/wp-json\/wp\/v2\/product_cat?post=405263"},{"taxonomy":"product_tag","embeddable":true,"href":"https:\/\/www.erresse-shop.it\/fr\/wp-json\/wp\/v2\/product_tag?post=405263"}],"curies":[{"name":"wp","href":"https:\/\/api.w.org\/{rel}","templated":true}]}}