{"id":405153,"date":"2024-05-07T14:20:50","date_gmt":"2024-05-07T14:20:56","guid":{"rendered":"https:\/\/www.erresse-shop.it\/?post_type=product&#038;p=405153"},"modified":"2026-01-11T07:01:28","modified_gmt":"2026-01-11T07:01:28","slug":"bordallo-pinheiro-saladier-noix-de-coco-copia-2","status":"publish","type":"product","link":"https:\/\/www.erresse-shop.it\/fr\/shop\/table-fr-2\/plats\/bordallo-pinheiro-saladier-noix-de-coco-copia-2\/","title":{"rendered":"BORDALLO PINHEIRO Set de 4 Assiettes \u00e0 Dessert Dahlia Maria Flor"},"content":{"rendered":"<p>Avec la collection Maria Flor, les fleurs s&#8217;invitent \u00e0 votre table. Dahlias, roses et marguerites, les pi\u00e8ces sont minutieusement travaill\u00e9es pour reproduire chaque d\u00e9tail, \u00e0 la mani\u00e8re de v\u00e9ritables compositions florales. Bordallo Pinheiro parvient \u00e0 allier couleur, nature et raffinement avec des pi\u00e8ces en terre cuite utiles au quotidien, mais qui sont aussi de v\u00e9ritables \u0153uvres d&#8217;art. Cette collection contemporaine, inspir\u00e9e du printemps et de la campagne, comprend des assiettes, des saladiers mais aussi de grandes assiettes et bols.<\/p>\n<p><strong>Dimensions<\/strong> : 22 cm x 22 cm x 2 cm<br \/>\n<strong>Mat\u00e9riau<\/strong> : terre cuite<\/p>\n","protected":false},"excerpt":{"rendered":"<p>Avec la collection Maria Flor, les fleurs s&#8217;invitent \u00e0 votre table. Dahlias, roses et marguerites, les pi\u00e8ces sont minutieusement travaill\u00e9es<\/p>\n","protected":false},"featured_media":456345,"template":"","meta":{"_acf_changed":false,"inline_featured_image":false},"product_cat":[12788,12782],"product_tag":[25036,23910,14285,25021,19357,24603],"acf":[],"yoast_head":"<!-- This site is optimized with the Yoast SEO Premium plugin v18.6 (Yoast SEO v19.13) - https:\/\/yoast.com\/wordpress\/plugins\/seo\/ -->\n<title>BORDALLO PINHEIRO Set de 4 Assiettes \u00e0 Dessert Dahlia Maria Flor<\/title>\n<meta name=\"description\" content=\"D\u00e9couvrez BORDALLO PINHEIRO Set de 4 Assiettes \u00e0 Dessert Dahlia Maria Flor sur ErresseShop. Qualit\u00e9, prix r\u00e9duits et achat s\u00e9curis\u00e9 \u2013 commandez d\u00e8s maintenant en ligne !\" \/>\n<meta name=\"robots\" content=\"index, follow, max-snippet:-1, max-image-preview:large, max-video-preview:-1\" \/>\n<link rel=\"canonical\" href=\"https:\/\/www.erresse-shop.it\/fr\/shop\/table-fr-2\/plats\/bordallo-pinheiro-saladier-noix-de-coco-copia-2\/\" \/>\n<meta property=\"og:locale\" content=\"fr_FR\" \/>\n<meta property=\"og:type\" content=\"article\" \/>\n<meta property=\"og:title\" content=\"BORDALLO PINHEIRO Set de 4 Assiettes \u00e0 Dessert Dahlia Maria Flor\" \/>\n<meta property=\"og:description\" content=\"D\u00e9couvrez BORDALLO PINHEIRO Set de 4 Assiettes \u00e0 Dessert Dahlia Maria Flor sur ErresseShop. Qualit\u00e9, prix r\u00e9duits et achat s\u00e9curis\u00e9 \u2013 commandez d\u00e8s maintenant en ligne !\" \/>\n<meta property=\"og:url\" content=\"https:\/\/www.erresse-shop.it\/fr\/shop\/table-fr-2\/plats\/bordallo-pinheiro-saladier-noix-de-coco-copia-2\/\" \/>\n<meta property=\"og:site_name\" content=\"Erresse Shop\" \/>\n<meta property=\"article:modified_time\" content=\"2026-01-11T07:01:28+00:00\" \/>\n<meta property=\"og:image\" content=\"https:\/\/www.erresse-shop.it\/wp-content\/uploads\/2024\/05\/BORDALLO-PINHEIRO-Set-4-Piatti-Dessert-Dahlia-Maria-Flor.jpg\" \/>\n\t<meta property=\"og:image:width\" content=\"1200\" \/>\n\t<meta property=\"og:image:height\" content=\"1200\" \/>\n\t<meta property=\"og:image:type\" content=\"image\/jpeg\" \/>\n<meta name=\"twitter:card\" content=\"summary_large_image\" \/>\n<script type=\"application\/ld+json\" class=\"yoast-schema-graph\">{\"@context\":\"https:\/\/schema.org\",\"@graph\":[{\"@type\":\"WebPage\",\"@id\":\"https:\/\/www.erresse-shop.it\/fr\/shop\/table-fr-2\/plats\/bordallo-pinheiro-saladier-noix-de-coco-copia-2\/\",\"url\":\"https:\/\/www.erresse-shop.it\/fr\/shop\/table-fr-2\/plats\/bordallo-pinheiro-saladier-noix-de-coco-copia-2\/\",\"name\":\"BORDALLO PINHEIRO Set de 4 Assiettes \u00e0 Dessert Dahlia Maria Flor\",\"isPartOf\":{\"@id\":\"https:\/\/www.erresse-shop.it\/fr\/#website\"},\"datePublished\":\"2024-05-07T14:20:56+00:00\",\"dateModified\":\"2026-01-11T07:01:28+00:00\",\"description\":\"D\u00e9couvrez BORDALLO PINHEIRO Set de 4 Assiettes \u00e0 Dessert Dahlia Maria Flor sur ErresseShop. Qualit\u00e9, prix r\u00e9duits et achat s\u00e9curis\u00e9 \u2013 commandez d\u00e8s maintenant en ligne !\",\"breadcrumb\":{\"@id\":\"https:\/\/www.erresse-shop.it\/fr\/shop\/table-fr-2\/plats\/bordallo-pinheiro-saladier-noix-de-coco-copia-2\/#breadcrumb\"},\"inLanguage\":\"fr-FR\",\"potentialAction\":[{\"@type\":\"ReadAction\",\"target\":[\"https:\/\/www.erresse-shop.it\/fr\/shop\/table-fr-2\/plats\/bordallo-pinheiro-saladier-noix-de-coco-copia-2\/\"]}]},{\"@type\":\"BreadcrumbList\",\"@id\":\"https:\/\/www.erresse-shop.it\/fr\/shop\/table-fr-2\/plats\/bordallo-pinheiro-saladier-noix-de-coco-copia-2\/#breadcrumb\",\"itemListElement\":[{\"@type\":\"ListItem\",\"position\":1,\"name\":\"Home\",\"item\":\"https:\/\/www.erresse-shop.it\/fr\/\"},{\"@type\":\"ListItem\",\"position\":2,\"name\":\"Shop\",\"item\":\"https:\/\/www.erresse-shop.it\/fr\/shop\/\"},{\"@type\":\"ListItem\",\"position\":3,\"name\":\"BORDALLO PINHEIRO Set de 4 Assiettes \u00e0 Dessert Dahlia Maria Flor\"}]},{\"@type\":\"WebSite\",\"@id\":\"https:\/\/www.erresse-shop.it\/fr\/#website\",\"url\":\"https:\/\/www.erresse-shop.it\/fr\/\",\"name\":\"Erresse Shop\",\"description\":\"Articoli di qualit\u00e0 per la casa\",\"potentialAction\":[{\"@type\":\"SearchAction\",\"target\":{\"@type\":\"EntryPoint\",\"urlTemplate\":\"https:\/\/www.erresse-shop.it\/fr\/?s={search_term_string}\"},\"query-input\":\"required name=search_term_string\"}],\"inLanguage\":\"fr-FR\"}]}<\/script>\n<!-- \/ Yoast SEO Premium plugin. -->","yoast_head_json":{"title":"BORDALLO PINHEIRO Set de 4 Assiettes \u00e0 Dessert Dahlia Maria Flor","description":"D\u00e9couvrez BORDALLO PINHEIRO Set de 4 Assiettes \u00e0 Dessert Dahlia Maria Flor sur ErresseShop. Qualit\u00e9, prix r\u00e9duits et achat s\u00e9curis\u00e9 \u2013 commandez d\u00e8s maintenant en ligne !","robots":{"index":"index","follow":"follow","max-snippet":"max-snippet:-1","max-image-preview":"max-image-preview:large","max-video-preview":"max-video-preview:-1"},"canonical":"https:\/\/www.erresse-shop.it\/fr\/shop\/table-fr-2\/plats\/bordallo-pinheiro-saladier-noix-de-coco-copia-2\/","og_locale":"fr_FR","og_type":"article","og_title":"BORDALLO PINHEIRO Set de 4 Assiettes \u00e0 Dessert Dahlia Maria Flor","og_description":"D\u00e9couvrez BORDALLO PINHEIRO Set de 4 Assiettes \u00e0 Dessert Dahlia Maria Flor sur ErresseShop. Qualit\u00e9, prix r\u00e9duits et achat s\u00e9curis\u00e9 \u2013 commandez d\u00e8s maintenant en ligne !","og_url":"https:\/\/www.erresse-shop.it\/fr\/shop\/table-fr-2\/plats\/bordallo-pinheiro-saladier-noix-de-coco-copia-2\/","og_site_name":"Erresse Shop","article_modified_time":"2026-01-11T07:01:28+00:00","og_image":[{"width":1200,"height":1200,"url":"https:\/\/www.erresse-shop.it\/wp-content\/uploads\/2024\/05\/BORDALLO-PINHEIRO-Set-4-Piatti-Dessert-Dahlia-Maria-Flor.jpg","type":"image\/jpeg"}],"twitter_card":"summary_large_image","schema":{"@context":"https:\/\/schema.org","@graph":[{"@type":"WebPage","@id":"https:\/\/www.erresse-shop.it\/fr\/shop\/table-fr-2\/plats\/bordallo-pinheiro-saladier-noix-de-coco-copia-2\/","url":"https:\/\/www.erresse-shop.it\/fr\/shop\/table-fr-2\/plats\/bordallo-pinheiro-saladier-noix-de-coco-copia-2\/","name":"BORDALLO PINHEIRO Set de 4 Assiettes \u00e0 Dessert Dahlia Maria Flor","isPartOf":{"@id":"https:\/\/www.erresse-shop.it\/fr\/#website"},"datePublished":"2024-05-07T14:20:56+00:00","dateModified":"2026-01-11T07:01:28+00:00","description":"D\u00e9couvrez BORDALLO PINHEIRO Set de 4 Assiettes \u00e0 Dessert Dahlia Maria Flor sur ErresseShop. Qualit\u00e9, prix r\u00e9duits et achat s\u00e9curis\u00e9 \u2013 commandez d\u00e8s maintenant en ligne !","breadcrumb":{"@id":"https:\/\/www.erresse-shop.it\/fr\/shop\/table-fr-2\/plats\/bordallo-pinheiro-saladier-noix-de-coco-copia-2\/#breadcrumb"},"inLanguage":"fr-FR","potentialAction":[{"@type":"ReadAction","target":["https:\/\/www.erresse-shop.it\/fr\/shop\/table-fr-2\/plats\/bordallo-pinheiro-saladier-noix-de-coco-copia-2\/"]}]},{"@type":"BreadcrumbList","@id":"https:\/\/www.erresse-shop.it\/fr\/shop\/table-fr-2\/plats\/bordallo-pinheiro-saladier-noix-de-coco-copia-2\/#breadcrumb","itemListElement":[{"@type":"ListItem","position":1,"name":"Home","item":"https:\/\/www.erresse-shop.it\/fr\/"},{"@type":"ListItem","position":2,"name":"Shop","item":"https:\/\/www.erresse-shop.it\/fr\/shop\/"},{"@type":"ListItem","position":3,"name":"BORDALLO PINHEIRO Set de 4 Assiettes \u00e0 Dessert Dahlia Maria Flor"}]},{"@type":"WebSite","@id":"https:\/\/www.erresse-shop.it\/fr\/#website","url":"https:\/\/www.erresse-shop.it\/fr\/","name":"Erresse Shop","description":"Articoli di qualit\u00e0 per la casa","potentialAction":[{"@type":"SearchAction","target":{"@type":"EntryPoint","urlTemplate":"https:\/\/www.erresse-shop.it\/fr\/?s={search_term_string}"},"query-input":"required name=search_term_string"}],"inLanguage":"fr-FR"}]}},"df_price":37.800000000000004,"df_sale_price":37.800000000000004,"df_regular_price":84,"df_image_link":"https:\/\/www.erresse-shop.it\/wp-content\/uploads\/2024\/05\/BORDALLO-PINHEIRO-Set-4-Piatti-Dessert-Dahlia-Maria-Flor-300x300.jpg","_links":{"self":[{"href":"https:\/\/www.erresse-shop.it\/fr\/wp-json\/wp\/v2\/product\/405153"}],"collection":[{"href":"https:\/\/www.erresse-shop.it\/fr\/wp-json\/wp\/v2\/product"}],"about":[{"href":"https:\/\/www.erresse-shop.it\/fr\/wp-json\/wp\/v2\/types\/product"}],"wp:featuredmedia":[{"embeddable":true,"href":"https:\/\/www.erresse-shop.it\/fr\/wp-json\/wp\/v2\/media\/456345"}],"wp:attachment":[{"href":"https:\/\/www.erresse-shop.it\/fr\/wp-json\/wp\/v2\/media?parent=405153"}],"wp:term":[{"taxonomy":"product_cat","embeddable":true,"href":"https:\/\/www.erresse-shop.it\/fr\/wp-json\/wp\/v2\/product_cat?post=405153"},{"taxonomy":"product_tag","embeddable":true,"href":"https:\/\/www.erresse-shop.it\/fr\/wp-json\/wp\/v2\/product_tag?post=405153"}],"curies":[{"name":"wp","href":"https:\/\/api.w.org\/{rel}","templated":true}]}}