{"id":404948,"date":"2024-05-07T10:43:06","date_gmt":"2024-05-07T10:43:12","guid":{"rendered":"https:\/\/www.erresse-shop.it\/?post_type=product&#038;p=404948"},"modified":"2024-05-07T10:56:41","modified_gmt":"2024-05-07T10:56:41","slug":"victorinox-couteau-de-poche-polyvalent-icone-de-style-sd-classique","status":"publish","type":"product","link":"https:\/\/www.erresse-shop.it\/fr\/shop\/cuisine\/couteaux\/victorinox-couteau-de-poche-polyvalent-icone-de-style-sd-classique\/","title":{"rendered":"VICTORINOX Couteau de poche polyvalent Ic\u00f4ne de style SD classique"},"content":{"rendered":"<p>S&#8217;inspirant de la roue des couleurs, Victorinox a cr\u00e9\u00e9 la nouvelle collection de couteaux de poche Classic Colors pour ajouter une touche de couleur \u00e0 votre journ\u00e9e.<br \/>\nLa couleur a le pouvoir de changer votre humeur et d&#8217;influencer vos \u00e9motions, en apportant un sentiment de plaisir et d&#8217;\u00e9nergie \u00e0 vos aventures quotidiennes.<br \/>\nDe Fire Opal \u00e0 Cotton Candy, vous \u00eates s\u00fbr de trouver la couleur qui vous repr\u00e9sente le mieux !<br \/>\nEt pour compl\u00e9ter le look, il y a les \u00e9l\u00e9gants \u00e9tuis en cuir et en silicone dans une gamme de couleurs vives qui sont parfaits pour s&#8217;assortir aux nouveaux \u00e9tuis polyvalents !<\/p>\n<p><strong>Outils<\/strong><br \/>\n1. lame, petite<br \/>\n2. ciseaux<br \/>\n3. lime \u00e0 ongles<br \/>\n4. tournevis 2,5 mm<br \/>\n5. porte-cl\u00e9s<br \/>\n6. cure-dents<br \/>\n7. pince \u00e0 \u00e9piler<\/p>\n<p><strong>CARACT\u00c9RISTIQUES TECHNIQUES<\/strong><\/p>\n<p>Fonctions 7<br \/>\nMat\u00e9riau Cellidor<br \/>\nGarantie \u00e0 vie contre les d\u00e9fauts de fabrication ou de mat\u00e9riel<br \/>\nDimensions 5,80 x 1,80 x 0,90 cm<\/p>\n","protected":false},"excerpt":{"rendered":"<p>S&#8217;inspirant de la roue des couleurs, Victorinox a cr\u00e9\u00e9 la nouvelle collection de couteaux de poche Classic Colors pour ajouter<\/p>\n","protected":false},"featured_media":404962,"template":"","meta":{"_acf_changed":false,"inline_featured_image":false},"product_cat":[12742,19217,12748],"product_tag":[25036,25021,24603],"acf":[],"yoast_head":"<!-- This site is optimized with the Yoast SEO Premium plugin v18.6 (Yoast SEO v19.13) - https:\/\/yoast.com\/wordpress\/plugins\/seo\/ -->\n<title>VICTORINOX Couteau de poche polyvalent Ic\u00f4ne de style SD classique - Erresse Shop<\/title>\n<meta name=\"description\" content=\"S&#039;inspirant de la roue des couleurs, Victorinox a cr\u00e9\u00e9 la nouvelle collection de couteaux de poche Classic Colors pour ajouter une touche de couleur \u00e0\" \/>\n<meta name=\"robots\" content=\"index, follow, max-snippet:-1, max-image-preview:large, max-video-preview:-1\" \/>\n<link rel=\"canonical\" href=\"https:\/\/www.erresse-shop.it\/fr\/shop\/cuisine\/couteaux\/victorinox-couteau-de-poche-polyvalent-icone-de-style-sd-classique\/\" \/>\n<meta property=\"og:locale\" content=\"fr_FR\" \/>\n<meta property=\"og:type\" content=\"article\" \/>\n<meta property=\"og:title\" content=\"VICTORINOX Couteau de poche polyvalent Ic\u00f4ne de style SD classique\" \/>\n<meta property=\"og:description\" content=\"S&#039;inspirant de la roue des couleurs, Victorinox a cr\u00e9\u00e9 la nouvelle collection de couteaux de poche Classic Colors pour ajouter une touche de couleur \u00e0\" \/>\n<meta property=\"og:url\" content=\"https:\/\/www.erresse-shop.it\/fr\/shop\/cuisine\/couteaux\/victorinox-couteau-de-poche-polyvalent-icone-de-style-sd-classique\/\" \/>\n<meta property=\"og:site_name\" content=\"Erresse Shop\" \/>\n<meta property=\"article:modified_time\" content=\"2024-05-07T10:56:41+00:00\" \/>\n<meta property=\"og:image\" content=\"https:\/\/www.erresse-shop.it\/wp-content\/uploads\/2024\/05\/victorinox-multiuso-classic-sd-stule.jpg\" \/>\n\t<meta property=\"og:image:width\" content=\"800\" \/>\n\t<meta property=\"og:image:height\" content=\"800\" \/>\n\t<meta property=\"og:image:type\" content=\"image\/jpeg\" \/>\n<meta name=\"twitter:card\" content=\"summary_large_image\" \/>\n<script type=\"application\/ld+json\" class=\"yoast-schema-graph\">{\"@context\":\"https:\/\/schema.org\",\"@graph\":[{\"@type\":\"WebPage\",\"@id\":\"https:\/\/www.erresse-shop.it\/fr\/shop\/cuisine\/couteaux\/victorinox-couteau-de-poche-polyvalent-icone-de-style-sd-classique\/\",\"url\":\"https:\/\/www.erresse-shop.it\/fr\/shop\/cuisine\/couteaux\/victorinox-couteau-de-poche-polyvalent-icone-de-style-sd-classique\/\",\"name\":\"VICTORINOX Couteau de poche polyvalent Ic\u00f4ne de style SD classique - Erresse Shop\",\"isPartOf\":{\"@id\":\"https:\/\/www.erresse-shop.it\/fr\/#website\"},\"datePublished\":\"2024-05-07T10:43:12+00:00\",\"dateModified\":\"2024-05-07T10:56:41+00:00\",\"description\":\"S'inspirant de la roue des couleurs, Victorinox a cr\u00e9\u00e9 la nouvelle collection de couteaux de poche Classic Colors pour ajouter une touche de couleur \u00e0\",\"breadcrumb\":{\"@id\":\"https:\/\/www.erresse-shop.it\/fr\/shop\/cuisine\/couteaux\/victorinox-couteau-de-poche-polyvalent-icone-de-style-sd-classique\/#breadcrumb\"},\"inLanguage\":\"fr-FR\",\"potentialAction\":[{\"@type\":\"ReadAction\",\"target\":[\"https:\/\/www.erresse-shop.it\/fr\/shop\/cuisine\/couteaux\/victorinox-couteau-de-poche-polyvalent-icone-de-style-sd-classique\/\"]}]},{\"@type\":\"BreadcrumbList\",\"@id\":\"https:\/\/www.erresse-shop.it\/fr\/shop\/cuisine\/couteaux\/victorinox-couteau-de-poche-polyvalent-icone-de-style-sd-classique\/#breadcrumb\",\"itemListElement\":[{\"@type\":\"ListItem\",\"position\":1,\"name\":\"Home\",\"item\":\"https:\/\/www.erresse-shop.it\/fr\/\"},{\"@type\":\"ListItem\",\"position\":2,\"name\":\"Shop\",\"item\":\"https:\/\/www.erresse-shop.it\/fr\/shop\/\"},{\"@type\":\"ListItem\",\"position\":3,\"name\":\"VICTORINOX Couteau de poche polyvalent Ic\u00f4ne de style SD classique\"}]},{\"@type\":\"WebSite\",\"@id\":\"https:\/\/www.erresse-shop.it\/fr\/#website\",\"url\":\"https:\/\/www.erresse-shop.it\/fr\/\",\"name\":\"Erresse Shop\",\"description\":\"Articoli di qualit\u00e0 per la casa\",\"potentialAction\":[{\"@type\":\"SearchAction\",\"target\":{\"@type\":\"EntryPoint\",\"urlTemplate\":\"https:\/\/www.erresse-shop.it\/fr\/?s={search_term_string}\"},\"query-input\":\"required name=search_term_string\"}],\"inLanguage\":\"fr-FR\"}]}<\/script>\n<!-- \/ Yoast SEO Premium plugin. -->","yoast_head_json":{"title":"VICTORINOX Couteau de poche polyvalent Ic\u00f4ne de style SD classique - Erresse Shop","description":"S'inspirant de la roue des couleurs, Victorinox a cr\u00e9\u00e9 la nouvelle collection de couteaux de poche Classic Colors pour ajouter une touche de couleur \u00e0","robots":{"index":"index","follow":"follow","max-snippet":"max-snippet:-1","max-image-preview":"max-image-preview:large","max-video-preview":"max-video-preview:-1"},"canonical":"https:\/\/www.erresse-shop.it\/fr\/shop\/cuisine\/couteaux\/victorinox-couteau-de-poche-polyvalent-icone-de-style-sd-classique\/","og_locale":"fr_FR","og_type":"article","og_title":"VICTORINOX Couteau de poche polyvalent Ic\u00f4ne de style SD classique","og_description":"S'inspirant de la roue des couleurs, Victorinox a cr\u00e9\u00e9 la nouvelle collection de couteaux de poche Classic Colors pour ajouter une touche de couleur \u00e0","og_url":"https:\/\/www.erresse-shop.it\/fr\/shop\/cuisine\/couteaux\/victorinox-couteau-de-poche-polyvalent-icone-de-style-sd-classique\/","og_site_name":"Erresse Shop","article_modified_time":"2024-05-07T10:56:41+00:00","og_image":[{"width":800,"height":800,"url":"https:\/\/www.erresse-shop.it\/wp-content\/uploads\/2024\/05\/victorinox-multiuso-classic-sd-stule.jpg","type":"image\/jpeg"}],"twitter_card":"summary_large_image","schema":{"@context":"https:\/\/schema.org","@graph":[{"@type":"WebPage","@id":"https:\/\/www.erresse-shop.it\/fr\/shop\/cuisine\/couteaux\/victorinox-couteau-de-poche-polyvalent-icone-de-style-sd-classique\/","url":"https:\/\/www.erresse-shop.it\/fr\/shop\/cuisine\/couteaux\/victorinox-couteau-de-poche-polyvalent-icone-de-style-sd-classique\/","name":"VICTORINOX Couteau de poche polyvalent Ic\u00f4ne de style SD classique - Erresse Shop","isPartOf":{"@id":"https:\/\/www.erresse-shop.it\/fr\/#website"},"datePublished":"2024-05-07T10:43:12+00:00","dateModified":"2024-05-07T10:56:41+00:00","description":"S'inspirant de la roue des couleurs, Victorinox a cr\u00e9\u00e9 la nouvelle collection de couteaux de poche Classic Colors pour ajouter une touche de couleur \u00e0","breadcrumb":{"@id":"https:\/\/www.erresse-shop.it\/fr\/shop\/cuisine\/couteaux\/victorinox-couteau-de-poche-polyvalent-icone-de-style-sd-classique\/#breadcrumb"},"inLanguage":"fr-FR","potentialAction":[{"@type":"ReadAction","target":["https:\/\/www.erresse-shop.it\/fr\/shop\/cuisine\/couteaux\/victorinox-couteau-de-poche-polyvalent-icone-de-style-sd-classique\/"]}]},{"@type":"BreadcrumbList","@id":"https:\/\/www.erresse-shop.it\/fr\/shop\/cuisine\/couteaux\/victorinox-couteau-de-poche-polyvalent-icone-de-style-sd-classique\/#breadcrumb","itemListElement":[{"@type":"ListItem","position":1,"name":"Home","item":"https:\/\/www.erresse-shop.it\/fr\/"},{"@type":"ListItem","position":2,"name":"Shop","item":"https:\/\/www.erresse-shop.it\/fr\/shop\/"},{"@type":"ListItem","position":3,"name":"VICTORINOX Couteau de poche polyvalent Ic\u00f4ne de style SD classique"}]},{"@type":"WebSite","@id":"https:\/\/www.erresse-shop.it\/fr\/#website","url":"https:\/\/www.erresse-shop.it\/fr\/","name":"Erresse Shop","description":"Articoli di qualit\u00e0 per la casa","potentialAction":[{"@type":"SearchAction","target":{"@type":"EntryPoint","urlTemplate":"https:\/\/www.erresse-shop.it\/fr\/?s={search_term_string}"},"query-input":"required name=search_term_string"}],"inLanguage":"fr-FR"}]}},"df_price":13.15,"df_sale_price":13.15,"df_regular_price":26.3,"df_image_link":"https:\/\/www.erresse-shop.it\/wp-content\/uploads\/2024\/05\/victorinox-multiuso-classic-sd-stule-300x300.jpg","_links":{"self":[{"href":"https:\/\/www.erresse-shop.it\/fr\/wp-json\/wp\/v2\/product\/404948"}],"collection":[{"href":"https:\/\/www.erresse-shop.it\/fr\/wp-json\/wp\/v2\/product"}],"about":[{"href":"https:\/\/www.erresse-shop.it\/fr\/wp-json\/wp\/v2\/types\/product"}],"wp:featuredmedia":[{"embeddable":true,"href":"https:\/\/www.erresse-shop.it\/fr\/wp-json\/wp\/v2\/media\/404962"}],"wp:attachment":[{"href":"https:\/\/www.erresse-shop.it\/fr\/wp-json\/wp\/v2\/media?parent=404948"}],"wp:term":[{"taxonomy":"product_cat","embeddable":true,"href":"https:\/\/www.erresse-shop.it\/fr\/wp-json\/wp\/v2\/product_cat?post=404948"},{"taxonomy":"product_tag","embeddable":true,"href":"https:\/\/www.erresse-shop.it\/fr\/wp-json\/wp\/v2\/product_tag?post=404948"}],"curies":[{"name":"wp","href":"https:\/\/api.w.org\/{rel}","templated":true}]}}