{"id":404752,"date":"2024-05-07T08:34:59","date_gmt":"2024-05-07T08:35:05","guid":{"rendered":"https:\/\/www.erresse-shop.it\/?post_type=product&#038;p=404752"},"modified":"2024-05-07T08:47:16","modified_gmt":"2024-05-07T08:47:16","slug":"victorinox-set-de-6-couteaux-de-table-classiques","status":"publish","type":"product","link":"https:\/\/www.erresse-shop.it\/fr\/shop\/cuisine\/couteaux\/victorinox-set-de-6-couteaux-de-table-classiques\/","title":{"rendered":"VICTORINOX Set de 6 couteaux de table classiques"},"content":{"rendered":"<p><strong>Set de 6 couteaux Swiss Classic avec lame ondul\u00e9e et manche noir.<\/strong><\/p>\n<p>La collection de couteaux Swiss Classic de Victorinox est con\u00e7ue pour r\u00e9pondre \u00e0 toutes les exigences de la cuisine, de la plus petite \u00e0 la plus grande. Il s&#8217;agit de couteaux l\u00e9gers avec des manches color\u00e9s lavables au lave-vaisselle, 100 % Swiss Made.<br \/>\nSwiss Made. Dans une collection o\u00f9 la fonctionnalit\u00e9 c\u00f4toie la gaiet\u00e9, les blocs de couteaux utiles et les diff\u00e9rents coffrets cadeaux ne pouvaient pas manquer \u00e0 l&#8217;appel.<br \/>\nRien ne manque dans cette collection.<\/p>\n<p>&#8211; Manche en polypropyl\u00e8ne noir<br \/>\n&#8211; Longueur de la lame : 11 cm<br \/>\n&#8211; Swiss Made<\/p>\n<p>Longueur de la lame : 11 cm<br \/>\nGarantie \u00e0 vie contre les d\u00e9fauts de fabrication<br \/>\nDimensions 24.90 x 2.70 x 5.20 cm<br \/>\nPoids 184 g<\/p>\n","protected":false},"excerpt":{"rendered":"<p>Set de 6 couteaux Swiss Classic avec lame ondul\u00e9e et manche noir. La collection de couteaux Swiss Classic de Victorinox<\/p>\n","protected":false},"featured_media":404760,"template":"","meta":{"_acf_changed":false,"inline_featured_image":false},"product_cat":[12742,12747,12748],"product_tag":[25036,25021,24603],"acf":[],"yoast_head":"<!-- This site is optimized with the Yoast SEO Premium plugin v18.6 (Yoast SEO v19.13) - https:\/\/yoast.com\/wordpress\/plugins\/seo\/ -->\n<title>VICTORINOX Set de 6 couteaux de table classiques - Erresse Shop<\/title>\n<meta name=\"description\" content=\"Set de 6 couteaux Swiss Classic avec lame ondul\u00e9e et manche noir. La collection de couteaux Swiss Classic de Victorinox est con\u00e7ue pour r\u00e9pondre \u00e0 toutes\" \/>\n<meta name=\"robots\" content=\"index, follow, max-snippet:-1, max-image-preview:large, max-video-preview:-1\" \/>\n<link rel=\"canonical\" href=\"https:\/\/www.erresse-shop.it\/fr\/shop\/cuisine\/couteaux\/victorinox-set-de-6-couteaux-de-table-classiques\/\" \/>\n<meta property=\"og:locale\" content=\"fr_FR\" \/>\n<meta property=\"og:type\" content=\"article\" \/>\n<meta property=\"og:title\" content=\"VICTORINOX Set de 6 couteaux de table classiques\" \/>\n<meta property=\"og:description\" content=\"Set de 6 couteaux Swiss Classic avec lame ondul\u00e9e et manche noir. La collection de couteaux Swiss Classic de Victorinox est con\u00e7ue pour r\u00e9pondre \u00e0 toutes\" \/>\n<meta property=\"og:url\" content=\"https:\/\/www.erresse-shop.it\/fr\/shop\/cuisine\/couteaux\/victorinox-set-de-6-couteaux-de-table-classiques\/\" \/>\n<meta property=\"og:site_name\" content=\"Erresse Shop\" \/>\n<meta property=\"article:modified_time\" content=\"2024-05-07T08:47:16+00:00\" \/>\n<meta property=\"og:image\" content=\"https:\/\/www.erresse-shop.it\/wp-content\/uploads\/2024\/05\/victorinox-set-6-colt.jpg\" \/>\n\t<meta property=\"og:image:width\" content=\"800\" \/>\n\t<meta property=\"og:image:height\" content=\"800\" \/>\n\t<meta property=\"og:image:type\" content=\"image\/jpeg\" \/>\n<meta name=\"twitter:card\" content=\"summary_large_image\" \/>\n<script type=\"application\/ld+json\" class=\"yoast-schema-graph\">{\"@context\":\"https:\/\/schema.org\",\"@graph\":[{\"@type\":\"WebPage\",\"@id\":\"https:\/\/www.erresse-shop.it\/fr\/shop\/cuisine\/couteaux\/victorinox-set-de-6-couteaux-de-table-classiques\/\",\"url\":\"https:\/\/www.erresse-shop.it\/fr\/shop\/cuisine\/couteaux\/victorinox-set-de-6-couteaux-de-table-classiques\/\",\"name\":\"VICTORINOX Set de 6 couteaux de table classiques - Erresse Shop\",\"isPartOf\":{\"@id\":\"https:\/\/www.erresse-shop.it\/fr\/#website\"},\"datePublished\":\"2024-05-07T08:35:05+00:00\",\"dateModified\":\"2024-05-07T08:47:16+00:00\",\"description\":\"Set de 6 couteaux Swiss Classic avec lame ondul\u00e9e et manche noir. La collection de couteaux Swiss Classic de Victorinox est con\u00e7ue pour r\u00e9pondre \u00e0 toutes\",\"breadcrumb\":{\"@id\":\"https:\/\/www.erresse-shop.it\/fr\/shop\/cuisine\/couteaux\/victorinox-set-de-6-couteaux-de-table-classiques\/#breadcrumb\"},\"inLanguage\":\"fr-FR\",\"potentialAction\":[{\"@type\":\"ReadAction\",\"target\":[\"https:\/\/www.erresse-shop.it\/fr\/shop\/cuisine\/couteaux\/victorinox-set-de-6-couteaux-de-table-classiques\/\"]}]},{\"@type\":\"BreadcrumbList\",\"@id\":\"https:\/\/www.erresse-shop.it\/fr\/shop\/cuisine\/couteaux\/victorinox-set-de-6-couteaux-de-table-classiques\/#breadcrumb\",\"itemListElement\":[{\"@type\":\"ListItem\",\"position\":1,\"name\":\"Home\",\"item\":\"https:\/\/www.erresse-shop.it\/fr\/\"},{\"@type\":\"ListItem\",\"position\":2,\"name\":\"Shop\",\"item\":\"https:\/\/www.erresse-shop.it\/fr\/shop\/\"},{\"@type\":\"ListItem\",\"position\":3,\"name\":\"VICTORINOX Set de 6 couteaux de table classiques\"}]},{\"@type\":\"WebSite\",\"@id\":\"https:\/\/www.erresse-shop.it\/fr\/#website\",\"url\":\"https:\/\/www.erresse-shop.it\/fr\/\",\"name\":\"Erresse Shop\",\"description\":\"Articoli di qualit\u00e0 per la casa\",\"potentialAction\":[{\"@type\":\"SearchAction\",\"target\":{\"@type\":\"EntryPoint\",\"urlTemplate\":\"https:\/\/www.erresse-shop.it\/fr\/?s={search_term_string}\"},\"query-input\":\"required name=search_term_string\"}],\"inLanguage\":\"fr-FR\"}]}<\/script>\n<!-- \/ Yoast SEO Premium plugin. -->","yoast_head_json":{"title":"VICTORINOX Set de 6 couteaux de table classiques - Erresse Shop","description":"Set de 6 couteaux Swiss Classic avec lame ondul\u00e9e et manche noir. La collection de couteaux Swiss Classic de Victorinox est con\u00e7ue pour r\u00e9pondre \u00e0 toutes","robots":{"index":"index","follow":"follow","max-snippet":"max-snippet:-1","max-image-preview":"max-image-preview:large","max-video-preview":"max-video-preview:-1"},"canonical":"https:\/\/www.erresse-shop.it\/fr\/shop\/cuisine\/couteaux\/victorinox-set-de-6-couteaux-de-table-classiques\/","og_locale":"fr_FR","og_type":"article","og_title":"VICTORINOX Set de 6 couteaux de table classiques","og_description":"Set de 6 couteaux Swiss Classic avec lame ondul\u00e9e et manche noir. La collection de couteaux Swiss Classic de Victorinox est con\u00e7ue pour r\u00e9pondre \u00e0 toutes","og_url":"https:\/\/www.erresse-shop.it\/fr\/shop\/cuisine\/couteaux\/victorinox-set-de-6-couteaux-de-table-classiques\/","og_site_name":"Erresse Shop","article_modified_time":"2024-05-07T08:47:16+00:00","og_image":[{"width":800,"height":800,"url":"https:\/\/www.erresse-shop.it\/wp-content\/uploads\/2024\/05\/victorinox-set-6-colt.jpg","type":"image\/jpeg"}],"twitter_card":"summary_large_image","schema":{"@context":"https:\/\/schema.org","@graph":[{"@type":"WebPage","@id":"https:\/\/www.erresse-shop.it\/fr\/shop\/cuisine\/couteaux\/victorinox-set-de-6-couteaux-de-table-classiques\/","url":"https:\/\/www.erresse-shop.it\/fr\/shop\/cuisine\/couteaux\/victorinox-set-de-6-couteaux-de-table-classiques\/","name":"VICTORINOX Set de 6 couteaux de table classiques - Erresse Shop","isPartOf":{"@id":"https:\/\/www.erresse-shop.it\/fr\/#website"},"datePublished":"2024-05-07T08:35:05+00:00","dateModified":"2024-05-07T08:47:16+00:00","description":"Set de 6 couteaux Swiss Classic avec lame ondul\u00e9e et manche noir. La collection de couteaux Swiss Classic de Victorinox est con\u00e7ue pour r\u00e9pondre \u00e0 toutes","breadcrumb":{"@id":"https:\/\/www.erresse-shop.it\/fr\/shop\/cuisine\/couteaux\/victorinox-set-de-6-couteaux-de-table-classiques\/#breadcrumb"},"inLanguage":"fr-FR","potentialAction":[{"@type":"ReadAction","target":["https:\/\/www.erresse-shop.it\/fr\/shop\/cuisine\/couteaux\/victorinox-set-de-6-couteaux-de-table-classiques\/"]}]},{"@type":"BreadcrumbList","@id":"https:\/\/www.erresse-shop.it\/fr\/shop\/cuisine\/couteaux\/victorinox-set-de-6-couteaux-de-table-classiques\/#breadcrumb","itemListElement":[{"@type":"ListItem","position":1,"name":"Home","item":"https:\/\/www.erresse-shop.it\/fr\/"},{"@type":"ListItem","position":2,"name":"Shop","item":"https:\/\/www.erresse-shop.it\/fr\/shop\/"},{"@type":"ListItem","position":3,"name":"VICTORINOX Set de 6 couteaux de table classiques"}]},{"@type":"WebSite","@id":"https:\/\/www.erresse-shop.it\/fr\/#website","url":"https:\/\/www.erresse-shop.it\/fr\/","name":"Erresse Shop","description":"Articoli di qualit\u00e0 per la casa","potentialAction":[{"@type":"SearchAction","target":{"@type":"EntryPoint","urlTemplate":"https:\/\/www.erresse-shop.it\/fr\/?s={search_term_string}"},"query-input":"required name=search_term_string"}],"inLanguage":"fr-FR"}]}},"df_price":19.45,"df_sale_price":19.45,"df_regular_price":38.9,"df_image_link":"https:\/\/www.erresse-shop.it\/wp-content\/uploads\/2024\/05\/victorinox-set-6-colt-300x300.jpg","_links":{"self":[{"href":"https:\/\/www.erresse-shop.it\/fr\/wp-json\/wp\/v2\/product\/404752"}],"collection":[{"href":"https:\/\/www.erresse-shop.it\/fr\/wp-json\/wp\/v2\/product"}],"about":[{"href":"https:\/\/www.erresse-shop.it\/fr\/wp-json\/wp\/v2\/types\/product"}],"wp:featuredmedia":[{"embeddable":true,"href":"https:\/\/www.erresse-shop.it\/fr\/wp-json\/wp\/v2\/media\/404760"}],"wp:attachment":[{"href":"https:\/\/www.erresse-shop.it\/fr\/wp-json\/wp\/v2\/media?parent=404752"}],"wp:term":[{"taxonomy":"product_cat","embeddable":true,"href":"https:\/\/www.erresse-shop.it\/fr\/wp-json\/wp\/v2\/product_cat?post=404752"},{"taxonomy":"product_tag","embeddable":true,"href":"https:\/\/www.erresse-shop.it\/fr\/wp-json\/wp\/v2\/product_tag?post=404752"}],"curies":[{"name":"wp","href":"https:\/\/api.w.org\/{rel}","templated":true}]}}