{"id":404666,"date":"2024-05-07T07:54:41","date_gmt":"2024-05-07T07:54:46","guid":{"rendered":"https:\/\/www.erresse-shop.it\/?post_type=product&#038;p=404666"},"modified":"2025-05-27T07:00:31","modified_gmt":"2025-05-27T07:00:31","slug":"victorinox-couteau-doffice-classique-copia","status":"publish","type":"product","link":"https:\/\/www.erresse-shop.it\/fr\/shop\/cuisine\/couteaux\/victorinox-couteau-doffice-classique-copia\/","title":{"rendered":"VICTORINOX Couteau \u00e0 parer ondul\u00e9 8 cm"},"content":{"rendered":"<p>Manche en polypropyl\u00e8ne noir<\/p>\n<p>Longueur de la lame : 8 cm<br \/>\nPoids : 20 g<\/p>\n","protected":false},"excerpt":{"rendered":"<p>Manche en polypropyl\u00e8ne noir Longueur de la lame : 8 cm Poids : 20 g<\/p>\n","protected":false},"featured_media":404676,"template":"","meta":{"_acf_changed":false,"inline_featured_image":false},"product_cat":[12742,14452,12748],"product_tag":[25036,15812,25021,24603],"acf":[],"yoast_head":"<!-- This site is optimized with the Yoast SEO Premium plugin v18.6 (Yoast SEO v19.13) - https:\/\/yoast.com\/wordpress\/plugins\/seo\/ -->\n<title>VICTORINOX Couteau \u00e0 parer ondul\u00e9 8 cm - Erresse Shop<\/title>\n<meta name=\"description\" content=\"Manche en polypropyl\u00e8ne noir  Longueur de la lame : 8 cm Poids : 20 g\" \/>\n<meta name=\"robots\" content=\"index, follow, max-snippet:-1, max-image-preview:large, max-video-preview:-1\" \/>\n<link rel=\"canonical\" href=\"https:\/\/www.erresse-shop.it\/fr\/shop\/cuisine\/couteaux\/victorinox-couteau-doffice-classique-copia\/\" \/>\n<meta property=\"og:locale\" content=\"fr_FR\" \/>\n<meta property=\"og:type\" content=\"article\" \/>\n<meta property=\"og:title\" content=\"VICTORINOX Couteau \u00e0 parer ondul\u00e9 8 cm\" \/>\n<meta property=\"og:description\" content=\"Manche en polypropyl\u00e8ne noir  Longueur de la lame : 8 cm Poids : 20 g\" \/>\n<meta property=\"og:url\" content=\"https:\/\/www.erresse-shop.it\/fr\/shop\/cuisine\/couteaux\/victorinox-couteau-doffice-classique-copia\/\" \/>\n<meta property=\"og:site_name\" content=\"Erresse Shop\" \/>\n<meta property=\"article:modified_time\" content=\"2025-05-27T07:00:31+00:00\" \/>\n<meta property=\"og:image\" content=\"https:\/\/www.erresse-shop.it\/wp-content\/uploads\/2024\/05\/victorinox-spelucchino-ondulato.jpg\" \/>\n\t<meta property=\"og:image:width\" content=\"800\" \/>\n\t<meta property=\"og:image:height\" content=\"800\" \/>\n\t<meta property=\"og:image:type\" content=\"image\/jpeg\" \/>\n<meta name=\"twitter:card\" content=\"summary_large_image\" \/>\n<script type=\"application\/ld+json\" class=\"yoast-schema-graph\">{\"@context\":\"https:\/\/schema.org\",\"@graph\":[{\"@type\":\"WebPage\",\"@id\":\"https:\/\/www.erresse-shop.it\/fr\/shop\/cuisine\/couteaux\/victorinox-couteau-doffice-classique-copia\/\",\"url\":\"https:\/\/www.erresse-shop.it\/fr\/shop\/cuisine\/couteaux\/victorinox-couteau-doffice-classique-copia\/\",\"name\":\"VICTORINOX Couteau \u00e0 parer ondul\u00e9 8 cm - Erresse Shop\",\"isPartOf\":{\"@id\":\"https:\/\/www.erresse-shop.it\/fr\/#website\"},\"datePublished\":\"2024-05-07T07:54:46+00:00\",\"dateModified\":\"2025-05-27T07:00:31+00:00\",\"description\":\"Manche en polypropyl\u00e8ne noir Longueur de la lame : 8 cm Poids : 20 g\",\"breadcrumb\":{\"@id\":\"https:\/\/www.erresse-shop.it\/fr\/shop\/cuisine\/couteaux\/victorinox-couteau-doffice-classique-copia\/#breadcrumb\"},\"inLanguage\":\"fr-FR\",\"potentialAction\":[{\"@type\":\"ReadAction\",\"target\":[\"https:\/\/www.erresse-shop.it\/fr\/shop\/cuisine\/couteaux\/victorinox-couteau-doffice-classique-copia\/\"]}]},{\"@type\":\"BreadcrumbList\",\"@id\":\"https:\/\/www.erresse-shop.it\/fr\/shop\/cuisine\/couteaux\/victorinox-couteau-doffice-classique-copia\/#breadcrumb\",\"itemListElement\":[{\"@type\":\"ListItem\",\"position\":1,\"name\":\"Home\",\"item\":\"https:\/\/www.erresse-shop.it\/fr\/\"},{\"@type\":\"ListItem\",\"position\":2,\"name\":\"Shop\",\"item\":\"https:\/\/www.erresse-shop.it\/fr\/shop\/\"},{\"@type\":\"ListItem\",\"position\":3,\"name\":\"VICTORINOX Couteau \u00e0 parer ondul\u00e9 8 cm\"}]},{\"@type\":\"WebSite\",\"@id\":\"https:\/\/www.erresse-shop.it\/fr\/#website\",\"url\":\"https:\/\/www.erresse-shop.it\/fr\/\",\"name\":\"Erresse Shop\",\"description\":\"Articoli di qualit\u00e0 per la casa\",\"potentialAction\":[{\"@type\":\"SearchAction\",\"target\":{\"@type\":\"EntryPoint\",\"urlTemplate\":\"https:\/\/www.erresse-shop.it\/fr\/?s={search_term_string}\"},\"query-input\":\"required name=search_term_string\"}],\"inLanguage\":\"fr-FR\"}]}<\/script>\n<!-- \/ Yoast SEO Premium plugin. -->","yoast_head_json":{"title":"VICTORINOX Couteau \u00e0 parer ondul\u00e9 8 cm - Erresse Shop","description":"Manche en polypropyl\u00e8ne noir  Longueur de la lame : 8 cm Poids : 20 g","robots":{"index":"index","follow":"follow","max-snippet":"max-snippet:-1","max-image-preview":"max-image-preview:large","max-video-preview":"max-video-preview:-1"},"canonical":"https:\/\/www.erresse-shop.it\/fr\/shop\/cuisine\/couteaux\/victorinox-couteau-doffice-classique-copia\/","og_locale":"fr_FR","og_type":"article","og_title":"VICTORINOX Couteau \u00e0 parer ondul\u00e9 8 cm","og_description":"Manche en polypropyl\u00e8ne noir  Longueur de la lame : 8 cm Poids : 20 g","og_url":"https:\/\/www.erresse-shop.it\/fr\/shop\/cuisine\/couteaux\/victorinox-couteau-doffice-classique-copia\/","og_site_name":"Erresse Shop","article_modified_time":"2025-05-27T07:00:31+00:00","og_image":[{"width":800,"height":800,"url":"https:\/\/www.erresse-shop.it\/wp-content\/uploads\/2024\/05\/victorinox-spelucchino-ondulato.jpg","type":"image\/jpeg"}],"twitter_card":"summary_large_image","schema":{"@context":"https:\/\/schema.org","@graph":[{"@type":"WebPage","@id":"https:\/\/www.erresse-shop.it\/fr\/shop\/cuisine\/couteaux\/victorinox-couteau-doffice-classique-copia\/","url":"https:\/\/www.erresse-shop.it\/fr\/shop\/cuisine\/couteaux\/victorinox-couteau-doffice-classique-copia\/","name":"VICTORINOX Couteau \u00e0 parer ondul\u00e9 8 cm - Erresse Shop","isPartOf":{"@id":"https:\/\/www.erresse-shop.it\/fr\/#website"},"datePublished":"2024-05-07T07:54:46+00:00","dateModified":"2025-05-27T07:00:31+00:00","description":"Manche en polypropyl\u00e8ne noir Longueur de la lame : 8 cm Poids : 20 g","breadcrumb":{"@id":"https:\/\/www.erresse-shop.it\/fr\/shop\/cuisine\/couteaux\/victorinox-couteau-doffice-classique-copia\/#breadcrumb"},"inLanguage":"fr-FR","potentialAction":[{"@type":"ReadAction","target":["https:\/\/www.erresse-shop.it\/fr\/shop\/cuisine\/couteaux\/victorinox-couteau-doffice-classique-copia\/"]}]},{"@type":"BreadcrumbList","@id":"https:\/\/www.erresse-shop.it\/fr\/shop\/cuisine\/couteaux\/victorinox-couteau-doffice-classique-copia\/#breadcrumb","itemListElement":[{"@type":"ListItem","position":1,"name":"Home","item":"https:\/\/www.erresse-shop.it\/fr\/"},{"@type":"ListItem","position":2,"name":"Shop","item":"https:\/\/www.erresse-shop.it\/fr\/shop\/"},{"@type":"ListItem","position":3,"name":"VICTORINOX Couteau \u00e0 parer ondul\u00e9 8 cm"}]},{"@type":"WebSite","@id":"https:\/\/www.erresse-shop.it\/fr\/#website","url":"https:\/\/www.erresse-shop.it\/fr\/","name":"Erresse Shop","description":"Articoli di qualit\u00e0 per la casa","potentialAction":[{"@type":"SearchAction","target":{"@type":"EntryPoint","urlTemplate":"https:\/\/www.erresse-shop.it\/fr\/?s={search_term_string}"},"query-input":"required name=search_term_string"}],"inLanguage":"fr-FR"}]}},"df_price":2.7,"df_sale_price":2.7,"df_regular_price":5.4,"df_image_link":"https:\/\/www.erresse-shop.it\/wp-content\/uploads\/2024\/05\/victorinox-spelucchino-ondulato-300x300.jpg","_links":{"self":[{"href":"https:\/\/www.erresse-shop.it\/fr\/wp-json\/wp\/v2\/product\/404666"}],"collection":[{"href":"https:\/\/www.erresse-shop.it\/fr\/wp-json\/wp\/v2\/product"}],"about":[{"href":"https:\/\/www.erresse-shop.it\/fr\/wp-json\/wp\/v2\/types\/product"}],"wp:featuredmedia":[{"embeddable":true,"href":"https:\/\/www.erresse-shop.it\/fr\/wp-json\/wp\/v2\/media\/404676"}],"wp:attachment":[{"href":"https:\/\/www.erresse-shop.it\/fr\/wp-json\/wp\/v2\/media?parent=404666"}],"wp:term":[{"taxonomy":"product_cat","embeddable":true,"href":"https:\/\/www.erresse-shop.it\/fr\/wp-json\/wp\/v2\/product_cat?post=404666"},{"taxonomy":"product_tag","embeddable":true,"href":"https:\/\/www.erresse-shop.it\/fr\/wp-json\/wp\/v2\/product_tag?post=404666"}],"curies":[{"name":"wp","href":"https:\/\/api.w.org\/{rel}","templated":true}]}}