{"id":404093,"date":"2024-05-02T07:14:20","date_gmt":"2024-05-02T07:14:26","guid":{"rendered":"https:\/\/www.erresse-shop.it\/?post_type=product&#038;p=404093"},"modified":"2025-01-14T14:14:58","modified_gmt":"2025-01-14T14:14:58","slug":"berkel-trancheuse-de-volant-dinertie-domestique-b2-noir","status":"publish","type":"product","link":"https:\/\/www.erresse-shop.it\/fr\/shop\/petits-electromenagers\/trancheuses\/berkel-trancheuse-de-volant-dinertie-domestique-b2-noir\/","title":{"rendered":"BERKEL Trancheuse de volant d&#8217;inertie domestique B2 Noir"},"content":{"rendered":"<p>Derni\u00e8re n\u00e9e de la famille Volano de Berkel, elle est aussi la trancheuse la plus compacte de l&#8217;\u00e8re moderne. Malgr\u00e9 une lame de 265 mm de diam\u00e8tre, clairement sup\u00e9rieure \u00e0 la cat\u00e9gorie, le nouveau Volano B2 a des dimensions super compactes qui permettent un positionnement facile dans la cuisine. Le volant d\u00e9passe de seulement 33 mm sous les pieds, ce qui permet d&#8217;ouvrir les tiroirs situ\u00e9s sous le plan de travail ; l&#8217;attention habituelle port\u00e9e aux d\u00e9tails des produits Berkel fait ici encore plus la diff\u00e9rence. Harmonieux et bien proportionn\u00e9, il conserve toute l&#8217;\u00e9l\u00e9gance distinctive de nos volants tout en offrant la coupe parfaite, longtemps recherch\u00e9e par notre fondateur Wilhelmus van Berkel.<\/p>\n<p><strong>PERFORMANCE<\/strong><\/p>\n<p>&#8211; Construction du bo\u00eetier en alliage sp\u00e9cial d&#8217;aluminium et acier inoxydable ABS et pieds en caoutchouc pour une stabilit\u00e9 maximale pendant l&#8217;utilisation.<br \/>\n&#8211; Le volant d&#8217;inertie ne d\u00e9passe que de 33 mm (le minimum sur le march\u00e9) de la surface d&#8217;appui pour faciliter l&#8217;ouverture des tiroirs situ\u00e9s en dessous.<br \/>\n&#8211; Kit de modification du pied pour sur\u00e9lever la machine de 22 mm suppl\u00e9mentaires si n\u00e9cessaire.<br \/>\n&#8211; Lame de 265 mm en acier chrom\u00e9 avec profil professionnel : r\u00e9duit les d\u00e9chets et assure des tranches r\u00e9guli\u00e8res.<br \/>\n&#8211; Syst\u00e8me d&#8217;alimentation rapide et bouton de r\u00e9glage millim\u00e9trique de la plaque pour un positionnement parfait du produit<br \/>\n&#8211; Conception classique de la tour Berkel, construction solide et \u00e9l\u00e9gance combin\u00e9es.<br \/>\n&#8211; Des d\u00e9corations dor\u00e9es embellissent toutes les parties peintes<br \/>\n&#8211; Volant d&#8217;inertie Berkel classique \u00e0 profil carr\u00e9 et \u00e9quilibr\u00e9 int\u00e9rieurement pour bloquer la rotation dans n&#8217;importe quelle position.<br \/>\n&#8211; Aff\u00fbteur amovible d\u00e9j\u00e0 fourni avec un syst\u00e8me d&#8217;aff\u00fbtage \u00e0 mouvement s\u00e9par\u00e9 pour une pr\u00e9cision maximale<br \/>\n&#8211; Bouton de r\u00e9glage de l&#8217;\u00e9paisseur de la tranche avec 8 positions qui permettent de r\u00e9gler l&#8217;\u00e9paisseur de la tranche entre 0,15 mm et 1,3 mm<br \/>\n&#8211; \u00c9paisseur minimale de la derni\u00e8re tranche pour minimiser le gaspillage de produit<br \/>\n&#8211; Rabat en acier avec accrochage magn\u00e9tique facile pour faciliter le d\u00e9tachement de la tranche<br \/>\n&#8211; TAG NFC int\u00e9gr\u00e9 dans le moulage du bo\u00eetier pour garantir l&#8217;originalit\u00e9.<\/p>\n<p><strong>LE NETTOYAGE ET L&#8217;HYGI\u00c8NE<\/strong><\/p>\n<p>&#8211; Plaque et sous-plaque professionnelles en acier inoxydable avec syst\u00e8me de d\u00e9verrouillage pour un nettoyage maximal et tampons de blocage en caoutchouc entre les deux pour minimiser les mouvements pendant la coupe.<br \/>\n&#8211; Poussoir assist\u00e9 en aluminium anodis\u00e9 avec pointes en acier pour un serrage optimal du produit.<br \/>\n&#8211; Grandes installations de nettoyage et r\u00e9ceptacle \u00e0 ferraille arri\u00e8re<br \/>\n&#8211; Syst\u00e8me de retrait rapide du corps de fixation du protecteur pour un nettoyage facile<br \/>\n&#8211; Gants en acier inoxydable amovibles et lavables au lave-vaisselle<\/p>\n<p>&nbsp;<\/p>\n<p><strong>S\u00c9CURIT\u00c9<\/strong><\/p>\n<p>&#8211; Anneau de protection de la lame en acier avec syst\u00e8me de d\u00e9clenchement manuel pour une s\u00e9curit\u00e9 maximale<br \/>\n&#8211; Anneau de protection de la lame arri\u00e8re en aluminium de qualit\u00e9 alimentaire pour plus de s\u00e9curit\u00e9<br \/>\n&#8211; Commandes ergonomiques en aluminium anodis\u00e9 noir pour faciliter la prise en main et minimiser l&#8217;effort de l&#8217;op\u00e9rateur.<\/p>\n<p><strong>SP\u00c9CIFICATIONS TECHNIQUES<\/strong><\/p>\n<p>Poids 33 kg<br \/>\nHauteur [B] 570 mm<br \/>\nProfondeur [C] 675 mm<br \/>\nLargeur [A] 530 mm<br \/>\nDiam\u00e8tre de la lame 265 mm<br \/>\nMat\u00e9riau de la lame de tranchage 100Cr6<br \/>\n\u00c9paisseur de coupe 0 &#8211; 1,35 mm<br \/>\nCapacit\u00e9 de coupe (circulaire) 176 mm<br \/>\nCapacit\u00e9 de coupe (rectangulaire) 190&#215;165 mm<br \/>\nD\u00e9tails : M\u00e9canisme \u00e0 vis pour le mouvement de la garde de la lame ; d\u00e9coration et signature en berkel peint.<br \/>\nPi\u00e8ces amovibles : prot\u00e8ge-lame, bo\u00eete \u00e0 gants, plaque de recouvrement.<br \/>\nAiguisoir inclus, deux mouvements<\/p>\n<p><span style=\"text-decoration: underline;\"><strong>Ne peut \u00eatre vendu en dehors de l&#8217;Europe<\/strong><\/span><\/p>\n","protected":false},"excerpt":{"rendered":"<p>Derni\u00e8re n\u00e9e de la famille Volano de Berkel, elle est aussi la trancheuse la plus compacte de l&#8217;\u00e8re moderne. Malgr\u00e9<\/p>\n","protected":false},"featured_media":404116,"template":"","meta":{"_acf_changed":false,"inline_featured_image":false},"product_cat":[12449,17347],"product_tag":[17352,17288,24680,12856,19128,17353],"acf":[],"yoast_head":"<!-- This site is optimized with the Yoast SEO Premium plugin v18.6 (Yoast SEO v19.13) - https:\/\/yoast.com\/wordpress\/plugins\/seo\/ -->\n<title>BERKEL Trancheuse de volant d&#039;inertie domestique B2 Noir<\/title>\n<meta name=\"description\" content=\"D\u00e9couvrez BERKEL Trancheuse de volant d&#039;inertie domestique B2 Noir sur ErresseShop. Qualit\u00e9, prix r\u00e9duits et achat s\u00e9curis\u00e9 \u2013 commandez d\u00e8s maintenant en ligne !\" \/>\n<meta name=\"robots\" content=\"index, follow, max-snippet:-1, max-image-preview:large, max-video-preview:-1\" \/>\n<link rel=\"canonical\" href=\"https:\/\/www.erresse-shop.it\/fr\/shop\/petits-electromenagers\/trancheuses\/berkel-trancheuse-de-volant-dinertie-domestique-b2-noir\/\" \/>\n<meta property=\"og:locale\" content=\"fr_FR\" \/>\n<meta property=\"og:type\" content=\"article\" \/>\n<meta property=\"og:title\" content=\"BERKEL Trancheuse de volant d&#039;inertie domestique B2 Noir\" \/>\n<meta property=\"og:description\" content=\"D\u00e9couvrez BERKEL Trancheuse de volant d&#039;inertie domestique B2 Noir sur ErresseShop. Qualit\u00e9, prix r\u00e9duits et achat s\u00e9curis\u00e9 \u2013 commandez d\u00e8s maintenant en ligne !\" \/>\n<meta property=\"og:url\" content=\"https:\/\/www.erresse-shop.it\/fr\/shop\/petits-electromenagers\/trancheuses\/berkel-trancheuse-de-volant-dinertie-domestique-b2-noir\/\" \/>\n<meta property=\"og:site_name\" content=\"Erresse Shop\" \/>\n<meta property=\"article:modified_time\" content=\"2025-01-14T14:14:58+00:00\" \/>\n<meta property=\"og:image\" content=\"https:\/\/www.erresse-shop.it\/wp-content\/uploads\/2024\/05\/berkel-volano-b2-1.jpg\" \/>\n\t<meta property=\"og:image:width\" content=\"800\" \/>\n\t<meta property=\"og:image:height\" content=\"800\" \/>\n\t<meta property=\"og:image:type\" content=\"image\/jpeg\" \/>\n<meta name=\"twitter:card\" content=\"summary_large_image\" \/>\n<script type=\"application\/ld+json\" class=\"yoast-schema-graph\">{\"@context\":\"https:\/\/schema.org\",\"@graph\":[{\"@type\":\"WebPage\",\"@id\":\"https:\/\/www.erresse-shop.it\/fr\/shop\/petits-electromenagers\/trancheuses\/berkel-trancheuse-de-volant-dinertie-domestique-b2-noir\/\",\"url\":\"https:\/\/www.erresse-shop.it\/fr\/shop\/petits-electromenagers\/trancheuses\/berkel-trancheuse-de-volant-dinertie-domestique-b2-noir\/\",\"name\":\"BERKEL Trancheuse de volant d'inertie domestique B2 Noir\",\"isPartOf\":{\"@id\":\"https:\/\/www.erresse-shop.it\/fr\/#website\"},\"datePublished\":\"2024-05-02T07:14:26+00:00\",\"dateModified\":\"2025-01-14T14:14:58+00:00\",\"description\":\"D\u00e9couvrez BERKEL Trancheuse de volant d'inertie domestique B2 Noir sur ErresseShop. Qualit\u00e9, prix r\u00e9duits et achat s\u00e9curis\u00e9 \u2013 commandez d\u00e8s maintenant en ligne !\",\"breadcrumb\":{\"@id\":\"https:\/\/www.erresse-shop.it\/fr\/shop\/petits-electromenagers\/trancheuses\/berkel-trancheuse-de-volant-dinertie-domestique-b2-noir\/#breadcrumb\"},\"inLanguage\":\"fr-FR\",\"potentialAction\":[{\"@type\":\"ReadAction\",\"target\":[\"https:\/\/www.erresse-shop.it\/fr\/shop\/petits-electromenagers\/trancheuses\/berkel-trancheuse-de-volant-dinertie-domestique-b2-noir\/\"]}]},{\"@type\":\"BreadcrumbList\",\"@id\":\"https:\/\/www.erresse-shop.it\/fr\/shop\/petits-electromenagers\/trancheuses\/berkel-trancheuse-de-volant-dinertie-domestique-b2-noir\/#breadcrumb\",\"itemListElement\":[{\"@type\":\"ListItem\",\"position\":1,\"name\":\"Home\",\"item\":\"https:\/\/www.erresse-shop.it\/fr\/\"},{\"@type\":\"ListItem\",\"position\":2,\"name\":\"Shop\",\"item\":\"https:\/\/www.erresse-shop.it\/fr\/shop\/\"},{\"@type\":\"ListItem\",\"position\":3,\"name\":\"BERKEL Trancheuse de volant d&#8217;inertie domestique B2 Noir\"}]},{\"@type\":\"WebSite\",\"@id\":\"https:\/\/www.erresse-shop.it\/fr\/#website\",\"url\":\"https:\/\/www.erresse-shop.it\/fr\/\",\"name\":\"Erresse Shop\",\"description\":\"Articoli di qualit\u00e0 per la casa\",\"potentialAction\":[{\"@type\":\"SearchAction\",\"target\":{\"@type\":\"EntryPoint\",\"urlTemplate\":\"https:\/\/www.erresse-shop.it\/fr\/?s={search_term_string}\"},\"query-input\":\"required name=search_term_string\"}],\"inLanguage\":\"fr-FR\"}]}<\/script>\n<!-- \/ Yoast SEO Premium plugin. -->","yoast_head_json":{"title":"BERKEL Trancheuse de volant d'inertie domestique B2 Noir","description":"D\u00e9couvrez BERKEL Trancheuse de volant d'inertie domestique B2 Noir sur ErresseShop. Qualit\u00e9, prix r\u00e9duits et achat s\u00e9curis\u00e9 \u2013 commandez d\u00e8s maintenant en ligne !","robots":{"index":"index","follow":"follow","max-snippet":"max-snippet:-1","max-image-preview":"max-image-preview:large","max-video-preview":"max-video-preview:-1"},"canonical":"https:\/\/www.erresse-shop.it\/fr\/shop\/petits-electromenagers\/trancheuses\/berkel-trancheuse-de-volant-dinertie-domestique-b2-noir\/","og_locale":"fr_FR","og_type":"article","og_title":"BERKEL Trancheuse de volant d'inertie domestique B2 Noir","og_description":"D\u00e9couvrez BERKEL Trancheuse de volant d'inertie domestique B2 Noir sur ErresseShop. Qualit\u00e9, prix r\u00e9duits et achat s\u00e9curis\u00e9 \u2013 commandez d\u00e8s maintenant en ligne !","og_url":"https:\/\/www.erresse-shop.it\/fr\/shop\/petits-electromenagers\/trancheuses\/berkel-trancheuse-de-volant-dinertie-domestique-b2-noir\/","og_site_name":"Erresse Shop","article_modified_time":"2025-01-14T14:14:58+00:00","og_image":[{"width":800,"height":800,"url":"https:\/\/www.erresse-shop.it\/wp-content\/uploads\/2024\/05\/berkel-volano-b2-1.jpg","type":"image\/jpeg"}],"twitter_card":"summary_large_image","schema":{"@context":"https:\/\/schema.org","@graph":[{"@type":"WebPage","@id":"https:\/\/www.erresse-shop.it\/fr\/shop\/petits-electromenagers\/trancheuses\/berkel-trancheuse-de-volant-dinertie-domestique-b2-noir\/","url":"https:\/\/www.erresse-shop.it\/fr\/shop\/petits-electromenagers\/trancheuses\/berkel-trancheuse-de-volant-dinertie-domestique-b2-noir\/","name":"BERKEL Trancheuse de volant d'inertie domestique B2 Noir","isPartOf":{"@id":"https:\/\/www.erresse-shop.it\/fr\/#website"},"datePublished":"2024-05-02T07:14:26+00:00","dateModified":"2025-01-14T14:14:58+00:00","description":"D\u00e9couvrez BERKEL Trancheuse de volant d'inertie domestique B2 Noir sur ErresseShop. Qualit\u00e9, prix r\u00e9duits et achat s\u00e9curis\u00e9 \u2013 commandez d\u00e8s maintenant en ligne !","breadcrumb":{"@id":"https:\/\/www.erresse-shop.it\/fr\/shop\/petits-electromenagers\/trancheuses\/berkel-trancheuse-de-volant-dinertie-domestique-b2-noir\/#breadcrumb"},"inLanguage":"fr-FR","potentialAction":[{"@type":"ReadAction","target":["https:\/\/www.erresse-shop.it\/fr\/shop\/petits-electromenagers\/trancheuses\/berkel-trancheuse-de-volant-dinertie-domestique-b2-noir\/"]}]},{"@type":"BreadcrumbList","@id":"https:\/\/www.erresse-shop.it\/fr\/shop\/petits-electromenagers\/trancheuses\/berkel-trancheuse-de-volant-dinertie-domestique-b2-noir\/#breadcrumb","itemListElement":[{"@type":"ListItem","position":1,"name":"Home","item":"https:\/\/www.erresse-shop.it\/fr\/"},{"@type":"ListItem","position":2,"name":"Shop","item":"https:\/\/www.erresse-shop.it\/fr\/shop\/"},{"@type":"ListItem","position":3,"name":"BERKEL Trancheuse de volant d&#8217;inertie domestique B2 Noir"}]},{"@type":"WebSite","@id":"https:\/\/www.erresse-shop.it\/fr\/#website","url":"https:\/\/www.erresse-shop.it\/fr\/","name":"Erresse Shop","description":"Articoli di qualit\u00e0 per la casa","potentialAction":[{"@type":"SearchAction","target":{"@type":"EntryPoint","urlTemplate":"https:\/\/www.erresse-shop.it\/fr\/?s={search_term_string}"},"query-input":"required name=search_term_string"}],"inLanguage":"fr-FR"}]}},"df_price":5990,"df_sale_price":5990,"df_regular_price":7299,"df_image_link":"https:\/\/www.erresse-shop.it\/wp-content\/uploads\/2024\/05\/berkel-volano-b2-1-300x300.jpg","_links":{"self":[{"href":"https:\/\/www.erresse-shop.it\/fr\/wp-json\/wp\/v2\/product\/404093"}],"collection":[{"href":"https:\/\/www.erresse-shop.it\/fr\/wp-json\/wp\/v2\/product"}],"about":[{"href":"https:\/\/www.erresse-shop.it\/fr\/wp-json\/wp\/v2\/types\/product"}],"wp:featuredmedia":[{"embeddable":true,"href":"https:\/\/www.erresse-shop.it\/fr\/wp-json\/wp\/v2\/media\/404116"}],"wp:attachment":[{"href":"https:\/\/www.erresse-shop.it\/fr\/wp-json\/wp\/v2\/media?parent=404093"}],"wp:term":[{"taxonomy":"product_cat","embeddable":true,"href":"https:\/\/www.erresse-shop.it\/fr\/wp-json\/wp\/v2\/product_cat?post=404093"},{"taxonomy":"product_tag","embeddable":true,"href":"https:\/\/www.erresse-shop.it\/fr\/wp-json\/wp\/v2\/product_tag?post=404093"}],"curies":[{"name":"wp","href":"https:\/\/api.w.org\/{rel}","templated":true}]}}