{"id":404068,"date":"2024-05-02T07:07:57","date_gmt":"2024-05-02T07:08:04","guid":{"rendered":"https:\/\/www.erresse-shop.it\/?post_type=product&#038;p=404068"},"modified":"2025-01-14T14:14:36","modified_gmt":"2025-01-14T14:14:36","slug":"berkel-domestic-slicer-volant-dinertie-b3-noir","status":"publish","type":"product","link":"https:\/\/www.erresse-shop.it\/fr\/shop\/petits-electromenagers\/trancheuses\/berkel-domestic-slicer-volant-dinertie-b3-noir\/","title":{"rendered":"BERKEL Domestic Slicer volant d&#8217;inertie B3 Noir"},"content":{"rendered":"<p><strong>GRANDE CAPACIT\u00c9 DE COUPE DANS UN DESIGN \u00c9L\u00c9GANT<\/strong><\/p>\n<p>Une trancheuse domestique \u00e0 volant d&#8217;inertie avec une grande capacit\u00e9 de coupe et une esth\u00e9tique d&#8217;inspiration vintage, garantissant une coupe parfaite dans un design vintage avec une finition haut de gamme.<\/p>\n<p><strong>PERFORMANCE<\/strong><\/p>\n<ul>\n<li>Pieds en caoutchouc r\u00e9glables en diff\u00e9rentes configurations<\/li>\n<li>Lame de 300 mm en acier chrom\u00e9 100cr6 avec profil professionnel : r\u00e9duit les d\u00e9chets et assure des tranches r\u00e9guli\u00e8res.<\/li>\n<li>Syst\u00e8me d&#8217;alimentation rapide et bouton de r\u00e9glage millim\u00e9trique de la plaque pour un positionnement parfait du produit<\/li>\n<li>Aff\u00fbteur amovible fourni avec un syst\u00e8me d&#8217;aff\u00fbtage \u00e0 mouvement s\u00e9par\u00e9 pour une pr\u00e9cision maximale<\/li>\n<li>Bouton de r\u00e9glage de l&#8217;\u00e9paisseur des tranches entre 0 mm et 1,5 mm<\/li>\n<li>\u00c9paisseur minimale de la derni\u00e8re tranche pour minimiser le gaspillage de produit<\/li>\n<li>Protection en acier avec accrochage facile pour faciliter le d\u00e9tachement de la tranche<\/li>\n<li>TAG NFC int\u00e9gr\u00e9 dans le moulage du bo\u00eetier comme garantie d&#8217;originalit\u00e9<\/li>\n<\/ul>\n<p><strong>NETTOYAGE ET HYGI\u00c8NE<\/strong><\/p>\n<ul>\n<li>Plaque avec syst\u00e8me de d\u00e9gagement pour un nettoyage maximal<\/li>\n<li>Grand espace pour le nettoyage et r\u00e9ceptacle \u00e0 d\u00e9chets arri\u00e8re<\/li>\n<li>Syst\u00e8me de retrait rapide du plastron pour un nettoyage facile<\/li>\n<li>Gants en techno-polym\u00e8re amovibles et lavables au lave-vaisselle.<\/li>\n<\/ul>\n<p><strong>S\u00c9CURIT\u00c9<\/strong><\/p>\n<ul>\n<li>Anneau de protection de la lame en acier total avec syst\u00e8me de d\u00e9clenchement manuel pour une s\u00e9curit\u00e9 maximale<\/li>\n<li>Anneau de protection de la lame arri\u00e8re fixe pour plus de s\u00e9curit\u00e9<\/li>\n<li>Commandes ergonomiques pour faciliter la prise en main et minimiser l&#8217;effort de l&#8217;op\u00e9rateur<\/li>\n<\/ul>\n<p><strong>SP\u00c9CIFICATIONS TECHNIQUES<\/strong><\/p>\n<p>Poids 46 kg<br \/>\nHauteur [B] 700 mm<br \/>\nProfondeur [C] 805 mm<br \/>\nLargeur [A] 670 mm<br \/>\nDiam\u00e8tre de la lame 300 mm<br \/>\nMat\u00e9riau de la lame de tranchage 100Cr6<br \/>\n\u00c9paisseur de coupe 0 &#8211; 1,5 mm<br \/>\nCapacit\u00e9 de coupe (circulaire) 210 mm<br \/>\nCapacit\u00e9 de coupe (rectangulaire) 270&#215;210 mm<br \/>\nD\u00e9tails : M\u00e9canisme \u00e0 vis pour le mouvement de la garde de la lame ; D\u00e9coration et signature en berkel peint.<br \/>\nPi\u00e8ces amovibles : prot\u00e8ge-lame, bo\u00eete \u00e0 gants, plaque de recouvrement.<\/p>\n<p><span style=\"text-decoration: underline;\"><strong>Ne peut \u00eatre vendu en dehors de l&#8217;Europe<\/strong><\/span><\/p>\n","protected":false},"excerpt":{"rendered":"<p>GRANDE CAPACIT\u00c9 DE COUPE DANS UN DESIGN \u00c9L\u00c9GANT Une trancheuse domestique \u00e0 volant d&#8217;inertie avec une grande capacit\u00e9 de coupe<\/p>\n","protected":false},"featured_media":404072,"template":"","meta":{"_acf_changed":false,"inline_featured_image":false},"product_cat":[12449,17347],"product_tag":[17352,17288,24680,12856,19128,17353],"acf":[],"yoast_head":"<!-- This site is optimized with the Yoast SEO Premium plugin v18.6 (Yoast SEO v19.13) - https:\/\/yoast.com\/wordpress\/plugins\/seo\/ -->\n<title>BERKEL Domestic Slicer volant d&#039;inertie B3 Noir<\/title>\n<meta name=\"description\" content=\"D\u00e9couvrez BERKEL Domestic Slicer volant d&#039;inertie B3 Noir sur ErresseShop. Qualit\u00e9, prix r\u00e9duits et achat s\u00e9curis\u00e9 \u2013 commandez d\u00e8s maintenant en ligne !\" \/>\n<meta name=\"robots\" content=\"index, follow, max-snippet:-1, max-image-preview:large, max-video-preview:-1\" \/>\n<link rel=\"canonical\" href=\"https:\/\/www.erresse-shop.it\/fr\/shop\/petits-electromenagers\/trancheuses\/berkel-domestic-slicer-volant-dinertie-b3-noir\/\" \/>\n<meta property=\"og:locale\" content=\"fr_FR\" \/>\n<meta property=\"og:type\" content=\"article\" \/>\n<meta property=\"og:title\" content=\"BERKEL Domestic Slicer volant d&#039;inertie B3 Noir\" \/>\n<meta property=\"og:description\" content=\"D\u00e9couvrez BERKEL Domestic Slicer volant d&#039;inertie B3 Noir sur ErresseShop. Qualit\u00e9, prix r\u00e9duits et achat s\u00e9curis\u00e9 \u2013 commandez d\u00e8s maintenant en ligne !\" \/>\n<meta property=\"og:url\" content=\"https:\/\/www.erresse-shop.it\/fr\/shop\/petits-electromenagers\/trancheuses\/berkel-domestic-slicer-volant-dinertie-b3-noir\/\" \/>\n<meta property=\"og:site_name\" content=\"Erresse Shop\" \/>\n<meta property=\"article:modified_time\" content=\"2025-01-14T14:14:36+00:00\" \/>\n<meta property=\"og:image\" content=\"https:\/\/www.erresse-shop.it\/wp-content\/uploads\/2024\/05\/berkel-volano-b3.jpg\" \/>\n\t<meta property=\"og:image:width\" content=\"800\" \/>\n\t<meta property=\"og:image:height\" content=\"800\" \/>\n\t<meta property=\"og:image:type\" content=\"image\/jpeg\" \/>\n<meta name=\"twitter:card\" content=\"summary_large_image\" \/>\n<script type=\"application\/ld+json\" class=\"yoast-schema-graph\">{\"@context\":\"https:\/\/schema.org\",\"@graph\":[{\"@type\":\"WebPage\",\"@id\":\"https:\/\/www.erresse-shop.it\/fr\/shop\/petits-electromenagers\/trancheuses\/berkel-domestic-slicer-volant-dinertie-b3-noir\/\",\"url\":\"https:\/\/www.erresse-shop.it\/fr\/shop\/petits-electromenagers\/trancheuses\/berkel-domestic-slicer-volant-dinertie-b3-noir\/\",\"name\":\"BERKEL Domestic Slicer volant d'inertie B3 Noir\",\"isPartOf\":{\"@id\":\"https:\/\/www.erresse-shop.it\/fr\/#website\"},\"datePublished\":\"2024-05-02T07:08:04+00:00\",\"dateModified\":\"2025-01-14T14:14:36+00:00\",\"description\":\"D\u00e9couvrez BERKEL Domestic Slicer volant d'inertie B3 Noir sur ErresseShop. Qualit\u00e9, prix r\u00e9duits et achat s\u00e9curis\u00e9 \u2013 commandez d\u00e8s maintenant en ligne !\",\"breadcrumb\":{\"@id\":\"https:\/\/www.erresse-shop.it\/fr\/shop\/petits-electromenagers\/trancheuses\/berkel-domestic-slicer-volant-dinertie-b3-noir\/#breadcrumb\"},\"inLanguage\":\"fr-FR\",\"potentialAction\":[{\"@type\":\"ReadAction\",\"target\":[\"https:\/\/www.erresse-shop.it\/fr\/shop\/petits-electromenagers\/trancheuses\/berkel-domestic-slicer-volant-dinertie-b3-noir\/\"]}]},{\"@type\":\"BreadcrumbList\",\"@id\":\"https:\/\/www.erresse-shop.it\/fr\/shop\/petits-electromenagers\/trancheuses\/berkel-domestic-slicer-volant-dinertie-b3-noir\/#breadcrumb\",\"itemListElement\":[{\"@type\":\"ListItem\",\"position\":1,\"name\":\"Home\",\"item\":\"https:\/\/www.erresse-shop.it\/fr\/\"},{\"@type\":\"ListItem\",\"position\":2,\"name\":\"Shop\",\"item\":\"https:\/\/www.erresse-shop.it\/fr\/shop\/\"},{\"@type\":\"ListItem\",\"position\":3,\"name\":\"BERKEL Domestic Slicer volant d&#8217;inertie B3 Noir\"}]},{\"@type\":\"WebSite\",\"@id\":\"https:\/\/www.erresse-shop.it\/fr\/#website\",\"url\":\"https:\/\/www.erresse-shop.it\/fr\/\",\"name\":\"Erresse Shop\",\"description\":\"Articoli di qualit\u00e0 per la casa\",\"potentialAction\":[{\"@type\":\"SearchAction\",\"target\":{\"@type\":\"EntryPoint\",\"urlTemplate\":\"https:\/\/www.erresse-shop.it\/fr\/?s={search_term_string}\"},\"query-input\":\"required name=search_term_string\"}],\"inLanguage\":\"fr-FR\"}]}<\/script>\n<!-- \/ Yoast SEO Premium plugin. -->","yoast_head_json":{"title":"BERKEL Domestic Slicer volant d'inertie B3 Noir","description":"D\u00e9couvrez BERKEL Domestic Slicer volant d'inertie B3 Noir sur ErresseShop. Qualit\u00e9, prix r\u00e9duits et achat s\u00e9curis\u00e9 \u2013 commandez d\u00e8s maintenant en ligne !","robots":{"index":"index","follow":"follow","max-snippet":"max-snippet:-1","max-image-preview":"max-image-preview:large","max-video-preview":"max-video-preview:-1"},"canonical":"https:\/\/www.erresse-shop.it\/fr\/shop\/petits-electromenagers\/trancheuses\/berkel-domestic-slicer-volant-dinertie-b3-noir\/","og_locale":"fr_FR","og_type":"article","og_title":"BERKEL Domestic Slicer volant d'inertie B3 Noir","og_description":"D\u00e9couvrez BERKEL Domestic Slicer volant d'inertie B3 Noir sur ErresseShop. Qualit\u00e9, prix r\u00e9duits et achat s\u00e9curis\u00e9 \u2013 commandez d\u00e8s maintenant en ligne !","og_url":"https:\/\/www.erresse-shop.it\/fr\/shop\/petits-electromenagers\/trancheuses\/berkel-domestic-slicer-volant-dinertie-b3-noir\/","og_site_name":"Erresse Shop","article_modified_time":"2025-01-14T14:14:36+00:00","og_image":[{"width":800,"height":800,"url":"https:\/\/www.erresse-shop.it\/wp-content\/uploads\/2024\/05\/berkel-volano-b3.jpg","type":"image\/jpeg"}],"twitter_card":"summary_large_image","schema":{"@context":"https:\/\/schema.org","@graph":[{"@type":"WebPage","@id":"https:\/\/www.erresse-shop.it\/fr\/shop\/petits-electromenagers\/trancheuses\/berkel-domestic-slicer-volant-dinertie-b3-noir\/","url":"https:\/\/www.erresse-shop.it\/fr\/shop\/petits-electromenagers\/trancheuses\/berkel-domestic-slicer-volant-dinertie-b3-noir\/","name":"BERKEL Domestic Slicer volant d'inertie B3 Noir","isPartOf":{"@id":"https:\/\/www.erresse-shop.it\/fr\/#website"},"datePublished":"2024-05-02T07:08:04+00:00","dateModified":"2025-01-14T14:14:36+00:00","description":"D\u00e9couvrez BERKEL Domestic Slicer volant d'inertie B3 Noir sur ErresseShop. Qualit\u00e9, prix r\u00e9duits et achat s\u00e9curis\u00e9 \u2013 commandez d\u00e8s maintenant en ligne !","breadcrumb":{"@id":"https:\/\/www.erresse-shop.it\/fr\/shop\/petits-electromenagers\/trancheuses\/berkel-domestic-slicer-volant-dinertie-b3-noir\/#breadcrumb"},"inLanguage":"fr-FR","potentialAction":[{"@type":"ReadAction","target":["https:\/\/www.erresse-shop.it\/fr\/shop\/petits-electromenagers\/trancheuses\/berkel-domestic-slicer-volant-dinertie-b3-noir\/"]}]},{"@type":"BreadcrumbList","@id":"https:\/\/www.erresse-shop.it\/fr\/shop\/petits-electromenagers\/trancheuses\/berkel-domestic-slicer-volant-dinertie-b3-noir\/#breadcrumb","itemListElement":[{"@type":"ListItem","position":1,"name":"Home","item":"https:\/\/www.erresse-shop.it\/fr\/"},{"@type":"ListItem","position":2,"name":"Shop","item":"https:\/\/www.erresse-shop.it\/fr\/shop\/"},{"@type":"ListItem","position":3,"name":"BERKEL Domestic Slicer volant d&#8217;inertie B3 Noir"}]},{"@type":"WebSite","@id":"https:\/\/www.erresse-shop.it\/fr\/#website","url":"https:\/\/www.erresse-shop.it\/fr\/","name":"Erresse Shop","description":"Articoli di qualit\u00e0 per la casa","potentialAction":[{"@type":"SearchAction","target":{"@type":"EntryPoint","urlTemplate":"https:\/\/www.erresse-shop.it\/fr\/?s={search_term_string}"},"query-input":"required name=search_term_string"}],"inLanguage":"fr-FR"}]}},"df_price":6299,"df_sale_price":6299,"df_regular_price":7749,"df_image_link":"https:\/\/www.erresse-shop.it\/wp-content\/uploads\/2024\/05\/berkel-volano-b3-300x300.jpg","_links":{"self":[{"href":"https:\/\/www.erresse-shop.it\/fr\/wp-json\/wp\/v2\/product\/404068"}],"collection":[{"href":"https:\/\/www.erresse-shop.it\/fr\/wp-json\/wp\/v2\/product"}],"about":[{"href":"https:\/\/www.erresse-shop.it\/fr\/wp-json\/wp\/v2\/types\/product"}],"wp:featuredmedia":[{"embeddable":true,"href":"https:\/\/www.erresse-shop.it\/fr\/wp-json\/wp\/v2\/media\/404072"}],"wp:attachment":[{"href":"https:\/\/www.erresse-shop.it\/fr\/wp-json\/wp\/v2\/media?parent=404068"}],"wp:term":[{"taxonomy":"product_cat","embeddable":true,"href":"https:\/\/www.erresse-shop.it\/fr\/wp-json\/wp\/v2\/product_cat?post=404068"},{"taxonomy":"product_tag","embeddable":true,"href":"https:\/\/www.erresse-shop.it\/fr\/wp-json\/wp\/v2\/product_tag?post=404068"}],"curies":[{"name":"wp","href":"https:\/\/api.w.org\/{rel}","templated":true}]}}