{"id":403288,"date":"2024-04-23T08:13:36","date_gmt":"2024-04-23T08:13:40","guid":{"rendered":"https:\/\/www.erresse-shop.it\/?post_type=product&#038;p=403288"},"modified":"2025-01-14T17:30:08","modified_gmt":"2025-01-14T17:30:08","slug":"blendtec-blender-professional-800-copia","status":"publish","type":"product","link":"https:\/\/www.erresse-shop.it\/fr\/shop\/petits-electromenagers\/mixeurs\/blendtec-blender-professional-800-copia\/","title":{"rendered":"BLENDTEC Blender Designer 650 Noir"},"content":{"rendered":"<p>C&#8217;est le mixeur qui fait tout, y compris compl\u00e9ter le d\u00e9cor de votre cuisine. Le Designer 650 est dot\u00e9 d&#8217;une technologie de mixage et de contr\u00f4le de nouvelle g\u00e9n\u00e9ration et d&#8217;une superbe palette de sept couleurs.<\/p>\n<p>Le Designer 650 est con\u00e7u non seulement pour offrir des performances \u00e9lev\u00e9es, mais aussi pour s&#8217;adapter \u00e0 votre sens de la mode.<\/p>\n<p><strong>CARACT\u00c9RISTIQUES :<\/strong><\/p>\n<p>Moteur de 3,0 chevaux de pointe<br \/>\nInterface tactile \u00e9clair\u00e9e et capacitive<br \/>\n6 cycles pr\u00e9programm\u00e9s : sauces\/chips, broyeur \u00e0 glace\/margarita, smoothie, cr\u00e8me glac\u00e9e, jus entier, soupe chaude et fondue<br \/>\nCurseur tactile capacitif \u00e0 8 vitesses + Pulse<br \/>\nL&#8217;\u00e9cran \u00e9clair\u00e9 indique le temps de mixage restant<br \/>\nFinition imprim\u00e9e<br \/>\nCouleurs : Noir, Rouge, Chartreuse, Pamplemousse, Orchid\u00e9e, Gris ardoise, Blanc polaire<br \/>\nDimensions : 18 x 24 x 38 cm (7\u2033 large x 9.25\u2033 profond x 15.5\u2033 haut)<br \/>\nPoids : 4,2 kg (9.25 lbs)<br \/>\n1560 Watts, 230 volts<br \/>\nC\u00e2ble d&#8217;alimentation : prise UK ou EU<br \/>\nGarantie de 8 ans<\/p>\n<p><strong>L&#8217;ENSEMBLE COMPREND<\/strong><br \/>\n-Socle moteur design 650<br \/>\n-Bo\u00eete WildSide+ sans BPA avec couvercle ventil\u00e9<br \/>\n-8 VITESSES MANUELLES + IMPULSION<\/p>\n<p>Vous avez maintenant un contr\u00f4le total de la vitesse de m\u00e9lange litt\u00e9ralement au bout de vos doigts. Vous trouverez notre interface de contr\u00f4le total par curseur. Il vous suffit de toucher ou de faire glisser le bout de votre doigt pour contr\u00f4ler totalement la vitesse de m\u00e9lange. Vous pouvez s\u00e9lectionner n&#8217;importe quelle vitesse ou faire glisser votre doigt de gauche \u00e0 droite pour augmenter ou r\u00e9duire la vitesse. A c\u00f4t\u00e9 de la barre de d\u00e9filement se trouvent les commandes d&#8217;arr\u00eat et d&#8217;impulsion.<\/p>\n<p><strong>JAR WILDSIDE<\/strong><br \/>\nC&#8217;est le pot qui a r\u00e9volutionn\u00e9 le mixage \u00e0 grande vitesse. Le pot WildSide+ est dot\u00e9 d&#8217;une base extra-large et d&#8217;un cinqui\u00e8me c\u00f4t\u00e9 &#8220;sauvage&#8221; \u00e9troit qui contribue \u00e0 cr\u00e9er un m\u00e9lange plus rapide et plus lisse. Le pot WildSide+ comporte \u00e9galement deux stries verticales sur les parois int\u00e9rieures pour briser davantage le sch\u00e9ma de m\u00e9lange et acc\u00e9l\u00e9rer le mixage. Le r\u00e9sultat ? Les m\u00e9langes les plus rapides et les plus doux jamais r\u00e9alis\u00e9s.<\/p>\n<p><strong>INCROYABLE GARANTIE DE 8 ANS<\/strong><br \/>\nLe Designer 650 est couvert par une garantie de 8 ans, la plus longue de sa cat\u00e9gorie. Mais il est con\u00e7u pour durer bien plus longtemps, ce qui en fait un appareil que vous aimerez toute votre vie.<\/p>\n<p><strong>Commandes tactiles \u00e9clair\u00e9es<\/strong><br \/>\nUn \u00e9cran tactile intuitif avec des ic\u00f4nes faciles \u00e0 voir rend le Designer 650 plus polyvalent et plus facile \u00e0 utiliser. Il s&#8217;allume d&#8217;une simple pression, s&#8217;\u00e9teint automatiquement et est compl\u00e8tement plat, de sorte que le nettoyage est aussi facile qu&#8217;un simple coup d&#8217;\u00e9ponge.<\/p>\n<p><strong>CYCLES DE M\u00c9LANGE PR\u00c9PROGRAMM\u00c9S ET OPTIMIS\u00c9S<\/strong><br \/>\nFini les devinettes ! La s\u00e9rie Designer propose six cycles pr\u00e9programm\u00e9s personnalis\u00e9s : p\u00e2te \u00e0 frire, hachage, shake, cr\u00e8me glac\u00e9e, jus entier, soupe chaude. Cette technologie unique de cycle de mixage permet de cr\u00e9er des m\u00e9langes parfaits sur simple pression d&#8217;un bouton.<\/p>\n<p>Cruche lavable au lave-vaisselle : Oui<\/p>\n<p><span style=\"text-decoration: underline;\"><strong>Non disponible \u00e0 la vente en dehors de l&#8217;Europe<\/strong><\/span><\/p>\n","protected":false},"excerpt":{"rendered":"<p>C&#8217;est le mixeur qui fait tout, y compris compl\u00e9ter le d\u00e9cor de votre cuisine. Le Designer 650 est dot\u00e9 d&#8217;une<\/p>\n","protected":false},"featured_media":403301,"template":"","meta":{"_acf_changed":false,"inline_featured_image":false},"product_cat":[12766,12449],"product_tag":[13260],"acf":[],"yoast_head":"<!-- This site is optimized with the Yoast SEO Premium plugin v18.6 (Yoast SEO v19.13) - https:\/\/yoast.com\/wordpress\/plugins\/seo\/ -->\n<title>BLENDTEC Blender Designer 650 Noir<\/title>\n<meta name=\"description\" content=\"D\u00e9couvrez BLENDTEC Blender Designer 650 Noir sur ErresseShop. Qualit\u00e9, prix r\u00e9duits et achat s\u00e9curis\u00e9 \u2013 commandez d\u00e8s maintenant en ligne !\" \/>\n<meta name=\"robots\" content=\"index, follow, max-snippet:-1, max-image-preview:large, max-video-preview:-1\" \/>\n<link rel=\"canonical\" href=\"https:\/\/www.erresse-shop.it\/fr\/shop\/petits-electromenagers\/mixeurs\/blendtec-blender-professional-800-copia\/\" \/>\n<meta property=\"og:locale\" content=\"fr_FR\" \/>\n<meta property=\"og:type\" content=\"article\" \/>\n<meta property=\"og:title\" content=\"BLENDTEC Blender Designer 650 Noir\" \/>\n<meta property=\"og:description\" content=\"D\u00e9couvrez BLENDTEC Blender Designer 650 Noir sur ErresseShop. Qualit\u00e9, prix r\u00e9duits et achat s\u00e9curis\u00e9 \u2013 commandez d\u00e8s maintenant en ligne !\" \/>\n<meta property=\"og:url\" content=\"https:\/\/www.erresse-shop.it\/fr\/shop\/petits-electromenagers\/mixeurs\/blendtec-blender-professional-800-copia\/\" \/>\n<meta property=\"og:site_name\" content=\"Erresse Shop\" \/>\n<meta property=\"article:modified_time\" content=\"2025-01-14T17:30:08+00:00\" \/>\n<meta property=\"og:image\" content=\"https:\/\/www.erresse-shop.it\/wp-content\/uploads\/2024\/04\/blendtec-designer-650-nero.jpg\" \/>\n\t<meta property=\"og:image:width\" content=\"800\" \/>\n\t<meta property=\"og:image:height\" content=\"800\" \/>\n\t<meta property=\"og:image:type\" content=\"image\/jpeg\" \/>\n<meta name=\"twitter:card\" content=\"summary_large_image\" \/>\n<script type=\"application\/ld+json\" class=\"yoast-schema-graph\">{\"@context\":\"https:\/\/schema.org\",\"@graph\":[{\"@type\":\"WebPage\",\"@id\":\"https:\/\/www.erresse-shop.it\/fr\/shop\/petits-electromenagers\/mixeurs\/blendtec-blender-professional-800-copia\/\",\"url\":\"https:\/\/www.erresse-shop.it\/fr\/shop\/petits-electromenagers\/mixeurs\/blendtec-blender-professional-800-copia\/\",\"name\":\"BLENDTEC Blender Designer 650 Noir\",\"isPartOf\":{\"@id\":\"https:\/\/www.erresse-shop.it\/fr\/#website\"},\"datePublished\":\"2024-04-23T08:13:40+00:00\",\"dateModified\":\"2025-01-14T17:30:08+00:00\",\"description\":\"D\u00e9couvrez BLENDTEC Blender Designer 650 Noir sur ErresseShop. Qualit\u00e9, prix r\u00e9duits et achat s\u00e9curis\u00e9 \u2013 commandez d\u00e8s maintenant en ligne !\",\"breadcrumb\":{\"@id\":\"https:\/\/www.erresse-shop.it\/fr\/shop\/petits-electromenagers\/mixeurs\/blendtec-blender-professional-800-copia\/#breadcrumb\"},\"inLanguage\":\"fr-FR\",\"potentialAction\":[{\"@type\":\"ReadAction\",\"target\":[\"https:\/\/www.erresse-shop.it\/fr\/shop\/petits-electromenagers\/mixeurs\/blendtec-blender-professional-800-copia\/\"]}]},{\"@type\":\"BreadcrumbList\",\"@id\":\"https:\/\/www.erresse-shop.it\/fr\/shop\/petits-electromenagers\/mixeurs\/blendtec-blender-professional-800-copia\/#breadcrumb\",\"itemListElement\":[{\"@type\":\"ListItem\",\"position\":1,\"name\":\"Home\",\"item\":\"https:\/\/www.erresse-shop.it\/fr\/\"},{\"@type\":\"ListItem\",\"position\":2,\"name\":\"Shop\",\"item\":\"https:\/\/www.erresse-shop.it\/fr\/shop\/\"},{\"@type\":\"ListItem\",\"position\":3,\"name\":\"BLENDTEC Blender Designer 650 Noir\"}]},{\"@type\":\"WebSite\",\"@id\":\"https:\/\/www.erresse-shop.it\/fr\/#website\",\"url\":\"https:\/\/www.erresse-shop.it\/fr\/\",\"name\":\"Erresse Shop\",\"description\":\"Articoli di qualit\u00e0 per la casa\",\"potentialAction\":[{\"@type\":\"SearchAction\",\"target\":{\"@type\":\"EntryPoint\",\"urlTemplate\":\"https:\/\/www.erresse-shop.it\/fr\/?s={search_term_string}\"},\"query-input\":\"required name=search_term_string\"}],\"inLanguage\":\"fr-FR\"}]}<\/script>\n<!-- \/ Yoast SEO Premium plugin. -->","yoast_head_json":{"title":"BLENDTEC Blender Designer 650 Noir","description":"D\u00e9couvrez BLENDTEC Blender Designer 650 Noir sur ErresseShop. Qualit\u00e9, prix r\u00e9duits et achat s\u00e9curis\u00e9 \u2013 commandez d\u00e8s maintenant en ligne !","robots":{"index":"index","follow":"follow","max-snippet":"max-snippet:-1","max-image-preview":"max-image-preview:large","max-video-preview":"max-video-preview:-1"},"canonical":"https:\/\/www.erresse-shop.it\/fr\/shop\/petits-electromenagers\/mixeurs\/blendtec-blender-professional-800-copia\/","og_locale":"fr_FR","og_type":"article","og_title":"BLENDTEC Blender Designer 650 Noir","og_description":"D\u00e9couvrez BLENDTEC Blender Designer 650 Noir sur ErresseShop. Qualit\u00e9, prix r\u00e9duits et achat s\u00e9curis\u00e9 \u2013 commandez d\u00e8s maintenant en ligne !","og_url":"https:\/\/www.erresse-shop.it\/fr\/shop\/petits-electromenagers\/mixeurs\/blendtec-blender-professional-800-copia\/","og_site_name":"Erresse Shop","article_modified_time":"2025-01-14T17:30:08+00:00","og_image":[{"width":800,"height":800,"url":"https:\/\/www.erresse-shop.it\/wp-content\/uploads\/2024\/04\/blendtec-designer-650-nero.jpg","type":"image\/jpeg"}],"twitter_card":"summary_large_image","schema":{"@context":"https:\/\/schema.org","@graph":[{"@type":"WebPage","@id":"https:\/\/www.erresse-shop.it\/fr\/shop\/petits-electromenagers\/mixeurs\/blendtec-blender-professional-800-copia\/","url":"https:\/\/www.erresse-shop.it\/fr\/shop\/petits-electromenagers\/mixeurs\/blendtec-blender-professional-800-copia\/","name":"BLENDTEC Blender Designer 650 Noir","isPartOf":{"@id":"https:\/\/www.erresse-shop.it\/fr\/#website"},"datePublished":"2024-04-23T08:13:40+00:00","dateModified":"2025-01-14T17:30:08+00:00","description":"D\u00e9couvrez BLENDTEC Blender Designer 650 Noir sur ErresseShop. Qualit\u00e9, prix r\u00e9duits et achat s\u00e9curis\u00e9 \u2013 commandez d\u00e8s maintenant en ligne !","breadcrumb":{"@id":"https:\/\/www.erresse-shop.it\/fr\/shop\/petits-electromenagers\/mixeurs\/blendtec-blender-professional-800-copia\/#breadcrumb"},"inLanguage":"fr-FR","potentialAction":[{"@type":"ReadAction","target":["https:\/\/www.erresse-shop.it\/fr\/shop\/petits-electromenagers\/mixeurs\/blendtec-blender-professional-800-copia\/"]}]},{"@type":"BreadcrumbList","@id":"https:\/\/www.erresse-shop.it\/fr\/shop\/petits-electromenagers\/mixeurs\/blendtec-blender-professional-800-copia\/#breadcrumb","itemListElement":[{"@type":"ListItem","position":1,"name":"Home","item":"https:\/\/www.erresse-shop.it\/fr\/"},{"@type":"ListItem","position":2,"name":"Shop","item":"https:\/\/www.erresse-shop.it\/fr\/shop\/"},{"@type":"ListItem","position":3,"name":"BLENDTEC Blender Designer 650 Noir"}]},{"@type":"WebSite","@id":"https:\/\/www.erresse-shop.it\/fr\/#website","url":"https:\/\/www.erresse-shop.it\/fr\/","name":"Erresse Shop","description":"Articoli di qualit\u00e0 per la casa","potentialAction":[{"@type":"SearchAction","target":{"@type":"EntryPoint","urlTemplate":"https:\/\/www.erresse-shop.it\/fr\/?s={search_term_string}"},"query-input":"required name=search_term_string"}],"inLanguage":"fr-FR"}]}},"df_price":729.95,"df_sale_price":729.95,"df_regular_price":849,"df_image_link":"https:\/\/www.erresse-shop.it\/wp-content\/uploads\/2024\/04\/blendtec-designer-650-nero-300x300.jpg","_links":{"self":[{"href":"https:\/\/www.erresse-shop.it\/fr\/wp-json\/wp\/v2\/product\/403288"}],"collection":[{"href":"https:\/\/www.erresse-shop.it\/fr\/wp-json\/wp\/v2\/product"}],"about":[{"href":"https:\/\/www.erresse-shop.it\/fr\/wp-json\/wp\/v2\/types\/product"}],"wp:featuredmedia":[{"embeddable":true,"href":"https:\/\/www.erresse-shop.it\/fr\/wp-json\/wp\/v2\/media\/403301"}],"wp:attachment":[{"href":"https:\/\/www.erresse-shop.it\/fr\/wp-json\/wp\/v2\/media?parent=403288"}],"wp:term":[{"taxonomy":"product_cat","embeddable":true,"href":"https:\/\/www.erresse-shop.it\/fr\/wp-json\/wp\/v2\/product_cat?post=403288"},{"taxonomy":"product_tag","embeddable":true,"href":"https:\/\/www.erresse-shop.it\/fr\/wp-json\/wp\/v2\/product_tag?post=403288"}],"curies":[{"name":"wp","href":"https:\/\/api.w.org\/{rel}","templated":true}]}}