{"id":402725,"date":"2024-04-18T08:41:01","date_gmt":"2024-04-18T08:41:05","guid":{"rendered":"https:\/\/www.erresse-shop.it\/?post_type=product&#038;p=402725"},"modified":"2025-01-14T17:30:09","modified_gmt":"2025-01-14T17:30:09","slug":"zwilling-enfinigy-power-blender-pro-copia","status":"publish","type":"product","link":"https:\/\/www.erresse-shop.it\/fr\/shop\/petits-electromenagers\/mixeurs\/zwilling-enfinigy-power-blender-pro-copia\/","title":{"rendered":"BLENDTEC Blender Stealth 885"},"content":{"rendered":"<p>Stealth 885 allie durabilit\u00e9, puissance et caract\u00e9ristiques innovantes. Gr\u00e2ce au capot d&#8217;insonorisation, le niveau sonore de la machine ne d\u00e9passe pas celui d&#8217;une conversation normale.<\/p>\n<p>Carafe : 2 carafes WildSide+ incluses<\/p>\n<p>Mat\u00e9riau de la carafe : Tritan, sans BPA<\/p>\n<p>Portions : jusqu&#8217;\u00e0 1000 ml<\/p>\n<p>DIMENSIONS :<br \/>\nHauteur : 43,9 cm<br \/>\nLargeur : 21.8 cm<br \/>\nProfondeur : 22,9 cm<br \/>\nPoids net : 7,2 kg<br \/>\nVolume de la cruche : 2,66 litres<\/p>\n<p>CONSOMMATION<br \/>\nTension : 220-240 V<br \/>\nConsommation \u00e9lectrique : 1800 W<br \/>\nPuissance du moteur : 3,8 HP (puissance de pointe)<br \/>\nCycles journaliers : 200<\/p>\n<p>Lame de s\u00e9curit\u00e9 : Oui. en acier tremp\u00e9 forg\u00e9 \u00e0 froid<br \/>\nArbre d&#8217;entra\u00eenement : Acier tremp\u00e9<br \/>\nStealthTechnology : capot insonoris\u00e9 qui att\u00e9nue le bruit et le flux d&#8217;air<\/p>\n<p>Programmes automatiques : 42 cycles pr\u00e9programm\u00e9s<br \/>\nCr\u00e9ation de programmes personnalis\u00e9s : Oui<br \/>\nFonction d&#8217;impulsion : Oui<\/p>\n<p>Interface : Capacitive, tactile \u00e9clair\u00e9e<br \/>\nCruche lavable au lave-vaisselle : Oui<br \/>\nPort USB : Oui<\/p>\n<p><span style=\"text-decoration: underline;\"><strong>Non disponible \u00e0 la vente en dehors de l&#8217;Europe<\/strong><\/span><\/p>\n","protected":false},"excerpt":{"rendered":"<p>Stealth 885 allie durabilit\u00e9, puissance et caract\u00e9ristiques innovantes. Gr\u00e2ce au capot d&#8217;insonorisation, le niveau sonore de la machine ne d\u00e9passe<\/p>\n","protected":false},"featured_media":402730,"template":"","meta":{"_acf_changed":false,"inline_featured_image":false},"product_cat":[12766,12449],"product_tag":[13260],"acf":[],"yoast_head":"<!-- This site is optimized with the Yoast SEO Premium plugin v18.6 (Yoast SEO v19.13) - https:\/\/yoast.com\/wordpress\/plugins\/seo\/ -->\n<title>BLENDTEC Blender Stealth 885<\/title>\n<meta name=\"description\" content=\"D\u00e9couvrez BLENDTEC Blender Stealth 885 sur ErresseShop. Qualit\u00e9, prix r\u00e9duits et achat s\u00e9curis\u00e9 \u2013 commandez d\u00e8s maintenant en ligne !\" \/>\n<meta name=\"robots\" content=\"index, follow, max-snippet:-1, max-image-preview:large, max-video-preview:-1\" \/>\n<link rel=\"canonical\" href=\"https:\/\/www.erresse-shop.it\/fr\/shop\/petits-electromenagers\/mixeurs\/zwilling-enfinigy-power-blender-pro-copia\/\" \/>\n<meta property=\"og:locale\" content=\"fr_FR\" \/>\n<meta property=\"og:type\" content=\"article\" \/>\n<meta property=\"og:title\" content=\"BLENDTEC Blender Stealth 885\" \/>\n<meta property=\"og:description\" content=\"D\u00e9couvrez BLENDTEC Blender Stealth 885 sur ErresseShop. Qualit\u00e9, prix r\u00e9duits et achat s\u00e9curis\u00e9 \u2013 commandez d\u00e8s maintenant en ligne !\" \/>\n<meta property=\"og:url\" content=\"https:\/\/www.erresse-shop.it\/fr\/shop\/petits-electromenagers\/mixeurs\/zwilling-enfinigy-power-blender-pro-copia\/\" \/>\n<meta property=\"og:site_name\" content=\"Erresse Shop\" \/>\n<meta property=\"article:modified_time\" content=\"2025-01-14T17:30:09+00:00\" \/>\n<meta property=\"og:image\" content=\"https:\/\/www.erresse-shop.it\/wp-content\/uploads\/2024\/04\/Blendtec-frullatore.jpg\" \/>\n\t<meta property=\"og:image:width\" content=\"800\" \/>\n\t<meta property=\"og:image:height\" content=\"800\" \/>\n\t<meta property=\"og:image:type\" content=\"image\/jpeg\" \/>\n<meta name=\"twitter:card\" content=\"summary_large_image\" \/>\n<script type=\"application\/ld+json\" class=\"yoast-schema-graph\">{\"@context\":\"https:\/\/schema.org\",\"@graph\":[{\"@type\":\"WebPage\",\"@id\":\"https:\/\/www.erresse-shop.it\/fr\/shop\/petits-electromenagers\/mixeurs\/zwilling-enfinigy-power-blender-pro-copia\/\",\"url\":\"https:\/\/www.erresse-shop.it\/fr\/shop\/petits-electromenagers\/mixeurs\/zwilling-enfinigy-power-blender-pro-copia\/\",\"name\":\"BLENDTEC Blender Stealth 885\",\"isPartOf\":{\"@id\":\"https:\/\/www.erresse-shop.it\/fr\/#website\"},\"datePublished\":\"2024-04-18T08:41:05+00:00\",\"dateModified\":\"2025-01-14T17:30:09+00:00\",\"description\":\"D\u00e9couvrez BLENDTEC Blender Stealth 885 sur ErresseShop. Qualit\u00e9, prix r\u00e9duits et achat s\u00e9curis\u00e9 \u2013 commandez d\u00e8s maintenant en ligne !\",\"breadcrumb\":{\"@id\":\"https:\/\/www.erresse-shop.it\/fr\/shop\/petits-electromenagers\/mixeurs\/zwilling-enfinigy-power-blender-pro-copia\/#breadcrumb\"},\"inLanguage\":\"fr-FR\",\"potentialAction\":[{\"@type\":\"ReadAction\",\"target\":[\"https:\/\/www.erresse-shop.it\/fr\/shop\/petits-electromenagers\/mixeurs\/zwilling-enfinigy-power-blender-pro-copia\/\"]}]},{\"@type\":\"BreadcrumbList\",\"@id\":\"https:\/\/www.erresse-shop.it\/fr\/shop\/petits-electromenagers\/mixeurs\/zwilling-enfinigy-power-blender-pro-copia\/#breadcrumb\",\"itemListElement\":[{\"@type\":\"ListItem\",\"position\":1,\"name\":\"Home\",\"item\":\"https:\/\/www.erresse-shop.it\/fr\/\"},{\"@type\":\"ListItem\",\"position\":2,\"name\":\"Shop\",\"item\":\"https:\/\/www.erresse-shop.it\/fr\/shop\/\"},{\"@type\":\"ListItem\",\"position\":3,\"name\":\"BLENDTEC Blender Stealth 885\"}]},{\"@type\":\"WebSite\",\"@id\":\"https:\/\/www.erresse-shop.it\/fr\/#website\",\"url\":\"https:\/\/www.erresse-shop.it\/fr\/\",\"name\":\"Erresse Shop\",\"description\":\"Articoli di qualit\u00e0 per la casa\",\"potentialAction\":[{\"@type\":\"SearchAction\",\"target\":{\"@type\":\"EntryPoint\",\"urlTemplate\":\"https:\/\/www.erresse-shop.it\/fr\/?s={search_term_string}\"},\"query-input\":\"required name=search_term_string\"}],\"inLanguage\":\"fr-FR\"}]}<\/script>\n<!-- \/ Yoast SEO Premium plugin. -->","yoast_head_json":{"title":"BLENDTEC Blender Stealth 885","description":"D\u00e9couvrez BLENDTEC Blender Stealth 885 sur ErresseShop. Qualit\u00e9, prix r\u00e9duits et achat s\u00e9curis\u00e9 \u2013 commandez d\u00e8s maintenant en ligne !","robots":{"index":"index","follow":"follow","max-snippet":"max-snippet:-1","max-image-preview":"max-image-preview:large","max-video-preview":"max-video-preview:-1"},"canonical":"https:\/\/www.erresse-shop.it\/fr\/shop\/petits-electromenagers\/mixeurs\/zwilling-enfinigy-power-blender-pro-copia\/","og_locale":"fr_FR","og_type":"article","og_title":"BLENDTEC Blender Stealth 885","og_description":"D\u00e9couvrez BLENDTEC Blender Stealth 885 sur ErresseShop. Qualit\u00e9, prix r\u00e9duits et achat s\u00e9curis\u00e9 \u2013 commandez d\u00e8s maintenant en ligne !","og_url":"https:\/\/www.erresse-shop.it\/fr\/shop\/petits-electromenagers\/mixeurs\/zwilling-enfinigy-power-blender-pro-copia\/","og_site_name":"Erresse Shop","article_modified_time":"2025-01-14T17:30:09+00:00","og_image":[{"width":800,"height":800,"url":"https:\/\/www.erresse-shop.it\/wp-content\/uploads\/2024\/04\/Blendtec-frullatore.jpg","type":"image\/jpeg"}],"twitter_card":"summary_large_image","schema":{"@context":"https:\/\/schema.org","@graph":[{"@type":"WebPage","@id":"https:\/\/www.erresse-shop.it\/fr\/shop\/petits-electromenagers\/mixeurs\/zwilling-enfinigy-power-blender-pro-copia\/","url":"https:\/\/www.erresse-shop.it\/fr\/shop\/petits-electromenagers\/mixeurs\/zwilling-enfinigy-power-blender-pro-copia\/","name":"BLENDTEC Blender Stealth 885","isPartOf":{"@id":"https:\/\/www.erresse-shop.it\/fr\/#website"},"datePublished":"2024-04-18T08:41:05+00:00","dateModified":"2025-01-14T17:30:09+00:00","description":"D\u00e9couvrez BLENDTEC Blender Stealth 885 sur ErresseShop. Qualit\u00e9, prix r\u00e9duits et achat s\u00e9curis\u00e9 \u2013 commandez d\u00e8s maintenant en ligne !","breadcrumb":{"@id":"https:\/\/www.erresse-shop.it\/fr\/shop\/petits-electromenagers\/mixeurs\/zwilling-enfinigy-power-blender-pro-copia\/#breadcrumb"},"inLanguage":"fr-FR","potentialAction":[{"@type":"ReadAction","target":["https:\/\/www.erresse-shop.it\/fr\/shop\/petits-electromenagers\/mixeurs\/zwilling-enfinigy-power-blender-pro-copia\/"]}]},{"@type":"BreadcrumbList","@id":"https:\/\/www.erresse-shop.it\/fr\/shop\/petits-electromenagers\/mixeurs\/zwilling-enfinigy-power-blender-pro-copia\/#breadcrumb","itemListElement":[{"@type":"ListItem","position":1,"name":"Home","item":"https:\/\/www.erresse-shop.it\/fr\/"},{"@type":"ListItem","position":2,"name":"Shop","item":"https:\/\/www.erresse-shop.it\/fr\/shop\/"},{"@type":"ListItem","position":3,"name":"BLENDTEC Blender Stealth 885"}]},{"@type":"WebSite","@id":"https:\/\/www.erresse-shop.it\/fr\/#website","url":"https:\/\/www.erresse-shop.it\/fr\/","name":"Erresse Shop","description":"Articoli di qualit\u00e0 per la casa","potentialAction":[{"@type":"SearchAction","target":{"@type":"EntryPoint","urlTemplate":"https:\/\/www.erresse-shop.it\/fr\/?s={search_term_string}"},"query-input":"required name=search_term_string"}],"inLanguage":"fr-FR"}]}},"df_price":2199,"df_sale_price":2199,"df_regular_price":2690,"df_image_link":"https:\/\/www.erresse-shop.it\/wp-content\/uploads\/2024\/04\/Blendtec-frullatore-300x300.jpg","_links":{"self":[{"href":"https:\/\/www.erresse-shop.it\/fr\/wp-json\/wp\/v2\/product\/402725"}],"collection":[{"href":"https:\/\/www.erresse-shop.it\/fr\/wp-json\/wp\/v2\/product"}],"about":[{"href":"https:\/\/www.erresse-shop.it\/fr\/wp-json\/wp\/v2\/types\/product"}],"wp:featuredmedia":[{"embeddable":true,"href":"https:\/\/www.erresse-shop.it\/fr\/wp-json\/wp\/v2\/media\/402730"}],"wp:attachment":[{"href":"https:\/\/www.erresse-shop.it\/fr\/wp-json\/wp\/v2\/media?parent=402725"}],"wp:term":[{"taxonomy":"product_cat","embeddable":true,"href":"https:\/\/www.erresse-shop.it\/fr\/wp-json\/wp\/v2\/product_cat?post=402725"},{"taxonomy":"product_tag","embeddable":true,"href":"https:\/\/www.erresse-shop.it\/fr\/wp-json\/wp\/v2\/product_tag?post=402725"}],"curies":[{"name":"wp","href":"https:\/\/api.w.org\/{rel}","templated":true}]}}