{"id":402530,"date":"2024-04-16T09:38:09","date_gmt":"2024-04-16T09:38:11","guid":{"rendered":"https:\/\/www.erresse-shop.it\/?post_type=product&#038;p=402530"},"modified":"2025-01-14T17:33:40","modified_gmt":"2025-01-14T17:33:40","slug":"cilio-plaid-picnic-weekend-copia","status":"publish","type":"product","link":"https:\/\/www.erresse-shop.it\/fr\/shop\/table-fr-2\/paniers-pique-nique\/cilio-plaid-picnic-weekend-copia\/","title":{"rendered":"CILIO Plaid Picnic Beach"},"content":{"rendered":"<p>Voici l&#8217;ambiance du week-end ! La <strong>couverture de pique-nique Beach de cilio<\/strong> vous invite \u00e0 regarder les nuages, \u00e0 laisser vos pens\u00e9es vagabonder et \u00e0 d\u00e9brancher. La face inf\u00e9rieure d\u00e9perlante emp\u00eache l&#8217;humidit\u00e9 de p\u00e9n\u00e9trer, tandis que la flanelle douce aux motifs \u00e0 carreaux attrayants r\u00e9chauffe la face sup\u00e9rieure. Profitez de votre temps loin de la vie quotidienne tr\u00e9pidante dans la for\u00eat, dans le jardin de la ville ou au bord d&#8217;un lac. La surface de couchage est suffisamment grande et insensible \u00e0 la salet\u00e9, ce qui contribue \u00e9galement \u00e0 la d\u00e9tente. Pour le transport, la plate-forme devient petite gr\u00e2ce \u00e0 la poign\u00e9e de transport pratique et \u00e0 la fermeture velcro et se glisse dans la sacoche du v\u00e9lo.<\/p>\n<p>Avec poign\u00e9e de transport et fermeture velcro.<\/p>\n<p><strong>Dimensions<\/strong> : 200 x 200 cm : 200 x 200 cm<br \/>\n<strong>Mat\u00e9riau<\/strong> : flanelle, base caoutchout\u00e9e et hydrofuge<\/p>\n<p><strong>Cilio<\/strong> a \u00e9t\u00e9 fond\u00e9e en <strong>1993 \u00e0 Solingen<\/strong>, o\u00f9 elle est encore bas\u00e9e aujourd&#8217;hui. Depuis le d\u00e9but, Cilio attache une grande importance \u00e0 la combinaison de mat\u00e9riaux de haute qualit\u00e9, d&#8217;un design distinctif, d&#8217;un excellent savoir-faire artisanal et industriel et d&#8217;une utilit\u00e9 parfaite. Cette philosophie s&#8217;applique \u00e0 tous les secteurs.<\/p>\n","protected":false},"excerpt":{"rendered":"<p>Voici l&#8217;ambiance du week-end ! La couverture de pique-nique Beach de cilio vous invite \u00e0 regarder les nuages, \u00e0 laisser<\/p>\n","protected":false},"featured_media":457128,"template":"","meta":{"_acf_changed":false,"inline_featured_image":false},"product_cat":[15510,12782],"product_tag":[25026,25021,15502,24603],"acf":[],"yoast_head":"<!-- This site is optimized with the Yoast SEO Premium plugin v18.6 (Yoast SEO v19.13) - https:\/\/yoast.com\/wordpress\/plugins\/seo\/ -->\n<title>CILIO Plaid Picnic Beach<\/title>\n<meta name=\"description\" content=\"D\u00e9couvrez CILIO Plaid Picnic Beach sur ErresseShop. Qualit\u00e9, prix r\u00e9duits et achat s\u00e9curis\u00e9 \u2013 commandez d\u00e8s maintenant en ligne !\" \/>\n<meta name=\"robots\" content=\"index, follow, max-snippet:-1, max-image-preview:large, max-video-preview:-1\" \/>\n<link rel=\"canonical\" href=\"https:\/\/www.erresse-shop.it\/fr\/shop\/table-fr-2\/paniers-pique-nique\/cilio-plaid-picnic-weekend-copia\/\" \/>\n<meta property=\"og:locale\" content=\"fr_FR\" \/>\n<meta property=\"og:type\" content=\"article\" \/>\n<meta property=\"og:title\" content=\"CILIO Plaid Picnic Beach\" \/>\n<meta property=\"og:description\" content=\"D\u00e9couvrez CILIO Plaid Picnic Beach sur ErresseShop. Qualit\u00e9, prix r\u00e9duits et achat s\u00e9curis\u00e9 \u2013 commandez d\u00e8s maintenant en ligne !\" \/>\n<meta property=\"og:url\" content=\"https:\/\/www.erresse-shop.it\/fr\/shop\/table-fr-2\/paniers-pique-nique\/cilio-plaid-picnic-weekend-copia\/\" \/>\n<meta property=\"og:site_name\" content=\"Erresse Shop\" \/>\n<meta property=\"article:modified_time\" content=\"2025-01-14T17:33:40+00:00\" \/>\n<meta property=\"og:image\" content=\"https:\/\/www.erresse-shop.it\/wp-content\/uploads\/2024\/04\/CILIO-Plaid-Picnic-Beach.jpg\" \/>\n\t<meta property=\"og:image:width\" content=\"1200\" \/>\n\t<meta property=\"og:image:height\" content=\"1200\" \/>\n\t<meta property=\"og:image:type\" content=\"image\/jpeg\" \/>\n<meta name=\"twitter:card\" content=\"summary_large_image\" \/>\n<script type=\"application\/ld+json\" class=\"yoast-schema-graph\">{\"@context\":\"https:\/\/schema.org\",\"@graph\":[{\"@type\":\"WebPage\",\"@id\":\"https:\/\/www.erresse-shop.it\/fr\/shop\/table-fr-2\/paniers-pique-nique\/cilio-plaid-picnic-weekend-copia\/\",\"url\":\"https:\/\/www.erresse-shop.it\/fr\/shop\/table-fr-2\/paniers-pique-nique\/cilio-plaid-picnic-weekend-copia\/\",\"name\":\"CILIO Plaid Picnic Beach\",\"isPartOf\":{\"@id\":\"https:\/\/www.erresse-shop.it\/fr\/#website\"},\"datePublished\":\"2024-04-16T09:38:11+00:00\",\"dateModified\":\"2025-01-14T17:33:40+00:00\",\"description\":\"D\u00e9couvrez CILIO Plaid Picnic Beach sur ErresseShop. Qualit\u00e9, prix r\u00e9duits et achat s\u00e9curis\u00e9 \u2013 commandez d\u00e8s maintenant en ligne !\",\"breadcrumb\":{\"@id\":\"https:\/\/www.erresse-shop.it\/fr\/shop\/table-fr-2\/paniers-pique-nique\/cilio-plaid-picnic-weekend-copia\/#breadcrumb\"},\"inLanguage\":\"fr-FR\",\"potentialAction\":[{\"@type\":\"ReadAction\",\"target\":[\"https:\/\/www.erresse-shop.it\/fr\/shop\/table-fr-2\/paniers-pique-nique\/cilio-plaid-picnic-weekend-copia\/\"]}]},{\"@type\":\"BreadcrumbList\",\"@id\":\"https:\/\/www.erresse-shop.it\/fr\/shop\/table-fr-2\/paniers-pique-nique\/cilio-plaid-picnic-weekend-copia\/#breadcrumb\",\"itemListElement\":[{\"@type\":\"ListItem\",\"position\":1,\"name\":\"Home\",\"item\":\"https:\/\/www.erresse-shop.it\/fr\/\"},{\"@type\":\"ListItem\",\"position\":2,\"name\":\"Shop\",\"item\":\"https:\/\/www.erresse-shop.it\/fr\/shop\/\"},{\"@type\":\"ListItem\",\"position\":3,\"name\":\"CILIO Plaid Picnic Beach\"}]},{\"@type\":\"WebSite\",\"@id\":\"https:\/\/www.erresse-shop.it\/fr\/#website\",\"url\":\"https:\/\/www.erresse-shop.it\/fr\/\",\"name\":\"Erresse Shop\",\"description\":\"Articoli di qualit\u00e0 per la casa\",\"potentialAction\":[{\"@type\":\"SearchAction\",\"target\":{\"@type\":\"EntryPoint\",\"urlTemplate\":\"https:\/\/www.erresse-shop.it\/fr\/?s={search_term_string}\"},\"query-input\":\"required name=search_term_string\"}],\"inLanguage\":\"fr-FR\"}]}<\/script>\n<!-- \/ Yoast SEO Premium plugin. -->","yoast_head_json":{"title":"CILIO Plaid Picnic Beach","description":"D\u00e9couvrez CILIO Plaid Picnic Beach sur ErresseShop. Qualit\u00e9, prix r\u00e9duits et achat s\u00e9curis\u00e9 \u2013 commandez d\u00e8s maintenant en ligne !","robots":{"index":"index","follow":"follow","max-snippet":"max-snippet:-1","max-image-preview":"max-image-preview:large","max-video-preview":"max-video-preview:-1"},"canonical":"https:\/\/www.erresse-shop.it\/fr\/shop\/table-fr-2\/paniers-pique-nique\/cilio-plaid-picnic-weekend-copia\/","og_locale":"fr_FR","og_type":"article","og_title":"CILIO Plaid Picnic Beach","og_description":"D\u00e9couvrez CILIO Plaid Picnic Beach sur ErresseShop. Qualit\u00e9, prix r\u00e9duits et achat s\u00e9curis\u00e9 \u2013 commandez d\u00e8s maintenant en ligne !","og_url":"https:\/\/www.erresse-shop.it\/fr\/shop\/table-fr-2\/paniers-pique-nique\/cilio-plaid-picnic-weekend-copia\/","og_site_name":"Erresse Shop","article_modified_time":"2025-01-14T17:33:40+00:00","og_image":[{"width":1200,"height":1200,"url":"https:\/\/www.erresse-shop.it\/wp-content\/uploads\/2024\/04\/CILIO-Plaid-Picnic-Beach.jpg","type":"image\/jpeg"}],"twitter_card":"summary_large_image","schema":{"@context":"https:\/\/schema.org","@graph":[{"@type":"WebPage","@id":"https:\/\/www.erresse-shop.it\/fr\/shop\/table-fr-2\/paniers-pique-nique\/cilio-plaid-picnic-weekend-copia\/","url":"https:\/\/www.erresse-shop.it\/fr\/shop\/table-fr-2\/paniers-pique-nique\/cilio-plaid-picnic-weekend-copia\/","name":"CILIO Plaid Picnic Beach","isPartOf":{"@id":"https:\/\/www.erresse-shop.it\/fr\/#website"},"datePublished":"2024-04-16T09:38:11+00:00","dateModified":"2025-01-14T17:33:40+00:00","description":"D\u00e9couvrez CILIO Plaid Picnic Beach sur ErresseShop. Qualit\u00e9, prix r\u00e9duits et achat s\u00e9curis\u00e9 \u2013 commandez d\u00e8s maintenant en ligne !","breadcrumb":{"@id":"https:\/\/www.erresse-shop.it\/fr\/shop\/table-fr-2\/paniers-pique-nique\/cilio-plaid-picnic-weekend-copia\/#breadcrumb"},"inLanguage":"fr-FR","potentialAction":[{"@type":"ReadAction","target":["https:\/\/www.erresse-shop.it\/fr\/shop\/table-fr-2\/paniers-pique-nique\/cilio-plaid-picnic-weekend-copia\/"]}]},{"@type":"BreadcrumbList","@id":"https:\/\/www.erresse-shop.it\/fr\/shop\/table-fr-2\/paniers-pique-nique\/cilio-plaid-picnic-weekend-copia\/#breadcrumb","itemListElement":[{"@type":"ListItem","position":1,"name":"Home","item":"https:\/\/www.erresse-shop.it\/fr\/"},{"@type":"ListItem","position":2,"name":"Shop","item":"https:\/\/www.erresse-shop.it\/fr\/shop\/"},{"@type":"ListItem","position":3,"name":"CILIO Plaid Picnic Beach"}]},{"@type":"WebSite","@id":"https:\/\/www.erresse-shop.it\/fr\/#website","url":"https:\/\/www.erresse-shop.it\/fr\/","name":"Erresse Shop","description":"Articoli di qualit\u00e0 per la casa","potentialAction":[{"@type":"SearchAction","target":{"@type":"EntryPoint","urlTemplate":"https:\/\/www.erresse-shop.it\/fr\/?s={search_term_string}"},"query-input":"required name=search_term_string"}],"inLanguage":"fr-FR"}]}},"df_price":39.95,"df_sale_price":39.95,"df_regular_price":45.5,"df_image_link":"https:\/\/www.erresse-shop.it\/wp-content\/uploads\/2024\/04\/CILIO-Plaid-Picnic-Beach-300x300.jpg","_links":{"self":[{"href":"https:\/\/www.erresse-shop.it\/fr\/wp-json\/wp\/v2\/product\/402530"}],"collection":[{"href":"https:\/\/www.erresse-shop.it\/fr\/wp-json\/wp\/v2\/product"}],"about":[{"href":"https:\/\/www.erresse-shop.it\/fr\/wp-json\/wp\/v2\/types\/product"}],"wp:featuredmedia":[{"embeddable":true,"href":"https:\/\/www.erresse-shop.it\/fr\/wp-json\/wp\/v2\/media\/457128"}],"wp:attachment":[{"href":"https:\/\/www.erresse-shop.it\/fr\/wp-json\/wp\/v2\/media?parent=402530"}],"wp:term":[{"taxonomy":"product_cat","embeddable":true,"href":"https:\/\/www.erresse-shop.it\/fr\/wp-json\/wp\/v2\/product_cat?post=402530"},{"taxonomy":"product_tag","embeddable":true,"href":"https:\/\/www.erresse-shop.it\/fr\/wp-json\/wp\/v2\/product_tag?post=402530"}],"curies":[{"name":"wp","href":"https:\/\/api.w.org\/{rel}","templated":true}]}}