{"id":402487,"date":"2024-04-16T08:52:40","date_gmt":"2024-04-16T08:52:42","guid":{"rendered":"https:\/\/www.erresse-shop.it\/?post_type=product&#038;p=402487"},"modified":"2026-02-13T12:14:27","modified_gmt":"2026-02-13T12:14:27","slug":"cilio-panier-pique-nique-a-salerno-copia","status":"publish","type":"product","link":"https:\/\/www.erresse-shop.it\/fr\/shop\/table-fr-2\/paniers-pique-nique\/cilio-panier-pique-nique-a-salerno-copia\/","title":{"rendered":"CILIO Panier pique-nique \u00e0 Palermo"},"content":{"rendered":"<p><span class=\"HwtZe\" lang=\"fr\"><span class=\"jCAhz ChMk0b\"><span class=\"ryNqvb\">Surprise !<\/span><\/span> <span class=\"jCAhz ChMk0b\"><span class=\"ryNqvb\">Aujourd&#8217;hui, nous d\u00e9jeunons en famille dans un \u00e9crin de verdure pour une journ\u00e9e de d\u00e9tente et de plaisir.<\/span><\/span><span class=\"jCAhz ChMk0b\"><span class=\"ryNqvb\"> Ou bien, nous d\u00eenons en plein air aux chandelles.<\/span><\/span> <span class=\"jCAhz ChMk0b\"><span class=\"ryNqvb\">Le panier pique-nique Cilio Palermo contient tout le n\u00e9cessaire pour un d\u00e9jeuner en famille ou un d\u00eener romantique.<\/span><\/span><span class=\"jCAhz ChMk0b\"><span class=\"ryNqvb\"> Il est fourni avec des couverts, des verres et des assiettes pour quatre personnes.<\/span><\/span> <span class=\"jCAhz ChMk0b\"><span class=\"ryNqvb\">Chaque panier offre suffisamment d&#8217;espace pour vos plats pr\u00e9f\u00e9r\u00e9s, des bougies chauffe-plat et un compartiment isotherme pour garder vos aliments au chaud.<\/span><\/span><span class=\"jCAhz ChMk0b\"><span class=\"ryNqvb\"> Des sangles internes emp\u00eachent tout de tomber par terre\u00a0;<\/span><\/span> <span class=\"jCAhz ChMk0b\"><span class=\"ryNqvb\">la poign\u00e9e de transport robuste assure un transport facile et sans encombre.<\/span><\/span><\/span><\/p>\n<p>Vous trouverez \u00e0 l&#8217;int\u00e9rieur<\/p>\n<ul>\n<li>4 plats en c\u00e9ramique de 18 cm<\/li>\n<li>4 gobelets en verre<\/li>\n<li>Couverts pour 4 personnes<\/li>\n<li>1 planche \u00e0 d\u00e9couper 14 x 14 cm<\/li>\n<li>Bandouli\u00e8re r\u00e9glable en polyester<\/li>\n<li>Compartiment thermique<\/li>\n<\/ul>\n<p><strong>Dimensions<\/strong> : 65 x 34,5 x 26 cm<br \/>\n<strong>Mat\u00e9riau<\/strong> : osier et pin<\/p>\n<p>La soci\u00e9t\u00e9 <strong>Cilio<\/strong> a \u00e9t\u00e9 fond\u00e9e en <strong>1993 \u00e0 Solingen<\/strong>, o\u00f9 elle est toujours \u00e9tablie aujourd&#8217;hui. Depuis le d\u00e9but, Cilio attache une grande importance \u00e0 la combinaison de mat\u00e9riaux de haute qualit\u00e9, d&#8217;un design distinctif, d&#8217;un excellent savoir-faire artisanal et industriel et d&#8217;une utilit\u00e9 parfaite. Cette philosophie s&#8217;applique \u00e0 tous les secteurs.<\/p>\n","protected":false},"excerpt":{"rendered":"<p>Surprise ! Aujourd&#8217;hui, nous d\u00e9jeunons en famille dans un \u00e9crin de verdure pour une journ\u00e9e de d\u00e9tente et de plaisir.<\/p>\n","protected":false},"featured_media":431267,"template":"","meta":{"_acf_changed":false,"inline_featured_image":false},"product_cat":[15510,12782],"product_tag":[25026,25021,15502,24603],"acf":[],"yoast_head":"<!-- This site is optimized with the Yoast SEO Premium plugin v18.6 (Yoast SEO v19.13) - https:\/\/yoast.com\/wordpress\/plugins\/seo\/ -->\n<title>CILIO Panier pique-nique \u00e0 Palermo<\/title>\n<meta name=\"description\" content=\"D\u00e9couvrez CILIO Panier pique-nique \u00e0 Palermo sur ErresseShop. Qualit\u00e9, prix r\u00e9duits et achat s\u00e9curis\u00e9 \u2013 commandez d\u00e8s maintenant en ligne !\" \/>\n<meta name=\"robots\" content=\"index, follow, max-snippet:-1, max-image-preview:large, max-video-preview:-1\" \/>\n<link rel=\"canonical\" href=\"https:\/\/www.erresse-shop.it\/fr\/shop\/table-fr-2\/paniers-pique-nique\/cilio-panier-pique-nique-a-salerno-copia\/\" \/>\n<meta property=\"og:locale\" content=\"fr_FR\" \/>\n<meta property=\"og:type\" content=\"article\" \/>\n<meta property=\"og:title\" content=\"CILIO Panier pique-nique \u00e0 Palermo\" \/>\n<meta property=\"og:description\" content=\"D\u00e9couvrez CILIO Panier pique-nique \u00e0 Palermo sur ErresseShop. Qualit\u00e9, prix r\u00e9duits et achat s\u00e9curis\u00e9 \u2013 commandez d\u00e8s maintenant en ligne !\" \/>\n<meta property=\"og:url\" content=\"https:\/\/www.erresse-shop.it\/fr\/shop\/table-fr-2\/paniers-pique-nique\/cilio-panier-pique-nique-a-salerno-copia\/\" \/>\n<meta property=\"og:site_name\" content=\"Erresse Shop\" \/>\n<meta property=\"article:modified_time\" content=\"2026-02-13T12:14:27+00:00\" \/>\n<meta property=\"og:image\" content=\"https:\/\/www.erresse-shop.it\/wp-content\/uploads\/2024\/04\/CILIO-Cestino-Picnic-Palermo.jpg\" \/>\n\t<meta property=\"og:image:width\" content=\"800\" \/>\n\t<meta property=\"og:image:height\" content=\"800\" \/>\n\t<meta property=\"og:image:type\" content=\"image\/jpeg\" \/>\n<meta name=\"twitter:card\" content=\"summary_large_image\" \/>\n<script type=\"application\/ld+json\" class=\"yoast-schema-graph\">{\"@context\":\"https:\/\/schema.org\",\"@graph\":[{\"@type\":\"WebPage\",\"@id\":\"https:\/\/www.erresse-shop.it\/fr\/shop\/table-fr-2\/paniers-pique-nique\/cilio-panier-pique-nique-a-salerno-copia\/\",\"url\":\"https:\/\/www.erresse-shop.it\/fr\/shop\/table-fr-2\/paniers-pique-nique\/cilio-panier-pique-nique-a-salerno-copia\/\",\"name\":\"CILIO Panier pique-nique \u00e0 Palermo\",\"isPartOf\":{\"@id\":\"https:\/\/www.erresse-shop.it\/fr\/#website\"},\"datePublished\":\"2024-04-16T08:52:42+00:00\",\"dateModified\":\"2026-02-13T12:14:27+00:00\",\"description\":\"D\u00e9couvrez CILIO Panier pique-nique \u00e0 Palermo sur ErresseShop. Qualit\u00e9, prix r\u00e9duits et achat s\u00e9curis\u00e9 \u2013 commandez d\u00e8s maintenant en ligne !\",\"breadcrumb\":{\"@id\":\"https:\/\/www.erresse-shop.it\/fr\/shop\/table-fr-2\/paniers-pique-nique\/cilio-panier-pique-nique-a-salerno-copia\/#breadcrumb\"},\"inLanguage\":\"fr-FR\",\"potentialAction\":[{\"@type\":\"ReadAction\",\"target\":[\"https:\/\/www.erresse-shop.it\/fr\/shop\/table-fr-2\/paniers-pique-nique\/cilio-panier-pique-nique-a-salerno-copia\/\"]}]},{\"@type\":\"BreadcrumbList\",\"@id\":\"https:\/\/www.erresse-shop.it\/fr\/shop\/table-fr-2\/paniers-pique-nique\/cilio-panier-pique-nique-a-salerno-copia\/#breadcrumb\",\"itemListElement\":[{\"@type\":\"ListItem\",\"position\":1,\"name\":\"Home\",\"item\":\"https:\/\/www.erresse-shop.it\/fr\/\"},{\"@type\":\"ListItem\",\"position\":2,\"name\":\"Shop\",\"item\":\"https:\/\/www.erresse-shop.it\/fr\/shop\/\"},{\"@type\":\"ListItem\",\"position\":3,\"name\":\"CILIO Panier pique-nique \u00e0 Palermo\"}]},{\"@type\":\"WebSite\",\"@id\":\"https:\/\/www.erresse-shop.it\/fr\/#website\",\"url\":\"https:\/\/www.erresse-shop.it\/fr\/\",\"name\":\"Erresse Shop\",\"description\":\"Articoli di qualit\u00e0 per la casa\",\"potentialAction\":[{\"@type\":\"SearchAction\",\"target\":{\"@type\":\"EntryPoint\",\"urlTemplate\":\"https:\/\/www.erresse-shop.it\/fr\/?s={search_term_string}\"},\"query-input\":\"required name=search_term_string\"}],\"inLanguage\":\"fr-FR\"}]}<\/script>\n<!-- \/ Yoast SEO Premium plugin. -->","yoast_head_json":{"title":"CILIO Panier pique-nique \u00e0 Palermo","description":"D\u00e9couvrez CILIO Panier pique-nique \u00e0 Palermo sur ErresseShop. Qualit\u00e9, prix r\u00e9duits et achat s\u00e9curis\u00e9 \u2013 commandez d\u00e8s maintenant en ligne !","robots":{"index":"index","follow":"follow","max-snippet":"max-snippet:-1","max-image-preview":"max-image-preview:large","max-video-preview":"max-video-preview:-1"},"canonical":"https:\/\/www.erresse-shop.it\/fr\/shop\/table-fr-2\/paniers-pique-nique\/cilio-panier-pique-nique-a-salerno-copia\/","og_locale":"fr_FR","og_type":"article","og_title":"CILIO Panier pique-nique \u00e0 Palermo","og_description":"D\u00e9couvrez CILIO Panier pique-nique \u00e0 Palermo sur ErresseShop. Qualit\u00e9, prix r\u00e9duits et achat s\u00e9curis\u00e9 \u2013 commandez d\u00e8s maintenant en ligne !","og_url":"https:\/\/www.erresse-shop.it\/fr\/shop\/table-fr-2\/paniers-pique-nique\/cilio-panier-pique-nique-a-salerno-copia\/","og_site_name":"Erresse Shop","article_modified_time":"2026-02-13T12:14:27+00:00","og_image":[{"width":800,"height":800,"url":"https:\/\/www.erresse-shop.it\/wp-content\/uploads\/2024\/04\/CILIO-Cestino-Picnic-Palermo.jpg","type":"image\/jpeg"}],"twitter_card":"summary_large_image","schema":{"@context":"https:\/\/schema.org","@graph":[{"@type":"WebPage","@id":"https:\/\/www.erresse-shop.it\/fr\/shop\/table-fr-2\/paniers-pique-nique\/cilio-panier-pique-nique-a-salerno-copia\/","url":"https:\/\/www.erresse-shop.it\/fr\/shop\/table-fr-2\/paniers-pique-nique\/cilio-panier-pique-nique-a-salerno-copia\/","name":"CILIO Panier pique-nique \u00e0 Palermo","isPartOf":{"@id":"https:\/\/www.erresse-shop.it\/fr\/#website"},"datePublished":"2024-04-16T08:52:42+00:00","dateModified":"2026-02-13T12:14:27+00:00","description":"D\u00e9couvrez CILIO Panier pique-nique \u00e0 Palermo sur ErresseShop. Qualit\u00e9, prix r\u00e9duits et achat s\u00e9curis\u00e9 \u2013 commandez d\u00e8s maintenant en ligne !","breadcrumb":{"@id":"https:\/\/www.erresse-shop.it\/fr\/shop\/table-fr-2\/paniers-pique-nique\/cilio-panier-pique-nique-a-salerno-copia\/#breadcrumb"},"inLanguage":"fr-FR","potentialAction":[{"@type":"ReadAction","target":["https:\/\/www.erresse-shop.it\/fr\/shop\/table-fr-2\/paniers-pique-nique\/cilio-panier-pique-nique-a-salerno-copia\/"]}]},{"@type":"BreadcrumbList","@id":"https:\/\/www.erresse-shop.it\/fr\/shop\/table-fr-2\/paniers-pique-nique\/cilio-panier-pique-nique-a-salerno-copia\/#breadcrumb","itemListElement":[{"@type":"ListItem","position":1,"name":"Home","item":"https:\/\/www.erresse-shop.it\/fr\/"},{"@type":"ListItem","position":2,"name":"Shop","item":"https:\/\/www.erresse-shop.it\/fr\/shop\/"},{"@type":"ListItem","position":3,"name":"CILIO Panier pique-nique \u00e0 Palermo"}]},{"@type":"WebSite","@id":"https:\/\/www.erresse-shop.it\/fr\/#website","url":"https:\/\/www.erresse-shop.it\/fr\/","name":"Erresse Shop","description":"Articoli di qualit\u00e0 per la casa","potentialAction":[{"@type":"SearchAction","target":{"@type":"EntryPoint","urlTemplate":"https:\/\/www.erresse-shop.it\/fr\/?s={search_term_string}"},"query-input":"required name=search_term_string"}],"inLanguage":"fr-FR"}]}},"df_price":149.95,"df_sale_price":149.95,"df_regular_price":209.9,"df_image_link":"https:\/\/www.erresse-shop.it\/wp-content\/uploads\/2024\/04\/CILIO-Cestino-Picnic-Palermo-300x300.jpg","_links":{"self":[{"href":"https:\/\/www.erresse-shop.it\/fr\/wp-json\/wp\/v2\/product\/402487"}],"collection":[{"href":"https:\/\/www.erresse-shop.it\/fr\/wp-json\/wp\/v2\/product"}],"about":[{"href":"https:\/\/www.erresse-shop.it\/fr\/wp-json\/wp\/v2\/types\/product"}],"wp:featuredmedia":[{"embeddable":true,"href":"https:\/\/www.erresse-shop.it\/fr\/wp-json\/wp\/v2\/media\/431267"}],"wp:attachment":[{"href":"https:\/\/www.erresse-shop.it\/fr\/wp-json\/wp\/v2\/media?parent=402487"}],"wp:term":[{"taxonomy":"product_cat","embeddable":true,"href":"https:\/\/www.erresse-shop.it\/fr\/wp-json\/wp\/v2\/product_cat?post=402487"},{"taxonomy":"product_tag","embeddable":true,"href":"https:\/\/www.erresse-shop.it\/fr\/wp-json\/wp\/v2\/product_tag?post=402487"}],"curies":[{"name":"wp","href":"https:\/\/api.w.org\/{rel}","templated":true}]}}