{"id":402338,"date":"2024-04-16T07:02:37","date_gmt":"2024-04-16T07:02:42","guid":{"rendered":"https:\/\/www.erresse-shop.it\/?post_type=product&#038;p=402338"},"modified":"2024-07-05T14:54:15","modified_gmt":"2024-07-05T14:54:15","slug":"zwilling-focus-set-5-articles-de-cuisine-copia","status":"publish","type":"product","link":"https:\/\/www.erresse-shop.it\/fr\/shop\/poeles-pots\/batteries-de-cuisine\/zwilling-focus-set-5-articles-de-cuisine-copia\/","title":{"rendered":"ZWILLING Vitality Set 5 Batterie de cuisine"},"content":{"rendered":"<p>Gr\u00e2ce au fond sandwich SIGMA Classic+, il convient \u00e0 tous les types de plaques de cuisson, y compris les plaques \u00e0 induction. La chaleur est r\u00e9partie uniform\u00e9ment sur tout le fond et se conserve longtemps, tandis que les poign\u00e9es Stay Cool restent froides pendant longtemps. La cocotte est \u00e9quip\u00e9e d&#8217;un couvercle en verre pratique qui vous permet de contr\u00f4ler le processus de cuisson \u00e0 tout moment sans le soulever. Ainsi, la vapeur et la chaleur restent dans la casserole, ce qui vous permet d&#8217;\u00e9conomiser de l&#8217;\u00e9nergie. La casserole vous d\u00e9charge \u00e9galement d&#8217;une autre t\u00e2che importante : le lavage. En effet, les produits de la collection Vitality peuvent \u00eatre lav\u00e9s au lave-vaisselle. Le design cr\u00e9\u00e9 par Stefan Sch\u00f6ning est d&#8217;une grande simplicit\u00e9 et extr\u00eamement fonctionnel. Qu&#8217;ils soient pos\u00e9s sur la cuisini\u00e8re, sur le buffet ou sur la table, ces ustensiles de cuisine ont fi\u00e8re allure partout.<\/p>\n<p>Surface en acier inoxydable 18\/10 hygi\u00e9nique et insipide<br \/>\nFond sandwich SIGMA Classic+, adapt\u00e9 aux plaques \u00e0 induction<br \/>\nExcellente accumulation et r\u00e9partition de la chaleur sur tout le fond<br \/>\nPoign\u00e9es solides en acier inoxydable Stay Cool<br \/>\nCouvercle avec structure int\u00e9rieure en silicone, recouvert d&#8217;une protection en acier inoxydable, pour une cuisson \u00e9conome en \u00e9nergie et en eau<br \/>\nConvient \u00e0 tous les types de plaques de cuisson, y compris les plaques \u00e0 induction.<\/p>\n<p><strong>A l&#8217;int\u00e9rieur vous trouverez :<\/strong><\/p>\n<p>1 cocotte de 20 cm<br \/>\n1 cocotte de 16 cm<br \/>\n1 casserole de 16 cm<br \/>\n1 casserole de 20 cm<br \/>\n1 casserole de 24 cm<\/p>\n<p><strong>Lavable au lave-vaisselle. Peut \u00e9galement \u00eatre utilis\u00e9 au four.<\/strong><\/p>\n","protected":false},"excerpt":{"rendered":"<p>Gr\u00e2ce au fond sandwich SIGMA Classic+, il convient \u00e0 tous les types de plaques de cuisson, y compris les plaques<\/p>\n","protected":false},"featured_media":402343,"template":"","meta":{"_acf_changed":false,"inline_featured_image":false},"product_cat":[12458,14780],"product_tag":[25036,25021],"acf":[],"yoast_head":"<!-- This site is optimized with the Yoast SEO Premium plugin v18.6 (Yoast SEO v19.13) - https:\/\/yoast.com\/wordpress\/plugins\/seo\/ -->\n<title>ZWILLING Vitality Set 5 Batterie de cuisine - Erresse Shop<\/title>\n<meta name=\"description\" content=\"Gr\u00e2ce au fond sandwich SIGMA Classic+, il convient \u00e0 tous les types de plaques de cuisson, y compris les plaques \u00e0 induction. La chaleur est r\u00e9partie\" \/>\n<meta name=\"robots\" content=\"index, follow, max-snippet:-1, max-image-preview:large, max-video-preview:-1\" \/>\n<link rel=\"canonical\" href=\"https:\/\/www.erresse-shop.it\/fr\/shop\/poeles-pots\/batteries-de-cuisine\/zwilling-focus-set-5-articles-de-cuisine-copia\/\" \/>\n<meta property=\"og:locale\" content=\"fr_FR\" \/>\n<meta property=\"og:type\" content=\"article\" \/>\n<meta property=\"og:title\" content=\"ZWILLING Vitality Set 5 Batterie de cuisine\" \/>\n<meta property=\"og:description\" content=\"Gr\u00e2ce au fond sandwich SIGMA Classic+, il convient \u00e0 tous les types de plaques de cuisson, y compris les plaques \u00e0 induction. La chaleur est r\u00e9partie\" \/>\n<meta property=\"og:url\" content=\"https:\/\/www.erresse-shop.it\/fr\/shop\/poeles-pots\/batteries-de-cuisine\/zwilling-focus-set-5-articles-de-cuisine-copia\/\" \/>\n<meta property=\"og:site_name\" content=\"Erresse Shop\" \/>\n<meta property=\"article:modified_time\" content=\"2024-07-05T14:54:15+00:00\" \/>\n<meta property=\"og:image\" content=\"https:\/\/www.erresse-shop.it\/wp-content\/uploads\/2024\/04\/zwilling-set-5-pentole-vitality.jpg\" \/>\n\t<meta property=\"og:image:width\" content=\"800\" \/>\n\t<meta property=\"og:image:height\" content=\"800\" \/>\n\t<meta property=\"og:image:type\" content=\"image\/jpeg\" \/>\n<meta name=\"twitter:card\" content=\"summary_large_image\" \/>\n<script type=\"application\/ld+json\" class=\"yoast-schema-graph\">{\"@context\":\"https:\/\/schema.org\",\"@graph\":[{\"@type\":\"WebPage\",\"@id\":\"https:\/\/www.erresse-shop.it\/fr\/shop\/poeles-pots\/batteries-de-cuisine\/zwilling-focus-set-5-articles-de-cuisine-copia\/\",\"url\":\"https:\/\/www.erresse-shop.it\/fr\/shop\/poeles-pots\/batteries-de-cuisine\/zwilling-focus-set-5-articles-de-cuisine-copia\/\",\"name\":\"ZWILLING Vitality Set 5 Batterie de cuisine - Erresse Shop\",\"isPartOf\":{\"@id\":\"https:\/\/www.erresse-shop.it\/fr\/#website\"},\"datePublished\":\"2024-04-16T07:02:42+00:00\",\"dateModified\":\"2024-07-05T14:54:15+00:00\",\"description\":\"Gr\u00e2ce au fond sandwich SIGMA Classic+, il convient \u00e0 tous les types de plaques de cuisson, y compris les plaques \u00e0 induction. La chaleur est r\u00e9partie\",\"breadcrumb\":{\"@id\":\"https:\/\/www.erresse-shop.it\/fr\/shop\/poeles-pots\/batteries-de-cuisine\/zwilling-focus-set-5-articles-de-cuisine-copia\/#breadcrumb\"},\"inLanguage\":\"fr-FR\",\"potentialAction\":[{\"@type\":\"ReadAction\",\"target\":[\"https:\/\/www.erresse-shop.it\/fr\/shop\/poeles-pots\/batteries-de-cuisine\/zwilling-focus-set-5-articles-de-cuisine-copia\/\"]}]},{\"@type\":\"BreadcrumbList\",\"@id\":\"https:\/\/www.erresse-shop.it\/fr\/shop\/poeles-pots\/batteries-de-cuisine\/zwilling-focus-set-5-articles-de-cuisine-copia\/#breadcrumb\",\"itemListElement\":[{\"@type\":\"ListItem\",\"position\":1,\"name\":\"Home\",\"item\":\"https:\/\/www.erresse-shop.it\/fr\/\"},{\"@type\":\"ListItem\",\"position\":2,\"name\":\"Shop\",\"item\":\"https:\/\/www.erresse-shop.it\/fr\/shop\/\"},{\"@type\":\"ListItem\",\"position\":3,\"name\":\"ZWILLING Vitality Set 5 Batterie de cuisine\"}]},{\"@type\":\"WebSite\",\"@id\":\"https:\/\/www.erresse-shop.it\/fr\/#website\",\"url\":\"https:\/\/www.erresse-shop.it\/fr\/\",\"name\":\"Erresse Shop\",\"description\":\"Articoli di qualit\u00e0 per la casa\",\"potentialAction\":[{\"@type\":\"SearchAction\",\"target\":{\"@type\":\"EntryPoint\",\"urlTemplate\":\"https:\/\/www.erresse-shop.it\/fr\/?s={search_term_string}\"},\"query-input\":\"required name=search_term_string\"}],\"inLanguage\":\"fr-FR\"}]}<\/script>\n<!-- \/ Yoast SEO Premium plugin. -->","yoast_head_json":{"title":"ZWILLING Vitality Set 5 Batterie de cuisine - Erresse Shop","description":"Gr\u00e2ce au fond sandwich SIGMA Classic+, il convient \u00e0 tous les types de plaques de cuisson, y compris les plaques \u00e0 induction. La chaleur est r\u00e9partie","robots":{"index":"index","follow":"follow","max-snippet":"max-snippet:-1","max-image-preview":"max-image-preview:large","max-video-preview":"max-video-preview:-1"},"canonical":"https:\/\/www.erresse-shop.it\/fr\/shop\/poeles-pots\/batteries-de-cuisine\/zwilling-focus-set-5-articles-de-cuisine-copia\/","og_locale":"fr_FR","og_type":"article","og_title":"ZWILLING Vitality Set 5 Batterie de cuisine","og_description":"Gr\u00e2ce au fond sandwich SIGMA Classic+, il convient \u00e0 tous les types de plaques de cuisson, y compris les plaques \u00e0 induction. La chaleur est r\u00e9partie","og_url":"https:\/\/www.erresse-shop.it\/fr\/shop\/poeles-pots\/batteries-de-cuisine\/zwilling-focus-set-5-articles-de-cuisine-copia\/","og_site_name":"Erresse Shop","article_modified_time":"2024-07-05T14:54:15+00:00","og_image":[{"width":800,"height":800,"url":"https:\/\/www.erresse-shop.it\/wp-content\/uploads\/2024\/04\/zwilling-set-5-pentole-vitality.jpg","type":"image\/jpeg"}],"twitter_card":"summary_large_image","schema":{"@context":"https:\/\/schema.org","@graph":[{"@type":"WebPage","@id":"https:\/\/www.erresse-shop.it\/fr\/shop\/poeles-pots\/batteries-de-cuisine\/zwilling-focus-set-5-articles-de-cuisine-copia\/","url":"https:\/\/www.erresse-shop.it\/fr\/shop\/poeles-pots\/batteries-de-cuisine\/zwilling-focus-set-5-articles-de-cuisine-copia\/","name":"ZWILLING Vitality Set 5 Batterie de cuisine - Erresse Shop","isPartOf":{"@id":"https:\/\/www.erresse-shop.it\/fr\/#website"},"datePublished":"2024-04-16T07:02:42+00:00","dateModified":"2024-07-05T14:54:15+00:00","description":"Gr\u00e2ce au fond sandwich SIGMA Classic+, il convient \u00e0 tous les types de plaques de cuisson, y compris les plaques \u00e0 induction. La chaleur est r\u00e9partie","breadcrumb":{"@id":"https:\/\/www.erresse-shop.it\/fr\/shop\/poeles-pots\/batteries-de-cuisine\/zwilling-focus-set-5-articles-de-cuisine-copia\/#breadcrumb"},"inLanguage":"fr-FR","potentialAction":[{"@type":"ReadAction","target":["https:\/\/www.erresse-shop.it\/fr\/shop\/poeles-pots\/batteries-de-cuisine\/zwilling-focus-set-5-articles-de-cuisine-copia\/"]}]},{"@type":"BreadcrumbList","@id":"https:\/\/www.erresse-shop.it\/fr\/shop\/poeles-pots\/batteries-de-cuisine\/zwilling-focus-set-5-articles-de-cuisine-copia\/#breadcrumb","itemListElement":[{"@type":"ListItem","position":1,"name":"Home","item":"https:\/\/www.erresse-shop.it\/fr\/"},{"@type":"ListItem","position":2,"name":"Shop","item":"https:\/\/www.erresse-shop.it\/fr\/shop\/"},{"@type":"ListItem","position":3,"name":"ZWILLING Vitality Set 5 Batterie de cuisine"}]},{"@type":"WebSite","@id":"https:\/\/www.erresse-shop.it\/fr\/#website","url":"https:\/\/www.erresse-shop.it\/fr\/","name":"Erresse Shop","description":"Articoli di qualit\u00e0 per la casa","potentialAction":[{"@type":"SearchAction","target":{"@type":"EntryPoint","urlTemplate":"https:\/\/www.erresse-shop.it\/fr\/?s={search_term_string}"},"query-input":"required name=search_term_string"}],"inLanguage":"fr-FR"}]}},"df_price":149.975,"df_sale_price":149.975,"df_regular_price":299.95,"df_image_link":"https:\/\/www.erresse-shop.it\/wp-content\/uploads\/2024\/04\/zwilling-set-5-pentole-vitality-300x300.jpg","_links":{"self":[{"href":"https:\/\/www.erresse-shop.it\/fr\/wp-json\/wp\/v2\/product\/402338"}],"collection":[{"href":"https:\/\/www.erresse-shop.it\/fr\/wp-json\/wp\/v2\/product"}],"about":[{"href":"https:\/\/www.erresse-shop.it\/fr\/wp-json\/wp\/v2\/types\/product"}],"wp:featuredmedia":[{"embeddable":true,"href":"https:\/\/www.erresse-shop.it\/fr\/wp-json\/wp\/v2\/media\/402343"}],"wp:attachment":[{"href":"https:\/\/www.erresse-shop.it\/fr\/wp-json\/wp\/v2\/media?parent=402338"}],"wp:term":[{"taxonomy":"product_cat","embeddable":true,"href":"https:\/\/www.erresse-shop.it\/fr\/wp-json\/wp\/v2\/product_cat?post=402338"},{"taxonomy":"product_tag","embeddable":true,"href":"https:\/\/www.erresse-shop.it\/fr\/wp-json\/wp\/v2\/product_tag?post=402338"}],"curies":[{"name":"wp","href":"https:\/\/api.w.org\/{rel}","templated":true}]}}