{"id":401244,"date":"2024-04-08T07:44:44","date_gmt":"2024-04-08T07:44:50","guid":{"rendered":"https:\/\/www.erresse-shop.it\/?post_type=product&#038;p=401244"},"modified":"2024-04-08T07:55:16","modified_gmt":"2024-04-08T07:55:16","slug":"shark-detachant-portable","status":"publish","type":"product","link":"https:\/\/www.erresse-shop.it\/fr\/shop\/petits-electromenagers\/aspirateurs\/shark-detachant-portable\/","title":{"rendered":"SHARK D\u00e9tachant portable"},"content":{"rendered":"<p>D\u00e9tachant requin portable<br \/>\nDeux formules de shark qui se combinent et s&#8217;activent pour \u00e9liminer efficacement les taches.<\/p>\n<p>\u00c9liminez les taches tenaces et les odeurs persistantes dans tous les recoins de votre maison gr\u00e2ce \u00e0 ce nettoyeur compact qui aspire les r\u00e9sidus de nourriture et de liquide.<br \/>\nLa combinaison des deux formules, Shark CarpetXpert Deep Clean Pro et Shark StainStriker OXY Multiplier, multiplie par 20 l&#8217;efficacit\u00e9 de l&#8217;\u00e9limination des taches.<br \/>\nLe jet \u00e0 haute pression p\u00e9n\u00e8tre profond\u00e9ment dans les fibres des tapis et des tissus d&#8217;ameublement sans laisser de trace d&#8217;humidit\u00e9.<br \/>\nLa puissante aspiration de Shark extrait la salet\u00e9 et les liquides pour un s\u00e9chage rapide.<br \/>\nL&#8217;aspirateur est l\u00e9ger et facile \u00e0 d\u00e9placer dans la maison gr\u00e2ce \u00e0 sa poign\u00e9e confortable et \u00e0 son long cordon d&#8217;alimentation.<br \/>\nLe tuyau et les accessoires permettent un nettoyage en profondeur dans tous les coins et recoins.<\/p>\n<p><strong>Fiche technique :<\/strong><\/p>\n<p>\u00c9limine les r\u00e9sidus alimentaires et liquides, les taches et les odeurs caus\u00e9es par les animaux domestiques, la boue et les salet\u00e9s incrust\u00e9es.<br \/>\nL&#8217;aspiration puissante extrait la salet\u00e9 et les liquides pour un s\u00e9chage rapide.<br \/>\nParfait pour les tissus d&#8217;ameublement, les escaliers, les tapis et l&#8217;int\u00e9rieur des voitures.<\/p>\n<p><strong>Contenu de la bo\u00eete<\/strong><\/p>\n<p>Accessoire manuel pour les taches tenaces<br \/>\nAccessoire pour pi\u00e9ger les taches d&#8217;animaux domestiques<br \/>\nSuceur plat<br \/>\nAccessoire de nettoyage pour tuyau d&#8217;arrosage<br \/>\n177 ml de solution Shark\u00ae CarpetXpert Deep Clean Pro<br \/>\n355 ml de solution Shark\u00ae StainStriker OXY Multiplier<\/p>\n<p><b><u><strong>Non disponible \u00e0 la vente en dehors de l&#8217;Europe<\/strong><\/u><\/b><\/p>\n","protected":false},"excerpt":{"rendered":"<p>D\u00e9tachant requin portable Deux formules de shark qui se combinent et s&#8217;activent pour \u00e9liminer efficacement les taches. \u00c9liminez les taches<\/p>\n","protected":false},"featured_media":401265,"template":"","meta":{"_acf_changed":false,"inline_featured_image":false},"product_cat":[23770,12449],"product_tag":[23774],"acf":[],"yoast_head":"<!-- This site is optimized with the Yoast SEO Premium plugin v18.6 (Yoast SEO v19.13) - https:\/\/yoast.com\/wordpress\/plugins\/seo\/ -->\n<title>SHARK D\u00e9tachant portable - Erresse Shop<\/title>\n<meta name=\"description\" content=\"D\u00e9tachant requin portable Deux formules de shark qui se combinent et s&#039;activent pour \u00e9liminer efficacement les taches. \u00c9liminez les taches tenaces et les\" \/>\n<meta name=\"robots\" content=\"index, follow, max-snippet:-1, max-image-preview:large, max-video-preview:-1\" \/>\n<link rel=\"canonical\" href=\"https:\/\/www.erresse-shop.it\/fr\/shop\/petits-electromenagers\/aspirateurs\/shark-detachant-portable\/\" \/>\n<meta property=\"og:locale\" content=\"fr_FR\" \/>\n<meta property=\"og:type\" content=\"article\" \/>\n<meta property=\"og:title\" content=\"SHARK D\u00e9tachant portable\" \/>\n<meta property=\"og:description\" content=\"D\u00e9tachant requin portable Deux formules de shark qui se combinent et s&#039;activent pour \u00e9liminer efficacement les taches. \u00c9liminez les taches tenaces et les\" \/>\n<meta property=\"og:url\" content=\"https:\/\/www.erresse-shop.it\/fr\/shop\/petits-electromenagers\/aspirateurs\/shark-detachant-portable\/\" \/>\n<meta property=\"og:site_name\" content=\"Erresse Shop\" \/>\n<meta property=\"article:modified_time\" content=\"2024-04-08T07:55:16+00:00\" \/>\n<meta property=\"og:image\" content=\"https:\/\/www.erresse-shop.it\/wp-content\/uploads\/2024\/04\/shark-smacchiatore-portatile-2.jpg\" \/>\n\t<meta property=\"og:image:width\" content=\"800\" \/>\n\t<meta property=\"og:image:height\" content=\"800\" \/>\n\t<meta property=\"og:image:type\" content=\"image\/jpeg\" \/>\n<meta name=\"twitter:card\" content=\"summary_large_image\" \/>\n<script type=\"application\/ld+json\" class=\"yoast-schema-graph\">{\"@context\":\"https:\/\/schema.org\",\"@graph\":[{\"@type\":\"WebPage\",\"@id\":\"https:\/\/www.erresse-shop.it\/fr\/shop\/petits-electromenagers\/aspirateurs\/shark-detachant-portable\/\",\"url\":\"https:\/\/www.erresse-shop.it\/fr\/shop\/petits-electromenagers\/aspirateurs\/shark-detachant-portable\/\",\"name\":\"SHARK D\u00e9tachant portable - Erresse Shop\",\"isPartOf\":{\"@id\":\"https:\/\/www.erresse-shop.it\/fr\/#website\"},\"datePublished\":\"2024-04-08T07:44:50+00:00\",\"dateModified\":\"2024-04-08T07:55:16+00:00\",\"description\":\"D\u00e9tachant requin portable Deux formules de shark qui se combinent et s'activent pour \u00e9liminer efficacement les taches. \u00c9liminez les taches tenaces et les\",\"breadcrumb\":{\"@id\":\"https:\/\/www.erresse-shop.it\/fr\/shop\/petits-electromenagers\/aspirateurs\/shark-detachant-portable\/#breadcrumb\"},\"inLanguage\":\"fr-FR\",\"potentialAction\":[{\"@type\":\"ReadAction\",\"target\":[\"https:\/\/www.erresse-shop.it\/fr\/shop\/petits-electromenagers\/aspirateurs\/shark-detachant-portable\/\"]}]},{\"@type\":\"BreadcrumbList\",\"@id\":\"https:\/\/www.erresse-shop.it\/fr\/shop\/petits-electromenagers\/aspirateurs\/shark-detachant-portable\/#breadcrumb\",\"itemListElement\":[{\"@type\":\"ListItem\",\"position\":1,\"name\":\"Home\",\"item\":\"https:\/\/www.erresse-shop.it\/fr\/\"},{\"@type\":\"ListItem\",\"position\":2,\"name\":\"Shop\",\"item\":\"https:\/\/www.erresse-shop.it\/fr\/shop\/\"},{\"@type\":\"ListItem\",\"position\":3,\"name\":\"SHARK D\u00e9tachant portable\"}]},{\"@type\":\"WebSite\",\"@id\":\"https:\/\/www.erresse-shop.it\/fr\/#website\",\"url\":\"https:\/\/www.erresse-shop.it\/fr\/\",\"name\":\"Erresse Shop\",\"description\":\"Articoli di qualit\u00e0 per la casa\",\"potentialAction\":[{\"@type\":\"SearchAction\",\"target\":{\"@type\":\"EntryPoint\",\"urlTemplate\":\"https:\/\/www.erresse-shop.it\/fr\/?s={search_term_string}\"},\"query-input\":\"required name=search_term_string\"}],\"inLanguage\":\"fr-FR\"}]}<\/script>\n<!-- \/ Yoast SEO Premium plugin. -->","yoast_head_json":{"title":"SHARK D\u00e9tachant portable - Erresse Shop","description":"D\u00e9tachant requin portable Deux formules de shark qui se combinent et s'activent pour \u00e9liminer efficacement les taches. \u00c9liminez les taches tenaces et les","robots":{"index":"index","follow":"follow","max-snippet":"max-snippet:-1","max-image-preview":"max-image-preview:large","max-video-preview":"max-video-preview:-1"},"canonical":"https:\/\/www.erresse-shop.it\/fr\/shop\/petits-electromenagers\/aspirateurs\/shark-detachant-portable\/","og_locale":"fr_FR","og_type":"article","og_title":"SHARK D\u00e9tachant portable","og_description":"D\u00e9tachant requin portable Deux formules de shark qui se combinent et s'activent pour \u00e9liminer efficacement les taches. \u00c9liminez les taches tenaces et les","og_url":"https:\/\/www.erresse-shop.it\/fr\/shop\/petits-electromenagers\/aspirateurs\/shark-detachant-portable\/","og_site_name":"Erresse Shop","article_modified_time":"2024-04-08T07:55:16+00:00","og_image":[{"width":800,"height":800,"url":"https:\/\/www.erresse-shop.it\/wp-content\/uploads\/2024\/04\/shark-smacchiatore-portatile-2.jpg","type":"image\/jpeg"}],"twitter_card":"summary_large_image","schema":{"@context":"https:\/\/schema.org","@graph":[{"@type":"WebPage","@id":"https:\/\/www.erresse-shop.it\/fr\/shop\/petits-electromenagers\/aspirateurs\/shark-detachant-portable\/","url":"https:\/\/www.erresse-shop.it\/fr\/shop\/petits-electromenagers\/aspirateurs\/shark-detachant-portable\/","name":"SHARK D\u00e9tachant portable - Erresse Shop","isPartOf":{"@id":"https:\/\/www.erresse-shop.it\/fr\/#website"},"datePublished":"2024-04-08T07:44:50+00:00","dateModified":"2024-04-08T07:55:16+00:00","description":"D\u00e9tachant requin portable Deux formules de shark qui se combinent et s'activent pour \u00e9liminer efficacement les taches. \u00c9liminez les taches tenaces et les","breadcrumb":{"@id":"https:\/\/www.erresse-shop.it\/fr\/shop\/petits-electromenagers\/aspirateurs\/shark-detachant-portable\/#breadcrumb"},"inLanguage":"fr-FR","potentialAction":[{"@type":"ReadAction","target":["https:\/\/www.erresse-shop.it\/fr\/shop\/petits-electromenagers\/aspirateurs\/shark-detachant-portable\/"]}]},{"@type":"BreadcrumbList","@id":"https:\/\/www.erresse-shop.it\/fr\/shop\/petits-electromenagers\/aspirateurs\/shark-detachant-portable\/#breadcrumb","itemListElement":[{"@type":"ListItem","position":1,"name":"Home","item":"https:\/\/www.erresse-shop.it\/fr\/"},{"@type":"ListItem","position":2,"name":"Shop","item":"https:\/\/www.erresse-shop.it\/fr\/shop\/"},{"@type":"ListItem","position":3,"name":"SHARK D\u00e9tachant portable"}]},{"@type":"WebSite","@id":"https:\/\/www.erresse-shop.it\/fr\/#website","url":"https:\/\/www.erresse-shop.it\/fr\/","name":"Erresse Shop","description":"Articoli di qualit\u00e0 per la casa","potentialAction":[{"@type":"SearchAction","target":{"@type":"EntryPoint","urlTemplate":"https:\/\/www.erresse-shop.it\/fr\/?s={search_term_string}"},"query-input":"required name=search_term_string"}],"inLanguage":"fr-FR"}]}},"df_price":199.99,"df_sale_price":199.99,"df_regular_price":199.99,"df_image_link":"https:\/\/www.erresse-shop.it\/wp-content\/uploads\/2024\/04\/shark-smacchiatore-portatile-2-300x300.jpg","_links":{"self":[{"href":"https:\/\/www.erresse-shop.it\/fr\/wp-json\/wp\/v2\/product\/401244"}],"collection":[{"href":"https:\/\/www.erresse-shop.it\/fr\/wp-json\/wp\/v2\/product"}],"about":[{"href":"https:\/\/www.erresse-shop.it\/fr\/wp-json\/wp\/v2\/types\/product"}],"wp:featuredmedia":[{"embeddable":true,"href":"https:\/\/www.erresse-shop.it\/fr\/wp-json\/wp\/v2\/media\/401265"}],"wp:attachment":[{"href":"https:\/\/www.erresse-shop.it\/fr\/wp-json\/wp\/v2\/media?parent=401244"}],"wp:term":[{"taxonomy":"product_cat","embeddable":true,"href":"https:\/\/www.erresse-shop.it\/fr\/wp-json\/wp\/v2\/product_cat?post=401244"},{"taxonomy":"product_tag","embeddable":true,"href":"https:\/\/www.erresse-shop.it\/fr\/wp-json\/wp\/v2\/product_tag?post=401244"}],"curies":[{"name":"wp","href":"https:\/\/api.w.org\/{rel}","templated":true}]}}