{"id":401085,"date":"2024-04-08T06:23:42","date_gmt":"2024-04-08T06:23:48","guid":{"rendered":"https:\/\/www.erresse-shop.it\/?post_type=product&#038;p=401085"},"modified":"2024-04-08T06:41:52","modified_gmt":"2024-04-08T06:41:52","slug":"ninja-woodfire-barbecue-electrique-avec-fumoir-a-bois-bleu","status":"publish","type":"product","link":"https:\/\/www.erresse-shop.it\/fr\/shop\/petits-electromenagers\/fours\/ninja-woodfire-barbecue-electrique-avec-fumoir-a-bois-bleu\/","title":{"rendered":"NINJA Woodfire  Barbecue Electrique Avec Fumoir \u00e0 Bois Bleu"},"content":{"rendered":"<p>Voici notre barbecue \u00e9lectrique XL avec sonde int\u00e9gr\u00e9e pour fumer, frire \u00e0 l&#8217;air et cuire les aliments comme vous l&#8217;aimez, en leur donnant la saveur naturelle du fumage.<br \/>\nPr\u00e9parez un barbecue le dimanche, un d\u00e9jeuner d\u00e9contract\u00e9 ou simplement un repas rapide en milieu de semaine : il n&#8217;est pas n\u00e9cessaire de v\u00e9rifier le processus de cuisson \u00e0 plusieurs reprises.<\/p>\n<p>Le barbecue et fumoir \u00e9lectrique Ninja Woodfire Pro Connect XL vous permet de choisir votre programme de cuisson pr\u00e9f\u00e9r\u00e9 et de surveiller la progression de la cuisson directement depuis votre t\u00e9l\u00e9phone portable. Savourez la libert\u00e9 et passez des moments pr\u00e9cieux avec votre famille et vos amis. Fini les mauvaises surprises. Vous n&#8217;avez plus besoin de v\u00e9rifier votre cuisson \u00e0 plusieurs reprises. La cuisine est entre vos mains.<\/p>\n<p>Contr\u00f4lez chaque \u00e9tape gr\u00e2ce \u00e0 l&#8217;application Ninja Pro Connect :<br \/>\n&#8211; Tables de cuisson programmables : vous choisissez votre plat pr\u00e9f\u00e9r\u00e9, le barbecue \u00e9lectrique fait le reste gr\u00e2ce \u00e0 la sonde de cuisson num\u00e9rique int\u00e9gr\u00e9e qui cuit vos aliments \u00e0 la perfection. Saignant ou juste saisi ? C&#8217;est vous qui d\u00e9cidez !<br \/>\n&#8211; Contr\u00f4le \u00e0 distance : vous d\u00e9cidez du temps de cuisson et de la temp\u00e9rature, puis vous ajoutez une saveur fum\u00e9e gr\u00e2ce \u00e0 la technologie Woodfire Flavour directement depuis l&#8217;application.<br \/>\n&#8211; Contr\u00f4le en direct : v\u00e9rifiez le temps restant avant la fin de la cuisson.<br \/>\n&#8211; Notifications en temps r\u00e9el : recevez une notification lorsqu&#8217;il est temps d&#8217;ajouter des ingr\u00e9dients, de retourner des plats et bien plus encore.<\/p>\n<p><strong>Plus d&#8217;espace : <\/strong><br \/>\nce grand barbecue \u00e9lectrique d&#8217;ext\u00e9rieur offre 30 % d&#8217;espace de cuisson en plus*, ce qui est parfait pour cuisiner plus souvent ensemble.<br \/>\nLa grande grille de cuisson (45 x 31 cm) est id\u00e9ale pour les grands d\u00eeners et peut contenir jusqu&#8217;\u00e0 10 hamburgers, 40 hot-dogs, 2 rang\u00e9es de c\u00f4tes ou deux poulets entiers de 3 kg. Le panier \u00e0 friture peut contenir jusqu&#8217;\u00e0 1,8 kg d&#8217;aliments, ce qui est id\u00e9al pour les frites longues, les wedges et autres plats d&#8217;accompagnement.<\/p>\n<p><strong>Le go\u00fbt du gril, la simplicit\u00e9 d&#8217;un appareil \u00e9lectrique, sans gaz ni charbon de bois : <\/strong><br \/>\nObtenez la m\u00eame finition et le m\u00eame brunissement qu&#8217;avec un barbecue traditionnel, mais avec la commodit\u00e9 de l&#8217;alimentation \u00e9lectrique et maintenant avec un thermom\u00e8tre int\u00e9gr\u00e9, pour des r\u00e9sultats parfaits \u00e0 chaque fois. De plus, quel que soit le programme de cuisson que vous choisissez, la technologie Woodfire vous permet de donner \u00e0 vos aliments une authentique saveur fum\u00e9e avec une seule bouch\u00e9e de v\u00e9ritables granul\u00e9s de bois.<br \/>\nAliment\u00e9 \u00e9lectriquement et facile \u00e0 utiliser, il chauffe rapidement et peut \u00eatre utilis\u00e9 en toute s\u00e9curit\u00e9 dans les jardins, sous les porches, dans les campings, sur les balcons et dans d&#8217;autres espaces ext\u00e9rieurs. Sans charbon, ni gaz, ni flammes.<\/p>\n<p><strong>Plus besoin de s&#8217;inqui\u00e9ter d&#8217;une cuisson excessive ou insuffisante :<\/strong><br \/>\nLe thermom\u00e8tre de barbecue int\u00e9gr\u00e9 vous permet de toujours cuire la viande et le poisson \u00e0 la perfection. Il suffit d&#8217;ins\u00e9rer la sonde num\u00e9rique dans l&#8217;aliment et d&#8217;utiliser l&#8217;application ou les boutons du barbecue \u00e9lectrique pour s\u00e9lectionner le type d&#8217;aliment et le r\u00e9glage de cuisson pr\u00e9f\u00e9r\u00e9, pour des plats saignants ou bien cuits.<br \/>\nLe syst\u00e8me Smart Cook surveille en permanence la temp\u00e9rature interne des aliments et vous indique quand ils sont pr\u00eats. Vous pouvez ainsi vous d\u00e9tendre pendant la cuisson et profiter de votre barbecue en toute tranquillit\u00e9.<\/p>\n<p><strong>Plus qu&#8217;un barbecue, avec 7 programmes de cuisson : <\/strong><br \/>\n&#8211; BBQ Grill : pour des hamburgers classiques, des saucisses, des steaks, des brochettes, des halloumi grill\u00e9s, des fajitas, des \u00e9pis de ma\u00efs et bien plus encore, avec un brunissement digne d&#8217;un barbecue traditionnel.<br \/>\nLe barbecue \u00e9lectrique atteint des temp\u00e9ratures \u00e9lev\u00e9es allant jusqu&#8217;\u00e0 260\u00b0C, tandis que les \u00e9l\u00e9ments chauffants du haut et du bas sont \u00e9quip\u00e9s d&#8217;un ventilateur pour une cuisson homog\u00e8ne.<br \/>\n&#8211; BBQ Smoker : le fumoir int\u00e9gr\u00e9 fonctionne avec de v\u00e9ritables granul\u00e9s de bois et donne la saveur authentique et intense des aliments fum\u00e9s gr\u00e2ce au ventilateur de convection qui fait circuler la chaleur et la fum\u00e9e de mani\u00e8re homog\u00e8ne.<br \/>\nLe fumage lent est parfait pour cuisiner une poitrine tendre, des c\u00f4tes, des poulets entiers et de grandes pi\u00e8ces de viande avec la saveur intense des aliments fum\u00e9s.<\/p>\n<p>&#8211; Friture \u00e0 l&#8217;air libre : jusqu&#8217;\u00e0 75 % de mati\u00e8res grasses en moins par rapport aux m\u00e9thodes de friture traditionnelles**. Rendez vos accompagnements comme les frites et les frites mozzarella plus savoureux. Si vous pr\u00e9f\u00e9rez d&#8217;autres plats tels que des hamburgers v\u00e9g\u00e9taliens, ajoutez plus de croustillant sans laisser vos invit\u00e9s seuls pour surveiller la cuisson.<br \/>\nCompl\u00e9tez le repas avec de d\u00e9licieux desserts tels que des s&#8217;mores, des bananes fourr\u00e9es au chocolat et des ananas caram\u00e9lis\u00e9s.<br \/>\n&#8211; R\u00f4ti : bien plus qu&#8217;un simple barbecue. Faites cuire un poulet entier en plein air ou accompagnez un repas de pommes de terre r\u00f4ties croustillantes, de poivrons rouges farcis ou de steaks de chou-fleur r\u00f4tis \u00e0 la harissa.<br \/>\n&#8211; Cuisson : pour cuire du pain, des g\u00e2teaux et des desserts sans laisser vos convives seuls. Id\u00e9al pour le pain \u00e0 l&#8217;ail, la focaccia au romarin ou un d\u00e9licieux crumble aux myrtilles.<br \/>\n&#8211; D\u00e9shydrater : ingr\u00e9dients secs pour la viande s\u00e9ch\u00e9e, les snacks de fruits secs, les herbes s\u00e9ch\u00e9es maison, les garnitures de cocktails et bien plus encore.<br \/>\n&#8211; R\u00e9chauffer : restaure la saveur des restes fra\u00eechement cuits.<\/p>\n<p>Technologie du feu de bois : aliment\u00e9 par l&#8217;\u00e9lectricit\u00e9, aromatis\u00e9 avec de v\u00e9ritables granul\u00e9s de bois.<br \/>\nFaites cuire vos aliments en utilisant n&#8217;importe quel programme de cuisson, avec une saveur fum\u00e9e.<\/p>\n<p>Sp\u00e9cialement con\u00e7us pour le Ninja Woodfire et fabriqu\u00e9s \u00e0 100 % en bois massif de haute qualit\u00e9, nos granul\u00e9s ne sont pas utilis\u00e9s comme combustible, mais uniquement pour aromatiser les aliments. Une seule cuill\u00e8re suffit pour faire passer votre barbecue \u00e0 la vitesse sup\u00e9rieure.<br \/>\nLa taille et la forme des granul\u00e9s sont con\u00e7ues pour assurer un passage optimal de l&#8217;air et un fumage uniforme. Formule \u00e0 haute densit\u00e9 et faible taux d&#8217;humidit\u00e9 : la combinaison parfaite pour cr\u00e9er de la fum\u00e9e et rehausser les saveurs.<br \/>\n&#8211; M\u00e9lange robuste : la riche saveur du barbecue classique, parfaite pour le b\u0153uf, le porc et le poulet.<br \/>\n&#8211; M\u00e9lange polyvalent : une saveur \u00e9quilibr\u00e9e, douce et sucr\u00e9e, id\u00e9ale pour le poisson et les l\u00e9gumes.<br \/>\nLe barbecue \u00e9lectrique comprend un paquet de granul\u00e9s Ninja Woodfire de chaque saveur et un gobelet doseur pour un dosage parfait. Des paquets de pellets suppl\u00e9mentaires peuvent \u00eatre achet\u00e9s directement sur le site web de Ninja.<\/p>\n<p><strong>Griller des aliments surgel\u00e9s :<\/strong><br \/>\nCuire et griller des aliments surgel\u00e9s. Cette fonction est id\u00e9ale pour un barbecue de derni\u00e8re minute le week-end ou pour pr\u00e9parer facilement des saucisses et des burgers v\u00e9g\u00e9tariens surgel\u00e9s.<\/p>\n<p><strong>R\u00e9sistant aux intemp\u00e9ries :<\/strong><br \/>\nCon\u00e7us pour les environnements ext\u00e9rieurs les plus extr\u00eames, les mat\u00e9riaux du barbecue Ninja Woodfire r\u00e9sistent aux \u00e9l\u00e9ments et permettent de l&#8217;utiliser \u00e0 l&#8217;ext\u00e9rieur tout au long de l&#8217;ann\u00e9e. R\u00e9sistance \u00e0 l&#8217;eau IPX4.<\/p>\n<p><strong>Facile \u00e0 nettoyer :<\/strong><br \/>\nLa grille de cuisson antiadh\u00e9sive et la l\u00e8chefrite amovible sont faciles \u00e0 nettoyer. Jetez un coup d&#8217;\u0153il au livre de recettes sp\u00e9cialement cr\u00e9\u00e9 par un chef et inclus dans l&#8217;emballage.<br \/>\nAttention : le produit est uniquement destin\u00e9 \u00e0 un usage ext\u00e9rieur.<br \/>\n\u00c9galement disponible : l&#8217;ensemble parfait pour le barbecue.<br \/>\nPerfectionnez votre barbecue gr\u00e2ce \u00e0 nos accessoires sp\u00e9cialement con\u00e7us pour le Ninja Woodfire Pro Connect. Vous avez le choix entre notre plaque lisse pour saisir et sauter, un superbe ensemble comprenant un gril et une plaque lisse, une grille en acier chrom\u00e9 pour les c\u00f4tes, une grille en acier chrom\u00e9 pour r\u00f4tir et fumer, une mallette de barbecue r\u00e9sistante aux intemp\u00e9ries, des l\u00e8chefrites, un chariot de gril r\u00e9glable et une planche lat\u00e9rale, et des sacs de granul\u00e9s Woodfire. (Tous ces \u00e9l\u00e9ments peuvent \u00eatre achet\u00e9s s\u00e9par\u00e9ment).<br \/>\n*Compar\u00e9 \u00e0 la s\u00e9rie OG700.<br \/>\n**Test\u00e9 par rapport \u00e0 des frites traditionnelles coup\u00e9es \u00e0 la main dans de l&#8217;huile lourde.<\/p>\n<p><strong>FICHE TECHNIQUE :<\/strong><\/p>\n<p>Application Pro Connect : contr\u00f4lez votre barbecue et surveillez la progression de la cuisson directement depuis votre t\u00e9l\u00e9phone portable.<br \/>\nGrande grille pour cuire jusqu&#8217;\u00e0 10 hamburgers, 6 steaks ou 2 poulets entiers de 3 kg.<br \/>\nSonde int\u00e9gr\u00e9e et 7 programmes : griller, fumer, frire \u00e0 l&#8217;air, cuire, r\u00f4tir, s\u00e9cher, chauffer<\/p>\n<p>Br\u00fble de vrais granul\u00e9s de bois pour un authentique go\u00fbt fum\u00e9<br \/>\nAlimentation \u00e9lectrique : parfait pour les jardins, les balcons, les porches, les campings et autres lieux.<br \/>\nR\u00e9sistant aux intemp\u00e9ries<br \/>\nH : 41 cm x L : 57 cm x P : 51 cm<br \/>\nPoids : 18 kg<br \/>\nUtilisation \u00e0 l&#8217;ext\u00e9rieur uniquement.<br \/>\nR\u00e9sistance \u00e0 l&#8217;eau IPX4<\/p>\n<p><strong>PACKAGE :<\/strong><\/p>\n<p>Grille de cuisson : 45 cm x 31 cm<br \/>\nSonde + prise pour double sonde<br \/>\nPanier \u00e0 friture<br \/>\nPellet scoop<br \/>\nLeccarda<br \/>\nM\u00e9lange de pellets polyvalent et robuste<br \/>\nLivre de cuisine<\/p>\n<p><b><u><strong>Non disponible \u00e0 la vente en dehors de l&#8217;Europe<\/strong><\/u><\/b><\/p>\n","protected":false},"excerpt":{"rendered":"<p>Voici notre barbecue \u00e9lectrique XL avec sonde int\u00e9gr\u00e9e pour fumer, frire \u00e0 l&#8217;air et cuire les aliments comme vous l&#8217;aimez,<\/p>\n","protected":false},"featured_media":401104,"template":"","meta":{"_acf_changed":false,"inline_featured_image":false},"product_cat":[15660,12449],"product_tag":[17107,24603],"acf":[],"yoast_head":"<!-- This site is optimized with the Yoast SEO Premium plugin v18.6 (Yoast SEO v19.13) - https:\/\/yoast.com\/wordpress\/plugins\/seo\/ -->\n<title>NINJA Woodfire Barbecue Electrique Avec Fumoir \u00e0 Bois Bleu - Erresse Shop<\/title>\n<meta name=\"description\" content=\"Voici notre barbecue \u00e9lectrique XL avec sonde int\u00e9gr\u00e9e pour fumer, frire \u00e0 l&#039;air et cuire les aliments comme vous l&#039;aimez, en leur donnant la saveur\" \/>\n<meta name=\"robots\" content=\"index, follow, max-snippet:-1, max-image-preview:large, max-video-preview:-1\" \/>\n<link rel=\"canonical\" href=\"https:\/\/www.erresse-shop.it\/fr\/shop\/petits-electromenagers\/fours\/ninja-woodfire-barbecue-electrique-avec-fumoir-a-bois-bleu\/\" \/>\n<meta property=\"og:locale\" content=\"fr_FR\" \/>\n<meta property=\"og:type\" content=\"article\" \/>\n<meta property=\"og:title\" content=\"NINJA Woodfire Barbecue Electrique Avec Fumoir \u00e0 Bois Bleu\" \/>\n<meta property=\"og:description\" content=\"Voici notre barbecue \u00e9lectrique XL avec sonde int\u00e9gr\u00e9e pour fumer, frire \u00e0 l&#039;air et cuire les aliments comme vous l&#039;aimez, en leur donnant la saveur\" \/>\n<meta property=\"og:url\" content=\"https:\/\/www.erresse-shop.it\/fr\/shop\/petits-electromenagers\/fours\/ninja-woodfire-barbecue-electrique-avec-fumoir-a-bois-bleu\/\" \/>\n<meta property=\"og:site_name\" content=\"Erresse Shop\" \/>\n<meta property=\"article:modified_time\" content=\"2024-04-08T06:41:52+00:00\" \/>\n<meta property=\"og:image\" content=\"https:\/\/www.erresse-shop.it\/wp-content\/uploads\/2024\/04\/Ninja-woodfire-barbecue-e-affumicatore-blu.jpg\" \/>\n\t<meta property=\"og:image:width\" content=\"800\" \/>\n\t<meta property=\"og:image:height\" content=\"800\" \/>\n\t<meta property=\"og:image:type\" content=\"image\/jpeg\" \/>\n<meta name=\"twitter:card\" content=\"summary_large_image\" \/>\n<script type=\"application\/ld+json\" class=\"yoast-schema-graph\">{\"@context\":\"https:\/\/schema.org\",\"@graph\":[{\"@type\":\"WebPage\",\"@id\":\"https:\/\/www.erresse-shop.it\/fr\/shop\/petits-electromenagers\/fours\/ninja-woodfire-barbecue-electrique-avec-fumoir-a-bois-bleu\/\",\"url\":\"https:\/\/www.erresse-shop.it\/fr\/shop\/petits-electromenagers\/fours\/ninja-woodfire-barbecue-electrique-avec-fumoir-a-bois-bleu\/\",\"name\":\"NINJA Woodfire Barbecue Electrique Avec Fumoir \u00e0 Bois Bleu - Erresse Shop\",\"isPartOf\":{\"@id\":\"https:\/\/www.erresse-shop.it\/fr\/#website\"},\"datePublished\":\"2024-04-08T06:23:48+00:00\",\"dateModified\":\"2024-04-08T06:41:52+00:00\",\"description\":\"Voici notre barbecue \u00e9lectrique XL avec sonde int\u00e9gr\u00e9e pour fumer, frire \u00e0 l'air et cuire les aliments comme vous l'aimez, en leur donnant la saveur\",\"breadcrumb\":{\"@id\":\"https:\/\/www.erresse-shop.it\/fr\/shop\/petits-electromenagers\/fours\/ninja-woodfire-barbecue-electrique-avec-fumoir-a-bois-bleu\/#breadcrumb\"},\"inLanguage\":\"fr-FR\",\"potentialAction\":[{\"@type\":\"ReadAction\",\"target\":[\"https:\/\/www.erresse-shop.it\/fr\/shop\/petits-electromenagers\/fours\/ninja-woodfire-barbecue-electrique-avec-fumoir-a-bois-bleu\/\"]}]},{\"@type\":\"BreadcrumbList\",\"@id\":\"https:\/\/www.erresse-shop.it\/fr\/shop\/petits-electromenagers\/fours\/ninja-woodfire-barbecue-electrique-avec-fumoir-a-bois-bleu\/#breadcrumb\",\"itemListElement\":[{\"@type\":\"ListItem\",\"position\":1,\"name\":\"Home\",\"item\":\"https:\/\/www.erresse-shop.it\/fr\/\"},{\"@type\":\"ListItem\",\"position\":2,\"name\":\"Shop\",\"item\":\"https:\/\/www.erresse-shop.it\/fr\/shop\/\"},{\"@type\":\"ListItem\",\"position\":3,\"name\":\"NINJA Woodfire Barbecue Electrique Avec Fumoir \u00e0 Bois Bleu\"}]},{\"@type\":\"WebSite\",\"@id\":\"https:\/\/www.erresse-shop.it\/fr\/#website\",\"url\":\"https:\/\/www.erresse-shop.it\/fr\/\",\"name\":\"Erresse Shop\",\"description\":\"Articoli di qualit\u00e0 per la casa\",\"potentialAction\":[{\"@type\":\"SearchAction\",\"target\":{\"@type\":\"EntryPoint\",\"urlTemplate\":\"https:\/\/www.erresse-shop.it\/fr\/?s={search_term_string}\"},\"query-input\":\"required name=search_term_string\"}],\"inLanguage\":\"fr-FR\"}]}<\/script>\n<!-- \/ Yoast SEO Premium plugin. -->","yoast_head_json":{"title":"NINJA Woodfire Barbecue Electrique Avec Fumoir \u00e0 Bois Bleu - Erresse Shop","description":"Voici notre barbecue \u00e9lectrique XL avec sonde int\u00e9gr\u00e9e pour fumer, frire \u00e0 l'air et cuire les aliments comme vous l'aimez, en leur donnant la saveur","robots":{"index":"index","follow":"follow","max-snippet":"max-snippet:-1","max-image-preview":"max-image-preview:large","max-video-preview":"max-video-preview:-1"},"canonical":"https:\/\/www.erresse-shop.it\/fr\/shop\/petits-electromenagers\/fours\/ninja-woodfire-barbecue-electrique-avec-fumoir-a-bois-bleu\/","og_locale":"fr_FR","og_type":"article","og_title":"NINJA Woodfire Barbecue Electrique Avec Fumoir \u00e0 Bois Bleu","og_description":"Voici notre barbecue \u00e9lectrique XL avec sonde int\u00e9gr\u00e9e pour fumer, frire \u00e0 l'air et cuire les aliments comme vous l'aimez, en leur donnant la saveur","og_url":"https:\/\/www.erresse-shop.it\/fr\/shop\/petits-electromenagers\/fours\/ninja-woodfire-barbecue-electrique-avec-fumoir-a-bois-bleu\/","og_site_name":"Erresse Shop","article_modified_time":"2024-04-08T06:41:52+00:00","og_image":[{"width":800,"height":800,"url":"https:\/\/www.erresse-shop.it\/wp-content\/uploads\/2024\/04\/Ninja-woodfire-barbecue-e-affumicatore-blu.jpg","type":"image\/jpeg"}],"twitter_card":"summary_large_image","schema":{"@context":"https:\/\/schema.org","@graph":[{"@type":"WebPage","@id":"https:\/\/www.erresse-shop.it\/fr\/shop\/petits-electromenagers\/fours\/ninja-woodfire-barbecue-electrique-avec-fumoir-a-bois-bleu\/","url":"https:\/\/www.erresse-shop.it\/fr\/shop\/petits-electromenagers\/fours\/ninja-woodfire-barbecue-electrique-avec-fumoir-a-bois-bleu\/","name":"NINJA Woodfire Barbecue Electrique Avec Fumoir \u00e0 Bois Bleu - Erresse Shop","isPartOf":{"@id":"https:\/\/www.erresse-shop.it\/fr\/#website"},"datePublished":"2024-04-08T06:23:48+00:00","dateModified":"2024-04-08T06:41:52+00:00","description":"Voici notre barbecue \u00e9lectrique XL avec sonde int\u00e9gr\u00e9e pour fumer, frire \u00e0 l'air et cuire les aliments comme vous l'aimez, en leur donnant la saveur","breadcrumb":{"@id":"https:\/\/www.erresse-shop.it\/fr\/shop\/petits-electromenagers\/fours\/ninja-woodfire-barbecue-electrique-avec-fumoir-a-bois-bleu\/#breadcrumb"},"inLanguage":"fr-FR","potentialAction":[{"@type":"ReadAction","target":["https:\/\/www.erresse-shop.it\/fr\/shop\/petits-electromenagers\/fours\/ninja-woodfire-barbecue-electrique-avec-fumoir-a-bois-bleu\/"]}]},{"@type":"BreadcrumbList","@id":"https:\/\/www.erresse-shop.it\/fr\/shop\/petits-electromenagers\/fours\/ninja-woodfire-barbecue-electrique-avec-fumoir-a-bois-bleu\/#breadcrumb","itemListElement":[{"@type":"ListItem","position":1,"name":"Home","item":"https:\/\/www.erresse-shop.it\/fr\/"},{"@type":"ListItem","position":2,"name":"Shop","item":"https:\/\/www.erresse-shop.it\/fr\/shop\/"},{"@type":"ListItem","position":3,"name":"NINJA Woodfire Barbecue Electrique Avec Fumoir \u00e0 Bois Bleu"}]},{"@type":"WebSite","@id":"https:\/\/www.erresse-shop.it\/fr\/#website","url":"https:\/\/www.erresse-shop.it\/fr\/","name":"Erresse Shop","description":"Articoli di qualit\u00e0 per la casa","potentialAction":[{"@type":"SearchAction","target":{"@type":"EntryPoint","urlTemplate":"https:\/\/www.erresse-shop.it\/fr\/?s={search_term_string}"},"query-input":"required name=search_term_string"}],"inLanguage":"fr-FR"}]}},"df_price":449.99,"df_sale_price":449.99,"df_regular_price":449.99,"df_image_link":"https:\/\/www.erresse-shop.it\/wp-content\/uploads\/2024\/04\/Ninja-woodfire-barbecue-e-affumicatore-blu-300x300.jpg","_links":{"self":[{"href":"https:\/\/www.erresse-shop.it\/fr\/wp-json\/wp\/v2\/product\/401085"}],"collection":[{"href":"https:\/\/www.erresse-shop.it\/fr\/wp-json\/wp\/v2\/product"}],"about":[{"href":"https:\/\/www.erresse-shop.it\/fr\/wp-json\/wp\/v2\/types\/product"}],"wp:featuredmedia":[{"embeddable":true,"href":"https:\/\/www.erresse-shop.it\/fr\/wp-json\/wp\/v2\/media\/401104"}],"wp:attachment":[{"href":"https:\/\/www.erresse-shop.it\/fr\/wp-json\/wp\/v2\/media?parent=401085"}],"wp:term":[{"taxonomy":"product_cat","embeddable":true,"href":"https:\/\/www.erresse-shop.it\/fr\/wp-json\/wp\/v2\/product_cat?post=401085"},{"taxonomy":"product_tag","embeddable":true,"href":"https:\/\/www.erresse-shop.it\/fr\/wp-json\/wp\/v2\/product_tag?post=401085"}],"curies":[{"name":"wp","href":"https:\/\/api.w.org\/{rel}","templated":true}]}}