{"id":400790,"date":"2024-04-05T07:58:56","date_gmt":"2024-04-05T07:59:02","guid":{"rendered":"https:\/\/www.erresse-shop.it\/?post_type=product&#038;p=400790"},"modified":"2025-01-14T14:14:48","modified_gmt":"2025-01-14T14:14:48","slug":"berkel-kit-de-restauration-du-trancheur-noir-copia","status":"publish","type":"product","link":"https:\/\/www.erresse-shop.it\/fr\/shop\/cuisine\/accessoires-fr\/berkel-kit-de-restauration-du-trancheur-noir-copia\/","title":{"rendered":"BERKEL Pince \u00e0 Jambon en Bois"},"content":{"rendered":"<p><strong>LA BEAUT\u00c9 ET LE GO\u00dbT DU JAMBON TRANCH\u00c9 \u00c0 LA MAIN.<\/strong><br \/>\nLe prosciutto italien exprime tout son parfum lorsqu&#8217;il est tranch\u00e9 \u00e0 la main avec un couteau. Avec le support Berkel, les charcuteries avec os peuvent \u00eatre facilement tranch\u00e9es. Serr\u00e9 dans l&#8217;\u00e9tau, il ne subira aucune oscillation, permettant une d\u00e9coupe parfaite de la viande \u00e0 l&#8217;aide d&#8217;un couteau bien aiguis\u00e9. Berkel propose un objet fonctionnel avec des mat\u00e9riaux facilement lavables (acier et bois) et un design moderne.<\/p>\n<p><strong>\u00c9TAU \u00c0 JAMBON EN BOIS FONC\u00c9<\/strong><br \/>\n<strong>Mat\u00e9riaux<\/strong> : Base en bois fonc\u00e9, cadre en acier inoxydable, garniture en bois<br \/>\n<strong>Dimensions<\/strong> <strong>maximales<\/strong> : 24 x 56 x 16h cm<br \/>\n<strong>Poids<\/strong> : 4 kg<br \/>\n<strong>Caract\u00e9ristiques<\/strong> : pieds en caoutchouc de silicone.<\/p>\n","protected":false},"excerpt":{"rendered":"<p>LA BEAUT\u00c9 ET LE GO\u00dbT DU JAMBON TRANCH\u00c9 \u00c0 LA MAIN. Le prosciutto italien exprime tout son parfum lorsqu&#8217;il est<\/p>\n","protected":false},"featured_media":400794,"template":"","meta":{"_acf_changed":false,"inline_featured_image":false},"product_cat":[12749,12748],"product_tag":[17552,12856,17665],"acf":[],"yoast_head":"<!-- This site is optimized with the Yoast SEO Premium plugin v18.6 (Yoast SEO v19.13) - https:\/\/yoast.com\/wordpress\/plugins\/seo\/ -->\n<title>BERKEL Pince \u00e0 Jambon en Bois<\/title>\n<meta name=\"description\" content=\"D\u00e9couvrez BERKEL Pince \u00e0 Jambon en Bois sur ErresseShop. Qualit\u00e9, prix r\u00e9duits et achat s\u00e9curis\u00e9 \u2013 commandez d\u00e8s maintenant en ligne !\" \/>\n<meta name=\"robots\" content=\"index, follow, max-snippet:-1, max-image-preview:large, max-video-preview:-1\" \/>\n<link rel=\"canonical\" href=\"https:\/\/www.erresse-shop.it\/fr\/shop\/cuisine\/accessoires-fr\/berkel-kit-de-restauration-du-trancheur-noir-copia\/\" \/>\n<meta property=\"og:locale\" content=\"fr_FR\" \/>\n<meta property=\"og:type\" content=\"article\" \/>\n<meta property=\"og:title\" content=\"BERKEL Pince \u00e0 Jambon en Bois\" \/>\n<meta property=\"og:description\" content=\"D\u00e9couvrez BERKEL Pince \u00e0 Jambon en Bois sur ErresseShop. Qualit\u00e9, prix r\u00e9duits et achat s\u00e9curis\u00e9 \u2013 commandez d\u00e8s maintenant en ligne !\" \/>\n<meta property=\"og:url\" content=\"https:\/\/www.erresse-shop.it\/fr\/shop\/cuisine\/accessoires-fr\/berkel-kit-de-restauration-du-trancheur-noir-copia\/\" \/>\n<meta property=\"og:site_name\" content=\"Erresse Shop\" \/>\n<meta property=\"article:modified_time\" content=\"2025-01-14T14:14:48+00:00\" \/>\n<meta property=\"og:image\" content=\"https:\/\/www.erresse-shop.it\/wp-content\/uploads\/2024\/04\/Berkel-morsa.jpg\" \/>\n\t<meta property=\"og:image:width\" content=\"800\" \/>\n\t<meta property=\"og:image:height\" content=\"800\" \/>\n\t<meta property=\"og:image:type\" content=\"image\/jpeg\" \/>\n<meta name=\"twitter:card\" content=\"summary_large_image\" \/>\n<script type=\"application\/ld+json\" class=\"yoast-schema-graph\">{\"@context\":\"https:\/\/schema.org\",\"@graph\":[{\"@type\":\"WebPage\",\"@id\":\"https:\/\/www.erresse-shop.it\/fr\/shop\/cuisine\/accessoires-fr\/berkel-kit-de-restauration-du-trancheur-noir-copia\/\",\"url\":\"https:\/\/www.erresse-shop.it\/fr\/shop\/cuisine\/accessoires-fr\/berkel-kit-de-restauration-du-trancheur-noir-copia\/\",\"name\":\"BERKEL Pince \u00e0 Jambon en Bois\",\"isPartOf\":{\"@id\":\"https:\/\/www.erresse-shop.it\/fr\/#website\"},\"datePublished\":\"2024-04-05T07:59:02+00:00\",\"dateModified\":\"2025-01-14T14:14:48+00:00\",\"description\":\"D\u00e9couvrez BERKEL Pince \u00e0 Jambon en Bois sur ErresseShop. Qualit\u00e9, prix r\u00e9duits et achat s\u00e9curis\u00e9 \u2013 commandez d\u00e8s maintenant en ligne !\",\"breadcrumb\":{\"@id\":\"https:\/\/www.erresse-shop.it\/fr\/shop\/cuisine\/accessoires-fr\/berkel-kit-de-restauration-du-trancheur-noir-copia\/#breadcrumb\"},\"inLanguage\":\"fr-FR\",\"potentialAction\":[{\"@type\":\"ReadAction\",\"target\":[\"https:\/\/www.erresse-shop.it\/fr\/shop\/cuisine\/accessoires-fr\/berkel-kit-de-restauration-du-trancheur-noir-copia\/\"]}]},{\"@type\":\"BreadcrumbList\",\"@id\":\"https:\/\/www.erresse-shop.it\/fr\/shop\/cuisine\/accessoires-fr\/berkel-kit-de-restauration-du-trancheur-noir-copia\/#breadcrumb\",\"itemListElement\":[{\"@type\":\"ListItem\",\"position\":1,\"name\":\"Home\",\"item\":\"https:\/\/www.erresse-shop.it\/fr\/\"},{\"@type\":\"ListItem\",\"position\":2,\"name\":\"Shop\",\"item\":\"https:\/\/www.erresse-shop.it\/fr\/shop\/\"},{\"@type\":\"ListItem\",\"position\":3,\"name\":\"BERKEL Pince \u00e0 Jambon en Bois\"}]},{\"@type\":\"WebSite\",\"@id\":\"https:\/\/www.erresse-shop.it\/fr\/#website\",\"url\":\"https:\/\/www.erresse-shop.it\/fr\/\",\"name\":\"Erresse Shop\",\"description\":\"Articoli di qualit\u00e0 per la casa\",\"potentialAction\":[{\"@type\":\"SearchAction\",\"target\":{\"@type\":\"EntryPoint\",\"urlTemplate\":\"https:\/\/www.erresse-shop.it\/fr\/?s={search_term_string}\"},\"query-input\":\"required name=search_term_string\"}],\"inLanguage\":\"fr-FR\"}]}<\/script>\n<!-- \/ Yoast SEO Premium plugin. -->","yoast_head_json":{"title":"BERKEL Pince \u00e0 Jambon en Bois","description":"D\u00e9couvrez BERKEL Pince \u00e0 Jambon en Bois sur ErresseShop. Qualit\u00e9, prix r\u00e9duits et achat s\u00e9curis\u00e9 \u2013 commandez d\u00e8s maintenant en ligne !","robots":{"index":"index","follow":"follow","max-snippet":"max-snippet:-1","max-image-preview":"max-image-preview:large","max-video-preview":"max-video-preview:-1"},"canonical":"https:\/\/www.erresse-shop.it\/fr\/shop\/cuisine\/accessoires-fr\/berkel-kit-de-restauration-du-trancheur-noir-copia\/","og_locale":"fr_FR","og_type":"article","og_title":"BERKEL Pince \u00e0 Jambon en Bois","og_description":"D\u00e9couvrez BERKEL Pince \u00e0 Jambon en Bois sur ErresseShop. Qualit\u00e9, prix r\u00e9duits et achat s\u00e9curis\u00e9 \u2013 commandez d\u00e8s maintenant en ligne !","og_url":"https:\/\/www.erresse-shop.it\/fr\/shop\/cuisine\/accessoires-fr\/berkel-kit-de-restauration-du-trancheur-noir-copia\/","og_site_name":"Erresse Shop","article_modified_time":"2025-01-14T14:14:48+00:00","og_image":[{"width":800,"height":800,"url":"https:\/\/www.erresse-shop.it\/wp-content\/uploads\/2024\/04\/Berkel-morsa.jpg","type":"image\/jpeg"}],"twitter_card":"summary_large_image","schema":{"@context":"https:\/\/schema.org","@graph":[{"@type":"WebPage","@id":"https:\/\/www.erresse-shop.it\/fr\/shop\/cuisine\/accessoires-fr\/berkel-kit-de-restauration-du-trancheur-noir-copia\/","url":"https:\/\/www.erresse-shop.it\/fr\/shop\/cuisine\/accessoires-fr\/berkel-kit-de-restauration-du-trancheur-noir-copia\/","name":"BERKEL Pince \u00e0 Jambon en Bois","isPartOf":{"@id":"https:\/\/www.erresse-shop.it\/fr\/#website"},"datePublished":"2024-04-05T07:59:02+00:00","dateModified":"2025-01-14T14:14:48+00:00","description":"D\u00e9couvrez BERKEL Pince \u00e0 Jambon en Bois sur ErresseShop. Qualit\u00e9, prix r\u00e9duits et achat s\u00e9curis\u00e9 \u2013 commandez d\u00e8s maintenant en ligne !","breadcrumb":{"@id":"https:\/\/www.erresse-shop.it\/fr\/shop\/cuisine\/accessoires-fr\/berkel-kit-de-restauration-du-trancheur-noir-copia\/#breadcrumb"},"inLanguage":"fr-FR","potentialAction":[{"@type":"ReadAction","target":["https:\/\/www.erresse-shop.it\/fr\/shop\/cuisine\/accessoires-fr\/berkel-kit-de-restauration-du-trancheur-noir-copia\/"]}]},{"@type":"BreadcrumbList","@id":"https:\/\/www.erresse-shop.it\/fr\/shop\/cuisine\/accessoires-fr\/berkel-kit-de-restauration-du-trancheur-noir-copia\/#breadcrumb","itemListElement":[{"@type":"ListItem","position":1,"name":"Home","item":"https:\/\/www.erresse-shop.it\/fr\/"},{"@type":"ListItem","position":2,"name":"Shop","item":"https:\/\/www.erresse-shop.it\/fr\/shop\/"},{"@type":"ListItem","position":3,"name":"BERKEL Pince \u00e0 Jambon en Bois"}]},{"@type":"WebSite","@id":"https:\/\/www.erresse-shop.it\/fr\/#website","url":"https:\/\/www.erresse-shop.it\/fr\/","name":"Erresse Shop","description":"Articoli di qualit\u00e0 per la casa","potentialAction":[{"@type":"SearchAction","target":{"@type":"EntryPoint","urlTemplate":"https:\/\/www.erresse-shop.it\/fr\/?s={search_term_string}"},"query-input":"required name=search_term_string"}],"inLanguage":"fr-FR"}]}},"df_price":164.5,"df_sale_price":164.5,"df_regular_price":329,"df_image_link":"https:\/\/www.erresse-shop.it\/wp-content\/uploads\/2024\/04\/Berkel-morsa-300x300.jpg","_links":{"self":[{"href":"https:\/\/www.erresse-shop.it\/fr\/wp-json\/wp\/v2\/product\/400790"}],"collection":[{"href":"https:\/\/www.erresse-shop.it\/fr\/wp-json\/wp\/v2\/product"}],"about":[{"href":"https:\/\/www.erresse-shop.it\/fr\/wp-json\/wp\/v2\/types\/product"}],"wp:featuredmedia":[{"embeddable":true,"href":"https:\/\/www.erresse-shop.it\/fr\/wp-json\/wp\/v2\/media\/400794"}],"wp:attachment":[{"href":"https:\/\/www.erresse-shop.it\/fr\/wp-json\/wp\/v2\/media?parent=400790"}],"wp:term":[{"taxonomy":"product_cat","embeddable":true,"href":"https:\/\/www.erresse-shop.it\/fr\/wp-json\/wp\/v2\/product_cat?post=400790"},{"taxonomy":"product_tag","embeddable":true,"href":"https:\/\/www.erresse-shop.it\/fr\/wp-json\/wp\/v2\/product_tag?post=400790"}],"curies":[{"name":"wp","href":"https:\/\/api.w.org\/{rel}","templated":true}]}}