{"id":400313,"date":"2024-04-02T06:48:17","date_gmt":"2024-04-02T06:48:23","guid":{"rendered":"https:\/\/www.erresse-shop.it\/?post_type=product&#038;p=400313"},"modified":"2024-06-07T07:05:43","modified_gmt":"2024-06-07T07:05:43","slug":"villeroy-boch-afina-set-de-6-assiettes-29-cm","status":"publish","type":"product","link":"https:\/\/www.erresse-shop.it\/fr\/shop\/table-fr-2\/plats\/villeroy-boch-afina-set-de-6-assiettes-29-cm\/","title":{"rendered":"VILLEROY &#038; BOCH Afina Set de 4 assiettes 29 cm"},"content":{"rendered":"<p><b><strong>Assiette plate \u00e0 large diam\u00e8tre pour pr\u00e9senter les plats de mani\u00e8re attrayante<\/strong><\/b><\/p>\n<p>Dans un monde caract\u00e9ris\u00e9 par la recherche d&#8217;unicit\u00e9 et en m\u00eame temps d&#8217;espaces de bien-\u00eatre, nous pr\u00e9sentons la collection de vaisselle Afina, inspir\u00e9e par la tendance de style de vie du go\u00fbt raffin\u00e9. La collection se caract\u00e9rise par un concept de design unique, combinant des formes minimalistes et des d\u00e9tails d\u00e9licats et sophistiqu\u00e9s.<\/p>\n<p>Les formes \u00e9pur\u00e9es sont habilement combin\u00e9es \u00e0 des d\u00e9tails fins, ce qui donne une forme de coupe moderne avec un bord sur\u00e9lev\u00e9. Inspir\u00e9e par les rayons concentriques du soleil, cette vaisselle pr\u00e9sente un relief annulaire fascinant, cr\u00e9ant une exp\u00e9rience tactile exquise. L&#8217;aspect flottant particulier est soulign\u00e9 par une base soigneusement dissimul\u00e9e. L&#8217;assiette creuse de grand diam\u00e8tre convient \u00e0 la pr\u00e9sentation attrayante d&#8217;une vari\u00e9t\u00e9 de plats. Avec son large espace et son design \u00e9l\u00e9gant, elle conf\u00e8re \u00e0 chaque menu une touche d&#8217;\u00e9l\u00e9gance et de sophistication. D\u00e9couvrez la perfection du raffinement minimaliste avec Afina et faites briller vos cuisines et salles \u00e0 manger d&#8217;une splendeur impressionnante.<\/p>\n<p><b><strong>Mat\u00e9riau :<\/strong><\/b> porcelaine<br \/>\n<b><strong>Diam\u00e8tre<\/strong><\/b>: 292 mm<br \/>\n<b><strong>Volume <\/strong><\/b>: environ 400 ml<br \/>\n<b><strong>Passe au lave-vaisselle :<\/strong><\/b> oui<br \/>\n<b><strong>Convient au micro-ondes :<\/strong><\/b> oui<\/p>\n","protected":false},"excerpt":{"rendered":"<p>Assiette plate \u00e0 large diam\u00e8tre pour pr\u00e9senter les plats de mani\u00e8re attrayante Dans un monde caract\u00e9ris\u00e9 par la recherche d&#8217;unicit\u00e9<\/p>\n","protected":false},"featured_media":400301,"template":"","meta":{"_acf_changed":false,"inline_featured_image":false},"product_cat":[12788,12782],"product_tag":[25026,13169,14288,22041,25021,24397,19357,21968],"acf":[],"yoast_head":"<!-- This site is optimized with the Yoast SEO Premium plugin v18.6 (Yoast SEO v19.13) - https:\/\/yoast.com\/wordpress\/plugins\/seo\/ -->\n<title>VILLEROY &amp; BOCH Afina Set de 4 assiettes 29 cm - Erresse Shop<\/title>\n<meta name=\"description\" content=\"Assiette plate \u00e0 large diam\u00e8tre pour pr\u00e9senter les plats de mani\u00e8re attrayante Dans un monde caract\u00e9ris\u00e9 par la recherche d&#039;unicit\u00e9 et en m\u00eame temps\" \/>\n<meta name=\"robots\" content=\"index, follow, max-snippet:-1, max-image-preview:large, max-video-preview:-1\" \/>\n<link rel=\"canonical\" href=\"https:\/\/www.erresse-shop.it\/fr\/shop\/table-fr-2\/plats\/villeroy-boch-afina-set-de-6-assiettes-29-cm\/\" \/>\n<meta property=\"og:locale\" content=\"fr_FR\" \/>\n<meta property=\"og:type\" content=\"article\" \/>\n<meta property=\"og:title\" content=\"VILLEROY &amp; BOCH Afina Set de 4 assiettes 29 cm\" \/>\n<meta property=\"og:description\" content=\"Assiette plate \u00e0 large diam\u00e8tre pour pr\u00e9senter les plats de mani\u00e8re attrayante Dans un monde caract\u00e9ris\u00e9 par la recherche d&#039;unicit\u00e9 et en m\u00eame temps\" \/>\n<meta property=\"og:url\" content=\"https:\/\/www.erresse-shop.it\/fr\/shop\/table-fr-2\/plats\/villeroy-boch-afina-set-de-6-assiettes-29-cm\/\" \/>\n<meta property=\"og:site_name\" content=\"Erresse Shop\" \/>\n<meta property=\"article:modified_time\" content=\"2024-06-07T07:05:43+00:00\" \/>\n<meta property=\"og:image\" content=\"https:\/\/www.erresse-shop.it\/wp-content\/uploads\/2024\/04\/villeroy-e-boch-afina-piatto-fondo.jpg\" \/>\n\t<meta property=\"og:image:width\" content=\"800\" \/>\n\t<meta property=\"og:image:height\" content=\"800\" \/>\n\t<meta property=\"og:image:type\" content=\"image\/jpeg\" \/>\n<meta name=\"twitter:card\" content=\"summary_large_image\" \/>\n<script type=\"application\/ld+json\" class=\"yoast-schema-graph\">{\"@context\":\"https:\/\/schema.org\",\"@graph\":[{\"@type\":\"WebPage\",\"@id\":\"https:\/\/www.erresse-shop.it\/fr\/shop\/table-fr-2\/plats\/villeroy-boch-afina-set-de-6-assiettes-29-cm\/\",\"url\":\"https:\/\/www.erresse-shop.it\/fr\/shop\/table-fr-2\/plats\/villeroy-boch-afina-set-de-6-assiettes-29-cm\/\",\"name\":\"VILLEROY & BOCH Afina Set de 4 assiettes 29 cm - Erresse Shop\",\"isPartOf\":{\"@id\":\"https:\/\/www.erresse-shop.it\/fr\/#website\"},\"datePublished\":\"2024-04-02T06:48:23+00:00\",\"dateModified\":\"2024-06-07T07:05:43+00:00\",\"description\":\"Assiette plate \u00e0 large diam\u00e8tre pour pr\u00e9senter les plats de mani\u00e8re attrayante Dans un monde caract\u00e9ris\u00e9 par la recherche d'unicit\u00e9 et en m\u00eame temps\",\"breadcrumb\":{\"@id\":\"https:\/\/www.erresse-shop.it\/fr\/shop\/table-fr-2\/plats\/villeroy-boch-afina-set-de-6-assiettes-29-cm\/#breadcrumb\"},\"inLanguage\":\"fr-FR\",\"potentialAction\":[{\"@type\":\"ReadAction\",\"target\":[\"https:\/\/www.erresse-shop.it\/fr\/shop\/table-fr-2\/plats\/villeroy-boch-afina-set-de-6-assiettes-29-cm\/\"]}]},{\"@type\":\"BreadcrumbList\",\"@id\":\"https:\/\/www.erresse-shop.it\/fr\/shop\/table-fr-2\/plats\/villeroy-boch-afina-set-de-6-assiettes-29-cm\/#breadcrumb\",\"itemListElement\":[{\"@type\":\"ListItem\",\"position\":1,\"name\":\"Home\",\"item\":\"https:\/\/www.erresse-shop.it\/fr\/\"},{\"@type\":\"ListItem\",\"position\":2,\"name\":\"Shop\",\"item\":\"https:\/\/www.erresse-shop.it\/fr\/shop\/\"},{\"@type\":\"ListItem\",\"position\":3,\"name\":\"VILLEROY &#038; BOCH Afina Set de 4 assiettes 29 cm\"}]},{\"@type\":\"WebSite\",\"@id\":\"https:\/\/www.erresse-shop.it\/fr\/#website\",\"url\":\"https:\/\/www.erresse-shop.it\/fr\/\",\"name\":\"Erresse Shop\",\"description\":\"Articoli di qualit\u00e0 per la casa\",\"potentialAction\":[{\"@type\":\"SearchAction\",\"target\":{\"@type\":\"EntryPoint\",\"urlTemplate\":\"https:\/\/www.erresse-shop.it\/fr\/?s={search_term_string}\"},\"query-input\":\"required name=search_term_string\"}],\"inLanguage\":\"fr-FR\"}]}<\/script>\n<!-- \/ Yoast SEO Premium plugin. -->","yoast_head_json":{"title":"VILLEROY & BOCH Afina Set de 4 assiettes 29 cm - Erresse Shop","description":"Assiette plate \u00e0 large diam\u00e8tre pour pr\u00e9senter les plats de mani\u00e8re attrayante Dans un monde caract\u00e9ris\u00e9 par la recherche d'unicit\u00e9 et en m\u00eame temps","robots":{"index":"index","follow":"follow","max-snippet":"max-snippet:-1","max-image-preview":"max-image-preview:large","max-video-preview":"max-video-preview:-1"},"canonical":"https:\/\/www.erresse-shop.it\/fr\/shop\/table-fr-2\/plats\/villeroy-boch-afina-set-de-6-assiettes-29-cm\/","og_locale":"fr_FR","og_type":"article","og_title":"VILLEROY & BOCH Afina Set de 4 assiettes 29 cm","og_description":"Assiette plate \u00e0 large diam\u00e8tre pour pr\u00e9senter les plats de mani\u00e8re attrayante Dans un monde caract\u00e9ris\u00e9 par la recherche d'unicit\u00e9 et en m\u00eame temps","og_url":"https:\/\/www.erresse-shop.it\/fr\/shop\/table-fr-2\/plats\/villeroy-boch-afina-set-de-6-assiettes-29-cm\/","og_site_name":"Erresse Shop","article_modified_time":"2024-06-07T07:05:43+00:00","og_image":[{"width":800,"height":800,"url":"https:\/\/www.erresse-shop.it\/wp-content\/uploads\/2024\/04\/villeroy-e-boch-afina-piatto-fondo.jpg","type":"image\/jpeg"}],"twitter_card":"summary_large_image","schema":{"@context":"https:\/\/schema.org","@graph":[{"@type":"WebPage","@id":"https:\/\/www.erresse-shop.it\/fr\/shop\/table-fr-2\/plats\/villeroy-boch-afina-set-de-6-assiettes-29-cm\/","url":"https:\/\/www.erresse-shop.it\/fr\/shop\/table-fr-2\/plats\/villeroy-boch-afina-set-de-6-assiettes-29-cm\/","name":"VILLEROY & BOCH Afina Set de 4 assiettes 29 cm - Erresse Shop","isPartOf":{"@id":"https:\/\/www.erresse-shop.it\/fr\/#website"},"datePublished":"2024-04-02T06:48:23+00:00","dateModified":"2024-06-07T07:05:43+00:00","description":"Assiette plate \u00e0 large diam\u00e8tre pour pr\u00e9senter les plats de mani\u00e8re attrayante Dans un monde caract\u00e9ris\u00e9 par la recherche d'unicit\u00e9 et en m\u00eame temps","breadcrumb":{"@id":"https:\/\/www.erresse-shop.it\/fr\/shop\/table-fr-2\/plats\/villeroy-boch-afina-set-de-6-assiettes-29-cm\/#breadcrumb"},"inLanguage":"fr-FR","potentialAction":[{"@type":"ReadAction","target":["https:\/\/www.erresse-shop.it\/fr\/shop\/table-fr-2\/plats\/villeroy-boch-afina-set-de-6-assiettes-29-cm\/"]}]},{"@type":"BreadcrumbList","@id":"https:\/\/www.erresse-shop.it\/fr\/shop\/table-fr-2\/plats\/villeroy-boch-afina-set-de-6-assiettes-29-cm\/#breadcrumb","itemListElement":[{"@type":"ListItem","position":1,"name":"Home","item":"https:\/\/www.erresse-shop.it\/fr\/"},{"@type":"ListItem","position":2,"name":"Shop","item":"https:\/\/www.erresse-shop.it\/fr\/shop\/"},{"@type":"ListItem","position":3,"name":"VILLEROY &#038; BOCH Afina Set de 4 assiettes 29 cm"}]},{"@type":"WebSite","@id":"https:\/\/www.erresse-shop.it\/fr\/#website","url":"https:\/\/www.erresse-shop.it\/fr\/","name":"Erresse Shop","description":"Articoli di qualit\u00e0 per la casa","potentialAction":[{"@type":"SearchAction","target":{"@type":"EntryPoint","urlTemplate":"https:\/\/www.erresse-shop.it\/fr\/?s={search_term_string}"},"query-input":"required name=search_term_string"}],"inLanguage":"fr-FR"}]}},"df_price":143.52,"df_sale_price":143.52,"df_regular_price":179.4,"df_image_link":"https:\/\/www.erresse-shop.it\/wp-content\/uploads\/2024\/04\/villeroy-e-boch-afina-piatto-fondo-300x300.jpg","_links":{"self":[{"href":"https:\/\/www.erresse-shop.it\/fr\/wp-json\/wp\/v2\/product\/400313"}],"collection":[{"href":"https:\/\/www.erresse-shop.it\/fr\/wp-json\/wp\/v2\/product"}],"about":[{"href":"https:\/\/www.erresse-shop.it\/fr\/wp-json\/wp\/v2\/types\/product"}],"wp:featuredmedia":[{"embeddable":true,"href":"https:\/\/www.erresse-shop.it\/fr\/wp-json\/wp\/v2\/media\/400301"}],"wp:attachment":[{"href":"https:\/\/www.erresse-shop.it\/fr\/wp-json\/wp\/v2\/media?parent=400313"}],"wp:term":[{"taxonomy":"product_cat","embeddable":true,"href":"https:\/\/www.erresse-shop.it\/fr\/wp-json\/wp\/v2\/product_cat?post=400313"},{"taxonomy":"product_tag","embeddable":true,"href":"https:\/\/www.erresse-shop.it\/fr\/wp-json\/wp\/v2\/product_tag?post=400313"}],"curies":[{"name":"wp","href":"https:\/\/api.w.org\/{rel}","templated":true}]}}