{"id":400019,"date":"2024-03-28T10:03:20","date_gmt":"2024-03-28T10:03:26","guid":{"rendered":"https:\/\/www.erresse-shop.it\/?post_type=product&#038;p=400019"},"modified":"2025-06-11T18:38:15","modified_gmt":"2025-06-11T18:38:15","slug":"villeroy-boch-afina-set-de-6-assiettes-a-dessert-22-cm","status":"publish","type":"product","link":"https:\/\/www.erresse-shop.it\/fr\/shop\/table-fr-2\/plats\/villeroy-boch-afina-set-de-6-assiettes-a-dessert-22-cm\/","title":{"rendered":"VILLEROY &#038; BOCH Afina Set de 6 assiettes \u00e0 dessert 22 cm"},"content":{"rendered":"<p><b><strong>Assiette \u00e0 d\u00e9jeuner pour des moments de luxe le matin<\/strong><\/b><\/p>\n<p>Dans un monde caract\u00e9ris\u00e9 par la recherche d&#8217;unicit\u00e9 et en m\u00eame temps d&#8217;espaces de bien-\u00eatre, nous pr\u00e9sentons la collection de vaisselle Afina, inspir\u00e9e par la tendance de style de vie du go\u00fbt raffin\u00e9. La collection se caract\u00e9rise par un concept de design unique, combinant des formes minimalistes et des d\u00e9tails d\u00e9licats et sophistiqu\u00e9s.<\/p>\n<p>Les formes \u00e9pur\u00e9es sont habilement combin\u00e9es \u00e0 de fins d\u00e9tails, ce qui donne une forme de coupe moderne avec un bord sur\u00e9lev\u00e9. Inspir\u00e9e par les rayons concentriques du soleil, cette vaisselle pr\u00e9sente un relief annulaire fascinant, cr\u00e9ant une exp\u00e9rience tactile exquise. L&#8217;aspect flottant distinctif est soulign\u00e9 par une base soigneusement dissimul\u00e9e. Commencez votre journ\u00e9e avec nos assiettes \u00e0 d\u00e9jeuner exquises, qui non seulement apportent une touche de luxe \u00e0 votre routine matinale, mais s\u00e9duisent \u00e9galement par leur design de haute qualit\u00e9 et leur fabrication de premier ordre. Avec Afina, d\u00e9couvrez la perfection du raffinement minimaliste et faites briller vos cuisines et salles \u00e0 manger d&#8217;un \u00e9clat impressionnant.<\/p>\n<p><b><strong>Mat\u00e9riau :<\/strong><\/b> porcelaine<br \/>\n<b><strong>Diam\u00e8tre<\/strong><\/b>: 220 mm<br \/>\n<b><strong>Passe au lave-vaisselle :<\/strong><\/b> oui<br \/>\n<b><strong>Convient au micro-ondes :<\/strong><\/b> oui<\/p>\n","protected":false},"excerpt":{"rendered":"<p>Assiette \u00e0 d\u00e9jeuner pour des moments de luxe le matin Dans un monde caract\u00e9ris\u00e9 par la recherche d&#8217;unicit\u00e9 et en<\/p>\n","protected":false},"featured_media":474763,"template":"","meta":{"_acf_changed":false,"inline_featured_image":false},"product_cat":[12788,12782],"product_tag":[25026,13169,25021,24397,21969,19357,21968],"acf":[],"yoast_head":"<!-- This site is optimized with the Yoast SEO Premium plugin v18.6 (Yoast SEO v19.13) - https:\/\/yoast.com\/wordpress\/plugins\/seo\/ -->\n<title>VILLEROY &amp; BOCH Afina Set de 6 assiettes \u00e0 dessert 22 cm - Erresse Shop<\/title>\n<meta name=\"description\" content=\"Assiette \u00e0 d\u00e9jeuner pour des moments de luxe le matin Dans un monde caract\u00e9ris\u00e9 par la recherche d&#039;unicit\u00e9 et en m\u00eame temps d&#039;espaces de bien-\u00eatre, nous\" \/>\n<meta name=\"robots\" content=\"index, follow, max-snippet:-1, max-image-preview:large, max-video-preview:-1\" \/>\n<link rel=\"canonical\" href=\"https:\/\/www.erresse-shop.it\/fr\/shop\/table-fr-2\/plats\/villeroy-boch-afina-set-de-6-assiettes-a-dessert-22-cm\/\" \/>\n<meta property=\"og:locale\" content=\"fr_FR\" \/>\n<meta property=\"og:type\" content=\"article\" \/>\n<meta property=\"og:title\" content=\"VILLEROY &amp; BOCH Afina Set de 6 assiettes \u00e0 dessert 22 cm\" \/>\n<meta property=\"og:description\" content=\"Assiette \u00e0 d\u00e9jeuner pour des moments de luxe le matin Dans un monde caract\u00e9ris\u00e9 par la recherche d&#039;unicit\u00e9 et en m\u00eame temps d&#039;espaces de bien-\u00eatre, nous\" \/>\n<meta property=\"og:url\" content=\"https:\/\/www.erresse-shop.it\/fr\/shop\/table-fr-2\/plats\/villeroy-boch-afina-set-de-6-assiettes-a-dessert-22-cm\/\" \/>\n<meta property=\"og:site_name\" content=\"Erresse Shop\" \/>\n<meta property=\"article:modified_time\" content=\"2025-06-11T18:38:15+00:00\" \/>\n<meta property=\"og:image\" content=\"https:\/\/www.erresse-shop.it\/wp-content\/uploads\/2024\/03\/Villeroy-e-boch-piatto-dolce-22-cm.jpg\" \/>\n\t<meta property=\"og:image:width\" content=\"800\" \/>\n\t<meta property=\"og:image:height\" content=\"800\" \/>\n\t<meta property=\"og:image:type\" content=\"image\/jpeg\" \/>\n<meta name=\"twitter:card\" content=\"summary_large_image\" \/>\n<script type=\"application\/ld+json\" class=\"yoast-schema-graph\">{\"@context\":\"https:\/\/schema.org\",\"@graph\":[{\"@type\":\"WebPage\",\"@id\":\"https:\/\/www.erresse-shop.it\/fr\/shop\/table-fr-2\/plats\/villeroy-boch-afina-set-de-6-assiettes-a-dessert-22-cm\/\",\"url\":\"https:\/\/www.erresse-shop.it\/fr\/shop\/table-fr-2\/plats\/villeroy-boch-afina-set-de-6-assiettes-a-dessert-22-cm\/\",\"name\":\"VILLEROY & BOCH Afina Set de 6 assiettes \u00e0 dessert 22 cm - Erresse Shop\",\"isPartOf\":{\"@id\":\"https:\/\/www.erresse-shop.it\/fr\/#website\"},\"datePublished\":\"2024-03-28T10:03:26+00:00\",\"dateModified\":\"2025-06-11T18:38:15+00:00\",\"description\":\"Assiette \u00e0 d\u00e9jeuner pour des moments de luxe le matin Dans un monde caract\u00e9ris\u00e9 par la recherche d'unicit\u00e9 et en m\u00eame temps d'espaces de bien-\u00eatre, nous\",\"breadcrumb\":{\"@id\":\"https:\/\/www.erresse-shop.it\/fr\/shop\/table-fr-2\/plats\/villeroy-boch-afina-set-de-6-assiettes-a-dessert-22-cm\/#breadcrumb\"},\"inLanguage\":\"fr-FR\",\"potentialAction\":[{\"@type\":\"ReadAction\",\"target\":[\"https:\/\/www.erresse-shop.it\/fr\/shop\/table-fr-2\/plats\/villeroy-boch-afina-set-de-6-assiettes-a-dessert-22-cm\/\"]}]},{\"@type\":\"BreadcrumbList\",\"@id\":\"https:\/\/www.erresse-shop.it\/fr\/shop\/table-fr-2\/plats\/villeroy-boch-afina-set-de-6-assiettes-a-dessert-22-cm\/#breadcrumb\",\"itemListElement\":[{\"@type\":\"ListItem\",\"position\":1,\"name\":\"Home\",\"item\":\"https:\/\/www.erresse-shop.it\/fr\/\"},{\"@type\":\"ListItem\",\"position\":2,\"name\":\"Shop\",\"item\":\"https:\/\/www.erresse-shop.it\/fr\/shop\/\"},{\"@type\":\"ListItem\",\"position\":3,\"name\":\"VILLEROY &#038; BOCH Afina Set de 6 assiettes \u00e0 dessert 22 cm\"}]},{\"@type\":\"WebSite\",\"@id\":\"https:\/\/www.erresse-shop.it\/fr\/#website\",\"url\":\"https:\/\/www.erresse-shop.it\/fr\/\",\"name\":\"Erresse Shop\",\"description\":\"Articoli di qualit\u00e0 per la casa\",\"potentialAction\":[{\"@type\":\"SearchAction\",\"target\":{\"@type\":\"EntryPoint\",\"urlTemplate\":\"https:\/\/www.erresse-shop.it\/fr\/?s={search_term_string}\"},\"query-input\":\"required name=search_term_string\"}],\"inLanguage\":\"fr-FR\"}]}<\/script>\n<!-- \/ Yoast SEO Premium plugin. -->","yoast_head_json":{"title":"VILLEROY & BOCH Afina Set de 6 assiettes \u00e0 dessert 22 cm - Erresse Shop","description":"Assiette \u00e0 d\u00e9jeuner pour des moments de luxe le matin Dans un monde caract\u00e9ris\u00e9 par la recherche d'unicit\u00e9 et en m\u00eame temps d'espaces de bien-\u00eatre, nous","robots":{"index":"index","follow":"follow","max-snippet":"max-snippet:-1","max-image-preview":"max-image-preview:large","max-video-preview":"max-video-preview:-1"},"canonical":"https:\/\/www.erresse-shop.it\/fr\/shop\/table-fr-2\/plats\/villeroy-boch-afina-set-de-6-assiettes-a-dessert-22-cm\/","og_locale":"fr_FR","og_type":"article","og_title":"VILLEROY & BOCH Afina Set de 6 assiettes \u00e0 dessert 22 cm","og_description":"Assiette \u00e0 d\u00e9jeuner pour des moments de luxe le matin Dans un monde caract\u00e9ris\u00e9 par la recherche d'unicit\u00e9 et en m\u00eame temps d'espaces de bien-\u00eatre, nous","og_url":"https:\/\/www.erresse-shop.it\/fr\/shop\/table-fr-2\/plats\/villeroy-boch-afina-set-de-6-assiettes-a-dessert-22-cm\/","og_site_name":"Erresse Shop","article_modified_time":"2025-06-11T18:38:15+00:00","og_image":[{"width":800,"height":800,"url":"https:\/\/www.erresse-shop.it\/wp-content\/uploads\/2024\/03\/Villeroy-e-boch-piatto-dolce-22-cm.jpg","type":"image\/jpeg"}],"twitter_card":"summary_large_image","schema":{"@context":"https:\/\/schema.org","@graph":[{"@type":"WebPage","@id":"https:\/\/www.erresse-shop.it\/fr\/shop\/table-fr-2\/plats\/villeroy-boch-afina-set-de-6-assiettes-a-dessert-22-cm\/","url":"https:\/\/www.erresse-shop.it\/fr\/shop\/table-fr-2\/plats\/villeroy-boch-afina-set-de-6-assiettes-a-dessert-22-cm\/","name":"VILLEROY & BOCH Afina Set de 6 assiettes \u00e0 dessert 22 cm - Erresse Shop","isPartOf":{"@id":"https:\/\/www.erresse-shop.it\/fr\/#website"},"datePublished":"2024-03-28T10:03:26+00:00","dateModified":"2025-06-11T18:38:15+00:00","description":"Assiette \u00e0 d\u00e9jeuner pour des moments de luxe le matin Dans un monde caract\u00e9ris\u00e9 par la recherche d'unicit\u00e9 et en m\u00eame temps d'espaces de bien-\u00eatre, nous","breadcrumb":{"@id":"https:\/\/www.erresse-shop.it\/fr\/shop\/table-fr-2\/plats\/villeroy-boch-afina-set-de-6-assiettes-a-dessert-22-cm\/#breadcrumb"},"inLanguage":"fr-FR","potentialAction":[{"@type":"ReadAction","target":["https:\/\/www.erresse-shop.it\/fr\/shop\/table-fr-2\/plats\/villeroy-boch-afina-set-de-6-assiettes-a-dessert-22-cm\/"]}]},{"@type":"BreadcrumbList","@id":"https:\/\/www.erresse-shop.it\/fr\/shop\/table-fr-2\/plats\/villeroy-boch-afina-set-de-6-assiettes-a-dessert-22-cm\/#breadcrumb","itemListElement":[{"@type":"ListItem","position":1,"name":"Home","item":"https:\/\/www.erresse-shop.it\/fr\/"},{"@type":"ListItem","position":2,"name":"Shop","item":"https:\/\/www.erresse-shop.it\/fr\/shop\/"},{"@type":"ListItem","position":3,"name":"VILLEROY &#038; BOCH Afina Set de 6 assiettes \u00e0 dessert 22 cm"}]},{"@type":"WebSite","@id":"https:\/\/www.erresse-shop.it\/fr\/#website","url":"https:\/\/www.erresse-shop.it\/fr\/","name":"Erresse Shop","description":"Articoli di qualit\u00e0 per la casa","potentialAction":[{"@type":"SearchAction","target":{"@type":"EntryPoint","urlTemplate":"https:\/\/www.erresse-shop.it\/fr\/?s={search_term_string}"},"query-input":"required name=search_term_string"}],"inLanguage":"fr-FR"}]}},"df_price":68.7,"df_sale_price":68.7,"df_regular_price":137.4,"df_image_link":"https:\/\/www.erresse-shop.it\/wp-content\/uploads\/2024\/03\/VILLEROY-BOCH-Afina-Set-6-Piatti-Dessert-22-cm-1-300x300.jpg","_links":{"self":[{"href":"https:\/\/www.erresse-shop.it\/fr\/wp-json\/wp\/v2\/product\/400019"}],"collection":[{"href":"https:\/\/www.erresse-shop.it\/fr\/wp-json\/wp\/v2\/product"}],"about":[{"href":"https:\/\/www.erresse-shop.it\/fr\/wp-json\/wp\/v2\/types\/product"}],"wp:featuredmedia":[{"embeddable":true,"href":"https:\/\/www.erresse-shop.it\/fr\/wp-json\/wp\/v2\/media\/474763"}],"wp:attachment":[{"href":"https:\/\/www.erresse-shop.it\/fr\/wp-json\/wp\/v2\/media?parent=400019"}],"wp:term":[{"taxonomy":"product_cat","embeddable":true,"href":"https:\/\/www.erresse-shop.it\/fr\/wp-json\/wp\/v2\/product_cat?post=400019"},{"taxonomy":"product_tag","embeddable":true,"href":"https:\/\/www.erresse-shop.it\/fr\/wp-json\/wp\/v2\/product_tag?post=400019"}],"curies":[{"name":"wp","href":"https:\/\/api.w.org\/{rel}","templated":true}]}}