{"id":399955,"date":"2024-03-28T08:06:50","date_gmt":"2024-03-28T08:06:55","guid":{"rendered":"https:\/\/www.erresse-shop.it\/?post_type=product&#038;p=399955"},"modified":"2024-03-28T08:17:07","modified_gmt":"2024-03-28T08:17:07","slug":"villeroy-boch-afina-set-6-soucoupes-espresso-blanc","status":"publish","type":"product","link":"https:\/\/www.erresse-shop.it\/fr\/shop\/table-fr-2\/tasses\/villeroy-boch-afina-set-6-soucoupes-espresso-blanc\/","title":{"rendered":"VILLEROY &#038; BOCH Afina Set 6 soucoupes Espresso Blanc"},"content":{"rendered":"<p><b><strong>Petite soucoupe assortie \u00e0 la tasse \u00e0 espresso Afina<\/strong><\/b><\/p>\n<p>Dans un monde caract\u00e9ris\u00e9 par la recherche d&#8217;unicit\u00e9 et en m\u00eame temps d&#8217;espaces de bien-\u00eatre, nous pr\u00e9sentons la collection de vaisselle Afina, inspir\u00e9e par la tendance de style de vie du go\u00fbt raffin\u00e9. La collection se caract\u00e9rise par un concept de design unique, combinant des formes minimalistes et des d\u00e9tails d\u00e9licats et sophistiqu\u00e9s.<\/p>\n<p>Les formes \u00e9pur\u00e9es sont habilement combin\u00e9es \u00e0 de fins d\u00e9tails, ce qui donne une forme de coupe moderne avec un bord sur\u00e9lev\u00e9. Inspir\u00e9e par les rayons concentriques du soleil, cette vaisselle pr\u00e9sente un relief annulaire fascinant, cr\u00e9ant une exp\u00e9rience tactile exquise. L&#8217;aspect flottant distinctif est soulign\u00e9 par une base soigneusement dissimul\u00e9e. La soucoupe, coordonn\u00e9e avec les tasses Afina moka et espresso, compl\u00e8te votre exp\u00e9rience du caf\u00e9. Avec son design harmonieux et sa correspondance exacte avec la tasse Afina moka et espresso, elle compl\u00e8te parfaitement votre pause caf\u00e9. Cette soucoupe permet non seulement de recueillir les \u00e9ventuelles gouttes, mais aussi de rehausser l&#8217;\u00e9l\u00e9gance de votre table. D\u00e9couvrez la perfection du raffinement minimaliste avec Afina et faites briller vos cuisines et salles \u00e0 manger d&#8217;une splendeur impressionnante.<\/p>\n<p><b><strong>Mat\u00e9riau :<\/strong><\/b> porcelaine<br \/>\n<b><strong>Volume :<\/strong><\/b> environ 116 mm<br \/>\n<b><strong>Passe au lave-vaisselle :<\/strong><\/b> oui<br \/>\n<b><strong>Convient au micro-ondes :<\/strong><\/b> oui<\/p>\n","protected":false},"excerpt":{"rendered":"<p>Petite soucoupe assortie \u00e0 la tasse \u00e0 espresso Afina Dans un monde caract\u00e9ris\u00e9 par la recherche d&#8217;unicit\u00e9 et en m\u00eame<\/p>\n","protected":false},"featured_media":399960,"template":"","meta":{"_acf_changed":false,"inline_featured_image":false},"product_cat":[12782,12791],"product_tag":[25026,23563,25021,24397],"acf":[],"yoast_head":"<!-- This site is optimized with the Yoast SEO Premium plugin v18.6 (Yoast SEO v19.13) - https:\/\/yoast.com\/wordpress\/plugins\/seo\/ -->\n<title>VILLEROY &amp; BOCH Afina Set 6 soucoupes Espresso Blanc - Erresse Shop<\/title>\n<meta name=\"description\" content=\"Petite soucoupe assortie \u00e0 la tasse \u00e0 espresso Afina Dans un monde caract\u00e9ris\u00e9 par la recherche d&#039;unicit\u00e9 et en m\u00eame temps d&#039;espaces de bien-\u00eatre, nous\" \/>\n<meta name=\"robots\" content=\"index, follow, max-snippet:-1, max-image-preview:large, max-video-preview:-1\" \/>\n<link rel=\"canonical\" href=\"https:\/\/www.erresse-shop.it\/fr\/shop\/table-fr-2\/tasses\/villeroy-boch-afina-set-6-soucoupes-espresso-blanc\/\" \/>\n<meta property=\"og:locale\" content=\"fr_FR\" \/>\n<meta property=\"og:type\" content=\"article\" \/>\n<meta property=\"og:title\" content=\"VILLEROY &amp; BOCH Afina Set 6 soucoupes Espresso Blanc\" \/>\n<meta property=\"og:description\" content=\"Petite soucoupe assortie \u00e0 la tasse \u00e0 espresso Afina Dans un monde caract\u00e9ris\u00e9 par la recherche d&#039;unicit\u00e9 et en m\u00eame temps d&#039;espaces de bien-\u00eatre, nous\" \/>\n<meta property=\"og:url\" content=\"https:\/\/www.erresse-shop.it\/fr\/shop\/table-fr-2\/tasses\/villeroy-boch-afina-set-6-soucoupes-espresso-blanc\/\" \/>\n<meta property=\"og:site_name\" content=\"Erresse Shop\" \/>\n<meta property=\"article:modified_time\" content=\"2024-03-28T08:17:07+00:00\" \/>\n<meta property=\"og:image\" content=\"https:\/\/www.erresse-shop.it\/wp-content\/uploads\/2024\/03\/villeroy-e-boch-piattino-caffe.jpg\" \/>\n\t<meta property=\"og:image:width\" content=\"800\" \/>\n\t<meta property=\"og:image:height\" content=\"800\" \/>\n\t<meta property=\"og:image:type\" content=\"image\/jpeg\" \/>\n<meta name=\"twitter:card\" content=\"summary_large_image\" \/>\n<script type=\"application\/ld+json\" class=\"yoast-schema-graph\">{\"@context\":\"https:\/\/schema.org\",\"@graph\":[{\"@type\":\"WebPage\",\"@id\":\"https:\/\/www.erresse-shop.it\/fr\/shop\/table-fr-2\/tasses\/villeroy-boch-afina-set-6-soucoupes-espresso-blanc\/\",\"url\":\"https:\/\/www.erresse-shop.it\/fr\/shop\/table-fr-2\/tasses\/villeroy-boch-afina-set-6-soucoupes-espresso-blanc\/\",\"name\":\"VILLEROY & BOCH Afina Set 6 soucoupes Espresso Blanc - Erresse Shop\",\"isPartOf\":{\"@id\":\"https:\/\/www.erresse-shop.it\/fr\/#website\"},\"datePublished\":\"2024-03-28T08:06:55+00:00\",\"dateModified\":\"2024-03-28T08:17:07+00:00\",\"description\":\"Petite soucoupe assortie \u00e0 la tasse \u00e0 espresso Afina Dans un monde caract\u00e9ris\u00e9 par la recherche d'unicit\u00e9 et en m\u00eame temps d'espaces de bien-\u00eatre, nous\",\"breadcrumb\":{\"@id\":\"https:\/\/www.erresse-shop.it\/fr\/shop\/table-fr-2\/tasses\/villeroy-boch-afina-set-6-soucoupes-espresso-blanc\/#breadcrumb\"},\"inLanguage\":\"fr-FR\",\"potentialAction\":[{\"@type\":\"ReadAction\",\"target\":[\"https:\/\/www.erresse-shop.it\/fr\/shop\/table-fr-2\/tasses\/villeroy-boch-afina-set-6-soucoupes-espresso-blanc\/\"]}]},{\"@type\":\"BreadcrumbList\",\"@id\":\"https:\/\/www.erresse-shop.it\/fr\/shop\/table-fr-2\/tasses\/villeroy-boch-afina-set-6-soucoupes-espresso-blanc\/#breadcrumb\",\"itemListElement\":[{\"@type\":\"ListItem\",\"position\":1,\"name\":\"Home\",\"item\":\"https:\/\/www.erresse-shop.it\/fr\/\"},{\"@type\":\"ListItem\",\"position\":2,\"name\":\"Shop\",\"item\":\"https:\/\/www.erresse-shop.it\/fr\/shop\/\"},{\"@type\":\"ListItem\",\"position\":3,\"name\":\"VILLEROY &#038; BOCH Afina Set 6 soucoupes Espresso Blanc\"}]},{\"@type\":\"WebSite\",\"@id\":\"https:\/\/www.erresse-shop.it\/fr\/#website\",\"url\":\"https:\/\/www.erresse-shop.it\/fr\/\",\"name\":\"Erresse Shop\",\"description\":\"Articoli di qualit\u00e0 per la casa\",\"potentialAction\":[{\"@type\":\"SearchAction\",\"target\":{\"@type\":\"EntryPoint\",\"urlTemplate\":\"https:\/\/www.erresse-shop.it\/fr\/?s={search_term_string}\"},\"query-input\":\"required name=search_term_string\"}],\"inLanguage\":\"fr-FR\"}]}<\/script>\n<!-- \/ Yoast SEO Premium plugin. -->","yoast_head_json":{"title":"VILLEROY & BOCH Afina Set 6 soucoupes Espresso Blanc - Erresse Shop","description":"Petite soucoupe assortie \u00e0 la tasse \u00e0 espresso Afina Dans un monde caract\u00e9ris\u00e9 par la recherche d'unicit\u00e9 et en m\u00eame temps d'espaces de bien-\u00eatre, nous","robots":{"index":"index","follow":"follow","max-snippet":"max-snippet:-1","max-image-preview":"max-image-preview:large","max-video-preview":"max-video-preview:-1"},"canonical":"https:\/\/www.erresse-shop.it\/fr\/shop\/table-fr-2\/tasses\/villeroy-boch-afina-set-6-soucoupes-espresso-blanc\/","og_locale":"fr_FR","og_type":"article","og_title":"VILLEROY & BOCH Afina Set 6 soucoupes Espresso Blanc","og_description":"Petite soucoupe assortie \u00e0 la tasse \u00e0 espresso Afina Dans un monde caract\u00e9ris\u00e9 par la recherche d'unicit\u00e9 et en m\u00eame temps d'espaces de bien-\u00eatre, nous","og_url":"https:\/\/www.erresse-shop.it\/fr\/shop\/table-fr-2\/tasses\/villeroy-boch-afina-set-6-soucoupes-espresso-blanc\/","og_site_name":"Erresse Shop","article_modified_time":"2024-03-28T08:17:07+00:00","og_image":[{"width":800,"height":800,"url":"https:\/\/www.erresse-shop.it\/wp-content\/uploads\/2024\/03\/villeroy-e-boch-piattino-caffe.jpg","type":"image\/jpeg"}],"twitter_card":"summary_large_image","schema":{"@context":"https:\/\/schema.org","@graph":[{"@type":"WebPage","@id":"https:\/\/www.erresse-shop.it\/fr\/shop\/table-fr-2\/tasses\/villeroy-boch-afina-set-6-soucoupes-espresso-blanc\/","url":"https:\/\/www.erresse-shop.it\/fr\/shop\/table-fr-2\/tasses\/villeroy-boch-afina-set-6-soucoupes-espresso-blanc\/","name":"VILLEROY & BOCH Afina Set 6 soucoupes Espresso Blanc - Erresse Shop","isPartOf":{"@id":"https:\/\/www.erresse-shop.it\/fr\/#website"},"datePublished":"2024-03-28T08:06:55+00:00","dateModified":"2024-03-28T08:17:07+00:00","description":"Petite soucoupe assortie \u00e0 la tasse \u00e0 espresso Afina Dans un monde caract\u00e9ris\u00e9 par la recherche d'unicit\u00e9 et en m\u00eame temps d'espaces de bien-\u00eatre, nous","breadcrumb":{"@id":"https:\/\/www.erresse-shop.it\/fr\/shop\/table-fr-2\/tasses\/villeroy-boch-afina-set-6-soucoupes-espresso-blanc\/#breadcrumb"},"inLanguage":"fr-FR","potentialAction":[{"@type":"ReadAction","target":["https:\/\/www.erresse-shop.it\/fr\/shop\/table-fr-2\/tasses\/villeroy-boch-afina-set-6-soucoupes-espresso-blanc\/"]}]},{"@type":"BreadcrumbList","@id":"https:\/\/www.erresse-shop.it\/fr\/shop\/table-fr-2\/tasses\/villeroy-boch-afina-set-6-soucoupes-espresso-blanc\/#breadcrumb","itemListElement":[{"@type":"ListItem","position":1,"name":"Home","item":"https:\/\/www.erresse-shop.it\/fr\/"},{"@type":"ListItem","position":2,"name":"Shop","item":"https:\/\/www.erresse-shop.it\/fr\/shop\/"},{"@type":"ListItem","position":3,"name":"VILLEROY &#038; BOCH Afina Set 6 soucoupes Espresso Blanc"}]},{"@type":"WebSite","@id":"https:\/\/www.erresse-shop.it\/fr\/#website","url":"https:\/\/www.erresse-shop.it\/fr\/","name":"Erresse Shop","description":"Articoli di qualit\u00e0 per la casa","potentialAction":[{"@type":"SearchAction","target":{"@type":"EntryPoint","urlTemplate":"https:\/\/www.erresse-shop.it\/fr\/?s={search_term_string}"},"query-input":"required name=search_term_string"}],"inLanguage":"fr-FR"}]}},"df_price":42,"df_sale_price":42,"df_regular_price":84,"df_image_link":"https:\/\/www.erresse-shop.it\/wp-content\/uploads\/2024\/03\/villeroy-e-boch-piattino-caffe-300x300.jpg","_links":{"self":[{"href":"https:\/\/www.erresse-shop.it\/fr\/wp-json\/wp\/v2\/product\/399955"}],"collection":[{"href":"https:\/\/www.erresse-shop.it\/fr\/wp-json\/wp\/v2\/product"}],"about":[{"href":"https:\/\/www.erresse-shop.it\/fr\/wp-json\/wp\/v2\/types\/product"}],"wp:featuredmedia":[{"embeddable":true,"href":"https:\/\/www.erresse-shop.it\/fr\/wp-json\/wp\/v2\/media\/399960"}],"wp:attachment":[{"href":"https:\/\/www.erresse-shop.it\/fr\/wp-json\/wp\/v2\/media?parent=399955"}],"wp:term":[{"taxonomy":"product_cat","embeddable":true,"href":"https:\/\/www.erresse-shop.it\/fr\/wp-json\/wp\/v2\/product_cat?post=399955"},{"taxonomy":"product_tag","embeddable":true,"href":"https:\/\/www.erresse-shop.it\/fr\/wp-json\/wp\/v2\/product_tag?post=399955"}],"curies":[{"name":"wp","href":"https:\/\/api.w.org\/{rel}","templated":true}]}}