{"id":399910,"date":"2024-03-28T07:42:22","date_gmt":"2024-03-28T07:42:27","guid":{"rendered":"https:\/\/www.erresse-shop.it\/?post_type=product&#038;p=399910"},"modified":"2024-04-08T00:02:17","modified_gmt":"2024-04-08T00:02:17","slug":"villeroy-boch-afina-set-6-tasses-a-espresso-blanc","status":"publish","type":"product","link":"https:\/\/www.erresse-shop.it\/fr\/shop\/table-fr-2\/tasses\/villeroy-boch-afina-set-6-tasses-a-espresso-blanc\/","title":{"rendered":"VILLEROY &#038; BOCH Afina Set 6 tasses \u00e0 espresso blanc"},"content":{"rendered":"<p><b><strong>Petite tasse pour un espresso ou un moka riche en ar\u00f4mes<\/strong><\/b><\/p>\n<p>Dans un monde caract\u00e9ris\u00e9 par la recherche d&#8217;unicit\u00e9 et en m\u00eame temps d&#8217;espaces de bien-\u00eatre, nous pr\u00e9sentons la collection de vaisselle Afina, inspir\u00e9e par la tendance de style de vie du go\u00fbt raffin\u00e9. La collection se caract\u00e9rise par un concept de design unique, combinant des formes minimalistes et des d\u00e9tails d\u00e9licats et sophistiqu\u00e9s.<\/p>\n<p>Les formes \u00e9pur\u00e9es sont habilement combin\u00e9es \u00e0 de fins d\u00e9tails, ce qui donne une forme de coupe moderne avec un bord sur\u00e9lev\u00e9. Inspir\u00e9e par les rayons concentriques du soleil, cette vaisselle pr\u00e9sente un relief annulaire fascinant, cr\u00e9ant une exp\u00e9rience tactile exquise. L&#8217;aspect flottant distinctif est soulign\u00e9 par une base soigneusement dissimul\u00e9e. Cette tasse est sp\u00e9cialement con\u00e7ue pour le caf\u00e9 moka ou l&#8217;espresso \u00e0 l&#8217;ar\u00f4me le plus intense. Avec sa taille compacte et son design attrayant, elle met en valeur l&#8217;intensit\u00e9 et les ar\u00f4mes de ces d\u00e9licieuses sp\u00e9cialit\u00e9s de caf\u00e9. Chaque gorg\u00e9e de cette tasse est un moment de plaisir pour les sens, faisant ressortir \u00e0 la perfection les riches nuances de la saveur. D\u00e9couvrez la perfection du raffinement minimaliste avec Afina et faites briller vos cuisines et salles \u00e0 manger d&#8217;une splendeur impressionnante.<\/p>\n<p><b><strong>Mat\u00e9riau :<\/strong><\/b> porcelaine<br \/>\n<b><strong>Volume :<\/strong><\/b> environ 50 ml<br \/>\n<b><strong>Passe au lave-vaisselle :<\/strong><\/b> oui<br \/>\n<b><strong>Convient au micro-ondes :<\/strong><\/b> oui<\/p>\n","protected":false},"excerpt":{"rendered":"<p>Petite tasse pour un espresso ou un moka riche en ar\u00f4mes Dans un monde caract\u00e9ris\u00e9 par la recherche d&#8217;unicit\u00e9 et<\/p>\n","protected":false},"featured_media":399940,"template":"","meta":{"_acf_changed":false,"inline_featured_image":false},"product_cat":[12782,12791],"product_tag":[25026,23563,21935,25021,24397,15764,14560,16473,16906,21934],"acf":[],"yoast_head":"<!-- This site is optimized with the Yoast SEO Premium plugin v18.6 (Yoast SEO v19.13) - https:\/\/yoast.com\/wordpress\/plugins\/seo\/ -->\n<title>VILLEROY &amp; BOCH Afina Set 6 tasses \u00e0 espresso blanc - Erresse Shop<\/title>\n<meta name=\"description\" content=\"Petite tasse pour un espresso ou un moka riche en ar\u00f4mes Dans un monde caract\u00e9ris\u00e9 par la recherche d&#039;unicit\u00e9 et en m\u00eame temps d&#039;espaces de bien-\u00eatre,\" \/>\n<meta name=\"robots\" content=\"index, follow, max-snippet:-1, max-image-preview:large, max-video-preview:-1\" \/>\n<link rel=\"canonical\" href=\"https:\/\/www.erresse-shop.it\/fr\/shop\/table-fr-2\/tasses\/villeroy-boch-afina-set-6-tasses-a-espresso-blanc\/\" \/>\n<meta property=\"og:locale\" content=\"fr_FR\" \/>\n<meta property=\"og:type\" content=\"article\" \/>\n<meta property=\"og:title\" content=\"VILLEROY &amp; BOCH Afina Set 6 tasses \u00e0 espresso blanc\" \/>\n<meta property=\"og:description\" content=\"Petite tasse pour un espresso ou un moka riche en ar\u00f4mes Dans un monde caract\u00e9ris\u00e9 par la recherche d&#039;unicit\u00e9 et en m\u00eame temps d&#039;espaces de bien-\u00eatre,\" \/>\n<meta property=\"og:url\" content=\"https:\/\/www.erresse-shop.it\/fr\/shop\/table-fr-2\/tasses\/villeroy-boch-afina-set-6-tasses-a-espresso-blanc\/\" \/>\n<meta property=\"og:site_name\" content=\"Erresse Shop\" \/>\n<meta property=\"article:modified_time\" content=\"2024-04-08T00:02:17+00:00\" \/>\n<meta property=\"og:image\" content=\"https:\/\/www.erresse-shop.it\/wp-content\/uploads\/2024\/03\/villeroy-e-boch-set-6-tazzine.jpg\" \/>\n\t<meta property=\"og:image:width\" content=\"800\" \/>\n\t<meta property=\"og:image:height\" content=\"800\" \/>\n\t<meta property=\"og:image:type\" content=\"image\/jpeg\" \/>\n<meta name=\"twitter:card\" content=\"summary_large_image\" \/>\n<script type=\"application\/ld+json\" class=\"yoast-schema-graph\">{\"@context\":\"https:\/\/schema.org\",\"@graph\":[{\"@type\":\"WebPage\",\"@id\":\"https:\/\/www.erresse-shop.it\/fr\/shop\/table-fr-2\/tasses\/villeroy-boch-afina-set-6-tasses-a-espresso-blanc\/\",\"url\":\"https:\/\/www.erresse-shop.it\/fr\/shop\/table-fr-2\/tasses\/villeroy-boch-afina-set-6-tasses-a-espresso-blanc\/\",\"name\":\"VILLEROY & BOCH Afina Set 6 tasses \u00e0 espresso blanc - Erresse Shop\",\"isPartOf\":{\"@id\":\"https:\/\/www.erresse-shop.it\/fr\/#website\"},\"datePublished\":\"2024-03-28T07:42:27+00:00\",\"dateModified\":\"2024-04-08T00:02:17+00:00\",\"description\":\"Petite tasse pour un espresso ou un moka riche en ar\u00f4mes Dans un monde caract\u00e9ris\u00e9 par la recherche d'unicit\u00e9 et en m\u00eame temps d'espaces de bien-\u00eatre,\",\"breadcrumb\":{\"@id\":\"https:\/\/www.erresse-shop.it\/fr\/shop\/table-fr-2\/tasses\/villeroy-boch-afina-set-6-tasses-a-espresso-blanc\/#breadcrumb\"},\"inLanguage\":\"fr-FR\",\"potentialAction\":[{\"@type\":\"ReadAction\",\"target\":[\"https:\/\/www.erresse-shop.it\/fr\/shop\/table-fr-2\/tasses\/villeroy-boch-afina-set-6-tasses-a-espresso-blanc\/\"]}]},{\"@type\":\"BreadcrumbList\",\"@id\":\"https:\/\/www.erresse-shop.it\/fr\/shop\/table-fr-2\/tasses\/villeroy-boch-afina-set-6-tasses-a-espresso-blanc\/#breadcrumb\",\"itemListElement\":[{\"@type\":\"ListItem\",\"position\":1,\"name\":\"Home\",\"item\":\"https:\/\/www.erresse-shop.it\/fr\/\"},{\"@type\":\"ListItem\",\"position\":2,\"name\":\"Shop\",\"item\":\"https:\/\/www.erresse-shop.it\/fr\/shop\/\"},{\"@type\":\"ListItem\",\"position\":3,\"name\":\"VILLEROY &#038; BOCH Afina Set 6 tasses \u00e0 espresso blanc\"}]},{\"@type\":\"WebSite\",\"@id\":\"https:\/\/www.erresse-shop.it\/fr\/#website\",\"url\":\"https:\/\/www.erresse-shop.it\/fr\/\",\"name\":\"Erresse Shop\",\"description\":\"Articoli di qualit\u00e0 per la casa\",\"potentialAction\":[{\"@type\":\"SearchAction\",\"target\":{\"@type\":\"EntryPoint\",\"urlTemplate\":\"https:\/\/www.erresse-shop.it\/fr\/?s={search_term_string}\"},\"query-input\":\"required name=search_term_string\"}],\"inLanguage\":\"fr-FR\"}]}<\/script>\n<!-- \/ Yoast SEO Premium plugin. -->","yoast_head_json":{"title":"VILLEROY & BOCH Afina Set 6 tasses \u00e0 espresso blanc - Erresse Shop","description":"Petite tasse pour un espresso ou un moka riche en ar\u00f4mes Dans un monde caract\u00e9ris\u00e9 par la recherche d'unicit\u00e9 et en m\u00eame temps d'espaces de bien-\u00eatre,","robots":{"index":"index","follow":"follow","max-snippet":"max-snippet:-1","max-image-preview":"max-image-preview:large","max-video-preview":"max-video-preview:-1"},"canonical":"https:\/\/www.erresse-shop.it\/fr\/shop\/table-fr-2\/tasses\/villeroy-boch-afina-set-6-tasses-a-espresso-blanc\/","og_locale":"fr_FR","og_type":"article","og_title":"VILLEROY & BOCH Afina Set 6 tasses \u00e0 espresso blanc","og_description":"Petite tasse pour un espresso ou un moka riche en ar\u00f4mes Dans un monde caract\u00e9ris\u00e9 par la recherche d'unicit\u00e9 et en m\u00eame temps d'espaces de bien-\u00eatre,","og_url":"https:\/\/www.erresse-shop.it\/fr\/shop\/table-fr-2\/tasses\/villeroy-boch-afina-set-6-tasses-a-espresso-blanc\/","og_site_name":"Erresse Shop","article_modified_time":"2024-04-08T00:02:17+00:00","og_image":[{"width":800,"height":800,"url":"https:\/\/www.erresse-shop.it\/wp-content\/uploads\/2024\/03\/villeroy-e-boch-set-6-tazzine.jpg","type":"image\/jpeg"}],"twitter_card":"summary_large_image","schema":{"@context":"https:\/\/schema.org","@graph":[{"@type":"WebPage","@id":"https:\/\/www.erresse-shop.it\/fr\/shop\/table-fr-2\/tasses\/villeroy-boch-afina-set-6-tasses-a-espresso-blanc\/","url":"https:\/\/www.erresse-shop.it\/fr\/shop\/table-fr-2\/tasses\/villeroy-boch-afina-set-6-tasses-a-espresso-blanc\/","name":"VILLEROY & BOCH Afina Set 6 tasses \u00e0 espresso blanc - Erresse Shop","isPartOf":{"@id":"https:\/\/www.erresse-shop.it\/fr\/#website"},"datePublished":"2024-03-28T07:42:27+00:00","dateModified":"2024-04-08T00:02:17+00:00","description":"Petite tasse pour un espresso ou un moka riche en ar\u00f4mes Dans un monde caract\u00e9ris\u00e9 par la recherche d'unicit\u00e9 et en m\u00eame temps d'espaces de bien-\u00eatre,","breadcrumb":{"@id":"https:\/\/www.erresse-shop.it\/fr\/shop\/table-fr-2\/tasses\/villeroy-boch-afina-set-6-tasses-a-espresso-blanc\/#breadcrumb"},"inLanguage":"fr-FR","potentialAction":[{"@type":"ReadAction","target":["https:\/\/www.erresse-shop.it\/fr\/shop\/table-fr-2\/tasses\/villeroy-boch-afina-set-6-tasses-a-espresso-blanc\/"]}]},{"@type":"BreadcrumbList","@id":"https:\/\/www.erresse-shop.it\/fr\/shop\/table-fr-2\/tasses\/villeroy-boch-afina-set-6-tasses-a-espresso-blanc\/#breadcrumb","itemListElement":[{"@type":"ListItem","position":1,"name":"Home","item":"https:\/\/www.erresse-shop.it\/fr\/"},{"@type":"ListItem","position":2,"name":"Shop","item":"https:\/\/www.erresse-shop.it\/fr\/shop\/"},{"@type":"ListItem","position":3,"name":"VILLEROY &#038; BOCH Afina Set 6 tasses \u00e0 espresso blanc"}]},{"@type":"WebSite","@id":"https:\/\/www.erresse-shop.it\/fr\/#website","url":"https:\/\/www.erresse-shop.it\/fr\/","name":"Erresse Shop","description":"Articoli di qualit\u00e0 per la casa","potentialAction":[{"@type":"SearchAction","target":{"@type":"EntryPoint","urlTemplate":"https:\/\/www.erresse-shop.it\/fr\/?s={search_term_string}"},"query-input":"required name=search_term_string"}],"inLanguage":"fr-FR"}]}},"df_price":50.7,"df_sale_price":50.7,"df_regular_price":101.4,"df_image_link":"https:\/\/www.erresse-shop.it\/wp-content\/uploads\/2024\/03\/villeroy-e-boch-set-6-tazzine-300x300.jpg","_links":{"self":[{"href":"https:\/\/www.erresse-shop.it\/fr\/wp-json\/wp\/v2\/product\/399910"}],"collection":[{"href":"https:\/\/www.erresse-shop.it\/fr\/wp-json\/wp\/v2\/product"}],"about":[{"href":"https:\/\/www.erresse-shop.it\/fr\/wp-json\/wp\/v2\/types\/product"}],"wp:featuredmedia":[{"embeddable":true,"href":"https:\/\/www.erresse-shop.it\/fr\/wp-json\/wp\/v2\/media\/399940"}],"wp:attachment":[{"href":"https:\/\/www.erresse-shop.it\/fr\/wp-json\/wp\/v2\/media?parent=399910"}],"wp:term":[{"taxonomy":"product_cat","embeddable":true,"href":"https:\/\/www.erresse-shop.it\/fr\/wp-json\/wp\/v2\/product_cat?post=399910"},{"taxonomy":"product_tag","embeddable":true,"href":"https:\/\/www.erresse-shop.it\/fr\/wp-json\/wp\/v2\/product_tag?post=399910"}],"curies":[{"name":"wp","href":"https:\/\/api.w.org\/{rel}","templated":true}]}}