{"id":398493,"date":"2024-03-22T13:56:02","date_gmt":"2024-03-22T13:56:08","guid":{"rendered":"https:\/\/www.erresse-shop.it\/?post_type=product&#038;p=398493"},"modified":"2025-01-14T17:30:59","modified_gmt":"2025-01-14T17:30:59","slug":"ooni-pelle-a-pizza-perforee-35-cm-copia-2","status":"publish","type":"product","link":"https:\/\/www.erresse-shop.it\/fr\/shop\/petits-electromenagers\/fours\/ooni-pelle-a-pizza-perforee-35-cm-copia-2\/","title":{"rendered":"BOSKA Petite Pelle \u00e0 Pizza"},"content":{"rendered":"<p>Retirez votre pizza maison du four ou du barbecue en toute s\u00e9curit\u00e9 gr\u00e2ce \u00e0 cette pelle \u00e0 pizza pratique. Cet \u00e9l\u00e9gant outil \u00e0 pizza est fabriqu\u00e9 en aluminium de haute qualit\u00e9 et en bois de ch\u00eane. La poign\u00e9e unique offre une prise en main stable. Elle est \u00e9galement utile pour cuire des pizzas non cuites ou du pain. Bon app\u00e9tit !<\/p>\n<p><b><strong>Pelle \u00e0 pizza pour barbecue ou four (pour pizza).<\/strong><\/b><\/p>\n<p>Sentez-vous comme un vrai pizza\u00efolo avec cette pelle \u00e0 pizza pratique. La pelle elle-m\u00eame est fabriqu\u00e9e en aluminium de haute qualit\u00e9. Elle convient aux pizzas d&#8217;un diam\u00e8tre maximal de 30 cm. Avec cette pelle \u00e0 pizza, vous obtenez un v\u00e9ritable prix. La pelle \u00e0 pizza a \u00e9t\u00e9 r\u00e9compens\u00e9e par le Red Dot Design Award !<\/p>\n<p><b><strong>Pelle \u00e0 pizza avec manche en bois<\/strong><\/b><\/p>\n<p>Le manche brevet\u00e9 de cette pelle \u00e0 pizza est en ch\u00eane et a la forme d&#8217;une pelle de jardin. Il est stable et parfait pour une utilisation d&#8217;une seule main, car le manche repose sur le bras pendant l&#8217;utilisation. Apr\u00e8s utilisation, vous pouvez suspendre la pelle \u00e0 la vue de tous gr\u00e2ce au manche lui-m\u00eame ou \u00e0 la lani\u00e8re en cuir.<\/p>\n<p><b><strong>Parfaite pour la restauration et la maison.<\/strong><\/b><\/p>\n<p>Cette pelle \u00e0 pizza convient aux amateurs de pizzas qui souhaitent travailler \u00e0 la maison, mais elle est \u00e9galement parfaite pour une utilisation dans le secteur de la restauration. Veillez \u00e0 la laver \u00e0 la main apr\u00e8s usage. Vous pourrez ainsi pr\u00e9parer les pizzas les plus savoureuses pendant des ann\u00e9es.<\/p>\n<p><b><strong>Conseil d&#8217;utilisation : de cette mani\u00e8re, la pizza ne colle pas \u00e0 la plaque.<\/strong><\/b><\/p>\n<p>Vous allez mettre la pizza crue au four ou sur le barbecue (en pierre) ? Saupoudrez d&#8217;abord une fine couche de farine sur la pelle \u00e0 pizza BOSKA. La pizza glissera ainsi facilement et en douceur de la pelle \u00e0 pizza.<\/p>\n<p><b><strong>Un cadeau parfait<\/strong><\/b><\/p>\n<p>Vous cherchez un cadeau original pour la f\u00eate des p\u00e8res ou des m\u00e8res ? Ou un cadeau pour No\u00ebl, un mariage, la Saint-Valentin ou un anniversaire ? Ne cherchez plus. La pelle \u00e0 pizza est le cadeau id\u00e9al pour lui ou elle. Quelque chose de tout \u00e0 fait diff\u00e9rent d&#8217;un bon d&#8217;achat classique, vous ne trouvez pas ? Emballez-la dans du papier cadeau et le tour est jou\u00e9.<\/p>\n<p><b><strong>Caract\u00e9ristiques techniques<\/strong><\/b><\/p>\n<p>Convient pour : les pizzas (non) cuites et le pain<br \/>\nPasse au lave-vaisselle : non<br \/>\nGarantie : 10 ans<br \/>\nCouleur : brun\/argent<br \/>\nMat\u00e9riau : bois\/aluminium<br \/>\nType de bois : ch\u00eane europ\u00e9en<br \/>\nDimensions du produit (mm) : 760 x 300 x 30 mm<br \/>\nPoids du produit (kg) : 0,8<br \/>\nType d&#8217;emballage : \u00e9tiquette<br \/>\nDimensions du produit emball\u00e9 (mm) : 780 x 310 x 60 mm<br \/>\nPoids du produit emball\u00e9 (kg) : 1<\/p>\n","protected":false},"excerpt":{"rendered":"<p>Retirez votre pizza maison du four ou du barbecue en toute s\u00e9curit\u00e9 gr\u00e2ce \u00e0 cette pelle \u00e0 pizza pratique. Cet<\/p>\n","protected":false},"featured_media":398512,"template":"","meta":{"_acf_changed":false,"inline_featured_image":false},"product_cat":[15660,12449],"product_tag":[17107,18050,12858,18051,13783,24603],"acf":[],"yoast_head":"<!-- This site is optimized with the Yoast SEO Premium plugin v18.6 (Yoast SEO v19.13) - https:\/\/yoast.com\/wordpress\/plugins\/seo\/ -->\n<title>BOSKA Petite Pelle \u00e0 Pizza<\/title>\n<meta name=\"description\" content=\"D\u00e9couvrez BOSKA Petite Pelle \u00e0 Pizza sur ErresseShop. Qualit\u00e9, prix r\u00e9duits et achat s\u00e9curis\u00e9 \u2013 commandez d\u00e8s maintenant en ligne !\" \/>\n<meta name=\"robots\" content=\"index, follow, max-snippet:-1, max-image-preview:large, max-video-preview:-1\" \/>\n<link rel=\"canonical\" href=\"https:\/\/www.erresse-shop.it\/fr\/shop\/petits-electromenagers\/fours\/ooni-pelle-a-pizza-perforee-35-cm-copia-2\/\" \/>\n<meta property=\"og:locale\" content=\"fr_FR\" \/>\n<meta property=\"og:type\" content=\"article\" \/>\n<meta property=\"og:title\" content=\"BOSKA Petite Pelle \u00e0 Pizza\" \/>\n<meta property=\"og:description\" content=\"D\u00e9couvrez BOSKA Petite Pelle \u00e0 Pizza sur ErresseShop. Qualit\u00e9, prix r\u00e9duits et achat s\u00e9curis\u00e9 \u2013 commandez d\u00e8s maintenant en ligne !\" \/>\n<meta property=\"og:url\" content=\"https:\/\/www.erresse-shop.it\/fr\/shop\/petits-electromenagers\/fours\/ooni-pelle-a-pizza-perforee-35-cm-copia-2\/\" \/>\n<meta property=\"og:site_name\" content=\"Erresse Shop\" \/>\n<meta property=\"article:modified_time\" content=\"2025-01-14T17:30:59+00:00\" \/>\n<meta property=\"og:image\" content=\"https:\/\/www.erresse-shop.it\/wp-content\/uploads\/2024\/03\/Boska-pala-pizza.jpg\" \/>\n\t<meta property=\"og:image:width\" content=\"800\" \/>\n\t<meta property=\"og:image:height\" content=\"800\" \/>\n\t<meta property=\"og:image:type\" content=\"image\/jpeg\" \/>\n<meta name=\"twitter:card\" content=\"summary_large_image\" \/>\n<script type=\"application\/ld+json\" class=\"yoast-schema-graph\">{\"@context\":\"https:\/\/schema.org\",\"@graph\":[{\"@type\":\"WebPage\",\"@id\":\"https:\/\/www.erresse-shop.it\/fr\/shop\/petits-electromenagers\/fours\/ooni-pelle-a-pizza-perforee-35-cm-copia-2\/\",\"url\":\"https:\/\/www.erresse-shop.it\/fr\/shop\/petits-electromenagers\/fours\/ooni-pelle-a-pizza-perforee-35-cm-copia-2\/\",\"name\":\"BOSKA Petite Pelle \u00e0 Pizza\",\"isPartOf\":{\"@id\":\"https:\/\/www.erresse-shop.it\/fr\/#website\"},\"datePublished\":\"2024-03-22T13:56:08+00:00\",\"dateModified\":\"2025-01-14T17:30:59+00:00\",\"description\":\"D\u00e9couvrez BOSKA Petite Pelle \u00e0 Pizza sur ErresseShop. Qualit\u00e9, prix r\u00e9duits et achat s\u00e9curis\u00e9 \u2013 commandez d\u00e8s maintenant en ligne !\",\"breadcrumb\":{\"@id\":\"https:\/\/www.erresse-shop.it\/fr\/shop\/petits-electromenagers\/fours\/ooni-pelle-a-pizza-perforee-35-cm-copia-2\/#breadcrumb\"},\"inLanguage\":\"fr-FR\",\"potentialAction\":[{\"@type\":\"ReadAction\",\"target\":[\"https:\/\/www.erresse-shop.it\/fr\/shop\/petits-electromenagers\/fours\/ooni-pelle-a-pizza-perforee-35-cm-copia-2\/\"]}]},{\"@type\":\"BreadcrumbList\",\"@id\":\"https:\/\/www.erresse-shop.it\/fr\/shop\/petits-electromenagers\/fours\/ooni-pelle-a-pizza-perforee-35-cm-copia-2\/#breadcrumb\",\"itemListElement\":[{\"@type\":\"ListItem\",\"position\":1,\"name\":\"Home\",\"item\":\"https:\/\/www.erresse-shop.it\/fr\/\"},{\"@type\":\"ListItem\",\"position\":2,\"name\":\"Shop\",\"item\":\"https:\/\/www.erresse-shop.it\/fr\/shop\/\"},{\"@type\":\"ListItem\",\"position\":3,\"name\":\"BOSKA Petite Pelle \u00e0 Pizza\"}]},{\"@type\":\"WebSite\",\"@id\":\"https:\/\/www.erresse-shop.it\/fr\/#website\",\"url\":\"https:\/\/www.erresse-shop.it\/fr\/\",\"name\":\"Erresse Shop\",\"description\":\"Articoli di qualit\u00e0 per la casa\",\"potentialAction\":[{\"@type\":\"SearchAction\",\"target\":{\"@type\":\"EntryPoint\",\"urlTemplate\":\"https:\/\/www.erresse-shop.it\/fr\/?s={search_term_string}\"},\"query-input\":\"required name=search_term_string\"}],\"inLanguage\":\"fr-FR\"}]}<\/script>\n<!-- \/ Yoast SEO Premium plugin. -->","yoast_head_json":{"title":"BOSKA Petite Pelle \u00e0 Pizza","description":"D\u00e9couvrez BOSKA Petite Pelle \u00e0 Pizza sur ErresseShop. Qualit\u00e9, prix r\u00e9duits et achat s\u00e9curis\u00e9 \u2013 commandez d\u00e8s maintenant en ligne !","robots":{"index":"index","follow":"follow","max-snippet":"max-snippet:-1","max-image-preview":"max-image-preview:large","max-video-preview":"max-video-preview:-1"},"canonical":"https:\/\/www.erresse-shop.it\/fr\/shop\/petits-electromenagers\/fours\/ooni-pelle-a-pizza-perforee-35-cm-copia-2\/","og_locale":"fr_FR","og_type":"article","og_title":"BOSKA Petite Pelle \u00e0 Pizza","og_description":"D\u00e9couvrez BOSKA Petite Pelle \u00e0 Pizza sur ErresseShop. Qualit\u00e9, prix r\u00e9duits et achat s\u00e9curis\u00e9 \u2013 commandez d\u00e8s maintenant en ligne !","og_url":"https:\/\/www.erresse-shop.it\/fr\/shop\/petits-electromenagers\/fours\/ooni-pelle-a-pizza-perforee-35-cm-copia-2\/","og_site_name":"Erresse Shop","article_modified_time":"2025-01-14T17:30:59+00:00","og_image":[{"width":800,"height":800,"url":"https:\/\/www.erresse-shop.it\/wp-content\/uploads\/2024\/03\/Boska-pala-pizza.jpg","type":"image\/jpeg"}],"twitter_card":"summary_large_image","schema":{"@context":"https:\/\/schema.org","@graph":[{"@type":"WebPage","@id":"https:\/\/www.erresse-shop.it\/fr\/shop\/petits-electromenagers\/fours\/ooni-pelle-a-pizza-perforee-35-cm-copia-2\/","url":"https:\/\/www.erresse-shop.it\/fr\/shop\/petits-electromenagers\/fours\/ooni-pelle-a-pizza-perforee-35-cm-copia-2\/","name":"BOSKA Petite Pelle \u00e0 Pizza","isPartOf":{"@id":"https:\/\/www.erresse-shop.it\/fr\/#website"},"datePublished":"2024-03-22T13:56:08+00:00","dateModified":"2025-01-14T17:30:59+00:00","description":"D\u00e9couvrez BOSKA Petite Pelle \u00e0 Pizza sur ErresseShop. Qualit\u00e9, prix r\u00e9duits et achat s\u00e9curis\u00e9 \u2013 commandez d\u00e8s maintenant en ligne !","breadcrumb":{"@id":"https:\/\/www.erresse-shop.it\/fr\/shop\/petits-electromenagers\/fours\/ooni-pelle-a-pizza-perforee-35-cm-copia-2\/#breadcrumb"},"inLanguage":"fr-FR","potentialAction":[{"@type":"ReadAction","target":["https:\/\/www.erresse-shop.it\/fr\/shop\/petits-electromenagers\/fours\/ooni-pelle-a-pizza-perforee-35-cm-copia-2\/"]}]},{"@type":"BreadcrumbList","@id":"https:\/\/www.erresse-shop.it\/fr\/shop\/petits-electromenagers\/fours\/ooni-pelle-a-pizza-perforee-35-cm-copia-2\/#breadcrumb","itemListElement":[{"@type":"ListItem","position":1,"name":"Home","item":"https:\/\/www.erresse-shop.it\/fr\/"},{"@type":"ListItem","position":2,"name":"Shop","item":"https:\/\/www.erresse-shop.it\/fr\/shop\/"},{"@type":"ListItem","position":3,"name":"BOSKA Petite Pelle \u00e0 Pizza"}]},{"@type":"WebSite","@id":"https:\/\/www.erresse-shop.it\/fr\/#website","url":"https:\/\/www.erresse-shop.it\/fr\/","name":"Erresse Shop","description":"Articoli di qualit\u00e0 per la casa","potentialAction":[{"@type":"SearchAction","target":{"@type":"EntryPoint","urlTemplate":"https:\/\/www.erresse-shop.it\/fr\/?s={search_term_string}"},"query-input":"required name=search_term_string"}],"inLanguage":"fr-FR"}]}},"df_price":19.95,"df_sale_price":19.95,"df_regular_price":29.99,"df_image_link":"https:\/\/www.erresse-shop.it\/wp-content\/uploads\/2024\/03\/Boska-pala-pizza-300x300.jpg","_links":{"self":[{"href":"https:\/\/www.erresse-shop.it\/fr\/wp-json\/wp\/v2\/product\/398493"}],"collection":[{"href":"https:\/\/www.erresse-shop.it\/fr\/wp-json\/wp\/v2\/product"}],"about":[{"href":"https:\/\/www.erresse-shop.it\/fr\/wp-json\/wp\/v2\/types\/product"}],"wp:featuredmedia":[{"embeddable":true,"href":"https:\/\/www.erresse-shop.it\/fr\/wp-json\/wp\/v2\/media\/398512"}],"wp:attachment":[{"href":"https:\/\/www.erresse-shop.it\/fr\/wp-json\/wp\/v2\/media?parent=398493"}],"wp:term":[{"taxonomy":"product_cat","embeddable":true,"href":"https:\/\/www.erresse-shop.it\/fr\/wp-json\/wp\/v2\/product_cat?post=398493"},{"taxonomy":"product_tag","embeddable":true,"href":"https:\/\/www.erresse-shop.it\/fr\/wp-json\/wp\/v2\/product_tag?post=398493"}],"curies":[{"name":"wp","href":"https:\/\/api.w.org\/{rel}","templated":true}]}}