{"id":398151,"date":"2024-03-20T07:29:53","date_gmt":"2024-03-20T07:30:00","guid":{"rendered":"https:\/\/www.erresse-shop.it\/?post_type=product&#038;p=398151"},"modified":"2025-01-14T14:14:51","modified_gmt":"2025-01-14T14:14:51","slug":"berkel-pro-line-xs25-red-slicer-copia","status":"publish","type":"product","link":"https:\/\/www.erresse-shop.it\/fr\/shop\/petits-electromenagers\/trancheuses\/berkel-pro-line-xs25-red-slicer-copia\/","title":{"rendered":"BERKEL Pro Line XS30 Red Slicer"},"content":{"rendered":"<p>Pro Line XS 25-30 est la derni\u00e8re ligne de trancheurs \u00e9lectriques professionnels par gravit\u00e9 de Berkel. Cette gamme de produits allie des dimensions compactes au design raffin\u00e9 que l&#8217;on retrouve dans toutes nos trancheuses, avec des lignes douces, sans ar\u00eates vives, des mat\u00e9riaux de haute performance et tous les d\u00e9tails dans le rouge caract\u00e9ristique de Berkel.<\/p>\n<p>Destin\u00e9e principalement au canal HO.RE.CA., Pro Line XS r\u00e9pond aux besoins d&#8217;un utilisateur qui, avec un investissement limit\u00e9, recherche d&#8217;excellentes performances de coupe sans renoncer aux normes de s\u00e9curit\u00e9 les plus \u00e9lev\u00e9es et \u00e0 une facilit\u00e9 de nettoyage in\u00e9gal\u00e9e dans sa cat\u00e9gorie.<\/p>\n<p>Certains d\u00e9tails peuvent diff\u00e9rer de ceux pr\u00e9sent\u00e9s sur la photo.<\/p>\n<p><b><strong>PERFORMANCE<\/strong><\/b><\/p>\n<p>&#8211; Bande inclin\u00e9e \u00e0 38\u00b0 pour faciliter le pressage du produit et la chute des tranches<\/p>\n<p>&#8211; Bande \u00e0 ouverture diagonale de 15\u00b0 pour faciliter le d\u00e9gagement du produit pendant la coupe<\/p>\n<p>&#8211; Couvercle de lame \u00e0 profil continu pour des \u00e9paisseurs de tranches uniformes<\/p>\n<p>&#8211; Epaisseur minimale de la derni\u00e8re tranche pour minimiser les pertes de produit<\/p>\n<p>&#8211; Large poussoir pour un meilleur serrage du produit en cours d&#8217;utilisation<\/p>\n<p>&#8211; Panneau de commande IP67 enti\u00e8rement \u00e9tanche et joints en silicone de qualit\u00e9 alimentaire sur toutes les parties expos\u00e9es<\/p>\n<p>&#8211; Bouton d&#8217;ouverture de la lame avec 14 positions millim\u00e9triques pour un r\u00e9glage parfait<\/p>\n<p>&#8211; Protection de la lame en acier avec fixation magn\u00e9tique facile<\/p>\n<p>&#8211; Aiguisoir amovible inclus<\/p>\n<p><b><strong>NETTOYAGE ET HYGI\u00c8NE<\/strong><\/b><\/p>\n<p>&#8211; Bac \u00e0 voile inclin\u00e9 pour l&#8217;\u00e9coulement des liquides<\/p>\n<p>&#8211; Bac de r\u00e9cup\u00e9ration des liquides int\u00e9gr\u00e9 au bo\u00eetier pour une hygi\u00e8ne et une propret\u00e9 irr\u00e9prochables<\/p>\n<p>&#8211; Grand espace de 42 mm entre la lame et le moteur pour un nettoyage facile et rapide<\/p>\n<p>&#8211; Syst\u00e8me de d\u00e9montage rapide de la protection de la lame<\/p>\n<p>&#8211; Bo\u00eetier en une seule pi\u00e8ce de fonte, sans interstices<\/p>\n<p><b><strong>S\u00c9CURIT\u00c9<\/strong><\/b><\/p>\n<p>&#8211; Fermeture totale du voile pour une s\u00e9curit\u00e9 maximale pendant les op\u00e9rations de nettoyage et pr\u00e9sence du CE Lock pour emp\u00eacher l&#8217;ouverture une fois la plaque enlev\u00e9e<\/p>\n<p>&#8211; Syst\u00e8me d&#8217;interverrouillage des poussoirs pour \u00e9viter tout d\u00e9verrouillage accidentel<\/p>\n<p>&#8211; Interrupteur marche\/arr\u00eat avec lumi\u00e8re LED \u00e0 haute visibilit\u00e9<\/p>\n<p>&#8211; Anneau de protection de la lame en aluminium pour plus de s\u00e9curit\u00e9<\/p>\n<p>&#8211; Protecteur de pont en technopolym\u00e8re transparent pour une visibilit\u00e9 parfaite des op\u00e9rations de coupe<\/p>\n<p>&#8211; Commandes ergonomiques faciles \u00e0 positionner pour minimiser l&#8217;effort de l&#8217;op\u00e9rateur.<\/p>\n<p><b><strong>CARACT\u00c9RISTIQUES TECHNIQUES<\/strong><\/b><\/p>\n<p><b><strong>Poids<\/strong><\/b> 29 kg<\/p>\n<p><b><strong>Diam\u00e8tre de la lame<\/strong><\/b> 300 mm<\/p>\n<p><b><strong>Prise de courant<\/strong><\/b> C\u00e2ble fourni avec une prise de courant UE<\/p>\n<p><b><strong>Caract\u00e9ristiques \u00e9lectriques<\/strong><\/b> 230 V 50 Hz 1 PH<\/p>\n<p><b><strong>Puissance du moteur<\/strong><\/b> 0,35 kW<\/p>\n<p><b><strong>\u00c9paisseur de coupe<\/strong><\/b> 0 &#8211; 14 mm<\/p>\n<p>Capacit\u00e9 de <b><strong>coupe<\/strong><\/b> (circulaire) 230 mm<\/p>\n<p>Capacit\u00e9 de <b><strong>coupe<\/strong><\/b> (rectangulaire) 245X195 mm<\/p>\n<p><b><strong>Pi\u00e8ces amovibles<\/strong><\/b> Disque de protection de la lame, plaque de coupe, d\u00e9flecteur \u00e0 lamelles<\/p>\n<p><b><strong>Aff\u00fbteuse<\/strong><\/b> incluse, deux mouvements<\/p>\n<p><b><strong>Extracteur de<\/strong><\/b> <b><strong>lame<\/strong><\/b> Grands espaces de nettoyage : pas n\u00e9cessaire<\/p>\n<p><strong>NETTOYAGE &amp; HYGI\u00c8NE<\/strong><\/p>\n<ul>\n<li>Bo\u00eetier avec protection lame\u00a0: une coque plac\u00e9e \u00e0 l\u2019arri\u00e8re limite les interstices pour \u00e9viter l\u2019accumulation de d\u00e9chets<\/li>\n<li>Paralama \u00e0 profil continu en aluminium alimentaire \u00e0 retrait rapide pour un nettoyage facile<\/li>\n<li>Plaque basculante pour le nettoyage rapide du corps de la machine<\/li>\n<li>Presse-papiers facilement amovible et lavable au lave-vaisselle<\/li>\n<li>Extracteur de lame inclus<\/li>\n<li>Base avec plaque d\u2019aluminium, ce qui \u00e9vite les espaces entre la machine et le banc<\/li>\n<\/ul>\n<p><span style=\"text-decoration: underline;\"><strong>Non vendable en dehors de l\u2019Europe<\/strong><\/span><\/p>\n","protected":false},"excerpt":{"rendered":"<p>Pro Line XS 25-30 est la derni\u00e8re ligne de trancheurs \u00e9lectriques professionnels par gravit\u00e9 de Berkel. Cette gamme de produits<\/p>\n","protected":false},"featured_media":398061,"template":"","meta":{"_acf_changed":false,"inline_featured_image":false},"product_cat":[12449,17347],"product_tag":[24183,17352,17288,12856,19128,17353],"acf":[],"yoast_head":"<!-- This site is optimized with the Yoast SEO Premium plugin v18.6 (Yoast SEO v19.13) - https:\/\/yoast.com\/wordpress\/plugins\/seo\/ -->\n<title>BERKEL Pro Line XS30 Red Slicer<\/title>\n<meta name=\"description\" content=\"D\u00e9couvrez BERKEL Pro Line XS30 Red Slicer sur ErresseShop. Qualit\u00e9, prix r\u00e9duits et achat s\u00e9curis\u00e9 \u2013 commandez d\u00e8s maintenant en ligne !\" \/>\n<meta name=\"robots\" content=\"index, follow, max-snippet:-1, max-image-preview:large, max-video-preview:-1\" \/>\n<link rel=\"canonical\" href=\"https:\/\/www.erresse-shop.it\/fr\/shop\/petits-electromenagers\/trancheuses\/berkel-pro-line-xs25-red-slicer-copia\/\" \/>\n<meta property=\"og:locale\" content=\"fr_FR\" \/>\n<meta property=\"og:type\" content=\"article\" \/>\n<meta property=\"og:title\" content=\"BERKEL Pro Line XS30 Red Slicer\" \/>\n<meta property=\"og:description\" content=\"D\u00e9couvrez BERKEL Pro Line XS30 Red Slicer sur ErresseShop. Qualit\u00e9, prix r\u00e9duits et achat s\u00e9curis\u00e9 \u2013 commandez d\u00e8s maintenant en ligne !\" \/>\n<meta property=\"og:url\" content=\"https:\/\/www.erresse-shop.it\/fr\/shop\/petits-electromenagers\/trancheuses\/berkel-pro-line-xs25-red-slicer-copia\/\" \/>\n<meta property=\"og:site_name\" content=\"Erresse Shop\" \/>\n<meta property=\"article:modified_time\" content=\"2025-01-14T14:14:51+00:00\" \/>\n<meta property=\"og:image\" content=\"https:\/\/www.erresse-shop.it\/wp-content\/uploads\/2024\/03\/Berkel-Affettatrice-pro-line-x25-red-5.jpg\" \/>\n\t<meta property=\"og:image:width\" content=\"800\" \/>\n\t<meta property=\"og:image:height\" content=\"800\" \/>\n\t<meta property=\"og:image:type\" content=\"image\/jpeg\" \/>\n<meta name=\"twitter:card\" content=\"summary_large_image\" \/>\n<script type=\"application\/ld+json\" class=\"yoast-schema-graph\">{\"@context\":\"https:\/\/schema.org\",\"@graph\":[{\"@type\":\"WebPage\",\"@id\":\"https:\/\/www.erresse-shop.it\/fr\/shop\/petits-electromenagers\/trancheuses\/berkel-pro-line-xs25-red-slicer-copia\/\",\"url\":\"https:\/\/www.erresse-shop.it\/fr\/shop\/petits-electromenagers\/trancheuses\/berkel-pro-line-xs25-red-slicer-copia\/\",\"name\":\"BERKEL Pro Line XS30 Red Slicer\",\"isPartOf\":{\"@id\":\"https:\/\/www.erresse-shop.it\/fr\/#website\"},\"datePublished\":\"2024-03-20T07:30:00+00:00\",\"dateModified\":\"2025-01-14T14:14:51+00:00\",\"description\":\"D\u00e9couvrez BERKEL Pro Line XS30 Red Slicer sur ErresseShop. Qualit\u00e9, prix r\u00e9duits et achat s\u00e9curis\u00e9 \u2013 commandez d\u00e8s maintenant en ligne !\",\"breadcrumb\":{\"@id\":\"https:\/\/www.erresse-shop.it\/fr\/shop\/petits-electromenagers\/trancheuses\/berkel-pro-line-xs25-red-slicer-copia\/#breadcrumb\"},\"inLanguage\":\"fr-FR\",\"potentialAction\":[{\"@type\":\"ReadAction\",\"target\":[\"https:\/\/www.erresse-shop.it\/fr\/shop\/petits-electromenagers\/trancheuses\/berkel-pro-line-xs25-red-slicer-copia\/\"]}]},{\"@type\":\"BreadcrumbList\",\"@id\":\"https:\/\/www.erresse-shop.it\/fr\/shop\/petits-electromenagers\/trancheuses\/berkel-pro-line-xs25-red-slicer-copia\/#breadcrumb\",\"itemListElement\":[{\"@type\":\"ListItem\",\"position\":1,\"name\":\"Home\",\"item\":\"https:\/\/www.erresse-shop.it\/fr\/\"},{\"@type\":\"ListItem\",\"position\":2,\"name\":\"Shop\",\"item\":\"https:\/\/www.erresse-shop.it\/fr\/shop\/\"},{\"@type\":\"ListItem\",\"position\":3,\"name\":\"BERKEL Pro Line XS30 Red Slicer\"}]},{\"@type\":\"WebSite\",\"@id\":\"https:\/\/www.erresse-shop.it\/fr\/#website\",\"url\":\"https:\/\/www.erresse-shop.it\/fr\/\",\"name\":\"Erresse Shop\",\"description\":\"Articoli di qualit\u00e0 per la casa\",\"potentialAction\":[{\"@type\":\"SearchAction\",\"target\":{\"@type\":\"EntryPoint\",\"urlTemplate\":\"https:\/\/www.erresse-shop.it\/fr\/?s={search_term_string}\"},\"query-input\":\"required name=search_term_string\"}],\"inLanguage\":\"fr-FR\"}]}<\/script>\n<!-- \/ Yoast SEO Premium plugin. -->","yoast_head_json":{"title":"BERKEL Pro Line XS30 Red Slicer","description":"D\u00e9couvrez BERKEL Pro Line XS30 Red Slicer sur ErresseShop. Qualit\u00e9, prix r\u00e9duits et achat s\u00e9curis\u00e9 \u2013 commandez d\u00e8s maintenant en ligne !","robots":{"index":"index","follow":"follow","max-snippet":"max-snippet:-1","max-image-preview":"max-image-preview:large","max-video-preview":"max-video-preview:-1"},"canonical":"https:\/\/www.erresse-shop.it\/fr\/shop\/petits-electromenagers\/trancheuses\/berkel-pro-line-xs25-red-slicer-copia\/","og_locale":"fr_FR","og_type":"article","og_title":"BERKEL Pro Line XS30 Red Slicer","og_description":"D\u00e9couvrez BERKEL Pro Line XS30 Red Slicer sur ErresseShop. Qualit\u00e9, prix r\u00e9duits et achat s\u00e9curis\u00e9 \u2013 commandez d\u00e8s maintenant en ligne !","og_url":"https:\/\/www.erresse-shop.it\/fr\/shop\/petits-electromenagers\/trancheuses\/berkel-pro-line-xs25-red-slicer-copia\/","og_site_name":"Erresse Shop","article_modified_time":"2025-01-14T14:14:51+00:00","og_image":[{"width":800,"height":800,"url":"https:\/\/www.erresse-shop.it\/wp-content\/uploads\/2024\/03\/Berkel-Affettatrice-pro-line-x25-red-5.jpg","type":"image\/jpeg"}],"twitter_card":"summary_large_image","schema":{"@context":"https:\/\/schema.org","@graph":[{"@type":"WebPage","@id":"https:\/\/www.erresse-shop.it\/fr\/shop\/petits-electromenagers\/trancheuses\/berkel-pro-line-xs25-red-slicer-copia\/","url":"https:\/\/www.erresse-shop.it\/fr\/shop\/petits-electromenagers\/trancheuses\/berkel-pro-line-xs25-red-slicer-copia\/","name":"BERKEL Pro Line XS30 Red Slicer","isPartOf":{"@id":"https:\/\/www.erresse-shop.it\/fr\/#website"},"datePublished":"2024-03-20T07:30:00+00:00","dateModified":"2025-01-14T14:14:51+00:00","description":"D\u00e9couvrez BERKEL Pro Line XS30 Red Slicer sur ErresseShop. Qualit\u00e9, prix r\u00e9duits et achat s\u00e9curis\u00e9 \u2013 commandez d\u00e8s maintenant en ligne !","breadcrumb":{"@id":"https:\/\/www.erresse-shop.it\/fr\/shop\/petits-electromenagers\/trancheuses\/berkel-pro-line-xs25-red-slicer-copia\/#breadcrumb"},"inLanguage":"fr-FR","potentialAction":[{"@type":"ReadAction","target":["https:\/\/www.erresse-shop.it\/fr\/shop\/petits-electromenagers\/trancheuses\/berkel-pro-line-xs25-red-slicer-copia\/"]}]},{"@type":"BreadcrumbList","@id":"https:\/\/www.erresse-shop.it\/fr\/shop\/petits-electromenagers\/trancheuses\/berkel-pro-line-xs25-red-slicer-copia\/#breadcrumb","itemListElement":[{"@type":"ListItem","position":1,"name":"Home","item":"https:\/\/www.erresse-shop.it\/fr\/"},{"@type":"ListItem","position":2,"name":"Shop","item":"https:\/\/www.erresse-shop.it\/fr\/shop\/"},{"@type":"ListItem","position":3,"name":"BERKEL Pro Line XS30 Red Slicer"}]},{"@type":"WebSite","@id":"https:\/\/www.erresse-shop.it\/fr\/#website","url":"https:\/\/www.erresse-shop.it\/fr\/","name":"Erresse Shop","description":"Articoli di qualit\u00e0 per la casa","potentialAction":[{"@type":"SearchAction","target":{"@type":"EntryPoint","urlTemplate":"https:\/\/www.erresse-shop.it\/fr\/?s={search_term_string}"},"query-input":"required name=search_term_string"}],"inLanguage":"fr-FR"}]}},"df_price":869.5,"df_sale_price":869.5,"df_regular_price":1739,"df_image_link":"https:\/\/www.erresse-shop.it\/wp-content\/uploads\/2024\/03\/Berkel-Affettatrice-pro-line-x25-red-5-300x300.jpg","_links":{"self":[{"href":"https:\/\/www.erresse-shop.it\/fr\/wp-json\/wp\/v2\/product\/398151"}],"collection":[{"href":"https:\/\/www.erresse-shop.it\/fr\/wp-json\/wp\/v2\/product"}],"about":[{"href":"https:\/\/www.erresse-shop.it\/fr\/wp-json\/wp\/v2\/types\/product"}],"wp:featuredmedia":[{"embeddable":true,"href":"https:\/\/www.erresse-shop.it\/fr\/wp-json\/wp\/v2\/media\/398061"}],"wp:attachment":[{"href":"https:\/\/www.erresse-shop.it\/fr\/wp-json\/wp\/v2\/media?parent=398151"}],"wp:term":[{"taxonomy":"product_cat","embeddable":true,"href":"https:\/\/www.erresse-shop.it\/fr\/wp-json\/wp\/v2\/product_cat?post=398151"},{"taxonomy":"product_tag","embeddable":true,"href":"https:\/\/www.erresse-shop.it\/fr\/wp-json\/wp\/v2\/product_tag?post=398151"}],"curies":[{"name":"wp","href":"https:\/\/api.w.org\/{rel}","templated":true}]}}