{"id":397997,"date":"2024-03-19T10:16:47","date_gmt":"2024-03-19T10:16:52","guid":{"rendered":"https:\/\/www.erresse-shop.it\/?post_type=product&#038;p=397997"},"modified":"2024-08-30T14:56:01","modified_gmt":"2024-08-30T14:56:01","slug":"shark-flexstyle-complete-set-seche-cheveux-ottanio-edition-limitee","status":"publish","type":"product","link":"https:\/\/www.erresse-shop.it\/fr\/shop\/petits-electromenagers\/seche-cheveux-et-fers-a-lisser\/shark-flexstyle-complete-set-seche-cheveux-ottanio-edition-limitee\/","title":{"rendered":"SHARK Flexstyle Complete Set S\u00e8che-cheveux Ottanio \u00e9dition limit\u00e9e"},"content":{"rendered":"<p>Ajoutez une touche de glamour \u00e0 votre routine capillaire avec l&#8217;\u00e9dition limit\u00e9e du Shark FlexStyle dans l&#8217;inimitable nuance de sarcelle.<\/p>\n<p>Ce coffret comprend \u00e9galement nos accessoires innovants pour coiffer tous les types de cheveux sans les ab\u00eemer avec la chaleur.<\/p>\n<p>Changez votre routine, adaptez votre style : d&#8217;un simple tour de main, le Shark FlexStyle se transforme d&#8217;un puissant s\u00e8che-cheveux en un styler polyvalent 5 en 1.<\/p>\n<p><b><strong>Bouclez, donnez du volume, lissez et s\u00e9chez avec les 5 accessoires de coiffage :<\/strong><\/b><\/p>\n<p>Accessoire de finition FrizzFighter : attire automatiquement les cheveux, combat les frisottis et dompte les m\u00e8ches rebelles pour des cheveux incroyablement brillants et lisses. Utilisez-le sur cheveux secs pour donner de la brillance sans d\u00e9g\u00e2ts dus \u00e0 la chaleur. La technologie Coanda exploite la puissance de deux flux d&#8217;air pour attirer les cheveux, \u00e9liminer les frisottis et dompter les m\u00e8ches rebelles.<\/p>\n<p><b><strong>Cylindres de bouclage \u00e0 air<\/strong><\/b> (32 mm et 24 mm) : changez la fa\u00e7on dont vous d\u00e9finissez vos boucles. La technologie Coanda utilise la puissance de l&#8217;air pour enrouler les cheveux, les boucler et fixer la coiffure. Approchez la m\u00e8che du cylindre et laissez l&#8217;air faire le reste : vous obtiendrez des boucles parfaites en quelques secondes.<\/p>\n<p><b><strong>Cylindres d&#8217;air de<\/strong><\/b> 32 mm : parfaits pour cr\u00e9er des boucles plus larges sur les cheveux longs.<\/p>\n<p><b><strong>Cylindres d&#8217;air de<\/strong><\/b> 24 mm : id\u00e9aux pour cr\u00e9er des boucles plus serr\u00e9es sur les cheveux courts.<\/p>\n<p><b><strong>Brosse ovale :<\/strong><\/b> donne de l&#8217;\u00e9lasticit\u00e9 et du volume \u00e0 la coiffure. La combinaison de poils de sanglier et de poils en plastique lisse et \u00e9limine les frisottis, donnant \u00e0 vos cheveux un nouvel \u00e9clat.<\/p>\n<p><b><strong>Concentrateur<\/strong><\/b>: les cheveux sont secs et coiff\u00e9s en un rien de temps. S\u00e9chez et lissez facilement vos cheveux avec l&#8217;embout concentrateur rotatif pour coiffer sans effort les m\u00e8ches sous tous les angles.<\/p>\n<p>Ce coffret comprend \u00e9galement des pinces crocodiles pour diviser les cheveux en m\u00e8ches pendant le coiffage, ainsi qu&#8217;un \u00e9tui de protection parfait pour les voyages et pour ranger vos accessoires.<\/p>\n<p><b><strong>S\u00e9chez et coiffez vos cheveux sans les ab\u00eemer :<\/strong><\/b> Shark FlexStyle mesure la temp\u00e9rature 1 000 fois par seconde pour garantir une chaleur homog\u00e8ne sans les ab\u00eemer.<\/p>\n<p><b><strong>Pas de chaleur extr\u00eame :<\/strong><\/b> s\u00e9chez et coiffez en douceur tous les types de cheveux gr\u00e2ce \u00e0 3 r\u00e9glages de chaleur et de d\u00e9bit d&#8217;air, pour un contr\u00f4le total.<\/p>\n<p><b><strong>S\u00e9chage rapide :<\/strong><\/b> un s\u00e8che-cheveux et un styler compacts et l\u00e9gers qui offrent des performances \u00e9lev\u00e9es pour un s\u00e9chage rapide. Parfait pour acc\u00e9l\u00e9rer votre routine matinale.<\/p>\n<p><b><strong>Des r\u00e9sultats professionnels \u00e0 la maison : des<\/strong><\/b> cheveux plus doux et plus brillants avec moins de frisottis et de m\u00e8ches rebelles*.<\/p>\n<p>Fixez la coiffure avec le r\u00e9glage Cool Shot pour un look qui dure toute la journ\u00e9e.<\/p>\n<p>L&#8217;emballage comprend un guide de coiffage pratique rempli de conseils, d&#8217;astuces et de trucs pour vous aider \u00e0 obtenir des r\u00e9sultats parfaits.<\/p>\n<p>Se coiffer et se s\u00e9cher comme jamais auparavant : pesant \u00e0 peine 700 g, Shark FlexStyle est l\u00e9ger et extr\u00eamement confortable \u00e0 utiliser. Son design compact le rend parfait m\u00eame en voyage.<\/p>\n<p>Nous sommes impatients de savoir ce que vous en pensez : lisez les commentaires ci-dessous !<\/p>\n<p>*S\u00e8che \u00e0 l&#8217;air.<\/p>\n<p><b><strong>FICHE TECHNIQUE :<\/strong><\/b><\/p>\n<p>Poids du produit 0,7 kg<\/p>\n<p>Garantie 2 ans<\/p>\n<p>Longueur du c\u00e2ble 2,5 m<\/p>\n<p>Tension (V) 230 V<\/p>\n<p><b><strong>CONTIENT<\/strong><\/b>:<\/p>\n<p>1 s\u00e8che-cheveux FlexStyle<\/p>\n<p>1 brosse ovale<\/p>\n<p>2 cylindres automatiques de 24 mm<\/p>\n<p>2 cylindres \u00e0 enroulement automatique de 32 mm<\/p>\n<p>1 concentrateur<\/p>\n<p>1 accessoire de finition FrizzFighter<\/p>\n<p>1 \u00e9tui<\/p>\n<p>pinces crocodiles<\/p>\n<p>Guide de coiffage<\/p>\n<p>Manuel d&#8217;utilisation<\/p>\n<p><b><u><strong>Non disponible \u00e0 la vente en dehors de l&#8217;Europe<\/strong><\/u><\/b><\/p>\n","protected":false},"excerpt":{"rendered":"<p>Ajoutez une touche de glamour \u00e0 votre routine capillaire avec l&#8217;\u00e9dition limit\u00e9e du Shark FlexStyle dans l&#8217;inimitable nuance de sarcelle.<\/p>\n","protected":false},"featured_media":465487,"template":"","meta":{"_acf_changed":false,"inline_featured_image":false},"product_cat":[12449,24042],"product_tag":[],"acf":[],"yoast_head":"<!-- This site is optimized with the Yoast SEO Premium plugin v18.6 (Yoast SEO v19.13) - https:\/\/yoast.com\/wordpress\/plugins\/seo\/ -->\n<title>SHARK Flexstyle Complete Set S\u00e8che-cheveux Ottanio \u00e9dition limit\u00e9e - Erresse Shop<\/title>\n<meta name=\"description\" content=\"Ajoutez une touche de glamour \u00e0 votre routine capillaire avec l&#039;\u00e9dition limit\u00e9e du Shark FlexStyle dans l&#039;inimitable nuance de sarcelle. Ce coffret\" \/>\n<meta name=\"robots\" content=\"index, follow, max-snippet:-1, max-image-preview:large, max-video-preview:-1\" \/>\n<link rel=\"canonical\" href=\"https:\/\/www.erresse-shop.it\/fr\/shop\/petits-electromenagers\/seche-cheveux-et-fers-a-lisser\/shark-flexstyle-complete-set-seche-cheveux-ottanio-edition-limitee\/\" \/>\n<meta property=\"og:locale\" content=\"fr_FR\" \/>\n<meta property=\"og:type\" content=\"article\" \/>\n<meta property=\"og:title\" content=\"SHARK Flexstyle Complete Set S\u00e8che-cheveux Ottanio \u00e9dition limit\u00e9e\" \/>\n<meta property=\"og:description\" content=\"Ajoutez une touche de glamour \u00e0 votre routine capillaire avec l&#039;\u00e9dition limit\u00e9e du Shark FlexStyle dans l&#039;inimitable nuance de sarcelle. Ce coffret\" \/>\n<meta property=\"og:url\" content=\"https:\/\/www.erresse-shop.it\/fr\/shop\/petits-electromenagers\/seche-cheveux-et-fers-a-lisser\/shark-flexstyle-complete-set-seche-cheveux-ottanio-edition-limitee\/\" \/>\n<meta property=\"og:site_name\" content=\"Erresse Shop\" \/>\n<meta property=\"article:modified_time\" content=\"2024-08-30T14:56:01+00:00\" \/>\n<meta property=\"og:image\" content=\"https:\/\/www.erresse-shop.it\/wp-content\/uploads\/2024\/03\/SHARK-STYLER-E-ASCIUGACAPELLI-SHARK-FLEXSTYLE-LIMITED-EDITION-OTTANIO-HD450TLEU.png\" \/>\n\t<meta property=\"og:image:width\" content=\"800\" \/>\n\t<meta property=\"og:image:height\" content=\"800\" \/>\n\t<meta property=\"og:image:type\" content=\"image\/png\" \/>\n<meta name=\"twitter:card\" content=\"summary_large_image\" \/>\n<script type=\"application\/ld+json\" class=\"yoast-schema-graph\">{\"@context\":\"https:\/\/schema.org\",\"@graph\":[{\"@type\":\"WebPage\",\"@id\":\"https:\/\/www.erresse-shop.it\/fr\/shop\/petits-electromenagers\/seche-cheveux-et-fers-a-lisser\/shark-flexstyle-complete-set-seche-cheveux-ottanio-edition-limitee\/\",\"url\":\"https:\/\/www.erresse-shop.it\/fr\/shop\/petits-electromenagers\/seche-cheveux-et-fers-a-lisser\/shark-flexstyle-complete-set-seche-cheveux-ottanio-edition-limitee\/\",\"name\":\"SHARK Flexstyle Complete Set S\u00e8che-cheveux Ottanio \u00e9dition limit\u00e9e - Erresse Shop\",\"isPartOf\":{\"@id\":\"https:\/\/www.erresse-shop.it\/fr\/#website\"},\"datePublished\":\"2024-03-19T10:16:52+00:00\",\"dateModified\":\"2024-08-30T14:56:01+00:00\",\"description\":\"Ajoutez une touche de glamour \u00e0 votre routine capillaire avec l'\u00e9dition limit\u00e9e du Shark FlexStyle dans l'inimitable nuance de sarcelle. Ce coffret\",\"breadcrumb\":{\"@id\":\"https:\/\/www.erresse-shop.it\/fr\/shop\/petits-electromenagers\/seche-cheveux-et-fers-a-lisser\/shark-flexstyle-complete-set-seche-cheveux-ottanio-edition-limitee\/#breadcrumb\"},\"inLanguage\":\"fr-FR\",\"potentialAction\":[{\"@type\":\"ReadAction\",\"target\":[\"https:\/\/www.erresse-shop.it\/fr\/shop\/petits-electromenagers\/seche-cheveux-et-fers-a-lisser\/shark-flexstyle-complete-set-seche-cheveux-ottanio-edition-limitee\/\"]}]},{\"@type\":\"BreadcrumbList\",\"@id\":\"https:\/\/www.erresse-shop.it\/fr\/shop\/petits-electromenagers\/seche-cheveux-et-fers-a-lisser\/shark-flexstyle-complete-set-seche-cheveux-ottanio-edition-limitee\/#breadcrumb\",\"itemListElement\":[{\"@type\":\"ListItem\",\"position\":1,\"name\":\"Home\",\"item\":\"https:\/\/www.erresse-shop.it\/fr\/\"},{\"@type\":\"ListItem\",\"position\":2,\"name\":\"Shop\",\"item\":\"https:\/\/www.erresse-shop.it\/fr\/shop\/\"},{\"@type\":\"ListItem\",\"position\":3,\"name\":\"SHARK Flexstyle Complete Set S\u00e8che-cheveux Ottanio \u00e9dition limit\u00e9e\"}]},{\"@type\":\"WebSite\",\"@id\":\"https:\/\/www.erresse-shop.it\/fr\/#website\",\"url\":\"https:\/\/www.erresse-shop.it\/fr\/\",\"name\":\"Erresse Shop\",\"description\":\"Articoli di qualit\u00e0 per la casa\",\"potentialAction\":[{\"@type\":\"SearchAction\",\"target\":{\"@type\":\"EntryPoint\",\"urlTemplate\":\"https:\/\/www.erresse-shop.it\/fr\/?s={search_term_string}\"},\"query-input\":\"required name=search_term_string\"}],\"inLanguage\":\"fr-FR\"}]}<\/script>\n<!-- \/ Yoast SEO Premium plugin. -->","yoast_head_json":{"title":"SHARK Flexstyle Complete Set S\u00e8che-cheveux Ottanio \u00e9dition limit\u00e9e - Erresse Shop","description":"Ajoutez une touche de glamour \u00e0 votre routine capillaire avec l'\u00e9dition limit\u00e9e du Shark FlexStyle dans l'inimitable nuance de sarcelle. Ce coffret","robots":{"index":"index","follow":"follow","max-snippet":"max-snippet:-1","max-image-preview":"max-image-preview:large","max-video-preview":"max-video-preview:-1"},"canonical":"https:\/\/www.erresse-shop.it\/fr\/shop\/petits-electromenagers\/seche-cheveux-et-fers-a-lisser\/shark-flexstyle-complete-set-seche-cheveux-ottanio-edition-limitee\/","og_locale":"fr_FR","og_type":"article","og_title":"SHARK Flexstyle Complete Set S\u00e8che-cheveux Ottanio \u00e9dition limit\u00e9e","og_description":"Ajoutez une touche de glamour \u00e0 votre routine capillaire avec l'\u00e9dition limit\u00e9e du Shark FlexStyle dans l'inimitable nuance de sarcelle. Ce coffret","og_url":"https:\/\/www.erresse-shop.it\/fr\/shop\/petits-electromenagers\/seche-cheveux-et-fers-a-lisser\/shark-flexstyle-complete-set-seche-cheveux-ottanio-edition-limitee\/","og_site_name":"Erresse Shop","article_modified_time":"2024-08-30T14:56:01+00:00","og_image":[{"width":800,"height":800,"url":"https:\/\/www.erresse-shop.it\/wp-content\/uploads\/2024\/03\/SHARK-STYLER-E-ASCIUGACAPELLI-SHARK-FLEXSTYLE-LIMITED-EDITION-OTTANIO-HD450TLEU.png","type":"image\/png"}],"twitter_card":"summary_large_image","schema":{"@context":"https:\/\/schema.org","@graph":[{"@type":"WebPage","@id":"https:\/\/www.erresse-shop.it\/fr\/shop\/petits-electromenagers\/seche-cheveux-et-fers-a-lisser\/shark-flexstyle-complete-set-seche-cheveux-ottanio-edition-limitee\/","url":"https:\/\/www.erresse-shop.it\/fr\/shop\/petits-electromenagers\/seche-cheveux-et-fers-a-lisser\/shark-flexstyle-complete-set-seche-cheveux-ottanio-edition-limitee\/","name":"SHARK Flexstyle Complete Set S\u00e8che-cheveux Ottanio \u00e9dition limit\u00e9e - Erresse Shop","isPartOf":{"@id":"https:\/\/www.erresse-shop.it\/fr\/#website"},"datePublished":"2024-03-19T10:16:52+00:00","dateModified":"2024-08-30T14:56:01+00:00","description":"Ajoutez une touche de glamour \u00e0 votre routine capillaire avec l'\u00e9dition limit\u00e9e du Shark FlexStyle dans l'inimitable nuance de sarcelle. Ce coffret","breadcrumb":{"@id":"https:\/\/www.erresse-shop.it\/fr\/shop\/petits-electromenagers\/seche-cheveux-et-fers-a-lisser\/shark-flexstyle-complete-set-seche-cheveux-ottanio-edition-limitee\/#breadcrumb"},"inLanguage":"fr-FR","potentialAction":[{"@type":"ReadAction","target":["https:\/\/www.erresse-shop.it\/fr\/shop\/petits-electromenagers\/seche-cheveux-et-fers-a-lisser\/shark-flexstyle-complete-set-seche-cheveux-ottanio-edition-limitee\/"]}]},{"@type":"BreadcrumbList","@id":"https:\/\/www.erresse-shop.it\/fr\/shop\/petits-electromenagers\/seche-cheveux-et-fers-a-lisser\/shark-flexstyle-complete-set-seche-cheveux-ottanio-edition-limitee\/#breadcrumb","itemListElement":[{"@type":"ListItem","position":1,"name":"Home","item":"https:\/\/www.erresse-shop.it\/fr\/"},{"@type":"ListItem","position":2,"name":"Shop","item":"https:\/\/www.erresse-shop.it\/fr\/shop\/"},{"@type":"ListItem","position":3,"name":"SHARK Flexstyle Complete Set S\u00e8che-cheveux Ottanio \u00e9dition limit\u00e9e"}]},{"@type":"WebSite","@id":"https:\/\/www.erresse-shop.it\/fr\/#website","url":"https:\/\/www.erresse-shop.it\/fr\/","name":"Erresse Shop","description":"Articoli di qualit\u00e0 per la casa","potentialAction":[{"@type":"SearchAction","target":{"@type":"EntryPoint","urlTemplate":"https:\/\/www.erresse-shop.it\/fr\/?s={search_term_string}"},"query-input":"required name=search_term_string"}],"inLanguage":"fr-FR"}]}},"df_price":249.95,"df_sale_price":249.95,"df_regular_price":299.99,"df_image_link":"https:\/\/www.erresse-shop.it\/wp-content\/uploads\/2024\/03\/SHARK-Flexstyle-Complete-Set-Asciugacapelli-Ottanio-Limited-Edition-300x300.jpg","_links":{"self":[{"href":"https:\/\/www.erresse-shop.it\/fr\/wp-json\/wp\/v2\/product\/397997"}],"collection":[{"href":"https:\/\/www.erresse-shop.it\/fr\/wp-json\/wp\/v2\/product"}],"about":[{"href":"https:\/\/www.erresse-shop.it\/fr\/wp-json\/wp\/v2\/types\/product"}],"wp:featuredmedia":[{"embeddable":true,"href":"https:\/\/www.erresse-shop.it\/fr\/wp-json\/wp\/v2\/media\/465487"}],"wp:attachment":[{"href":"https:\/\/www.erresse-shop.it\/fr\/wp-json\/wp\/v2\/media?parent=397997"}],"wp:term":[{"taxonomy":"product_cat","embeddable":true,"href":"https:\/\/www.erresse-shop.it\/fr\/wp-json\/wp\/v2\/product_cat?post=397997"},{"taxonomy":"product_tag","embeddable":true,"href":"https:\/\/www.erresse-shop.it\/fr\/wp-json\/wp\/v2\/product_tag?post=397997"}],"curies":[{"name":"wp","href":"https:\/\/api.w.org\/{rel}","templated":true}]}}