{"id":397974,"date":"2024-03-19T10:07:51","date_gmt":"2024-03-19T10:07:56","guid":{"rendered":"https:\/\/www.erresse-shop.it\/?post_type=product&#038;p=397974"},"modified":"2024-07-16T00:00:14","modified_gmt":"2024-07-16T00:00:14","slug":"shark-flexstyle-complete-set-seche-cheveux-champagne","status":"publish","type":"product","link":"https:\/\/www.erresse-shop.it\/fr\/shop\/petits-electromenagers\/seche-cheveux-et-fers-a-lisser\/shark-flexstyle-complete-set-seche-cheveux-champagne\/","title":{"rendered":"SHARK Flexstyle Complete Set S\u00e8che-cheveux Champagne"},"content":{"rendered":"<p>Tous les types de cheveux. Toutes les fa\u00e7ons d&#8217;\u00eatre. Pour tous les types de cheveux.<\/p>\n<p>Un s\u00e9chage puissant et rapide associ\u00e9 \u00e0 la polyvalence d&#8217;un appareil de coiffure multi-accessoires. D&#8217;un simple tour de main, Shark FlexStyle se transforme d&#8217;un puissant s\u00e8che-cheveux en un styler polyvalent 5-en-1.<\/p>\n<p>Transformez votre routine. Flexifiez votre style.<\/p>\n<p><b><strong>Bouclez, lissez, volumisez, d\u00e9finissez et ajoutez de la brillance avec les 5 accessoires de coiffage :<\/strong><\/b><\/p>\n<p>Cylindres \u00e0 enroulement automatique :<\/p>\n<p>Changez la fa\u00e7on dont vous d\u00e9finissez vos boucles. La technologie Coanda enroule, forme et fixe automatiquement les cheveux en utilisant uniquement la force de l&#8217;air pour les enrouler autour du cylindre. Approchez la m\u00e8che du cylindre et laissez l&#8217;air faire le reste : obtenez des boucles parfaites en quelques secondes. Avec deux embouts, vous pouvez facilement enrouler les m\u00e8ches de cheveux dans les deux sens et cr\u00e9er le look parfait pour mettre en valeur votre visage.<\/p>\n<p><b><strong>Id\u00e9al pour les cheveux raides et ondul\u00e9s.<\/strong><\/b><\/p>\n<p>Brosse plate : \u00e9tire et lisse les cheveux pendant le s\u00e9chage pour acc\u00e9l\u00e9rer votre routine. Moins de temps pour coiffer les cheveux, plus de temps pour votre vie. Les poils naturels de sanglier et de nylon cr\u00e9ent une tension suppl\u00e9mentaire pour lisser et faire briller vos cheveux. L&#8217;accessoire parfait pour une coiffure douce et \u00e9l\u00e9gante.<\/p>\n<p>Brosse ovale : donne de l&#8217;\u00e9lasticit\u00e9 et du volume \u00e0 vos cheveux. La combinaison des poils de sanglier et de nylon lisse et \u00e9limine les frisottis, donnant \u00e0 vos cheveux un nouvel \u00e9clat.<\/p>\n<p>Concentrateur : s\u00e8che et lisse les cheveux sans effort. L&#8217;embout pivote pour faciliter le coiffage sous tous les angles.<\/p>\n<p><b><strong>Id\u00e9al pour les cheveux raides, ondul\u00e9s, boucl\u00e9s et tr\u00e8s boucl\u00e9s.<\/strong><\/b><\/p>\n<p>Diffuseur : S\u00e9chage rapide et uniforme des racines aux pointes. Sp\u00e9cialement con\u00e7u pour soulever et d\u00e9finir vos boucles, avec des tiges extensibles qui atteignent et soul\u00e8vent les racines.<\/p>\n<p><b><strong>Id\u00e9al pour les cheveux boucl\u00e9s et les boucles nombreuses.<\/strong><\/b><\/p>\n<p>Rangez vos accessoires de coiffure gr\u00e2ce \u00e0 l&#8217;\u00e9tui rigide fourni, qui vous permet de trouver le bon outil d\u00e8s la premi\u00e8re fois.<\/p>\n<p>S\u00e9chez et coiffez vos cheveux sans les ab\u00eemer avec la chaleur<\/p>\n<p>Dites adieu \u00e0 la chaleur excessive. Shark FlexStyle mesure la temp\u00e9rature 1 000 fois par seconde pour garantir une chaleur constante sans ab\u00eemer vos cheveux.<\/p>\n<p>Pas de chaleur extr\u00eame : s\u00e9chez et coiffez en douceur tous les types de cheveux gr\u00e2ce aux 3 r\u00e9glages de chaleur et de d\u00e9bit d&#8217;air qui vous donnent un contr\u00f4le total.<\/p>\n<p><b><strong>S\u00e9chage rapide et puissant<\/strong><\/b><\/p>\n<p>Aucun compromis sur la puissance. Ce s\u00e8che-cheveux conserve un design fin et \u00e9l\u00e9gant tout en offrant une grande puissance pour assurer un s\u00e9chage rapide sans temps d&#8217;attente. Parfait pour acc\u00e9l\u00e9rer votre routine matinale.<\/p>\n<p>S\u00e9chez grossi\u00e8rement les cheveux pour \u00e9liminer rapidement l&#8217;exc\u00e8s d&#8217;humidit\u00e9, puis fixez l&#8217;accessoire de coiffage pour obtenir le look souhait\u00e9.<\/p>\n<p><b><strong>Des r\u00e9sultats professionnels \u00e0 la maison<\/strong><\/b><\/p>\n<p>Des cheveux plus lisses et plus brillants, sans frisottis ni m\u00e8ches rebelles*. Fixez la coiffure avec le r\u00e9glage Cool Shot pour un look qui dure toute la journ\u00e9e.<\/p>\n<p>Le pack comprend un guide de coiffage pratique rempli de conseils, d&#8217;astuces et d&#8217;inspiration pour vous aider \u00e0 obtenir des r\u00e9sultats parfaits.<\/p>\n<p><b><strong>Ultra l\u00e9ger<\/strong><\/b><\/p>\n<p>Coiffez et s\u00e9chez vos cheveux comme jamais auparavant. Pesant \u00e0 peine 700 g, le Shark FlexStyle est ultra l\u00e9ger et extr\u00eamement confortable \u00e0 utiliser. Son design compact le rend id\u00e9al pour les d\u00e9placements.<\/p>\n<p>Nous aimerions savoir ce que vous en pensez : consultez les avis sur le s\u00e8che-cheveux et le styler Shark FlexStyle ci-dessous !<\/p>\n<p>*Compar\u00e9 au s\u00e9chage \u00e0 l&#8217;air libre.<\/p>\n<p>La configuration Shark FlexStyle avec cylindres \u00e0 enroulement automatique n&#8217;est pas disponible en France.<\/p>\n<p><b><strong>FICHE TECHNIQUE :<\/strong><\/b><\/p>\n<p>Poids du produit 0,7 kg<\/p>\n<p>Garantie 2 ans<\/p>\n<p>Longueur du c\u00e2ble 2,5 m<\/p>\n<p>Tension (V) 230 V<\/p>\n<p><b><strong>CONTIENT<\/strong><\/b><\/p>\n<p>1 s\u00e8che-cheveux FlexStyle<\/p>\n<p>1 brosse ovale<\/p>\n<p>1 brosse plate<\/p>\n<p>2 cylindres \u00e0 enroulement automatique<\/p>\n<p>1 concentrateur<\/p>\n<p>1 diffuseur<\/p>\n<p>1 \u00e9tui rigide<\/p>\n<p>Guide de coiffage<\/p>\n<p>Manuel d&#8217;instruction<\/p>\n<p><b><u><strong>Non disponible \u00e0 la vente en dehors de l&#8217;Europe<\/strong><\/u><\/b><\/p>\n","protected":false},"excerpt":{"rendered":"<p>Tous les types de cheveux. Toutes les fa\u00e7ons d&#8217;\u00eatre. Pour tous les types de cheveux. Un s\u00e9chage puissant et rapide<\/p>\n","protected":false},"featured_media":460712,"template":"","meta":{"_acf_changed":false,"inline_featured_image":false},"product_cat":[12449,24042],"product_tag":[],"acf":[],"yoast_head":"<!-- This site is optimized with the Yoast SEO Premium plugin v18.6 (Yoast SEO v19.13) - https:\/\/yoast.com\/wordpress\/plugins\/seo\/ -->\n<title>SHARK Flexstyle Complete Set S\u00e8che-cheveux Champagne - Erresse Shop<\/title>\n<meta name=\"description\" content=\"Tous les types de cheveux. Toutes les fa\u00e7ons d&#039;\u00eatre. Pour tous les types de cheveux. Un s\u00e9chage puissant et rapide associ\u00e9 \u00e0 la polyvalence d&#039;un appareil\" \/>\n<meta name=\"robots\" content=\"index, follow, max-snippet:-1, max-image-preview:large, max-video-preview:-1\" \/>\n<link rel=\"canonical\" href=\"https:\/\/www.erresse-shop.it\/fr\/shop\/petits-electromenagers\/seche-cheveux-et-fers-a-lisser\/shark-flexstyle-complete-set-seche-cheveux-champagne\/\" \/>\n<meta property=\"og:locale\" content=\"fr_FR\" \/>\n<meta property=\"og:type\" content=\"article\" \/>\n<meta property=\"og:title\" content=\"SHARK Flexstyle Complete Set S\u00e8che-cheveux Champagne\" \/>\n<meta property=\"og:description\" content=\"Tous les types de cheveux. Toutes les fa\u00e7ons d&#039;\u00eatre. Pour tous les types de cheveux. Un s\u00e9chage puissant et rapide associ\u00e9 \u00e0 la polyvalence d&#039;un appareil\" \/>\n<meta property=\"og:url\" content=\"https:\/\/www.erresse-shop.it\/fr\/shop\/petits-electromenagers\/seche-cheveux-et-fers-a-lisser\/shark-flexstyle-complete-set-seche-cheveux-champagne\/\" \/>\n<meta property=\"og:site_name\" content=\"Erresse Shop\" \/>\n<meta property=\"article:modified_time\" content=\"2024-07-16T00:00:14+00:00\" \/>\n<meta property=\"og:image\" content=\"https:\/\/www.erresse-shop.it\/wp-content\/uploads\/2024\/03\/SHARK-STYLER-ASCIUGACAPELLI-SHARK-FLEXSTYLE-COMP-SET-CHAMPAGNE-HD440SLEU.png\" \/>\n\t<meta property=\"og:image:width\" content=\"800\" \/>\n\t<meta property=\"og:image:height\" content=\"800\" \/>\n\t<meta property=\"og:image:type\" content=\"image\/png\" \/>\n<meta name=\"twitter:card\" content=\"summary_large_image\" \/>\n<script type=\"application\/ld+json\" class=\"yoast-schema-graph\">{\"@context\":\"https:\/\/schema.org\",\"@graph\":[{\"@type\":\"WebPage\",\"@id\":\"https:\/\/www.erresse-shop.it\/fr\/shop\/petits-electromenagers\/seche-cheveux-et-fers-a-lisser\/shark-flexstyle-complete-set-seche-cheveux-champagne\/\",\"url\":\"https:\/\/www.erresse-shop.it\/fr\/shop\/petits-electromenagers\/seche-cheveux-et-fers-a-lisser\/shark-flexstyle-complete-set-seche-cheveux-champagne\/\",\"name\":\"SHARK Flexstyle Complete Set S\u00e8che-cheveux Champagne - Erresse Shop\",\"isPartOf\":{\"@id\":\"https:\/\/www.erresse-shop.it\/fr\/#website\"},\"datePublished\":\"2024-03-19T10:07:56+00:00\",\"dateModified\":\"2024-07-16T00:00:14+00:00\",\"description\":\"Tous les types de cheveux. Toutes les fa\u00e7ons d'\u00eatre. Pour tous les types de cheveux. Un s\u00e9chage puissant et rapide associ\u00e9 \u00e0 la polyvalence d'un appareil\",\"breadcrumb\":{\"@id\":\"https:\/\/www.erresse-shop.it\/fr\/shop\/petits-electromenagers\/seche-cheveux-et-fers-a-lisser\/shark-flexstyle-complete-set-seche-cheveux-champagne\/#breadcrumb\"},\"inLanguage\":\"fr-FR\",\"potentialAction\":[{\"@type\":\"ReadAction\",\"target\":[\"https:\/\/www.erresse-shop.it\/fr\/shop\/petits-electromenagers\/seche-cheveux-et-fers-a-lisser\/shark-flexstyle-complete-set-seche-cheveux-champagne\/\"]}]},{\"@type\":\"BreadcrumbList\",\"@id\":\"https:\/\/www.erresse-shop.it\/fr\/shop\/petits-electromenagers\/seche-cheveux-et-fers-a-lisser\/shark-flexstyle-complete-set-seche-cheveux-champagne\/#breadcrumb\",\"itemListElement\":[{\"@type\":\"ListItem\",\"position\":1,\"name\":\"Home\",\"item\":\"https:\/\/www.erresse-shop.it\/fr\/\"},{\"@type\":\"ListItem\",\"position\":2,\"name\":\"Shop\",\"item\":\"https:\/\/www.erresse-shop.it\/fr\/shop\/\"},{\"@type\":\"ListItem\",\"position\":3,\"name\":\"SHARK Flexstyle Complete Set S\u00e8che-cheveux Champagne\"}]},{\"@type\":\"WebSite\",\"@id\":\"https:\/\/www.erresse-shop.it\/fr\/#website\",\"url\":\"https:\/\/www.erresse-shop.it\/fr\/\",\"name\":\"Erresse Shop\",\"description\":\"Articoli di qualit\u00e0 per la casa\",\"potentialAction\":[{\"@type\":\"SearchAction\",\"target\":{\"@type\":\"EntryPoint\",\"urlTemplate\":\"https:\/\/www.erresse-shop.it\/fr\/?s={search_term_string}\"},\"query-input\":\"required name=search_term_string\"}],\"inLanguage\":\"fr-FR\"}]}<\/script>\n<!-- \/ Yoast SEO Premium plugin. -->","yoast_head_json":{"title":"SHARK Flexstyle Complete Set S\u00e8che-cheveux Champagne - Erresse Shop","description":"Tous les types de cheveux. Toutes les fa\u00e7ons d'\u00eatre. Pour tous les types de cheveux. Un s\u00e9chage puissant et rapide associ\u00e9 \u00e0 la polyvalence d'un appareil","robots":{"index":"index","follow":"follow","max-snippet":"max-snippet:-1","max-image-preview":"max-image-preview:large","max-video-preview":"max-video-preview:-1"},"canonical":"https:\/\/www.erresse-shop.it\/fr\/shop\/petits-electromenagers\/seche-cheveux-et-fers-a-lisser\/shark-flexstyle-complete-set-seche-cheveux-champagne\/","og_locale":"fr_FR","og_type":"article","og_title":"SHARK Flexstyle Complete Set S\u00e8che-cheveux Champagne","og_description":"Tous les types de cheveux. Toutes les fa\u00e7ons d'\u00eatre. Pour tous les types de cheveux. Un s\u00e9chage puissant et rapide associ\u00e9 \u00e0 la polyvalence d'un appareil","og_url":"https:\/\/www.erresse-shop.it\/fr\/shop\/petits-electromenagers\/seche-cheveux-et-fers-a-lisser\/shark-flexstyle-complete-set-seche-cheveux-champagne\/","og_site_name":"Erresse Shop","article_modified_time":"2024-07-16T00:00:14+00:00","og_image":[{"width":800,"height":800,"url":"https:\/\/www.erresse-shop.it\/wp-content\/uploads\/2024\/03\/SHARK-STYLER-ASCIUGACAPELLI-SHARK-FLEXSTYLE-COMP-SET-CHAMPAGNE-HD440SLEU.png","type":"image\/png"}],"twitter_card":"summary_large_image","schema":{"@context":"https:\/\/schema.org","@graph":[{"@type":"WebPage","@id":"https:\/\/www.erresse-shop.it\/fr\/shop\/petits-electromenagers\/seche-cheveux-et-fers-a-lisser\/shark-flexstyle-complete-set-seche-cheveux-champagne\/","url":"https:\/\/www.erresse-shop.it\/fr\/shop\/petits-electromenagers\/seche-cheveux-et-fers-a-lisser\/shark-flexstyle-complete-set-seche-cheveux-champagne\/","name":"SHARK Flexstyle Complete Set S\u00e8che-cheveux Champagne - Erresse Shop","isPartOf":{"@id":"https:\/\/www.erresse-shop.it\/fr\/#website"},"datePublished":"2024-03-19T10:07:56+00:00","dateModified":"2024-07-16T00:00:14+00:00","description":"Tous les types de cheveux. Toutes les fa\u00e7ons d'\u00eatre. Pour tous les types de cheveux. Un s\u00e9chage puissant et rapide associ\u00e9 \u00e0 la polyvalence d'un appareil","breadcrumb":{"@id":"https:\/\/www.erresse-shop.it\/fr\/shop\/petits-electromenagers\/seche-cheveux-et-fers-a-lisser\/shark-flexstyle-complete-set-seche-cheveux-champagne\/#breadcrumb"},"inLanguage":"fr-FR","potentialAction":[{"@type":"ReadAction","target":["https:\/\/www.erresse-shop.it\/fr\/shop\/petits-electromenagers\/seche-cheveux-et-fers-a-lisser\/shark-flexstyle-complete-set-seche-cheveux-champagne\/"]}]},{"@type":"BreadcrumbList","@id":"https:\/\/www.erresse-shop.it\/fr\/shop\/petits-electromenagers\/seche-cheveux-et-fers-a-lisser\/shark-flexstyle-complete-set-seche-cheveux-champagne\/#breadcrumb","itemListElement":[{"@type":"ListItem","position":1,"name":"Home","item":"https:\/\/www.erresse-shop.it\/fr\/"},{"@type":"ListItem","position":2,"name":"Shop","item":"https:\/\/www.erresse-shop.it\/fr\/shop\/"},{"@type":"ListItem","position":3,"name":"SHARK Flexstyle Complete Set S\u00e8che-cheveux Champagne"}]},{"@type":"WebSite","@id":"https:\/\/www.erresse-shop.it\/fr\/#website","url":"https:\/\/www.erresse-shop.it\/fr\/","name":"Erresse Shop","description":"Articoli di qualit\u00e0 per la casa","potentialAction":[{"@type":"SearchAction","target":{"@type":"EntryPoint","urlTemplate":"https:\/\/www.erresse-shop.it\/fr\/?s={search_term_string}"},"query-input":"required name=search_term_string"}],"inLanguage":"fr-FR"}]}},"df_price":299.99,"df_sale_price":299.99,"df_regular_price":299.99,"df_image_link":"https:\/\/www.erresse-shop.it\/wp-content\/uploads\/2024\/03\/SHARK-Flexstyle-Complete-Set-Asciugacapelli-Champagne-300x300.jpg","_links":{"self":[{"href":"https:\/\/www.erresse-shop.it\/fr\/wp-json\/wp\/v2\/product\/397974"}],"collection":[{"href":"https:\/\/www.erresse-shop.it\/fr\/wp-json\/wp\/v2\/product"}],"about":[{"href":"https:\/\/www.erresse-shop.it\/fr\/wp-json\/wp\/v2\/types\/product"}],"wp:featuredmedia":[{"embeddable":true,"href":"https:\/\/www.erresse-shop.it\/fr\/wp-json\/wp\/v2\/media\/460712"}],"wp:attachment":[{"href":"https:\/\/www.erresse-shop.it\/fr\/wp-json\/wp\/v2\/media?parent=397974"}],"wp:term":[{"taxonomy":"product_cat","embeddable":true,"href":"https:\/\/www.erresse-shop.it\/fr\/wp-json\/wp\/v2\/product_cat?post=397974"},{"taxonomy":"product_tag","embeddable":true,"href":"https:\/\/www.erresse-shop.it\/fr\/wp-json\/wp\/v2\/product_tag?post=397974"}],"curies":[{"name":"wp","href":"https:\/\/api.w.org\/{rel}","templated":true}]}}