{"id":397899,"date":"2024-03-19T09:08:48","date_gmt":"2024-03-19T09:08:54","guid":{"rendered":"https:\/\/www.erresse-shop.it\/?post_type=product&#038;p=397899"},"modified":"2024-03-26T08:42:58","modified_gmt":"2024-03-26T08:42:58","slug":"shark-aspirateur-sans-fil-wandvac","status":"publish","type":"product","link":"https:\/\/www.erresse-shop.it\/fr\/shop\/petits-electromenagers\/aspirateurs\/shark-aspirateur-sans-fil-wandvac\/","title":{"rendered":"SHARK Aspirateur sans fil Wandvac"},"content":{"rendered":"<p>Un outil de nettoyage puissant \u00e0 avoir toujours \u00e0 port\u00e9e de main.<br \/>\nShark red\u00e9finit le nettoyage rapide avec cet aspirateur sans fil l\u00e9ger et puissant. \u00c9quip\u00e9 d&#8217;un moteur \u00e0 haut rendement et d&#8217;une technologie de charge rapide.<br \/>\nIndispensable dans la cuisine ou la voiture pour aspirer facilement les miettes et les r\u00e9sidus de nourriture s\u00e8che sur les plans de travail et les tables. Gr\u00e2ce \u00e0 ses accessoires pratiques, il \u00e9limine sans effort la poussi\u00e8re et les poils d&#8217;animaux des tissus d&#8217;ameublement, des escaliers, des canap\u00e9s et des si\u00e8ges de voiture.<br \/>\nLa base de chargement fine et \u00e9l\u00e9gante reste sur le plan de travail, pour que l&#8217;appareil soit toujours pr\u00eat \u00e0 l&#8217;emploi quand vous en avez besoin.<br \/>\nMince, \u00e9l\u00e9gant et avec un design qui en jette. Shark red\u00e9finit le nettoyage des espaces avec cet aspirateur sans fil l\u00e9ger et puissant.<br \/>\nPour un nettoyage rapide, nos ing\u00e9nieurs ont d\u00e9velopp\u00e9 cet aspirateur compact et l\u00e9ger avec un moteur \u00e0 haut rendement pour une aspiration exceptionnelle.<br \/>\nToujours pr\u00eat quand vous en avez besoin. Gardez la base de chargement rapide sur le plan de travail pour que l&#8217;appareil soit toujours pr\u00eat \u00e0 l&#8217;emploi. Il se recharge lorsqu&#8217;il est branch\u00e9 sur sa base, il est donc toujours pr\u00eat \u00e0 l&#8217;emploi. Jusqu&#8217;\u00e0 8 minutes d&#8217;autonomie par charge.<\/p>\n<p>Dans la cuisine, aspirez les miettes et les r\u00e9sidus de nourriture s\u00e8che sur les plans de travail et les tables en quelques secondes. Le suceur plat et l&#8217;accessoire pour poils d&#8217;animaux inclus sont parfaits pour aspirer les poils d&#8217;animaux sur les canap\u00e9s, rafra\u00eechir les tissus d&#8217;ameublement et les rideaux et \u00e9liminer les miettes g\u00eanantes dans l&#8217;habitacle des voitures. Il est donc id\u00e9al pour les familles avec enfants et animaux domestiques.<\/p>\n<p>Con\u00e7u pour votre confort, le r\u00e9servoir de collecte de la poussi\u00e8re s&#8217;ouvre d&#8217;une simple pression. La technologie de filtrage est con\u00e7ue pour capturer la poussi\u00e8re et les particules.<\/p>\n<p><b><strong>Fiche technique :<\/strong><\/b><\/p>\n<p>Couleur Gris<\/p>\n<p>Poids du produit 1,3 kg<\/p>\n<p>Garantie 2 ans<\/p>\n<p>Filtre lavable<\/p>\n<p>Autonomie 8 minutes<\/p>\n<p><b><strong>Contenu de la bo\u00eete<\/strong><\/b><\/p>\n<p>1 Aspirateur sans fil<\/p>\n<p>1 batterie lithium-ion<\/p>\n<p>Socle de chargement<\/p>\n<p>Fiche de charge BS<\/p>\n<p>Suceur plat avec brosse int\u00e9gr\u00e9e<\/p>\n<p>Accessoire polyvalent pour animaux de compagnie<\/p>\n<p><b><u><strong>Non disponible \u00e0 la vente en dehors de l&#8217;Europe<\/strong><\/u><\/b><\/p>\n","protected":false},"excerpt":{"rendered":"<p><br data-mce-bogus=\"1\"><\/p>\n","protected":false},"featured_media":501928,"template":"","meta":{"_acf_changed":false,"inline_featured_image":false},"product_cat":[23770,12449],"product_tag":[],"acf":[],"yoast_head":"<!-- This site is optimized with the Yoast SEO Premium plugin v18.6 (Yoast SEO v19.13) - https:\/\/yoast.com\/wordpress\/plugins\/seo\/ -->\n<title>SHARK Aspirateur sans fil Wandvac - Erresse Shop<\/title>\n<meta name=\"robots\" content=\"index, follow, max-snippet:-1, max-image-preview:large, max-video-preview:-1\" \/>\n<link rel=\"canonical\" href=\"https:\/\/www.erresse-shop.it\/fr\/shop\/petits-electromenagers\/aspirateurs\/shark-aspirateur-sans-fil-wandvac\/\" \/>\n<meta property=\"og:locale\" content=\"fr_FR\" \/>\n<meta property=\"og:type\" content=\"article\" \/>\n<meta property=\"og:title\" content=\"SHARK Aspirateur sans fil Wandvac\" \/>\n<meta property=\"og:url\" content=\"https:\/\/www.erresse-shop.it\/fr\/shop\/petits-electromenagers\/aspirateurs\/shark-aspirateur-sans-fil-wandvac\/\" \/>\n<meta property=\"og:site_name\" content=\"Erresse Shop\" \/>\n<meta property=\"article:modified_time\" content=\"2024-03-26T08:42:58+00:00\" \/>\n<meta property=\"og:image\" content=\"https:\/\/www.erresse-shop.it\/wp-content\/uploads\/2024\/03\/SHARK-ASPIRABRICIOLE-SENZA-FILO-SHARK-WANDVAC-1.0-WV200EU.png\" \/>\n\t<meta property=\"og:image:width\" content=\"800\" \/>\n\t<meta property=\"og:image:height\" content=\"800\" \/>\n\t<meta property=\"og:image:type\" content=\"image\/png\" \/>\n<meta name=\"twitter:card\" content=\"summary_large_image\" \/>\n<script type=\"application\/ld+json\" class=\"yoast-schema-graph\">{\"@context\":\"https:\/\/schema.org\",\"@graph\":[{\"@type\":\"WebPage\",\"@id\":\"https:\/\/www.erresse-shop.it\/fr\/shop\/petits-electromenagers\/aspirateurs\/shark-aspirateur-sans-fil-wandvac\/\",\"url\":\"https:\/\/www.erresse-shop.it\/fr\/shop\/petits-electromenagers\/aspirateurs\/shark-aspirateur-sans-fil-wandvac\/\",\"name\":\"SHARK Aspirateur sans fil Wandvac - Erresse Shop\",\"isPartOf\":{\"@id\":\"https:\/\/www.erresse-shop.it\/fr\/#website\"},\"datePublished\":\"2024-03-19T09:08:54+00:00\",\"dateModified\":\"2024-03-26T08:42:58+00:00\",\"breadcrumb\":{\"@id\":\"https:\/\/www.erresse-shop.it\/fr\/shop\/petits-electromenagers\/aspirateurs\/shark-aspirateur-sans-fil-wandvac\/#breadcrumb\"},\"inLanguage\":\"fr-FR\",\"potentialAction\":[{\"@type\":\"ReadAction\",\"target\":[\"https:\/\/www.erresse-shop.it\/fr\/shop\/petits-electromenagers\/aspirateurs\/shark-aspirateur-sans-fil-wandvac\/\"]}]},{\"@type\":\"BreadcrumbList\",\"@id\":\"https:\/\/www.erresse-shop.it\/fr\/shop\/petits-electromenagers\/aspirateurs\/shark-aspirateur-sans-fil-wandvac\/#breadcrumb\",\"itemListElement\":[{\"@type\":\"ListItem\",\"position\":1,\"name\":\"Home\",\"item\":\"https:\/\/www.erresse-shop.it\/fr\/\"},{\"@type\":\"ListItem\",\"position\":2,\"name\":\"Shop\",\"item\":\"https:\/\/www.erresse-shop.it\/fr\/shop\/\"},{\"@type\":\"ListItem\",\"position\":3,\"name\":\"SHARK Aspirateur sans fil Wandvac\"}]},{\"@type\":\"WebSite\",\"@id\":\"https:\/\/www.erresse-shop.it\/fr\/#website\",\"url\":\"https:\/\/www.erresse-shop.it\/fr\/\",\"name\":\"Erresse Shop\",\"description\":\"Articoli di qualit\u00e0 per la casa\",\"potentialAction\":[{\"@type\":\"SearchAction\",\"target\":{\"@type\":\"EntryPoint\",\"urlTemplate\":\"https:\/\/www.erresse-shop.it\/fr\/?s={search_term_string}\"},\"query-input\":\"required name=search_term_string\"}],\"inLanguage\":\"fr-FR\"}]}<\/script>\n<!-- \/ Yoast SEO Premium plugin. -->","yoast_head_json":{"title":"SHARK Aspirateur sans fil Wandvac - Erresse Shop","robots":{"index":"index","follow":"follow","max-snippet":"max-snippet:-1","max-image-preview":"max-image-preview:large","max-video-preview":"max-video-preview:-1"},"canonical":"https:\/\/www.erresse-shop.it\/fr\/shop\/petits-electromenagers\/aspirateurs\/shark-aspirateur-sans-fil-wandvac\/","og_locale":"fr_FR","og_type":"article","og_title":"SHARK Aspirateur sans fil Wandvac","og_url":"https:\/\/www.erresse-shop.it\/fr\/shop\/petits-electromenagers\/aspirateurs\/shark-aspirateur-sans-fil-wandvac\/","og_site_name":"Erresse Shop","article_modified_time":"2024-03-26T08:42:58+00:00","og_image":[{"width":800,"height":800,"url":"https:\/\/www.erresse-shop.it\/wp-content\/uploads\/2024\/03\/SHARK-ASPIRABRICIOLE-SENZA-FILO-SHARK-WANDVAC-1.0-WV200EU.png","type":"image\/png"}],"twitter_card":"summary_large_image","schema":{"@context":"https:\/\/schema.org","@graph":[{"@type":"WebPage","@id":"https:\/\/www.erresse-shop.it\/fr\/shop\/petits-electromenagers\/aspirateurs\/shark-aspirateur-sans-fil-wandvac\/","url":"https:\/\/www.erresse-shop.it\/fr\/shop\/petits-electromenagers\/aspirateurs\/shark-aspirateur-sans-fil-wandvac\/","name":"SHARK Aspirateur sans fil Wandvac - Erresse Shop","isPartOf":{"@id":"https:\/\/www.erresse-shop.it\/fr\/#website"},"datePublished":"2024-03-19T09:08:54+00:00","dateModified":"2024-03-26T08:42:58+00:00","breadcrumb":{"@id":"https:\/\/www.erresse-shop.it\/fr\/shop\/petits-electromenagers\/aspirateurs\/shark-aspirateur-sans-fil-wandvac\/#breadcrumb"},"inLanguage":"fr-FR","potentialAction":[{"@type":"ReadAction","target":["https:\/\/www.erresse-shop.it\/fr\/shop\/petits-electromenagers\/aspirateurs\/shark-aspirateur-sans-fil-wandvac\/"]}]},{"@type":"BreadcrumbList","@id":"https:\/\/www.erresse-shop.it\/fr\/shop\/petits-electromenagers\/aspirateurs\/shark-aspirateur-sans-fil-wandvac\/#breadcrumb","itemListElement":[{"@type":"ListItem","position":1,"name":"Home","item":"https:\/\/www.erresse-shop.it\/fr\/"},{"@type":"ListItem","position":2,"name":"Shop","item":"https:\/\/www.erresse-shop.it\/fr\/shop\/"},{"@type":"ListItem","position":3,"name":"SHARK Aspirateur sans fil Wandvac"}]},{"@type":"WebSite","@id":"https:\/\/www.erresse-shop.it\/fr\/#website","url":"https:\/\/www.erresse-shop.it\/fr\/","name":"Erresse Shop","description":"Articoli di qualit\u00e0 per la casa","potentialAction":[{"@type":"SearchAction","target":{"@type":"EntryPoint","urlTemplate":"https:\/\/www.erresse-shop.it\/fr\/?s={search_term_string}"},"query-input":"required name=search_term_string"}],"inLanguage":"fr-FR"}]}},"df_price":129.99,"df_sale_price":129.99,"df_regular_price":129.99,"df_image_link":"https:\/\/www.erresse-shop.it\/wp-content\/uploads\/2024\/03\/SHARK-Aspirabriciole-Wandvac-300x300.jpg","_links":{"self":[{"href":"https:\/\/www.erresse-shop.it\/fr\/wp-json\/wp\/v2\/product\/397899"}],"collection":[{"href":"https:\/\/www.erresse-shop.it\/fr\/wp-json\/wp\/v2\/product"}],"about":[{"href":"https:\/\/www.erresse-shop.it\/fr\/wp-json\/wp\/v2\/types\/product"}],"wp:featuredmedia":[{"embeddable":true,"href":"https:\/\/www.erresse-shop.it\/fr\/wp-json\/wp\/v2\/media\/501928"}],"wp:attachment":[{"href":"https:\/\/www.erresse-shop.it\/fr\/wp-json\/wp\/v2\/media?parent=397899"}],"wp:term":[{"taxonomy":"product_cat","embeddable":true,"href":"https:\/\/www.erresse-shop.it\/fr\/wp-json\/wp\/v2\/product_cat?post=397899"},{"taxonomy":"product_tag","embeddable":true,"href":"https:\/\/www.erresse-shop.it\/fr\/wp-json\/wp\/v2\/product_tag?post=397899"}],"curies":[{"name":"wp","href":"https:\/\/api.w.org\/{rel}","templated":true}]}}