{"id":397874,"date":"2024-03-19T08:48:59","date_gmt":"2024-03-19T08:49:05","guid":{"rendered":"https:\/\/www.erresse-shop.it\/?post_type=product&#038;p=397874"},"modified":"2024-08-21T00:00:09","modified_gmt":"2024-08-21T00:00:09","slug":"shark-aspirateur-sans-fil-detect-pro-avec-vidange-automatique","status":"publish","type":"product","link":"https:\/\/www.erresse-shop.it\/fr\/shop\/petits-electromenagers\/aspirateurs\/shark-aspirateur-sans-fil-detect-pro-avec-vidange-automatique\/","title":{"rendered":"SHARK Aspirateur sans fil Detect Pro avec vidange automatique"},"content":{"rendered":"<p>Voici Detect Pro, la gamme de balais \u00e9lectriques la plus intelligente de Shark.<\/p>\n<p>Le balai \u00e9lectrique l\u00e9ger sans fil pour un nettoyage en profondeur qui se vide automatiquement.<\/p>\n<p>La grande base \u00e0 vidange automatique retient la salet\u00e9 et les d\u00e9bris jusqu&#8217;\u00e0 45 jours.<\/p>\n<p>Ramasse jusqu&#8217;\u00e0 50 % de salet\u00e9 en plus*.<\/p>\n<p>S&#8217;attaque aux salet\u00e9s les plus tenaces<\/p>\n<p>25% plus l\u00e9ger**<\/p>\n<p>Nettoie en profondeur les tapis et les sols gr\u00e2ce \u00e0 la technologie de la t\u00eate anti-poils.<\/p>\n<p>Le manche flexible se plie pour nettoyer les coins les plus difficiles \u00e0 atteindre.<\/p>\n<p><b><strong>Il ramasse jusqu&#8217;\u00e0 50 % de salet\u00e9 en plus :<\/strong><\/b><\/p>\n<p>Les 4 technologies de nettoyage en profondeur d\u00e9tectent et r\u00e9agissent en fonction de l&#8217;environnement, d\u00e9terrant la salet\u00e9 cach\u00e9e dans votre maison :<\/p>\n<p>DirtDetect : d\u00e9tecte les salet\u00e9s invisibles et augmente automatiquement la puissance d&#8217;aspiration pour un nettoyage en profondeur des tapis.<\/p>\n<p>EdgeDetect : d\u00e9tecte les bords et double la puissance d&#8217;aspiration pour un nettoyage parfait des bords et des coins.<\/p>\n<p>FloorDetect : d\u00e9tecte automatiquement le type de sol et optimise les performances en doublant la vitesse de la brosse pour un nettoyage en profondeur des moquettes.<\/p>\n<p>LightDetect : fonctionne dans les zones peu \u00e9clair\u00e9es en illuminant automatiquement les d\u00e9bris et les salet\u00e9s cach\u00e9es.<br \/>\nIl se vide et se remplit \u00e0 la fin de chaque nettoyage :<br \/>\nLa grande base sans sac de 2 litres \u00e0 vidange automatique retient la salet\u00e9 et les d\u00e9bris jusqu&#8217;\u00e0 45 jours. Il suffit de fixer le balai \u00e9lectrique sur la base \u00e0 la fin de chaque cycle de nettoyage pour qu&#8217;elle se vide automatiquement.<br \/>\nLe joint complet anti-allerg\u00e8nes capture 99,9 % de la poussi\u00e8re, des allerg\u00e8nes et des irritants2 en les emprisonnant dans la base sans les rel\u00e2cher dans la maison. La technologie anti-odeurs emp\u00eache la formation d&#8217;odeurs d\u00e9sagr\u00e9ables \u00e0 l&#8217;int\u00e9rieur de la base, pour une maison qui sent toujours bon.<br \/>\nJusqu&#8217;\u00e0 60 minutes d&#8217;autonomie3 : l&#8217;appareil se recharge lorsqu&#8217;il est pos\u00e9 sur la base, toujours pr\u00eat \u00e0 intervenir en cas de besoin. Il n&#8217;est pas connect\u00e9 \u00e0 une station de charge fixe et il n&#8217;est pas n\u00e9cessaire de fixer la base au mur, ce qui vous permet de le d\u00e9placer facilement n&#8217;importe o\u00f9.<\/p>\n<p><b><strong>Nettoyage en profondeur des tapis et des sols :<\/strong><\/b><\/p>\n<p>La brosse multi-surfaces QuadClean nettoie en profondeur tous les types de sols, sans qu&#8217;il soit n\u00e9cessaire de la remplacer.<\/p>\n<p>Sa conception exceptionnelle comprend un capot avant sur\u00e9lev\u00e9 pour s&#8217;attaquer aux grandes quantit\u00e9s de d\u00e9bris, des bavettes de tapis pour soulever les d\u00e9bris et les poils d&#8217;animaux coinc\u00e9s, un mouvement en profondeur pour extraire les particules de salet\u00e9 les plus fines et des microfibres douces pour capturer la poussi\u00e8re.<\/p>\n<p>La technologie Anti Hair Wrap permet de retirer les cheveux et les poils de la brosse pendant le nettoyage, \u00e9vitant ainsi les enchev\u00eatrements g\u00eanants &#8211; id\u00e9al pour les propri\u00e9taires d&#8217;animaux domestiques.<\/p>\n<p><b><strong>Des performances puissantes pour un poids r\u00e9duit de 25 % :<\/strong><\/b><\/p>\n<p>Le moteur turbo compact offre de puissantes performances de nettoyage dans un balai \u00e9lectrique sans fil l\u00e9ger et autovideur.<\/p>\n<p>L&#8217;\u00e9cran LED indique en temps r\u00e9el l&#8217;\u00e9tat de la batterie, la d\u00e9tection de la salet\u00e9 et le mode de fonctionnement.<\/p>\n<p><b><strong>Nettoyage de toute la maison :<\/strong><\/b><\/p>\n<p>Le manche Flexology est pliable, ce qui vous \u00e9vite de vous pencher et vous permet de nettoyer facilement sous les meubles bas.<\/p>\n<p>Pas seulement pour les sols : d\u00e9crochez l&#8217;aspirateur pour nettoyer facilement les escaliers, les tissus d&#8217;ameublement, l&#8217;int\u00e9rieur des voitures et les endroits difficiles d&#8217;acc\u00e8s gr\u00e2ce au suceur plat.<\/p>\n<p><b><strong>Garantie Shark :<\/strong><\/b><\/p>\n<p>Shark offre une garantie de 5 ans (2 ans pour les batteries) pour un nettoyage en toute s\u00e9curit\u00e9.<\/p>\n<p><b><u><strong>Non disponible \u00e0 la vente en dehors de l&#8217;Europe<\/strong><\/u><\/b><\/p>\n","protected":false},"excerpt":{"rendered":"<p><br data-mce-bogus=\"1\"><\/p>\n","protected":false},"featured_media":520244,"template":"","meta":{"_acf_changed":false,"inline_featured_image":false},"product_cat":[23770,12449],"product_tag":[23774],"acf":[],"yoast_head":"<!-- This site is optimized with the Yoast SEO Premium plugin v18.6 (Yoast SEO v19.13) - https:\/\/yoast.com\/wordpress\/plugins\/seo\/ -->\n<title>SHARK Aspirateur sans fil Detect Pro avec vidange automatique - Erresse Shop<\/title>\n<meta name=\"robots\" content=\"index, follow, max-snippet:-1, max-image-preview:large, max-video-preview:-1\" \/>\n<link rel=\"canonical\" href=\"https:\/\/www.erresse-shop.it\/fr\/shop\/petits-electromenagers\/aspirateurs\/shark-aspirateur-sans-fil-detect-pro-avec-vidange-automatique\/\" \/>\n<meta property=\"og:locale\" content=\"fr_FR\" \/>\n<meta property=\"og:type\" content=\"article\" \/>\n<meta property=\"og:title\" content=\"SHARK Aspirateur sans fil Detect Pro avec vidange automatique\" \/>\n<meta property=\"og:url\" content=\"https:\/\/www.erresse-shop.it\/fr\/shop\/petits-electromenagers\/aspirateurs\/shark-aspirateur-sans-fil-detect-pro-avec-vidange-automatique\/\" \/>\n<meta property=\"og:site_name\" content=\"Erresse Shop\" \/>\n<meta property=\"article:modified_time\" content=\"2024-08-21T00:00:09+00:00\" \/>\n<meta property=\"og:image\" content=\"https:\/\/www.erresse-shop.it\/wp-content\/uploads\/2024\/03\/SHARK-ASPIRAPOLVERE-SENZA-FILO-SHARK-DETECT-PRO-IW1611EU.png\" \/>\n\t<meta property=\"og:image:width\" content=\"800\" \/>\n\t<meta property=\"og:image:height\" content=\"800\" \/>\n\t<meta property=\"og:image:type\" content=\"image\/png\" \/>\n<meta name=\"twitter:card\" content=\"summary_large_image\" \/>\n<script type=\"application\/ld+json\" class=\"yoast-schema-graph\">{\"@context\":\"https:\/\/schema.org\",\"@graph\":[{\"@type\":\"WebPage\",\"@id\":\"https:\/\/www.erresse-shop.it\/fr\/shop\/petits-electromenagers\/aspirateurs\/shark-aspirateur-sans-fil-detect-pro-avec-vidange-automatique\/\",\"url\":\"https:\/\/www.erresse-shop.it\/fr\/shop\/petits-electromenagers\/aspirateurs\/shark-aspirateur-sans-fil-detect-pro-avec-vidange-automatique\/\",\"name\":\"SHARK Aspirateur sans fil Detect Pro avec vidange automatique - Erresse Shop\",\"isPartOf\":{\"@id\":\"https:\/\/www.erresse-shop.it\/fr\/#website\"},\"datePublished\":\"2024-03-19T08:49:05+00:00\",\"dateModified\":\"2024-08-21T00:00:09+00:00\",\"breadcrumb\":{\"@id\":\"https:\/\/www.erresse-shop.it\/fr\/shop\/petits-electromenagers\/aspirateurs\/shark-aspirateur-sans-fil-detect-pro-avec-vidange-automatique\/#breadcrumb\"},\"inLanguage\":\"fr-FR\",\"potentialAction\":[{\"@type\":\"ReadAction\",\"target\":[\"https:\/\/www.erresse-shop.it\/fr\/shop\/petits-electromenagers\/aspirateurs\/shark-aspirateur-sans-fil-detect-pro-avec-vidange-automatique\/\"]}]},{\"@type\":\"BreadcrumbList\",\"@id\":\"https:\/\/www.erresse-shop.it\/fr\/shop\/petits-electromenagers\/aspirateurs\/shark-aspirateur-sans-fil-detect-pro-avec-vidange-automatique\/#breadcrumb\",\"itemListElement\":[{\"@type\":\"ListItem\",\"position\":1,\"name\":\"Home\",\"item\":\"https:\/\/www.erresse-shop.it\/fr\/\"},{\"@type\":\"ListItem\",\"position\":2,\"name\":\"Shop\",\"item\":\"https:\/\/www.erresse-shop.it\/fr\/shop\/\"},{\"@type\":\"ListItem\",\"position\":3,\"name\":\"SHARK Aspirateur sans fil Detect Pro avec vidange automatique\"}]},{\"@type\":\"WebSite\",\"@id\":\"https:\/\/www.erresse-shop.it\/fr\/#website\",\"url\":\"https:\/\/www.erresse-shop.it\/fr\/\",\"name\":\"Erresse Shop\",\"description\":\"Articoli di qualit\u00e0 per la casa\",\"potentialAction\":[{\"@type\":\"SearchAction\",\"target\":{\"@type\":\"EntryPoint\",\"urlTemplate\":\"https:\/\/www.erresse-shop.it\/fr\/?s={search_term_string}\"},\"query-input\":\"required name=search_term_string\"}],\"inLanguage\":\"fr-FR\"}]}<\/script>\n<!-- \/ Yoast SEO Premium plugin. -->","yoast_head_json":{"title":"SHARK Aspirateur sans fil Detect Pro avec vidange automatique - Erresse Shop","robots":{"index":"index","follow":"follow","max-snippet":"max-snippet:-1","max-image-preview":"max-image-preview:large","max-video-preview":"max-video-preview:-1"},"canonical":"https:\/\/www.erresse-shop.it\/fr\/shop\/petits-electromenagers\/aspirateurs\/shark-aspirateur-sans-fil-detect-pro-avec-vidange-automatique\/","og_locale":"fr_FR","og_type":"article","og_title":"SHARK Aspirateur sans fil Detect Pro avec vidange automatique","og_url":"https:\/\/www.erresse-shop.it\/fr\/shop\/petits-electromenagers\/aspirateurs\/shark-aspirateur-sans-fil-detect-pro-avec-vidange-automatique\/","og_site_name":"Erresse Shop","article_modified_time":"2024-08-21T00:00:09+00:00","og_image":[{"width":800,"height":800,"url":"https:\/\/www.erresse-shop.it\/wp-content\/uploads\/2024\/03\/SHARK-ASPIRAPOLVERE-SENZA-FILO-SHARK-DETECT-PRO-IW1611EU.png","type":"image\/png"}],"twitter_card":"summary_large_image","schema":{"@context":"https:\/\/schema.org","@graph":[{"@type":"WebPage","@id":"https:\/\/www.erresse-shop.it\/fr\/shop\/petits-electromenagers\/aspirateurs\/shark-aspirateur-sans-fil-detect-pro-avec-vidange-automatique\/","url":"https:\/\/www.erresse-shop.it\/fr\/shop\/petits-electromenagers\/aspirateurs\/shark-aspirateur-sans-fil-detect-pro-avec-vidange-automatique\/","name":"SHARK Aspirateur sans fil Detect Pro avec vidange automatique - Erresse Shop","isPartOf":{"@id":"https:\/\/www.erresse-shop.it\/fr\/#website"},"datePublished":"2024-03-19T08:49:05+00:00","dateModified":"2024-08-21T00:00:09+00:00","breadcrumb":{"@id":"https:\/\/www.erresse-shop.it\/fr\/shop\/petits-electromenagers\/aspirateurs\/shark-aspirateur-sans-fil-detect-pro-avec-vidange-automatique\/#breadcrumb"},"inLanguage":"fr-FR","potentialAction":[{"@type":"ReadAction","target":["https:\/\/www.erresse-shop.it\/fr\/shop\/petits-electromenagers\/aspirateurs\/shark-aspirateur-sans-fil-detect-pro-avec-vidange-automatique\/"]}]},{"@type":"BreadcrumbList","@id":"https:\/\/www.erresse-shop.it\/fr\/shop\/petits-electromenagers\/aspirateurs\/shark-aspirateur-sans-fil-detect-pro-avec-vidange-automatique\/#breadcrumb","itemListElement":[{"@type":"ListItem","position":1,"name":"Home","item":"https:\/\/www.erresse-shop.it\/fr\/"},{"@type":"ListItem","position":2,"name":"Shop","item":"https:\/\/www.erresse-shop.it\/fr\/shop\/"},{"@type":"ListItem","position":3,"name":"SHARK Aspirateur sans fil Detect Pro avec vidange automatique"}]},{"@type":"WebSite","@id":"https:\/\/www.erresse-shop.it\/fr\/#website","url":"https:\/\/www.erresse-shop.it\/fr\/","name":"Erresse Shop","description":"Articoli di qualit\u00e0 per la casa","potentialAction":[{"@type":"SearchAction","target":{"@type":"EntryPoint","urlTemplate":"https:\/\/www.erresse-shop.it\/fr\/?s={search_term_string}"},"query-input":"required name=search_term_string"}],"inLanguage":"fr-FR"}]}},"df_price":399.99,"df_sale_price":399.99,"df_regular_price":399.99,"df_image_link":"https:\/\/www.erresse-shop.it\/wp-content\/uploads\/2024\/03\/SHARK-Aspirapolvere-IW3611EU-300x300.jpg","_links":{"self":[{"href":"https:\/\/www.erresse-shop.it\/fr\/wp-json\/wp\/v2\/product\/397874"}],"collection":[{"href":"https:\/\/www.erresse-shop.it\/fr\/wp-json\/wp\/v2\/product"}],"about":[{"href":"https:\/\/www.erresse-shop.it\/fr\/wp-json\/wp\/v2\/types\/product"}],"wp:featuredmedia":[{"embeddable":true,"href":"https:\/\/www.erresse-shop.it\/fr\/wp-json\/wp\/v2\/media\/520244"}],"wp:attachment":[{"href":"https:\/\/www.erresse-shop.it\/fr\/wp-json\/wp\/v2\/media?parent=397874"}],"wp:term":[{"taxonomy":"product_cat","embeddable":true,"href":"https:\/\/www.erresse-shop.it\/fr\/wp-json\/wp\/v2\/product_cat?post=397874"},{"taxonomy":"product_tag","embeddable":true,"href":"https:\/\/www.erresse-shop.it\/fr\/wp-json\/wp\/v2\/product_tag?post=397874"}],"curies":[{"name":"wp","href":"https:\/\/api.w.org\/{rel}","templated":true}]}}