{"id":397801,"date":"2024-03-19T07:25:11","date_gmt":"2024-03-19T07:25:17","guid":{"rendered":"https:\/\/www.erresse-shop.it\/?post_type=product&#038;p=397801"},"modified":"2025-05-08T15:40:06","modified_gmt":"2025-05-08T15:40:06","slug":"ninja-coffret-barbecue-electrique-woodfire","status":"publish","type":"product","link":"https:\/\/www.erresse-shop.it\/fr\/shop\/petits-electromenagers\/grilles-et-barbecues\/ninja-coffret-barbecue-electrique-woodfire\/","title":{"rendered":"NINJA Coffret barbecue \u00e9lectrique Woodfire"},"content":{"rendered":"<p>Augmentez la protection de votre barbecue \u00e9lectrique Ninja Woodfire avec cet \u00e9tui pour qu&#8217;il reste au mieux de sa forme.<\/p>\n<p>Tissu anti-d\u00e9coloration : trait\u00e9 avec des inhibiteurs d&#8217;UV pour bloquer les rayons du soleil.<\/p>\n<p>R\u00e9sistant \u00e0 l&#8217;eau : mat\u00e9riau l\u00e9ger qui prot\u00e8ge contre les intemp\u00e9ries<\/p>\n<p>Fermeture parfaite : un cordon \u00e9lastique maintient la housse bien en place<\/p>\n<p><u><strong>Non disponible \u00e0 la vente en dehors de l&#8217;Europe<\/strong><\/u><\/p>\n","protected":false},"excerpt":{"rendered":"<p>Augmentez la protection de votre barbecue \u00e9lectrique Ninja Woodfire avec cet \u00e9tui pour qu&#8217;il reste au mieux de sa forme.<\/p>\n","protected":false},"featured_media":492517,"template":"","meta":{"_acf_changed":false,"inline_featured_image":false},"product_cat":[13383,12449],"product_tag":[17107],"acf":[],"yoast_head":"<!-- This site is optimized with the Yoast SEO Premium plugin v18.6 (Yoast SEO v19.13) - https:\/\/yoast.com\/wordpress\/plugins\/seo\/ -->\n<title>NINJA Coffret barbecue \u00e9lectrique Woodfire - Erresse Shop<\/title>\n<meta name=\"description\" content=\"Augmentez la protection de votre barbecue \u00e9lectrique Ninja Woodfire avec cet \u00e9tui pour qu&#039;il reste au mieux de sa forme. Tissu anti-d\u00e9coloration : trait\u00e9\" \/>\n<meta name=\"robots\" content=\"index, follow, max-snippet:-1, max-image-preview:large, max-video-preview:-1\" \/>\n<link rel=\"canonical\" href=\"https:\/\/www.erresse-shop.it\/fr\/shop\/petits-electromenagers\/grilles-et-barbecues\/ninja-coffret-barbecue-electrique-woodfire\/\" \/>\n<meta property=\"og:locale\" content=\"fr_FR\" \/>\n<meta property=\"og:type\" content=\"article\" \/>\n<meta property=\"og:title\" content=\"NINJA Coffret barbecue \u00e9lectrique Woodfire\" \/>\n<meta property=\"og:description\" content=\"Augmentez la protection de votre barbecue \u00e9lectrique Ninja Woodfire avec cet \u00e9tui pour qu&#039;il reste au mieux de sa forme. Tissu anti-d\u00e9coloration : trait\u00e9\" \/>\n<meta property=\"og:url\" content=\"https:\/\/www.erresse-shop.it\/fr\/shop\/petits-electromenagers\/grilles-et-barbecues\/ninja-coffret-barbecue-electrique-woodfire\/\" \/>\n<meta property=\"og:site_name\" content=\"Erresse Shop\" \/>\n<meta property=\"article:modified_time\" content=\"2025-05-08T15:40:06+00:00\" \/>\n<meta property=\"og:image\" content=\"https:\/\/www.erresse-shop.it\/wp-content\/uploads\/2024\/03\/NINJA-CUSTODIA-PER-BARBECUE-ELETTRICO-NINJA-WOODFIRE-XSKCOVEREUUK.png\" \/>\n\t<meta property=\"og:image:width\" content=\"800\" \/>\n\t<meta property=\"og:image:height\" content=\"800\" \/>\n\t<meta property=\"og:image:type\" content=\"image\/png\" \/>\n<meta name=\"twitter:card\" content=\"summary_large_image\" \/>\n<script type=\"application\/ld+json\" class=\"yoast-schema-graph\">{\"@context\":\"https:\/\/schema.org\",\"@graph\":[{\"@type\":\"WebPage\",\"@id\":\"https:\/\/www.erresse-shop.it\/fr\/shop\/petits-electromenagers\/grilles-et-barbecues\/ninja-coffret-barbecue-electrique-woodfire\/\",\"url\":\"https:\/\/www.erresse-shop.it\/fr\/shop\/petits-electromenagers\/grilles-et-barbecues\/ninja-coffret-barbecue-electrique-woodfire\/\",\"name\":\"NINJA Coffret barbecue \u00e9lectrique Woodfire - Erresse Shop\",\"isPartOf\":{\"@id\":\"https:\/\/www.erresse-shop.it\/fr\/#website\"},\"datePublished\":\"2024-03-19T07:25:17+00:00\",\"dateModified\":\"2025-05-08T15:40:06+00:00\",\"description\":\"Augmentez la protection de votre barbecue \u00e9lectrique Ninja Woodfire avec cet \u00e9tui pour qu'il reste au mieux de sa forme. Tissu anti-d\u00e9coloration : trait\u00e9\",\"breadcrumb\":{\"@id\":\"https:\/\/www.erresse-shop.it\/fr\/shop\/petits-electromenagers\/grilles-et-barbecues\/ninja-coffret-barbecue-electrique-woodfire\/#breadcrumb\"},\"inLanguage\":\"fr-FR\",\"potentialAction\":[{\"@type\":\"ReadAction\",\"target\":[\"https:\/\/www.erresse-shop.it\/fr\/shop\/petits-electromenagers\/grilles-et-barbecues\/ninja-coffret-barbecue-electrique-woodfire\/\"]}]},{\"@type\":\"BreadcrumbList\",\"@id\":\"https:\/\/www.erresse-shop.it\/fr\/shop\/petits-electromenagers\/grilles-et-barbecues\/ninja-coffret-barbecue-electrique-woodfire\/#breadcrumb\",\"itemListElement\":[{\"@type\":\"ListItem\",\"position\":1,\"name\":\"Home\",\"item\":\"https:\/\/www.erresse-shop.it\/fr\/\"},{\"@type\":\"ListItem\",\"position\":2,\"name\":\"Shop\",\"item\":\"https:\/\/www.erresse-shop.it\/fr\/shop\/\"},{\"@type\":\"ListItem\",\"position\":3,\"name\":\"NINJA Coffret barbecue \u00e9lectrique Woodfire\"}]},{\"@type\":\"WebSite\",\"@id\":\"https:\/\/www.erresse-shop.it\/fr\/#website\",\"url\":\"https:\/\/www.erresse-shop.it\/fr\/\",\"name\":\"Erresse Shop\",\"description\":\"Articoli di qualit\u00e0 per la casa\",\"potentialAction\":[{\"@type\":\"SearchAction\",\"target\":{\"@type\":\"EntryPoint\",\"urlTemplate\":\"https:\/\/www.erresse-shop.it\/fr\/?s={search_term_string}\"},\"query-input\":\"required name=search_term_string\"}],\"inLanguage\":\"fr-FR\"}]}<\/script>\n<!-- \/ Yoast SEO Premium plugin. -->","yoast_head_json":{"title":"NINJA Coffret barbecue \u00e9lectrique Woodfire - Erresse Shop","description":"Augmentez la protection de votre barbecue \u00e9lectrique Ninja Woodfire avec cet \u00e9tui pour qu'il reste au mieux de sa forme. Tissu anti-d\u00e9coloration : trait\u00e9","robots":{"index":"index","follow":"follow","max-snippet":"max-snippet:-1","max-image-preview":"max-image-preview:large","max-video-preview":"max-video-preview:-1"},"canonical":"https:\/\/www.erresse-shop.it\/fr\/shop\/petits-electromenagers\/grilles-et-barbecues\/ninja-coffret-barbecue-electrique-woodfire\/","og_locale":"fr_FR","og_type":"article","og_title":"NINJA Coffret barbecue \u00e9lectrique Woodfire","og_description":"Augmentez la protection de votre barbecue \u00e9lectrique Ninja Woodfire avec cet \u00e9tui pour qu'il reste au mieux de sa forme. Tissu anti-d\u00e9coloration : trait\u00e9","og_url":"https:\/\/www.erresse-shop.it\/fr\/shop\/petits-electromenagers\/grilles-et-barbecues\/ninja-coffret-barbecue-electrique-woodfire\/","og_site_name":"Erresse Shop","article_modified_time":"2025-05-08T15:40:06+00:00","og_image":[{"width":800,"height":800,"url":"https:\/\/www.erresse-shop.it\/wp-content\/uploads\/2024\/03\/NINJA-CUSTODIA-PER-BARBECUE-ELETTRICO-NINJA-WOODFIRE-XSKCOVEREUUK.png","type":"image\/png"}],"twitter_card":"summary_large_image","schema":{"@context":"https:\/\/schema.org","@graph":[{"@type":"WebPage","@id":"https:\/\/www.erresse-shop.it\/fr\/shop\/petits-electromenagers\/grilles-et-barbecues\/ninja-coffret-barbecue-electrique-woodfire\/","url":"https:\/\/www.erresse-shop.it\/fr\/shop\/petits-electromenagers\/grilles-et-barbecues\/ninja-coffret-barbecue-electrique-woodfire\/","name":"NINJA Coffret barbecue \u00e9lectrique Woodfire - Erresse Shop","isPartOf":{"@id":"https:\/\/www.erresse-shop.it\/fr\/#website"},"datePublished":"2024-03-19T07:25:17+00:00","dateModified":"2025-05-08T15:40:06+00:00","description":"Augmentez la protection de votre barbecue \u00e9lectrique Ninja Woodfire avec cet \u00e9tui pour qu'il reste au mieux de sa forme. Tissu anti-d\u00e9coloration : trait\u00e9","breadcrumb":{"@id":"https:\/\/www.erresse-shop.it\/fr\/shop\/petits-electromenagers\/grilles-et-barbecues\/ninja-coffret-barbecue-electrique-woodfire\/#breadcrumb"},"inLanguage":"fr-FR","potentialAction":[{"@type":"ReadAction","target":["https:\/\/www.erresse-shop.it\/fr\/shop\/petits-electromenagers\/grilles-et-barbecues\/ninja-coffret-barbecue-electrique-woodfire\/"]}]},{"@type":"BreadcrumbList","@id":"https:\/\/www.erresse-shop.it\/fr\/shop\/petits-electromenagers\/grilles-et-barbecues\/ninja-coffret-barbecue-electrique-woodfire\/#breadcrumb","itemListElement":[{"@type":"ListItem","position":1,"name":"Home","item":"https:\/\/www.erresse-shop.it\/fr\/"},{"@type":"ListItem","position":2,"name":"Shop","item":"https:\/\/www.erresse-shop.it\/fr\/shop\/"},{"@type":"ListItem","position":3,"name":"NINJA Coffret barbecue \u00e9lectrique Woodfire"}]},{"@type":"WebSite","@id":"https:\/\/www.erresse-shop.it\/fr\/#website","url":"https:\/\/www.erresse-shop.it\/fr\/","name":"Erresse Shop","description":"Articoli di qualit\u00e0 per la casa","potentialAction":[{"@type":"SearchAction","target":{"@type":"EntryPoint","urlTemplate":"https:\/\/www.erresse-shop.it\/fr\/?s={search_term_string}"},"query-input":"required name=search_term_string"}],"inLanguage":"fr-FR"}]}},"df_price":14.95,"df_sale_price":14.95,"df_regular_price":19.99,"df_image_link":"https:\/\/www.erresse-shop.it\/wp-content\/uploads\/2024\/03\/NINJA-Woodfire-Custodia-per-Barbecue-Elettrico-300x300.jpg","_links":{"self":[{"href":"https:\/\/www.erresse-shop.it\/fr\/wp-json\/wp\/v2\/product\/397801"}],"collection":[{"href":"https:\/\/www.erresse-shop.it\/fr\/wp-json\/wp\/v2\/product"}],"about":[{"href":"https:\/\/www.erresse-shop.it\/fr\/wp-json\/wp\/v2\/types\/product"}],"wp:featuredmedia":[{"embeddable":true,"href":"https:\/\/www.erresse-shop.it\/fr\/wp-json\/wp\/v2\/media\/492517"}],"wp:attachment":[{"href":"https:\/\/www.erresse-shop.it\/fr\/wp-json\/wp\/v2\/media?parent=397801"}],"wp:term":[{"taxonomy":"product_cat","embeddable":true,"href":"https:\/\/www.erresse-shop.it\/fr\/wp-json\/wp\/v2\/product_cat?post=397801"},{"taxonomy":"product_tag","embeddable":true,"href":"https:\/\/www.erresse-shop.it\/fr\/wp-json\/wp\/v2\/product_tag?post=397801"}],"curies":[{"name":"wp","href":"https:\/\/api.w.org\/{rel}","templated":true}]}}