{"id":397557,"date":"2024-03-18T11:14:47","date_gmt":"2024-03-18T11:14:53","guid":{"rendered":"https:\/\/www.erresse-shop.it\/?post_type=product&#038;p=397557"},"modified":"2024-07-16T00:00:12","modified_gmt":"2024-07-16T00:00:12","slug":"ninja-barbecue-electrique-avec-fumoir-a-bois","status":"publish","type":"product","link":"https:\/\/www.erresse-shop.it\/fr\/shop\/petits-electromenagers\/fours\/ninja-barbecue-electrique-avec-fumoir-a-bois\/","title":{"rendered":"NINJA Barbecue Electrique Avec Fumoir \u00e0 Bois"},"content":{"rendered":"<p>Barbecue \u00e9lectrique, fumoir et friteuse d&#8217;ext\u00e9rieur avec 7 fonctions de cuisson. Facile \u00e0 utiliser : pas de charbon de bois, de gaz ou de flammes.<\/p>\n<p><b><strong>UNE NOUVELLE FA\u00c7ON DE CUIRE \u00c0 L&#8217;EXT\u00c9RIEUR<\/strong><\/b>: barbecue, fumoir et friteuse d&#8217;ext\u00e9rieur avec 7 fonctions de cuisson.<\/p>\n<p><b><strong>LE GO\u00dbT DU GRILL, LA SIMPLICIT\u00c9 D&#8217;UN APPAREIL \u00c0 ALIMENTATION \u00c9LECTRIQUE :<\/strong><\/b> Gr\u00e2ce \u00e0 son alimentation \u00e9lectrique, il est toujours pr\u00eat \u00e0 l&#8217;emploi. Appr\u00e9ciez le go\u00fbt du charbon de bois et les authentiques ar\u00f4mes de fum\u00e9e gr\u00e2ce \u00e0 la technologie Woodfire.<\/p>\n<p><b><strong>TECHNOLOGIE WOODFIRE :<\/strong><\/b> rehaussez les saveurs gr\u00e2ce au fumoir int\u00e9gr\u00e9 qui br\u00fble de v\u00e9ritables granul\u00e9s de bois pour vous donner le go\u00fbt authentique de la cuisine au feu de bois.<\/p>\n<p><b><strong>GRILLEZ O\u00d9 VOUS VOULEZ<\/strong><\/b>: Parfait pour les jardins, les balcons, les porches et les campings. R\u00e9sistant aux intemp\u00e9ries, il peut \u00eatre stock\u00e9 \u00e0 l&#8217;ext\u00e9rieur toute l&#8217;ann\u00e9e.<\/p>\n<p><b><strong>FICHE TECHNIQUE :<\/strong><\/b><\/p>\n<p>Couleur : Gris\/Noir<\/p>\n<p>Longueur du c\u00e2ble : 1,6 m\u00e8tres<\/p>\n<p>Minuterie : Oui<\/p>\n<p>7 programmes\/fonctions : Gril-Fumoir-Friture \u00e0 l&#8217;air libre-R\u00f4tir-Cuire-R\u00e9chauffer-D\u00e9shydrater<\/p>\n<p>Temp\u00e9rature : jusqu&#8217;\u00e0 260\u00b0C<\/p>\n<p>Dimensions du gril : 28 cm x 38 cm<\/p>\n<p><b><strong>PACKAGE :<\/strong><\/b><\/p>\n<p>Barbecue Ninja au feu de bois<\/p>\n<p>1 plaque de cuisson<\/p>\n<p>2 paquets de pellets (2 saveurs diff\u00e9rentes)<\/p>\n<p>Pelle \u00e0 granul\u00e9s<\/p>\n<p>1 fumoir amovible<\/p>\n<p>1 l\u00e8chefrite<\/p>\n<p>1 panier de friture \u00e0 l&#8217;air<\/p>\n<p>Guide rapide et livre de recettes<\/p>\n<p>Manuel d&#8217;instructions<\/p>\n<p><b><u><strong>Non disponible \u00e0 la vente en dehors de l&#8217;Europe<\/strong><\/u><\/b><\/p>\n","protected":false},"excerpt":{"rendered":"<p>Barbecue \u00e9lectrique, fumoir et friteuse d&#8217;ext\u00e9rieur avec 7 fonctions de cuisson. Facile \u00e0 utiliser : pas de charbon de bois,<\/p>\n","protected":false},"featured_media":437045,"template":"","meta":{"_acf_changed":false,"inline_featured_image":false},"product_cat":[15660,12449],"product_tag":[17107,24603],"acf":[],"yoast_head":"<!-- This site is optimized with the Yoast SEO Premium plugin v18.6 (Yoast SEO v19.13) - https:\/\/yoast.com\/wordpress\/plugins\/seo\/ -->\n<title>NINJA Barbecue Electrique Avec Fumoir \u00e0 Bois - Erresse Shop<\/title>\n<meta name=\"description\" content=\"Barbecue \u00e9lectrique, fumoir et friteuse d&#039;ext\u00e9rieur avec 7 fonctions de cuisson. Facile \u00e0 utiliser : pas de charbon de bois, de gaz ou de flammes. UNE\" \/>\n<meta name=\"robots\" content=\"index, follow, max-snippet:-1, max-image-preview:large, max-video-preview:-1\" \/>\n<link rel=\"canonical\" href=\"https:\/\/www.erresse-shop.it\/fr\/shop\/petits-electromenagers\/fours\/ninja-barbecue-electrique-avec-fumoir-a-bois\/\" \/>\n<meta property=\"og:locale\" content=\"fr_FR\" \/>\n<meta property=\"og:type\" content=\"article\" \/>\n<meta property=\"og:title\" content=\"NINJA Barbecue Electrique Avec Fumoir \u00e0 Bois\" \/>\n<meta property=\"og:description\" content=\"Barbecue \u00e9lectrique, fumoir et friteuse d&#039;ext\u00e9rieur avec 7 fonctions de cuisson. Facile \u00e0 utiliser : pas de charbon de bois, de gaz ou de flammes. UNE\" \/>\n<meta property=\"og:url\" content=\"https:\/\/www.erresse-shop.it\/fr\/shop\/petits-electromenagers\/fours\/ninja-barbecue-electrique-avec-fumoir-a-bois\/\" \/>\n<meta property=\"og:site_name\" content=\"Erresse Shop\" \/>\n<meta property=\"article:modified_time\" content=\"2024-07-16T00:00:12+00:00\" \/>\n<meta property=\"og:image\" content=\"https:\/\/www.erresse-shop.it\/wp-content\/uploads\/2024\/03\/NINJA-Woodfire-Barbecue-Elettrico-Con-Affumicatore.jpg\" \/>\n\t<meta property=\"og:image:width\" content=\"1200\" \/>\n\t<meta property=\"og:image:height\" content=\"1200\" \/>\n\t<meta property=\"og:image:type\" content=\"image\/jpeg\" \/>\n<meta name=\"twitter:card\" content=\"summary_large_image\" \/>\n<script type=\"application\/ld+json\" class=\"yoast-schema-graph\">{\"@context\":\"https:\/\/schema.org\",\"@graph\":[{\"@type\":\"WebPage\",\"@id\":\"https:\/\/www.erresse-shop.it\/fr\/shop\/petits-electromenagers\/fours\/ninja-barbecue-electrique-avec-fumoir-a-bois\/\",\"url\":\"https:\/\/www.erresse-shop.it\/fr\/shop\/petits-electromenagers\/fours\/ninja-barbecue-electrique-avec-fumoir-a-bois\/\",\"name\":\"NINJA Barbecue Electrique Avec Fumoir \u00e0 Bois - Erresse Shop\",\"isPartOf\":{\"@id\":\"https:\/\/www.erresse-shop.it\/fr\/#website\"},\"datePublished\":\"2024-03-18T11:14:53+00:00\",\"dateModified\":\"2024-07-16T00:00:12+00:00\",\"description\":\"Barbecue \u00e9lectrique, fumoir et friteuse d'ext\u00e9rieur avec 7 fonctions de cuisson. Facile \u00e0 utiliser : pas de charbon de bois, de gaz ou de flammes. UNE\",\"breadcrumb\":{\"@id\":\"https:\/\/www.erresse-shop.it\/fr\/shop\/petits-electromenagers\/fours\/ninja-barbecue-electrique-avec-fumoir-a-bois\/#breadcrumb\"},\"inLanguage\":\"fr-FR\",\"potentialAction\":[{\"@type\":\"ReadAction\",\"target\":[\"https:\/\/www.erresse-shop.it\/fr\/shop\/petits-electromenagers\/fours\/ninja-barbecue-electrique-avec-fumoir-a-bois\/\"]}]},{\"@type\":\"BreadcrumbList\",\"@id\":\"https:\/\/www.erresse-shop.it\/fr\/shop\/petits-electromenagers\/fours\/ninja-barbecue-electrique-avec-fumoir-a-bois\/#breadcrumb\",\"itemListElement\":[{\"@type\":\"ListItem\",\"position\":1,\"name\":\"Home\",\"item\":\"https:\/\/www.erresse-shop.it\/fr\/\"},{\"@type\":\"ListItem\",\"position\":2,\"name\":\"Shop\",\"item\":\"https:\/\/www.erresse-shop.it\/fr\/shop\/\"},{\"@type\":\"ListItem\",\"position\":3,\"name\":\"NINJA Barbecue Electrique Avec Fumoir \u00e0 Bois\"}]},{\"@type\":\"WebSite\",\"@id\":\"https:\/\/www.erresse-shop.it\/fr\/#website\",\"url\":\"https:\/\/www.erresse-shop.it\/fr\/\",\"name\":\"Erresse Shop\",\"description\":\"Articoli di qualit\u00e0 per la casa\",\"potentialAction\":[{\"@type\":\"SearchAction\",\"target\":{\"@type\":\"EntryPoint\",\"urlTemplate\":\"https:\/\/www.erresse-shop.it\/fr\/?s={search_term_string}\"},\"query-input\":\"required name=search_term_string\"}],\"inLanguage\":\"fr-FR\"}]}<\/script>\n<!-- \/ Yoast SEO Premium plugin. -->","yoast_head_json":{"title":"NINJA Barbecue Electrique Avec Fumoir \u00e0 Bois - Erresse Shop","description":"Barbecue \u00e9lectrique, fumoir et friteuse d'ext\u00e9rieur avec 7 fonctions de cuisson. Facile \u00e0 utiliser : pas de charbon de bois, de gaz ou de flammes. UNE","robots":{"index":"index","follow":"follow","max-snippet":"max-snippet:-1","max-image-preview":"max-image-preview:large","max-video-preview":"max-video-preview:-1"},"canonical":"https:\/\/www.erresse-shop.it\/fr\/shop\/petits-electromenagers\/fours\/ninja-barbecue-electrique-avec-fumoir-a-bois\/","og_locale":"fr_FR","og_type":"article","og_title":"NINJA Barbecue Electrique Avec Fumoir \u00e0 Bois","og_description":"Barbecue \u00e9lectrique, fumoir et friteuse d'ext\u00e9rieur avec 7 fonctions de cuisson. Facile \u00e0 utiliser : pas de charbon de bois, de gaz ou de flammes. UNE","og_url":"https:\/\/www.erresse-shop.it\/fr\/shop\/petits-electromenagers\/fours\/ninja-barbecue-electrique-avec-fumoir-a-bois\/","og_site_name":"Erresse Shop","article_modified_time":"2024-07-16T00:00:12+00:00","og_image":[{"width":1200,"height":1200,"url":"https:\/\/www.erresse-shop.it\/wp-content\/uploads\/2024\/03\/NINJA-Woodfire-Barbecue-Elettrico-Con-Affumicatore.jpg","type":"image\/jpeg"}],"twitter_card":"summary_large_image","schema":{"@context":"https:\/\/schema.org","@graph":[{"@type":"WebPage","@id":"https:\/\/www.erresse-shop.it\/fr\/shop\/petits-electromenagers\/fours\/ninja-barbecue-electrique-avec-fumoir-a-bois\/","url":"https:\/\/www.erresse-shop.it\/fr\/shop\/petits-electromenagers\/fours\/ninja-barbecue-electrique-avec-fumoir-a-bois\/","name":"NINJA Barbecue Electrique Avec Fumoir \u00e0 Bois - Erresse Shop","isPartOf":{"@id":"https:\/\/www.erresse-shop.it\/fr\/#website"},"datePublished":"2024-03-18T11:14:53+00:00","dateModified":"2024-07-16T00:00:12+00:00","description":"Barbecue \u00e9lectrique, fumoir et friteuse d'ext\u00e9rieur avec 7 fonctions de cuisson. Facile \u00e0 utiliser : pas de charbon de bois, de gaz ou de flammes. UNE","breadcrumb":{"@id":"https:\/\/www.erresse-shop.it\/fr\/shop\/petits-electromenagers\/fours\/ninja-barbecue-electrique-avec-fumoir-a-bois\/#breadcrumb"},"inLanguage":"fr-FR","potentialAction":[{"@type":"ReadAction","target":["https:\/\/www.erresse-shop.it\/fr\/shop\/petits-electromenagers\/fours\/ninja-barbecue-electrique-avec-fumoir-a-bois\/"]}]},{"@type":"BreadcrumbList","@id":"https:\/\/www.erresse-shop.it\/fr\/shop\/petits-electromenagers\/fours\/ninja-barbecue-electrique-avec-fumoir-a-bois\/#breadcrumb","itemListElement":[{"@type":"ListItem","position":1,"name":"Home","item":"https:\/\/www.erresse-shop.it\/fr\/"},{"@type":"ListItem","position":2,"name":"Shop","item":"https:\/\/www.erresse-shop.it\/fr\/shop\/"},{"@type":"ListItem","position":3,"name":"NINJA Barbecue Electrique Avec Fumoir \u00e0 Bois"}]},{"@type":"WebSite","@id":"https:\/\/www.erresse-shop.it\/fr\/#website","url":"https:\/\/www.erresse-shop.it\/fr\/","name":"Erresse Shop","description":"Articoli di qualit\u00e0 per la casa","potentialAction":[{"@type":"SearchAction","target":{"@type":"EntryPoint","urlTemplate":"https:\/\/www.erresse-shop.it\/fr\/?s={search_term_string}"},"query-input":"required name=search_term_string"}],"inLanguage":"fr-FR"}]}},"df_price":349.99,"df_sale_price":349.99,"df_regular_price":349.99,"df_image_link":"https:\/\/www.erresse-shop.it\/wp-content\/uploads\/2024\/03\/NINJA-Woodfire-Barbecue-Elettrico-Con-Affumicatore-300x300.jpg","_links":{"self":[{"href":"https:\/\/www.erresse-shop.it\/fr\/wp-json\/wp\/v2\/product\/397557"}],"collection":[{"href":"https:\/\/www.erresse-shop.it\/fr\/wp-json\/wp\/v2\/product"}],"about":[{"href":"https:\/\/www.erresse-shop.it\/fr\/wp-json\/wp\/v2\/types\/product"}],"wp:featuredmedia":[{"embeddable":true,"href":"https:\/\/www.erresse-shop.it\/fr\/wp-json\/wp\/v2\/media\/437045"}],"wp:attachment":[{"href":"https:\/\/www.erresse-shop.it\/fr\/wp-json\/wp\/v2\/media?parent=397557"}],"wp:term":[{"taxonomy":"product_cat","embeddable":true,"href":"https:\/\/www.erresse-shop.it\/fr\/wp-json\/wp\/v2\/product_cat?post=397557"},{"taxonomy":"product_tag","embeddable":true,"href":"https:\/\/www.erresse-shop.it\/fr\/wp-json\/wp\/v2\/product_tag?post=397557"}],"curies":[{"name":"wp","href":"https:\/\/api.w.org\/{rel}","templated":true}]}}