{"id":397503,"date":"2024-03-18T09:25:18","date_gmt":"2024-03-18T09:25:23","guid":{"rendered":"https:\/\/www.erresse-shop.it\/?post_type=product&#038;p=397503"},"modified":"2024-07-15T14:38:04","modified_gmt":"2024-07-15T14:38:04","slug":"ninja-blast-portable-blender-noir","status":"publish","type":"product","link":"https:\/\/www.erresse-shop.it\/fr\/shop\/petits-electromenagers\/mixeurs\/ninja-blast-portable-blender-noir\/","title":{"rendered":"NINJA Blast Portable Blender Noir"},"content":{"rendered":"<p>Mixeur portable sans fil \u00e0 grande vitesse. Mixe les ingr\u00e9dients congel\u00e9s pour les smoothies et les boissons prot\u00e9in\u00e9es super fluides, ainsi que les sauces et les assaisonnements. R\u00e9cipient de 530 ml, avec couvercle \u00e9tanche, bec verseur et bandouli\u00e8re. Sans BPA et lavable au lave-vaisselle.<\/p>\n<p>Le blender Ninja Blast apporte la puissance du blender Ninja \u00e0 grande vitesse partout o\u00f9 vous en avez besoin gr\u00e2ce \u00e0 sa portabilit\u00e9 sans fil.<\/p>\n<p>Il mixe des smoothies aux fruits surgel\u00e9s super fluides, des shakes et des boissons prot\u00e9in\u00e9es, ainsi que des sauces et des vinaigrettes.<\/p>\n<p>Il vous permet de mixer o\u00f9 vous le souhaitez avec des r\u00e9sultats optimaux, am\u00e9liorant ainsi vos performances personnelles en d\u00e9placement.<\/p>\n<p>Il se loge confortablement dans les porte-gobelets des voitures, ce qui facilite les voyages et les d\u00e9placements.<\/p>\n<p><b><strong>FICHE TECHNIQUE :<\/strong><\/b><\/p>\n<p>Portabilit\u00e9 du Ninja sans fil<\/p>\n<p>Technologie et performances de la lame Ninja<\/p>\n<p>Le plaisir en d\u00e9placement<\/p>\n<p>Lavable au lave-vaisselle et facile \u00e0 nettoyer<\/p>\n<p>Choix de couleurs haut de gamme<\/p>\n<p><b><strong>EMBALLAGE :<\/strong><\/b><\/p>\n<p>Couvercle \u00e9tanche avec bec verseur et sangle de transport inclus<\/p>\n<p><b><u><strong>Ne pas vendre en dehors de l&#8217;Europe<\/strong><\/u><\/b><\/p>\n","protected":false},"excerpt":{"rendered":"<p>Mixeur portable sans fil \u00e0 grande vitesse. Mixe les ingr\u00e9dients congel\u00e9s pour les smoothies et les boissons prot\u00e9in\u00e9es super fluides,<\/p>\n","protected":false},"featured_media":489118,"template":"","meta":{"_acf_changed":false,"inline_featured_image":false},"product_cat":[12766,12449],"product_tag":[13260,24603],"acf":[],"yoast_head":"<!-- This site is optimized with the Yoast SEO Premium plugin v18.6 (Yoast SEO v19.13) - https:\/\/yoast.com\/wordpress\/plugins\/seo\/ -->\n<title>NINJA Blast Portable Blender Noir - Erresse Shop<\/title>\n<meta name=\"description\" content=\"Mixeur portable sans fil \u00e0 grande vitesse. Mixe les ingr\u00e9dients congel\u00e9s pour les smoothies et les boissons prot\u00e9in\u00e9es super fluides, ainsi que les sauces\" \/>\n<meta name=\"robots\" content=\"index, follow, max-snippet:-1, max-image-preview:large, max-video-preview:-1\" \/>\n<link rel=\"canonical\" href=\"https:\/\/www.erresse-shop.it\/fr\/shop\/petits-electromenagers\/mixeurs\/ninja-blast-portable-blender-noir\/\" \/>\n<meta property=\"og:locale\" content=\"fr_FR\" \/>\n<meta property=\"og:type\" content=\"article\" \/>\n<meta property=\"og:title\" content=\"NINJA Blast Portable Blender Noir\" \/>\n<meta property=\"og:description\" content=\"Mixeur portable sans fil \u00e0 grande vitesse. Mixe les ingr\u00e9dients congel\u00e9s pour les smoothies et les boissons prot\u00e9in\u00e9es super fluides, ainsi que les sauces\" \/>\n<meta property=\"og:url\" content=\"https:\/\/www.erresse-shop.it\/fr\/shop\/petits-electromenagers\/mixeurs\/ninja-blast-portable-blender-noir\/\" \/>\n<meta property=\"og:site_name\" content=\"Erresse Shop\" \/>\n<meta property=\"article:modified_time\" content=\"2024-07-15T14:38:04+00:00\" \/>\n<meta property=\"og:image\" content=\"https:\/\/www.erresse-shop.it\/wp-content\/uploads\/2024\/03\/NINJA-Frullatore-portatile-Blast-Nero-BC151EUBK.png\" \/>\n\t<meta property=\"og:image:width\" content=\"800\" \/>\n\t<meta property=\"og:image:height\" content=\"800\" \/>\n\t<meta property=\"og:image:type\" content=\"image\/png\" \/>\n<meta name=\"twitter:card\" content=\"summary_large_image\" \/>\n<script type=\"application\/ld+json\" class=\"yoast-schema-graph\">{\"@context\":\"https:\/\/schema.org\",\"@graph\":[{\"@type\":\"WebPage\",\"@id\":\"https:\/\/www.erresse-shop.it\/fr\/shop\/petits-electromenagers\/mixeurs\/ninja-blast-portable-blender-noir\/\",\"url\":\"https:\/\/www.erresse-shop.it\/fr\/shop\/petits-electromenagers\/mixeurs\/ninja-blast-portable-blender-noir\/\",\"name\":\"NINJA Blast Portable Blender Noir - Erresse Shop\",\"isPartOf\":{\"@id\":\"https:\/\/www.erresse-shop.it\/fr\/#website\"},\"datePublished\":\"2024-03-18T09:25:23+00:00\",\"dateModified\":\"2024-07-15T14:38:04+00:00\",\"description\":\"Mixeur portable sans fil \u00e0 grande vitesse. Mixe les ingr\u00e9dients congel\u00e9s pour les smoothies et les boissons prot\u00e9in\u00e9es super fluides, ainsi que les sauces\",\"breadcrumb\":{\"@id\":\"https:\/\/www.erresse-shop.it\/fr\/shop\/petits-electromenagers\/mixeurs\/ninja-blast-portable-blender-noir\/#breadcrumb\"},\"inLanguage\":\"fr-FR\",\"potentialAction\":[{\"@type\":\"ReadAction\",\"target\":[\"https:\/\/www.erresse-shop.it\/fr\/shop\/petits-electromenagers\/mixeurs\/ninja-blast-portable-blender-noir\/\"]}]},{\"@type\":\"BreadcrumbList\",\"@id\":\"https:\/\/www.erresse-shop.it\/fr\/shop\/petits-electromenagers\/mixeurs\/ninja-blast-portable-blender-noir\/#breadcrumb\",\"itemListElement\":[{\"@type\":\"ListItem\",\"position\":1,\"name\":\"Home\",\"item\":\"https:\/\/www.erresse-shop.it\/fr\/\"},{\"@type\":\"ListItem\",\"position\":2,\"name\":\"Shop\",\"item\":\"https:\/\/www.erresse-shop.it\/fr\/shop\/\"},{\"@type\":\"ListItem\",\"position\":3,\"name\":\"NINJA Blast Portable Blender Noir\"}]},{\"@type\":\"WebSite\",\"@id\":\"https:\/\/www.erresse-shop.it\/fr\/#website\",\"url\":\"https:\/\/www.erresse-shop.it\/fr\/\",\"name\":\"Erresse Shop\",\"description\":\"Articoli di qualit\u00e0 per la casa\",\"potentialAction\":[{\"@type\":\"SearchAction\",\"target\":{\"@type\":\"EntryPoint\",\"urlTemplate\":\"https:\/\/www.erresse-shop.it\/fr\/?s={search_term_string}\"},\"query-input\":\"required name=search_term_string\"}],\"inLanguage\":\"fr-FR\"}]}<\/script>\n<!-- \/ Yoast SEO Premium plugin. -->","yoast_head_json":{"title":"NINJA Blast Portable Blender Noir - Erresse Shop","description":"Mixeur portable sans fil \u00e0 grande vitesse. Mixe les ingr\u00e9dients congel\u00e9s pour les smoothies et les boissons prot\u00e9in\u00e9es super fluides, ainsi que les sauces","robots":{"index":"index","follow":"follow","max-snippet":"max-snippet:-1","max-image-preview":"max-image-preview:large","max-video-preview":"max-video-preview:-1"},"canonical":"https:\/\/www.erresse-shop.it\/fr\/shop\/petits-electromenagers\/mixeurs\/ninja-blast-portable-blender-noir\/","og_locale":"fr_FR","og_type":"article","og_title":"NINJA Blast Portable Blender Noir","og_description":"Mixeur portable sans fil \u00e0 grande vitesse. Mixe les ingr\u00e9dients congel\u00e9s pour les smoothies et les boissons prot\u00e9in\u00e9es super fluides, ainsi que les sauces","og_url":"https:\/\/www.erresse-shop.it\/fr\/shop\/petits-electromenagers\/mixeurs\/ninja-blast-portable-blender-noir\/","og_site_name":"Erresse Shop","article_modified_time":"2024-07-15T14:38:04+00:00","og_image":[{"width":800,"height":800,"url":"https:\/\/www.erresse-shop.it\/wp-content\/uploads\/2024\/03\/NINJA-Frullatore-portatile-Blast-Nero-BC151EUBK.png","type":"image\/png"}],"twitter_card":"summary_large_image","schema":{"@context":"https:\/\/schema.org","@graph":[{"@type":"WebPage","@id":"https:\/\/www.erresse-shop.it\/fr\/shop\/petits-electromenagers\/mixeurs\/ninja-blast-portable-blender-noir\/","url":"https:\/\/www.erresse-shop.it\/fr\/shop\/petits-electromenagers\/mixeurs\/ninja-blast-portable-blender-noir\/","name":"NINJA Blast Portable Blender Noir - Erresse Shop","isPartOf":{"@id":"https:\/\/www.erresse-shop.it\/fr\/#website"},"datePublished":"2024-03-18T09:25:23+00:00","dateModified":"2024-07-15T14:38:04+00:00","description":"Mixeur portable sans fil \u00e0 grande vitesse. Mixe les ingr\u00e9dients congel\u00e9s pour les smoothies et les boissons prot\u00e9in\u00e9es super fluides, ainsi que les sauces","breadcrumb":{"@id":"https:\/\/www.erresse-shop.it\/fr\/shop\/petits-electromenagers\/mixeurs\/ninja-blast-portable-blender-noir\/#breadcrumb"},"inLanguage":"fr-FR","potentialAction":[{"@type":"ReadAction","target":["https:\/\/www.erresse-shop.it\/fr\/shop\/petits-electromenagers\/mixeurs\/ninja-blast-portable-blender-noir\/"]}]},{"@type":"BreadcrumbList","@id":"https:\/\/www.erresse-shop.it\/fr\/shop\/petits-electromenagers\/mixeurs\/ninja-blast-portable-blender-noir\/#breadcrumb","itemListElement":[{"@type":"ListItem","position":1,"name":"Home","item":"https:\/\/www.erresse-shop.it\/fr\/"},{"@type":"ListItem","position":2,"name":"Shop","item":"https:\/\/www.erresse-shop.it\/fr\/shop\/"},{"@type":"ListItem","position":3,"name":"NINJA Blast Portable Blender Noir"}]},{"@type":"WebSite","@id":"https:\/\/www.erresse-shop.it\/fr\/#website","url":"https:\/\/www.erresse-shop.it\/fr\/","name":"Erresse Shop","description":"Articoli di qualit\u00e0 per la casa","potentialAction":[{"@type":"SearchAction","target":{"@type":"EntryPoint","urlTemplate":"https:\/\/www.erresse-shop.it\/fr\/?s={search_term_string}"},"query-input":"required name=search_term_string"}],"inLanguage":"fr-FR"}]}},"df_price":59.95,"df_sale_price":59.95,"df_regular_price":59.95,"df_image_link":"https:\/\/www.erresse-shop.it\/wp-content\/uploads\/2024\/03\/NINJA-Frullatore-Portatile-Blast-Nero-300x300.jpg","_links":{"self":[{"href":"https:\/\/www.erresse-shop.it\/fr\/wp-json\/wp\/v2\/product\/397503"}],"collection":[{"href":"https:\/\/www.erresse-shop.it\/fr\/wp-json\/wp\/v2\/product"}],"about":[{"href":"https:\/\/www.erresse-shop.it\/fr\/wp-json\/wp\/v2\/types\/product"}],"wp:featuredmedia":[{"embeddable":true,"href":"https:\/\/www.erresse-shop.it\/fr\/wp-json\/wp\/v2\/media\/489118"}],"wp:attachment":[{"href":"https:\/\/www.erresse-shop.it\/fr\/wp-json\/wp\/v2\/media?parent=397503"}],"wp:term":[{"taxonomy":"product_cat","embeddable":true,"href":"https:\/\/www.erresse-shop.it\/fr\/wp-json\/wp\/v2\/product_cat?post=397503"},{"taxonomy":"product_tag","embeddable":true,"href":"https:\/\/www.erresse-shop.it\/fr\/wp-json\/wp\/v2\/product_tag?post=397503"}],"curies":[{"name":"wp","href":"https:\/\/api.w.org\/{rel}","templated":true}]}}