{"id":397202,"date":"2024-03-15T09:52:13","date_gmt":"2024-03-15T09:52:18","guid":{"rendered":"https:\/\/www.erresse-shop.it\/?post_type=product&#038;p=397202"},"modified":"2024-03-26T00:01:49","modified_gmt":"2024-03-26T00:01:49","slug":"mauviel-1830-casserole-2-poignees-24-cm","status":"publish","type":"product","link":"https:\/\/www.erresse-shop.it\/fr\/shop\/poeles-pots\/casseroles\/mauviel-1830-casserole-2-poignees-24-cm\/","title":{"rendered":"MAUVIEL 1830 Casserole 2 poign\u00e9es 24 cm"},"content":{"rendered":"<p>Cocotte en cuivre avec int\u00e9rieur en acier inoxydable bilamin\u00e9, cadre en acier inoxydable moul\u00e9 Couvercle en cuivre de la collection M&#8217;150S.<\/p>\n<p>La cocotte est l&#8217;ustensile de cuisine id\u00e9al pour cuisiner des plats g\u00e9n\u00e9reux \u00e0 feu doux. Elle a les m\u00eames dimensions que la casserole mais poss\u00e8de deux poign\u00e9es. La forme cylindrique haute de la cocotte permet aux impuret\u00e9s de remonter \u00e0 la surface et aux jus de se clarifier pendant la cuisson. C&#8217;est l&#8217;ustensile id\u00e9al pour faire mijoter. Les poign\u00e9es rivet\u00e9es permettent une prise en main parfaite gr\u00e2ce \u00e0 leur ergonomie et assurent la long\u00e9vit\u00e9 du produit gr\u00e2ce \u00e0 des mat\u00e9riaux de qualit\u00e9.<\/p>\n<p>La collection M&#8217;H\u00e9ritage est la fusion subtile de deux mat\u00e9riaux traditionnels et performants. Le cuivre poli associ\u00e9 \u00e0 l&#8217;inox renouvelle le plaisir de cuisiner. Son int\u00e9rieur en acier inoxydable 18\/10 est id\u00e9al pour la cuisine de tous les jours. Le cuivre garantit une excellente conduction de la chaleur de mani\u00e8re rapide et homog\u00e8ne, conf\u00e9rant \u00e0 la ligne une excellente qualit\u00e9 de cuisson. La collection, compos\u00e9e de 90 % de cuivre et de 10 % d&#8217;acier inoxydable, est propos\u00e9e dans diff\u00e9rents cadres et en deux \u00e9paisseurs, afin que chacun puisse trouver l&#8217;ustensile culinaire qui convient \u00e0 ses usages et \u00e0 ses go\u00fbts.<\/p>\n<p><b><strong>CARACT\u00c9RISTIQUES TECHNIQUES :<\/strong><\/b><\/p>\n<p>Diam\u00e8tre : 24 cm<\/p>\n<p>Hauteur : 13,5 cm<\/p>\n<p>Capacit\u00e9 : 6,1 L<\/p>\n<p>Dimensions : 37&#215;25,5 cm<\/p>\n<p><b><strong>Utilisation<\/strong><\/b>:<\/p>\n<p>Tous feux sauf induction &#8211; Compatible four &#8211; Ne passe pas au lave-vaisselle<\/p>\n","protected":false},"excerpt":{"rendered":"<p>Cocotte en cuivre avec int\u00e9rieur en acier inoxydable bilamin\u00e9, cadre en acier inoxydable moul\u00e9 Couvercle en cuivre de la collection<\/p>\n","protected":false},"featured_media":463441,"template":"","meta":{"_acf_changed":false,"inline_featured_image":false},"product_cat":[12458,14777],"product_tag":[12888,12465,12856],"acf":[],"yoast_head":"<!-- This site is optimized with the Yoast SEO Premium plugin v18.6 (Yoast SEO v19.13) - https:\/\/yoast.com\/wordpress\/plugins\/seo\/ -->\n<title>MAUVIEL 1830 Casserole 2 poign\u00e9es 24 cm - Erresse Shop<\/title>\n<meta name=\"description\" content=\"Cocotte en cuivre avec int\u00e9rieur en acier inoxydable bilamin\u00e9, cadre en acier inoxydable moul\u00e9 Couvercle en cuivre de la collection M&#039;150S. La cocotte est\" \/>\n<meta name=\"robots\" content=\"index, follow, max-snippet:-1, max-image-preview:large, max-video-preview:-1\" \/>\n<link rel=\"canonical\" href=\"https:\/\/www.erresse-shop.it\/fr\/shop\/poeles-pots\/casseroles\/mauviel-1830-casserole-2-poignees-24-cm\/\" \/>\n<meta property=\"og:locale\" content=\"fr_FR\" \/>\n<meta property=\"og:type\" content=\"article\" \/>\n<meta property=\"og:title\" content=\"MAUVIEL 1830 Casserole 2 poign\u00e9es 24 cm\" \/>\n<meta property=\"og:description\" content=\"Cocotte en cuivre avec int\u00e9rieur en acier inoxydable bilamin\u00e9, cadre en acier inoxydable moul\u00e9 Couvercle en cuivre de la collection M&#039;150S. La cocotte est\" \/>\n<meta property=\"og:url\" content=\"https:\/\/www.erresse-shop.it\/fr\/shop\/poeles-pots\/casseroles\/mauviel-1830-casserole-2-poignees-24-cm\/\" \/>\n<meta property=\"og:site_name\" content=\"Erresse Shop\" \/>\n<meta property=\"article:modified_time\" content=\"2024-03-26T00:01:49+00:00\" \/>\n<meta property=\"og:image\" content=\"https:\/\/www.erresse-shop.it\/wp-content\/uploads\/2024\/03\/MAUVIEL1830-M-150S-PENTOLA-2M-24CM.-RAME-ACCIAIO.png\" \/>\n\t<meta property=\"og:image:width\" content=\"800\" \/>\n\t<meta property=\"og:image:height\" content=\"800\" \/>\n\t<meta property=\"og:image:type\" content=\"image\/png\" \/>\n<meta name=\"twitter:card\" content=\"summary_large_image\" \/>\n<script type=\"application\/ld+json\" class=\"yoast-schema-graph\">{\"@context\":\"https:\/\/schema.org\",\"@graph\":[{\"@type\":\"WebPage\",\"@id\":\"https:\/\/www.erresse-shop.it\/fr\/shop\/poeles-pots\/casseroles\/mauviel-1830-casserole-2-poignees-24-cm\/\",\"url\":\"https:\/\/www.erresse-shop.it\/fr\/shop\/poeles-pots\/casseroles\/mauviel-1830-casserole-2-poignees-24-cm\/\",\"name\":\"MAUVIEL 1830 Casserole 2 poign\u00e9es 24 cm - Erresse Shop\",\"isPartOf\":{\"@id\":\"https:\/\/www.erresse-shop.it\/fr\/#website\"},\"datePublished\":\"2024-03-15T09:52:18+00:00\",\"dateModified\":\"2024-03-26T00:01:49+00:00\",\"description\":\"Cocotte en cuivre avec int\u00e9rieur en acier inoxydable bilamin\u00e9, cadre en acier inoxydable moul\u00e9 Couvercle en cuivre de la collection M'150S. La cocotte est\",\"breadcrumb\":{\"@id\":\"https:\/\/www.erresse-shop.it\/fr\/shop\/poeles-pots\/casseroles\/mauviel-1830-casserole-2-poignees-24-cm\/#breadcrumb\"},\"inLanguage\":\"fr-FR\",\"potentialAction\":[{\"@type\":\"ReadAction\",\"target\":[\"https:\/\/www.erresse-shop.it\/fr\/shop\/poeles-pots\/casseroles\/mauviel-1830-casserole-2-poignees-24-cm\/\"]}]},{\"@type\":\"BreadcrumbList\",\"@id\":\"https:\/\/www.erresse-shop.it\/fr\/shop\/poeles-pots\/casseroles\/mauviel-1830-casserole-2-poignees-24-cm\/#breadcrumb\",\"itemListElement\":[{\"@type\":\"ListItem\",\"position\":1,\"name\":\"Home\",\"item\":\"https:\/\/www.erresse-shop.it\/fr\/\"},{\"@type\":\"ListItem\",\"position\":2,\"name\":\"Shop\",\"item\":\"https:\/\/www.erresse-shop.it\/fr\/shop\/\"},{\"@type\":\"ListItem\",\"position\":3,\"name\":\"MAUVIEL 1830 Casserole 2 poign\u00e9es 24 cm\"}]},{\"@type\":\"WebSite\",\"@id\":\"https:\/\/www.erresse-shop.it\/fr\/#website\",\"url\":\"https:\/\/www.erresse-shop.it\/fr\/\",\"name\":\"Erresse Shop\",\"description\":\"Articoli di qualit\u00e0 per la casa\",\"potentialAction\":[{\"@type\":\"SearchAction\",\"target\":{\"@type\":\"EntryPoint\",\"urlTemplate\":\"https:\/\/www.erresse-shop.it\/fr\/?s={search_term_string}\"},\"query-input\":\"required name=search_term_string\"}],\"inLanguage\":\"fr-FR\"}]}<\/script>\n<!-- \/ Yoast SEO Premium plugin. -->","yoast_head_json":{"title":"MAUVIEL 1830 Casserole 2 poign\u00e9es 24 cm - Erresse Shop","description":"Cocotte en cuivre avec int\u00e9rieur en acier inoxydable bilamin\u00e9, cadre en acier inoxydable moul\u00e9 Couvercle en cuivre de la collection M'150S. La cocotte est","robots":{"index":"index","follow":"follow","max-snippet":"max-snippet:-1","max-image-preview":"max-image-preview:large","max-video-preview":"max-video-preview:-1"},"canonical":"https:\/\/www.erresse-shop.it\/fr\/shop\/poeles-pots\/casseroles\/mauviel-1830-casserole-2-poignees-24-cm\/","og_locale":"fr_FR","og_type":"article","og_title":"MAUVIEL 1830 Casserole 2 poign\u00e9es 24 cm","og_description":"Cocotte en cuivre avec int\u00e9rieur en acier inoxydable bilamin\u00e9, cadre en acier inoxydable moul\u00e9 Couvercle en cuivre de la collection M'150S. La cocotte est","og_url":"https:\/\/www.erresse-shop.it\/fr\/shop\/poeles-pots\/casseroles\/mauviel-1830-casserole-2-poignees-24-cm\/","og_site_name":"Erresse Shop","article_modified_time":"2024-03-26T00:01:49+00:00","og_image":[{"width":800,"height":800,"url":"https:\/\/www.erresse-shop.it\/wp-content\/uploads\/2024\/03\/MAUVIEL1830-M-150S-PENTOLA-2M-24CM.-RAME-ACCIAIO.png","type":"image\/png"}],"twitter_card":"summary_large_image","schema":{"@context":"https:\/\/schema.org","@graph":[{"@type":"WebPage","@id":"https:\/\/www.erresse-shop.it\/fr\/shop\/poeles-pots\/casseroles\/mauviel-1830-casserole-2-poignees-24-cm\/","url":"https:\/\/www.erresse-shop.it\/fr\/shop\/poeles-pots\/casseroles\/mauviel-1830-casserole-2-poignees-24-cm\/","name":"MAUVIEL 1830 Casserole 2 poign\u00e9es 24 cm - Erresse Shop","isPartOf":{"@id":"https:\/\/www.erresse-shop.it\/fr\/#website"},"datePublished":"2024-03-15T09:52:18+00:00","dateModified":"2024-03-26T00:01:49+00:00","description":"Cocotte en cuivre avec int\u00e9rieur en acier inoxydable bilamin\u00e9, cadre en acier inoxydable moul\u00e9 Couvercle en cuivre de la collection M'150S. La cocotte est","breadcrumb":{"@id":"https:\/\/www.erresse-shop.it\/fr\/shop\/poeles-pots\/casseroles\/mauviel-1830-casserole-2-poignees-24-cm\/#breadcrumb"},"inLanguage":"fr-FR","potentialAction":[{"@type":"ReadAction","target":["https:\/\/www.erresse-shop.it\/fr\/shop\/poeles-pots\/casseroles\/mauviel-1830-casserole-2-poignees-24-cm\/"]}]},{"@type":"BreadcrumbList","@id":"https:\/\/www.erresse-shop.it\/fr\/shop\/poeles-pots\/casseroles\/mauviel-1830-casserole-2-poignees-24-cm\/#breadcrumb","itemListElement":[{"@type":"ListItem","position":1,"name":"Home","item":"https:\/\/www.erresse-shop.it\/fr\/"},{"@type":"ListItem","position":2,"name":"Shop","item":"https:\/\/www.erresse-shop.it\/fr\/shop\/"},{"@type":"ListItem","position":3,"name":"MAUVIEL 1830 Casserole 2 poign\u00e9es 24 cm"}]},{"@type":"WebSite","@id":"https:\/\/www.erresse-shop.it\/fr\/#website","url":"https:\/\/www.erresse-shop.it\/fr\/","name":"Erresse Shop","description":"Articoli di qualit\u00e0 per la casa","potentialAction":[{"@type":"SearchAction","target":{"@type":"EntryPoint","urlTemplate":"https:\/\/www.erresse-shop.it\/fr\/?s={search_term_string}"},"query-input":"required name=search_term_string"}],"inLanguage":"fr-FR"}]}},"df_price":535.82,"df_sale_price":535.82,"df_regular_price":535.82,"df_image_link":"https:\/\/www.erresse-shop.it\/wp-content\/uploads\/2024\/03\/MAUVIEL-1830-Casseruola-2-Manici-24-cm-300x300.jpg","_links":{"self":[{"href":"https:\/\/www.erresse-shop.it\/fr\/wp-json\/wp\/v2\/product\/397202"}],"collection":[{"href":"https:\/\/www.erresse-shop.it\/fr\/wp-json\/wp\/v2\/product"}],"about":[{"href":"https:\/\/www.erresse-shop.it\/fr\/wp-json\/wp\/v2\/types\/product"}],"wp:featuredmedia":[{"embeddable":true,"href":"https:\/\/www.erresse-shop.it\/fr\/wp-json\/wp\/v2\/media\/463441"}],"wp:attachment":[{"href":"https:\/\/www.erresse-shop.it\/fr\/wp-json\/wp\/v2\/media?parent=397202"}],"wp:term":[{"taxonomy":"product_cat","embeddable":true,"href":"https:\/\/www.erresse-shop.it\/fr\/wp-json\/wp\/v2\/product_cat?post=397202"},{"taxonomy":"product_tag","embeddable":true,"href":"https:\/\/www.erresse-shop.it\/fr\/wp-json\/wp\/v2\/product_tag?post=397202"}],"curies":[{"name":"wp","href":"https:\/\/api.w.org\/{rel}","templated":true}]}}