{"id":397185,"date":"2024-03-15T09:42:20","date_gmt":"2024-03-15T09:42:25","guid":{"rendered":"https:\/\/www.erresse-shop.it\/?post_type=product&#038;p=397185"},"modified":"2024-08-01T14:43:05","modified_gmt":"2024-08-01T14:43:05","slug":"mauviel-1830-casserole-basse-2-poignees-24-cm-avec-couvercle","status":"publish","type":"product","link":"https:\/\/www.erresse-shop.it\/fr\/shop\/poeles-pots\/sauteuses-et-faitout\/mauviel-1830-casserole-basse-2-poignees-24-cm-avec-couvercle\/","title":{"rendered":"MAUVIEL 1830 Casserole Basse 2 Poign\u00e9es 24 cm Avec Couvercle"},"content":{"rendered":"<p>Po\u00eale avec couvercle en cuivre, int\u00e9rieur en inox bilamin\u00e9, cadre en inox moul\u00e9 de la collection M&#8217;150S.Le rondo est un ustensile de cuisine rond aux parois verticales basses. Dot\u00e9 d&#8217;un couvercle et de deux poign\u00e9es rivet\u00e9es sign\u00e9es Mauviel1830, il passe de la cuisini\u00e8re \u00e0 la table pour un service instantan\u00e9 gr\u00e2ce \u00e0 son design chic. Le rondo offre les m\u00eames usages que le Saut\u00e9 : dorer toutes les pr\u00e9parations, sauter sans risque de d\u00e9bordement&#8230; C&#8217;est un excellent compl\u00e9ment en cuisine, qui enrichit l&#8217;horizon culinaire de tous les chefs, amateurs ou professionnels.<\/p>\n<p>La collection M&#8217;H\u00e9ritage est la fusion subtile de deux mat\u00e9riaux traditionnels et performants. Le cuivre poli associ\u00e9 \u00e0 l&#8217;inox renouvelle le plaisir de cuisiner. Son int\u00e9rieur en acier inoxydable 18\/10 est id\u00e9al pour la cuisine de tous les jours. Le cuivre assure une excellente conduction de la chaleur de mani\u00e8re rapide et homog\u00e8ne, conf\u00e9rant \u00e0 la ligne une excellente qualit\u00e9 de cuisson. La collection, compos\u00e9e de 90 % de cuivre et de 10 % d&#8217;acier inoxydable, est propos\u00e9e dans diff\u00e9rents cadres et en deux \u00e9paisseurs, afin que chacun puisse trouver l&#8217;ustensile culinaire qui convient \u00e0 ses usages et \u00e0 ses go\u00fbts.<\/p>\n<p><b><strong>CARACT\u00c9RISTIQUES TECHNIQUES :<\/strong><\/b><\/p>\n<p>Diam\u00e8tre : 24 cm<\/p>\n<p>Hauteur : 7,5 cm<\/p>\n<p>Capacit\u00e9 : 3,3 L<\/p>\n<p>Dimensions : 36,5&#215;25,5 cm<\/p>\n<p><b><strong>Utilisation<\/strong><\/b>:<\/p>\n<p>Tous feux sauf induction &#8211; Compatible four &#8211; Ne passe pas au lave-vaisselle<\/p>\n<p>Tous les produits sont fabriqu\u00e9s en Normandie \u00e0 Villedieu-les-Po\u00eales.<\/p>\n","protected":false},"excerpt":{"rendered":"<p>Po\u00eale avec couvercle en cuivre, int\u00e9rieur en inox bilamin\u00e9, cadre en inox moul\u00e9 de la collection M&#8217;150S.Le rondo est un<\/p>\n","protected":false},"featured_media":476147,"template":"","meta":{"_acf_changed":false,"inline_featured_image":false},"product_cat":[12458,14797],"product_tag":[13270,12888,12856,13179],"acf":[],"yoast_head":"<!-- This site is optimized with the Yoast SEO Premium plugin v18.6 (Yoast SEO v19.13) - https:\/\/yoast.com\/wordpress\/plugins\/seo\/ -->\n<title>MAUVIEL 1830 Casserole Basse 2 Poign\u00e9es 24 cm Avec Couvercle - Erresse Shop<\/title>\n<meta name=\"description\" content=\"Po\u00eale avec couvercle en cuivre, int\u00e9rieur en inox bilamin\u00e9, cadre en inox moul\u00e9 de la collection M&#039;150S.Le rondo est un ustensile de cuisine rond aux\" \/>\n<meta name=\"robots\" content=\"index, follow, max-snippet:-1, max-image-preview:large, max-video-preview:-1\" \/>\n<link rel=\"canonical\" href=\"https:\/\/www.erresse-shop.it\/fr\/shop\/poeles-pots\/sauteuses-et-faitout\/mauviel-1830-casserole-basse-2-poignees-24-cm-avec-couvercle\/\" \/>\n<meta property=\"og:locale\" content=\"fr_FR\" \/>\n<meta property=\"og:type\" content=\"article\" \/>\n<meta property=\"og:title\" content=\"MAUVIEL 1830 Casserole Basse 2 Poign\u00e9es 24 cm Avec Couvercle\" \/>\n<meta property=\"og:description\" content=\"Po\u00eale avec couvercle en cuivre, int\u00e9rieur en inox bilamin\u00e9, cadre en inox moul\u00e9 de la collection M&#039;150S.Le rondo est un ustensile de cuisine rond aux\" \/>\n<meta property=\"og:url\" content=\"https:\/\/www.erresse-shop.it\/fr\/shop\/poeles-pots\/sauteuses-et-faitout\/mauviel-1830-casserole-basse-2-poignees-24-cm-avec-couvercle\/\" \/>\n<meta property=\"og:site_name\" content=\"Erresse Shop\" \/>\n<meta property=\"article:modified_time\" content=\"2024-08-01T14:43:05+00:00\" \/>\n<meta property=\"og:image\" content=\"https:\/\/www.erresse-shop.it\/wp-content\/uploads\/2024\/03\/MAUVIEL1830-M-150S-TEGAME-BASSO-2M-24CM.-RAME-ACCIAIO-1.png\" \/>\n\t<meta property=\"og:image:width\" content=\"800\" \/>\n\t<meta property=\"og:image:height\" content=\"800\" \/>\n\t<meta property=\"og:image:type\" content=\"image\/png\" \/>\n<meta name=\"twitter:card\" content=\"summary_large_image\" \/>\n<script type=\"application\/ld+json\" class=\"yoast-schema-graph\">{\"@context\":\"https:\/\/schema.org\",\"@graph\":[{\"@type\":\"WebPage\",\"@id\":\"https:\/\/www.erresse-shop.it\/fr\/shop\/poeles-pots\/sauteuses-et-faitout\/mauviel-1830-casserole-basse-2-poignees-24-cm-avec-couvercle\/\",\"url\":\"https:\/\/www.erresse-shop.it\/fr\/shop\/poeles-pots\/sauteuses-et-faitout\/mauviel-1830-casserole-basse-2-poignees-24-cm-avec-couvercle\/\",\"name\":\"MAUVIEL 1830 Casserole Basse 2 Poign\u00e9es 24 cm Avec Couvercle - Erresse Shop\",\"isPartOf\":{\"@id\":\"https:\/\/www.erresse-shop.it\/fr\/#website\"},\"datePublished\":\"2024-03-15T09:42:25+00:00\",\"dateModified\":\"2024-08-01T14:43:05+00:00\",\"description\":\"Po\u00eale avec couvercle en cuivre, int\u00e9rieur en inox bilamin\u00e9, cadre en inox moul\u00e9 de la collection M'150S.Le rondo est un ustensile de cuisine rond aux\",\"breadcrumb\":{\"@id\":\"https:\/\/www.erresse-shop.it\/fr\/shop\/poeles-pots\/sauteuses-et-faitout\/mauviel-1830-casserole-basse-2-poignees-24-cm-avec-couvercle\/#breadcrumb\"},\"inLanguage\":\"fr-FR\",\"potentialAction\":[{\"@type\":\"ReadAction\",\"target\":[\"https:\/\/www.erresse-shop.it\/fr\/shop\/poeles-pots\/sauteuses-et-faitout\/mauviel-1830-casserole-basse-2-poignees-24-cm-avec-couvercle\/\"]}]},{\"@type\":\"BreadcrumbList\",\"@id\":\"https:\/\/www.erresse-shop.it\/fr\/shop\/poeles-pots\/sauteuses-et-faitout\/mauviel-1830-casserole-basse-2-poignees-24-cm-avec-couvercle\/#breadcrumb\",\"itemListElement\":[{\"@type\":\"ListItem\",\"position\":1,\"name\":\"Home\",\"item\":\"https:\/\/www.erresse-shop.it\/fr\/\"},{\"@type\":\"ListItem\",\"position\":2,\"name\":\"Shop\",\"item\":\"https:\/\/www.erresse-shop.it\/fr\/shop\/\"},{\"@type\":\"ListItem\",\"position\":3,\"name\":\"MAUVIEL 1830 Casserole Basse 2 Poign\u00e9es 24 cm Avec Couvercle\"}]},{\"@type\":\"WebSite\",\"@id\":\"https:\/\/www.erresse-shop.it\/fr\/#website\",\"url\":\"https:\/\/www.erresse-shop.it\/fr\/\",\"name\":\"Erresse Shop\",\"description\":\"Articoli di qualit\u00e0 per la casa\",\"potentialAction\":[{\"@type\":\"SearchAction\",\"target\":{\"@type\":\"EntryPoint\",\"urlTemplate\":\"https:\/\/www.erresse-shop.it\/fr\/?s={search_term_string}\"},\"query-input\":\"required name=search_term_string\"}],\"inLanguage\":\"fr-FR\"}]}<\/script>\n<!-- \/ Yoast SEO Premium plugin. -->","yoast_head_json":{"title":"MAUVIEL 1830 Casserole Basse 2 Poign\u00e9es 24 cm Avec Couvercle - Erresse Shop","description":"Po\u00eale avec couvercle en cuivre, int\u00e9rieur en inox bilamin\u00e9, cadre en inox moul\u00e9 de la collection M'150S.Le rondo est un ustensile de cuisine rond aux","robots":{"index":"index","follow":"follow","max-snippet":"max-snippet:-1","max-image-preview":"max-image-preview:large","max-video-preview":"max-video-preview:-1"},"canonical":"https:\/\/www.erresse-shop.it\/fr\/shop\/poeles-pots\/sauteuses-et-faitout\/mauviel-1830-casserole-basse-2-poignees-24-cm-avec-couvercle\/","og_locale":"fr_FR","og_type":"article","og_title":"MAUVIEL 1830 Casserole Basse 2 Poign\u00e9es 24 cm Avec Couvercle","og_description":"Po\u00eale avec couvercle en cuivre, int\u00e9rieur en inox bilamin\u00e9, cadre en inox moul\u00e9 de la collection M'150S.Le rondo est un ustensile de cuisine rond aux","og_url":"https:\/\/www.erresse-shop.it\/fr\/shop\/poeles-pots\/sauteuses-et-faitout\/mauviel-1830-casserole-basse-2-poignees-24-cm-avec-couvercle\/","og_site_name":"Erresse Shop","article_modified_time":"2024-08-01T14:43:05+00:00","og_image":[{"width":800,"height":800,"url":"https:\/\/www.erresse-shop.it\/wp-content\/uploads\/2024\/03\/MAUVIEL1830-M-150S-TEGAME-BASSO-2M-24CM.-RAME-ACCIAIO-1.png","type":"image\/png"}],"twitter_card":"summary_large_image","schema":{"@context":"https:\/\/schema.org","@graph":[{"@type":"WebPage","@id":"https:\/\/www.erresse-shop.it\/fr\/shop\/poeles-pots\/sauteuses-et-faitout\/mauviel-1830-casserole-basse-2-poignees-24-cm-avec-couvercle\/","url":"https:\/\/www.erresse-shop.it\/fr\/shop\/poeles-pots\/sauteuses-et-faitout\/mauviel-1830-casserole-basse-2-poignees-24-cm-avec-couvercle\/","name":"MAUVIEL 1830 Casserole Basse 2 Poign\u00e9es 24 cm Avec Couvercle - Erresse Shop","isPartOf":{"@id":"https:\/\/www.erresse-shop.it\/fr\/#website"},"datePublished":"2024-03-15T09:42:25+00:00","dateModified":"2024-08-01T14:43:05+00:00","description":"Po\u00eale avec couvercle en cuivre, int\u00e9rieur en inox bilamin\u00e9, cadre en inox moul\u00e9 de la collection M'150S.Le rondo est un ustensile de cuisine rond aux","breadcrumb":{"@id":"https:\/\/www.erresse-shop.it\/fr\/shop\/poeles-pots\/sauteuses-et-faitout\/mauviel-1830-casserole-basse-2-poignees-24-cm-avec-couvercle\/#breadcrumb"},"inLanguage":"fr-FR","potentialAction":[{"@type":"ReadAction","target":["https:\/\/www.erresse-shop.it\/fr\/shop\/poeles-pots\/sauteuses-et-faitout\/mauviel-1830-casserole-basse-2-poignees-24-cm-avec-couvercle\/"]}]},{"@type":"BreadcrumbList","@id":"https:\/\/www.erresse-shop.it\/fr\/shop\/poeles-pots\/sauteuses-et-faitout\/mauviel-1830-casserole-basse-2-poignees-24-cm-avec-couvercle\/#breadcrumb","itemListElement":[{"@type":"ListItem","position":1,"name":"Home","item":"https:\/\/www.erresse-shop.it\/fr\/"},{"@type":"ListItem","position":2,"name":"Shop","item":"https:\/\/www.erresse-shop.it\/fr\/shop\/"},{"@type":"ListItem","position":3,"name":"MAUVIEL 1830 Casserole Basse 2 Poign\u00e9es 24 cm Avec Couvercle"}]},{"@type":"WebSite","@id":"https:\/\/www.erresse-shop.it\/fr\/#website","url":"https:\/\/www.erresse-shop.it\/fr\/","name":"Erresse Shop","description":"Articoli di qualit\u00e0 per la casa","potentialAction":[{"@type":"SearchAction","target":{"@type":"EntryPoint","urlTemplate":"https:\/\/www.erresse-shop.it\/fr\/?s={search_term_string}"},"query-input":"required name=search_term_string"}],"inLanguage":"fr-FR"}]}},"df_price":412.97,"df_sale_price":412.97,"df_regular_price":412.97,"df_image_link":"https:\/\/www.erresse-shop.it\/wp-content\/uploads\/2024\/03\/MAUVIEL-1830-Tegame-Basso-2-Manici-24-cm-Con-Coperchio-300x300.jpg","_links":{"self":[{"href":"https:\/\/www.erresse-shop.it\/fr\/wp-json\/wp\/v2\/product\/397185"}],"collection":[{"href":"https:\/\/www.erresse-shop.it\/fr\/wp-json\/wp\/v2\/product"}],"about":[{"href":"https:\/\/www.erresse-shop.it\/fr\/wp-json\/wp\/v2\/types\/product"}],"wp:featuredmedia":[{"embeddable":true,"href":"https:\/\/www.erresse-shop.it\/fr\/wp-json\/wp\/v2\/media\/476147"}],"wp:attachment":[{"href":"https:\/\/www.erresse-shop.it\/fr\/wp-json\/wp\/v2\/media?parent=397185"}],"wp:term":[{"taxonomy":"product_cat","embeddable":true,"href":"https:\/\/www.erresse-shop.it\/fr\/wp-json\/wp\/v2\/product_cat?post=397185"},{"taxonomy":"product_tag","embeddable":true,"href":"https:\/\/www.erresse-shop.it\/fr\/wp-json\/wp\/v2\/product_tag?post=397185"}],"curies":[{"name":"wp","href":"https:\/\/api.w.org\/{rel}","templated":true}]}}